{"id":190,"date":"2016-11-10T03:08:38","date_gmt":"2016-11-09T23:08:38","guid":{"rendered":"http:\/\/cecitech.com\/wp\/?post_type=product&#038;p=190"},"modified":"2023-07-05T06:54:22","modified_gmt":"2023-07-05T11:54:22","slug":"reglette-pour-machine-perkins","status":"publish","type":"product","link":"https:\/\/cecitech.com\/?product=reglette-pour-machine-perkins","title":{"rendered":"R\u00e9glette pour machine Perkins"},"content":{"rendered":"<h3 class=\"mttl\">Fonctionnalit\u00e9s<\/h3>\r\n<ul class=\"lst_product\">\r\n \t<li>R\u00e9glette pour machine \u00e0 \u00e9crire Perkins, pour \u00e9criture sur ruban adh\u00e9sif.<\/li>\r\n \t<li>En m\u00e9tal l\u00e9ger, avec encoche \u00e0 chaque extr\u00e9mit\u00e9 pour assurer le blocage de la bande.<\/li>\r\n<\/ul>","protected":false},"excerpt":{"rendered":"<h3>R\u00e9glette pour \u00e9criture sur ruban adh\u00e9sif.<\/h3>","protected":false},"featured_media":191,"comment_status":"closed","ping_status":"closed","template":"","meta":[],"product_brand":[],"product_cat":[30,36],"product_tag":[],"class_list":{"0":"post-190","1":"product","2":"type-product","3":"status-publish","4":"has-post-thumbnail","6":"product_cat-cecite","7":"product_cat-imprimantes-braille","9":"first","10":"instock","11":"taxable","12":"shipping-taxable","13":"product-type-simple"},"_links":{"self":[{"href":"https:\/\/cecitech.com\/index.php?rest_route=\/wp\/v2\/product\/190","targetHints":{"allow":["GET"]}}],"collection":[{"href":"https:\/\/cecitech.com\/index.php?rest_route=\/wp\/v2\/product"}],"about":[{"href":"https:\/\/cecitech.com\/index.php?rest_route=\/wp\/v2\/types\/product"}],"replies":[{"embeddable":true,"href":"https:\/\/cecitech.com\/index.php?rest_route=%2Fwp%2Fv2%2Fcomments&post=190"}],"wp:featuredmedia":[{"embeddable":true,"href":"https:\/\/cecitech.com\/index.php?rest_route=\/wp\/v2\/media\/191"}],"wp:attachment":[{"href":"https:\/\/cecitech.com\/index.php?rest_route=%2Fwp%2Fv2%2Fmedia&parent=190"}],"wp:term":[{"taxonomy":"product_brand","embeddable":true,"href":"https:\/\/cecitech.com\/index.php?rest_route=%2Fwp%2Fv2%2Fproduct_brand&post=190"},{"taxonomy":"product_cat","embeddable":true,"href":"https:\/\/cecitech.com\/index.php?rest_route=%2Fwp%2Fv2%2Fproduct_cat&post=190"},{"taxonomy":"product_tag","embeddable":true,"href":"https:\/\/cecitech.com\/index.php?rest_route=%2Fwp%2Fv2%2Fproduct_tag&post=190"}],"curies":[{"name":"wp","href":"https:\/\/api.w.org\/{rel}","templated":true}]}}