{"id":1881,"date":"2026-03-11T10:15:12","date_gmt":"2026-03-11T15:15:12","guid":{"rendered":"https:\/\/cecitech.com\/?post_type=product&#038;p=1881"},"modified":"2026-03-11T10:17:06","modified_gmt":"2026-03-11T15:17:06","slug":"speechlabel","status":"publish","type":"product","link":"https:\/\/cecitech.com\/?product=speechlabel","title":{"rendered":"SpeechLabel"},"content":{"rendered":"<h1>DESCRIPTION<\/h1>\r\nSpeechLabel vous permet d&rsquo;identifier n&rsquo;importe quel objet en toute autonomie gr\u00e2ce \u00e0 votre smartphone. Ce syst\u00e8me simple et rapide s&rsquo;int\u00e8gre facilement \u00e0 votre quotidien, sans n\u00e9cessiter d&rsquo;\u00e9quipement encombrant. Tous vos enregistrements sont synchronis\u00e9s dans le cloud, garantissant ainsi l&rsquo;acc\u00e8s \u00e0 vos \u00e9tiquettes et notes audio m\u00eame en cas de changement de t\u00e9l\u00e9phone. De plus, vous pouvez partager vos \u00e9tiquettes\u00a0: vos proches ou aidants peuvent ainsi les scanner et vous aider dans vos t\u00e2ches quotidiennes avec leurs propres appareils.\r\n\r\n<hr \/>\r\n\r\n<h3>Fonctionnement\u00a0:<\/h3>\r\n<strong>Scanner<\/strong>\u00a0: Collez une \u00e9tiquette sur un objet et scannez-la avec l\u2019application gratuite SpeechLabel (pour iOS et Android).\r\n\r\n<strong>Enregistrer<\/strong>\u00a0: Indiquez \u00e0 l\u2019application de quoi il s\u2019agit\u00a0! Vous pouvez enregistrer une courte note vocale, saisir une description ou lui donner un titre.\r\n\r\n<strong>Identifier<\/strong>\u00a0: La prochaine fois que vous toucherez ou scannerez cette \u00e9tiquette, l\u2019application vous lira imm\u00e9diatement les informations.\r\n\r\n<hr \/>\r\n\r\n<h3>L&rsquo;\u00e9tiquette id\u00e9ale pour chaque usage<\/h3>\r\n<strong>Con\u00e7ues pour la cuisine<\/strong>\u00a0: Nos \u00e9tiquettes r\u00e9sistent \u00e0 l&rsquo;eau et au gel. Elles passent au lave-vaisselle et au cong\u00e9lateur. Pour un r\u00e9sultat optimal, collez-les sur une surface propre et s\u00e8che et laissez l&rsquo;adh\u00e9sif prendre quelques instants avant utilisation.\r\n\r\n<strong>Autocollants QR Code<\/strong>\u00a0: Parfaits au quotidien, ils scannent en un clin d&rsquo;\u0153il, m\u00eame de biais ou si l&rsquo;autocollant est l\u00e9g\u00e8rement us\u00e9. Pointez simplement votre appareil photo dans la direction du code QR et le tour est jou\u00e9\u00a0! Ils conviennent \u00e0 la plupart des objets, mais nous recommandons les \u00e9tiquettes NFC si vous devez coller de nombreuses \u00e9tiquettes dans un espace r\u00e9duit.\r\n\r\n<strong>\u00c9tiquettes NFC\u00a0<\/strong>: Si vous ne voulez pas manipuler votre appareil photo, la technologie NFC est faite pour vous. Il vous suffit d\u2019approcher votre t\u00e9l\u00e9phone de l\u2019\u00e9tiquette, comme pour un paiement sans contact, et vous obtenez les informations instantan\u00e9ment. C\u2019est id\u00e9al pour l\u2019armoire \u00e0 pharmacie ou un garde-manger bien rempli, o\u00f9 vous souhaitez identifier un pot en particulier sans scanner \u00ab\u00a0accidentellement\u00a0\u00bb celui d\u2019\u00e0 c\u00f4t\u00e9.\r\n\r\n<hr \/>\r\n\r\n<h3>Fiche produit individuelle<\/h3>\r\n<h3>1. Kit de d\u00e9marrage SpeechLabel\u2122 (40 \u00e9tiquettes assorties)<\/h3>\r\nD\u00e9marrez votre parcours d&rsquo;accessibilit\u00e9 avec le kit de d\u00e9marrage SpeechLabel. Ce kit tout-en-un vous permet de tester les \u00e9tiquettes NFC \u00ab\u00a0toucher pour entendre\u00a0\u00bb et les codes QR longue port\u00e9e. C&rsquo;est la solution id\u00e9ale pour organiser vos objets \u00e0 la maison, au bureau et vos effets personnels gr\u00e2ce \u00e0 des \u00e9tiquettes vocales personnalis\u00e9es.\r\n<h3>Caract\u00e9ristiques principales\u00a0:<\/h3>\r\nR\u00e9sistant et fiable\u00a0: Toutes les \u00e9tiquettes sont con\u00e7ues pour r\u00e9sister \u00e0 une utilisation quotidienne. Nos \u00e9tiquettes autocollantes \u00e0 code-barres passent m\u00eame au cong\u00e9lateur et au lave-vaisselle.\r\n\r\nContenu de la bo\u00eete\u00a0: 25 codes-barres pour produits alimentaires, 5 codes-barres \u00e9pais, 5 \u00e9tiquettes autocollantes NFC et 5 boutons NFC.\r\n\r\n<hr \/>\r\n\r\n<h3>2. \u00c9tiquettes QR Code Fines SpeechLabel\u2122 (lot de 100)<\/h3>\r\nOrganisez votre quotidien avec ce lot de 100 \u00e9tiquettes QR Code fines. Nos \u00e9tiquettes les plus populaires pour les objets du quotidien sont lavables au lave-vaisselle et id\u00e9ales pour les pots \u00e0 \u00e9pices, les bo\u00eetes Tupperware et les flacons de m\u00e9dicaments.\r\n<h4>Points forts\u00a0:<\/h4>\r\nTechnologie intelligente\u00a0: Ces \u00e9tiquettes sont scannables m\u00eame si seulement 10\u00a0% de la surface est visible. Plus besoin de cadrer parfaitement votre appareil photo.\r\n\r\nR\u00e9sistantes au cong\u00e9lateur et au lave-vaisselle\u00a0: Con\u00e7ues pour durer. Utilisez-les sur les contenants de produits congel\u00e9s ou les pots \u00e0 \u00e9pices. Elles adh\u00e8rent parfaitement.\r\n\r\nFines\u00a0: Discr\u00e8tes, ces \u00e9tiquettes s\u2019adaptent parfaitement aux petites surfaces comme les piluliers, les pots \u00e0 \u00e9pices et les classeurs. Elles restent n\u00e9anmoins faciles \u00e0 rep\u00e9rer au toucher.\r\n\r\n<hr \/>\r\n\r\n<h3>3. \u00c9tiquettes autocollantes \u00e9paisses SpeechLabel\u2122 pour codes-barres (lot de 25)<\/h3>\r\nPour les objets que vous comptez conserver pendant des ann\u00e9es, il vous faut des \u00e9tiquettes plus r\u00e9sistantes. Aussi \u00e9paisses qu&rsquo;une carte de cr\u00e9dit, elles sont tr\u00e8s faciles \u00e0 rep\u00e9rer au toucher. Leur finition brillante et durable garantit leur lisibilit\u00e9 et leur int\u00e9grit\u00e9, m\u00eame apr\u00e8s des ann\u00e9es d&rsquo;utilisation.\r\n<h4>Points forts\u00a0:<\/h4>\r\nCon\u00e7ues pour durer\u00a0: Ces \u00e9tiquettes de haute qualit\u00e9, aussi \u00e9paisses qu&rsquo;une carte de cr\u00e9dit, sont con\u00e7ues pour rester coll\u00e9es sur vos objets pr\u00e9f\u00e9r\u00e9s pendant des ann\u00e9es.\r\n\r\nFaciles \u00e0 rep\u00e9rer au toucher\u00a0: Leur \u00e9paisseur accrue permet de les localiser facilement au toucher, offrant ainsi un rep\u00e8re tactile \u00e0 l&rsquo;appareil photo de votre smartphone.\r\n\r\nAdh\u00e9sif sup\u00e9rieur\u00a0: Dot\u00e9es d&rsquo;une adh\u00e9rence haute r\u00e9sistance, elles fonctionnent sur le plastique, le m\u00e9tal et le bois. Id\u00e9ales pour les appareils \u00e9lectroniques, les bo\u00eetes de rangement et les outils.\r\n\r\n<hr \/>\r\n\r\n<h3>4. \u00c9tiquettes tactiles NFC SpeechLabel\u2122 (lot de 25)<\/h3>\r\nL&rsquo;\u00e9tiquetage \u00ab\u00a0tap-and-go\u00a0\u00bb par excellence\u00a0! Sans cam\u00e9ra, ces \u00e9tiquettes fonctionnent parfaitement dans l&rsquo;obscurit\u00e9 et m\u00eame \u00e0 travers un tissu fin. Avec un smartphone r\u00e9cent, c&rsquo;est la solution la plus rapide pour identifier vos objets d&rsquo;un simple toucher.\r\n<h4>Caract\u00e9ristiques principales\u00a0:<\/h4>\r\nTap-and-go\u00a0: Plus besoin de cam\u00e9ra. Approchez simplement votre t\u00e9l\u00e9phone de l&rsquo;\u00e9tiquette et votre enregistrement audio se lance instantan\u00e9ment.\r\n\r\nId\u00e9al pour l&rsquo;obscurit\u00e9\u00a0: Gr\u00e2ce \u00e0 la technologie NFC (communication en champ proche), ces \u00e9tiquettes fonctionnent dans le noir complet et \u00e0 travers des tissus et des plastiques fins.\r\n\r\nFormat compact\u00a0: Petites, rondes et discr\u00e8tes, ces \u00e9tiquettes se collent partout, du dos d&rsquo;une t\u00e9l\u00e9commande au couvercle d&rsquo;un pot de confiture.\r\n\r\n<hr \/>\r\n\r\n<h3>5. \u00c9tiquettes NFC SpeechLabel\u2122 pour le linge (lot de 25)<\/h3>\r\nLes \u00e9tiquettes NFC SpeechLabel r\u00e9volutionnent l&rsquo;habillement en toute autonomie. Discr\u00e8tes et invisibles, elles se glissent dans vos v\u00eatements pr\u00e9f\u00e9r\u00e9s gr\u00e2ce \u00e0 leur technologie NFC. Approchez simplement votre t\u00e9l\u00e9phone du bas de votre chemise pour entendre la couleur, le motif ou les instructions de lavage. Un v\u00e9ritable atout pour votre garde-robe\u00a0!\r\n<h4>Caract\u00e9ristiques principales\u00a0:<\/h4>\r\nR\u00e9sistant au lavage et au s\u00e9chage en machine\u00a0: Con\u00e7ues pour supporter les lavages \u00e0 haute temp\u00e9rature et les cycles de s\u00e9chage intensifs, ces \u00e9tiquettes NFC sont ultra-r\u00e9sistantes.\r\n\r\nFixation discr\u00e8te\u00a0: Cousez-les dans l&rsquo;ourlet ou fixez-les \u00e0 l&rsquo;\u00e9tiquette d&rsquo;entretien de n&rsquo;importe quel v\u00eatement. Petites et lisses, elles n&rsquo;irritent pas la peau.\r\n\r\nAucune cam\u00e9ra requise\u00a0: Approchez simplement votre t\u00e9l\u00e9phone de l&rsquo;\u00e9tiquette \u00e0 travers vos v\u00eatements pour entendre les informations sur votre tenue.","protected":false},"excerpt":{"rendered":"<h3>SpeechLabel<\/h3>\r\n<ul>\r\n \t<li>Scanner<\/li>\r\n \t<li>Enregistrer<\/li>\r\n \t<li>Identifier<\/li>\r\n<\/ul>","protected":false},"featured_media":1882,"comment_status":"open","ping_status":"closed","template":"","meta":[],"product_brand":[],"product_cat":[52],"product_tag":[],"class_list":{"0":"post-1881","1":"product","2":"type-product","3":"status-publish","4":"has-post-thumbnail","6":"product_cat-vie-quotidienne","8":"first","9":"instock","10":"taxable","11":"shipping-taxable","12":"product-type-simple"},"_links":{"self":[{"href":"https:\/\/cecitech.com\/index.php?rest_route=\/wp\/v2\/product\/1881","targetHints":{"allow":["GET"]}}],"collection":[{"href":"https:\/\/cecitech.com\/index.php?rest_route=\/wp\/v2\/product"}],"about":[{"href":"https:\/\/cecitech.com\/index.php?rest_route=\/wp\/v2\/types\/product"}],"replies":[{"embeddable":true,"href":"https:\/\/cecitech.com\/index.php?rest_route=%2Fwp%2Fv2%2Fcomments&post=1881"}],"wp:featuredmedia":[{"embeddable":true,"href":"https:\/\/cecitech.com\/index.php?rest_route=\/wp\/v2\/media\/1882"}],"wp:attachment":[{"href":"https:\/\/cecitech.com\/index.php?rest_route=%2Fwp%2Fv2%2Fmedia&parent=1881"}],"wp:term":[{"taxonomy":"product_brand","embeddable":true,"href":"https:\/\/cecitech.com\/index.php?rest_route=%2Fwp%2Fv2%2Fproduct_brand&post=1881"},{"taxonomy":"product_cat","embeddable":true,"href":"https:\/\/cecitech.com\/index.php?rest_route=%2Fwp%2Fv2%2Fproduct_cat&post=1881"},{"taxonomy":"product_tag","embeddable":true,"href":"https:\/\/cecitech.com\/index.php?rest_route=%2Fwp%2Fv2%2Fproduct_tag&post=1881"}],"curies":[{"name":"wp","href":"https:\/\/api.w.org\/{rel}","templated":true}]}}