{"id":188,"date":"2016-11-10T03:02:41","date_gmt":"2016-11-09T23:02:41","guid":{"rendered":"http:\/\/cecitech.com\/wp\/?post_type=product&#038;p=188"},"modified":"2023-07-05T06:56:16","modified_gmt":"2023-07-05T11:56:16","slug":"perkins-nouvelle-generation-machine-a-ecrire-le-braille","status":"publish","type":"product","link":"https:\/\/cecitech.com\/?product=perkins-nouvelle-generation-machine-a-ecrire-le-braille","title":{"rendered":"Perkins Nouvelle G\u00e9n\u00e9ration"},"content":{"rendered":"<h3 class=\"mttl\">Fonctionnalit\u00e9s<\/h3>\r\nClavier de 9 touches de gauche \u00e0 droite :\r\n<ul class=\"lst_product\">\r\n \t<li>Touche de changement de ligne<\/li>\r\n \t<li>Touches correspondant aux points 3, 2, 1<\/li>\r\n \t<li>Barre d&rsquo;espacement<\/li>\r\n \t<li>Touches correspondant aux points 4, 5, 6<\/li>\r\n \t<li>Touche de retour arri\u00e8re<\/li>\r\n \t<li>Manette situ\u00e9e au-dessus du clavier permettant le d\u00e9placement de la t\u00eate d&rsquo;\u00e9criture sur un chariot immobile.Rouleau pour l&rsquo;insertion de la feuille.Levier de d\u00e9gagement du papier.Margeurs droit et gauche.Poign\u00e9e escamotable facilitant son transport.<\/li>\r\n<\/ul>\r\nEn <span class=\"ssttl\">option<\/span>, nous vous proposons quelques accessoires :\r\n<p class=\"txt_red emp\">La r\u00e9glette pour \u00e9criture sur ruban adh\u00e9sif\r\nLa sacoche avec bandouli\u00e8re pour transporter la Perkins\r\nLa housse de protection en cuir noir\r\nLe tapis pour att\u00e9nuer le bruit lors de son utilisation\r\nLe clavier unimanuel pour \u00e9crire d&rsquo;une seule main<\/p>\r\n\r\n<h3 class=\"mttl\">Caract\u00e9ristiques techniques<\/h3>\r\n<ul class=\"lst_product\">\r\n \t<li>Ecriture sur papier \u00e9pais, d&rsquo;un seul c\u00f4t\u00e9 de la feuille (grammage conseill\u00e9 : entre 120 et 200 g)<\/li>\r\n \t<li>Nombre de lignes maximum par page : 30<\/li>\r\n \t<li>Nombre de caract\u00e8res maximum par ligne : 42<\/li>\r\n \t<li>Avertisseur sonore de fin de lignef<\/li>\r\n \t<li>Fournie avec une housse de protection et un efface-point.<\/li>\r\n \t<li>Taille en cm: : 15 x 23 x 39<\/li>\r\n \t<li>Poids en kg : 4,83<\/li>\r\n<\/ul>","protected":false},"excerpt":{"rendered":"<h3>La Perkins est une machine \u00e0 \u00e9crire le braille, m\u00e9canique et portable fabriqu\u00e9e par Howe Press.<\/h3>","protected":false},"featured_media":189,"comment_status":"closed","ping_status":"closed","template":"","meta":[],"product_brand":[],"product_cat":[30,36],"product_tag":[],"class_list":{"0":"post-188","1":"product","2":"type-product","3":"status-publish","4":"has-post-thumbnail","6":"product_cat-cecite","7":"product_cat-imprimantes-braille","9":"first","10":"instock","11":"taxable","12":"shipping-taxable","13":"product-type-simple"},"_links":{"self":[{"href":"https:\/\/cecitech.com\/index.php?rest_route=\/wp\/v2\/product\/188","targetHints":{"allow":["GET"]}}],"collection":[{"href":"https:\/\/cecitech.com\/index.php?rest_route=\/wp\/v2\/product"}],"about":[{"href":"https:\/\/cecitech.com\/index.php?rest_route=\/wp\/v2\/types\/product"}],"replies":[{"embeddable":true,"href":"https:\/\/cecitech.com\/index.php?rest_route=%2Fwp%2Fv2%2Fcomments&post=188"}],"wp:featuredmedia":[{"embeddable":true,"href":"https:\/\/cecitech.com\/index.php?rest_route=\/wp\/v2\/media\/189"}],"wp:attachment":[{"href":"https:\/\/cecitech.com\/index.php?rest_route=%2Fwp%2Fv2%2Fmedia&parent=188"}],"wp:term":[{"taxonomy":"product_brand","embeddable":true,"href":"https:\/\/cecitech.com\/index.php?rest_route=%2Fwp%2Fv2%2Fproduct_brand&post=188"},{"taxonomy":"product_cat","embeddable":true,"href":"https:\/\/cecitech.com\/index.php?rest_route=%2Fwp%2Fv2%2Fproduct_cat&post=188"},{"taxonomy":"product_tag","embeddable":true,"href":"https:\/\/cecitech.com\/index.php?rest_route=%2Fwp%2Fv2%2Fproduct_tag&post=188"}],"curies":[{"name":"wp","href":"https:\/\/api.w.org\/{rel}","templated":true}]}}