{"id":1874,"date":"2026-02-06T09:45:18","date_gmt":"2026-02-06T14:45:18","guid":{"rendered":"https:\/\/cecitech.com\/?post_type=product&#038;p=1874"},"modified":"2026-02-06T09:45:18","modified_gmt":"2026-02-06T14:45:18","slug":"braille-labeler","status":"publish","type":"product","link":"https:\/\/cecitech.com\/?product=braille-labeler","title":{"rendered":"Braille labeler"},"content":{"rendered":"<h1>DESCRIPTION<\/h1>\r\nCette machine est tr\u00e8s simple d&rsquo;utilisation et ne n\u00e9cessite aucune connaissance du braille gr\u00e2ce \u00e0 son traducteur int\u00e9gr\u00e9. L&rsquo;\u00e9tiqueteuse braille doit \u00eatre connect\u00e9e \u00e0 un ordinateur pour cr\u00e9er et enregistrer le texte, ainsi que pour choisir le nombre d&rsquo;\u00e9tiquettes \u00e0 imprimer. Elle inclut un logiciel d\u00e9di\u00e9 avec fonction int\u00e9gr\u00e9e de traduction en braille. Apr\u00e8s l&rsquo;impression, le film protecteur se retire facilement et l&rsquo;\u00e9tiquette peut \u00eatre coll\u00e9e sur presque tous les supports\u00a0: emballages alimentaires, flacons de m\u00e9dicaments, menus de restaurant, bo\u00eetes de conserve, etc.\r\n<h1>SPECIFICATION<\/h1>\r\nDownloads:\u00a0<a href=\"https:\/\/www.humanware.com\/wp-content\/uploads\/2025\/05\/Name-of-Parts.pdf\" target=\"_blank\" rel=\"noopener\">Labeler Manual PDF<\/a>\r\n<h3><\/h3>\r\n<h3><\/h3>\r\n<h3><\/h3>","protected":false},"excerpt":{"rendered":"<h3>\u00c9tiqueteuse braille<\/h3>\r\n<h3>Produisez rapidement et facilement des \u00e9tiquettes braille claires et adh\u00e9sives<\/h3>","protected":false},"featured_media":1875,"comment_status":"open","ping_status":"closed","template":"","meta":[],"product_brand":[],"product_cat":[30,31],"product_tag":[],"class_list":{"0":"post-1874","1":"product","2":"type-product","3":"status-publish","4":"has-post-thumbnail","6":"product_cat-cecite","7":"product_cat-logiciels-cecite","9":"first","10":"instock","11":"taxable","12":"shipping-taxable","13":"product-type-simple"},"_links":{"self":[{"href":"https:\/\/cecitech.com\/index.php?rest_route=\/wp\/v2\/product\/1874","targetHints":{"allow":["GET"]}}],"collection":[{"href":"https:\/\/cecitech.com\/index.php?rest_route=\/wp\/v2\/product"}],"about":[{"href":"https:\/\/cecitech.com\/index.php?rest_route=\/wp\/v2\/types\/product"}],"replies":[{"embeddable":true,"href":"https:\/\/cecitech.com\/index.php?rest_route=%2Fwp%2Fv2%2Fcomments&post=1874"}],"wp:featuredmedia":[{"embeddable":true,"href":"https:\/\/cecitech.com\/index.php?rest_route=\/wp\/v2\/media\/1875"}],"wp:attachment":[{"href":"https:\/\/cecitech.com\/index.php?rest_route=%2Fwp%2Fv2%2Fmedia&parent=1874"}],"wp:term":[{"taxonomy":"product_brand","embeddable":true,"href":"https:\/\/cecitech.com\/index.php?rest_route=%2Fwp%2Fv2%2Fproduct_brand&post=1874"},{"taxonomy":"product_cat","embeddable":true,"href":"https:\/\/cecitech.com\/index.php?rest_route=%2Fwp%2Fv2%2Fproduct_cat&post=1874"},{"taxonomy":"product_tag","embeddable":true,"href":"https:\/\/cecitech.com\/index.php?rest_route=%2Fwp%2Fv2%2Fproduct_tag&post=1874"}],"curies":[{"name":"wp","href":"https:\/\/api.w.org\/{rel}","templated":true}]}}