{"id":1872,"date":"2026-02-06T09:22:20","date_gmt":"2026-02-06T14:22:20","guid":{"rendered":"https:\/\/cecitech.com\/?post_type=product&#038;p=1872"},"modified":"2026-02-06T09:23:32","modified_gmt":"2026-02-06T14:23:32","slug":"braillenote-touch-plus","status":"publish","type":"product","link":"https:\/\/cecitech.com\/?product=braillenote-touch-plus","title":{"rendered":"BrailleNote Touch Plus"},"content":{"rendered":"<h1>DESCRIPTION<\/h1>\r\n<ol>\r\n \t<li>Mon Premier Bloc-notes est une \u00e9dition sp\u00e9ciale du BrailleNote Touch Plus, con\u00e7ue pour initier les enfants au braille num\u00e9rique de mani\u00e8re structur\u00e9e et accessible. Bas\u00e9 sur la plateforme de prise de notes fiable de HumanWare, il comprend un afficheur braille rafra\u00eechissable \u00e0 32 cellules, des applications KeySoft intuitives et le programme d&rsquo;apprentissage complet du braille Take-Off, le tout adapt\u00e9 pour favoriser l&rsquo;apprentissage pr\u00e9coce de la lecture et l&rsquo;autonomie.<\/li>\r\n \t<li>Con\u00e7u sp\u00e9cialement pour les jeunes apprenants de braille de 4 \u00e0 8 ans, cet outil leur permet de lire, d&rsquo;\u00e9crire et d&rsquo;explorer le monde gr\u00e2ce au braille et \u00e0 la synth\u00e8se vocale, de d\u00e9velopper leurs comp\u00e9tences en math\u00e9matiques et en langue, et de gagner en confiance gr\u00e2ce \u00e0 des outils num\u00e9riques adapt\u00e9s \u00e0 leurs besoins.<\/li>\r\n \t<li>Les enseignants et les parents b\u00e9n\u00e9ficient d&rsquo;une exp\u00e9rience d&rsquo;apprentissage coh\u00e9rente et conforme aux programmes scolaires, pr\u00e9parant les \u00e9l\u00e8ves \u00e0 l&rsquo;utilisation de futurs appareils comme le Brailliant BI X et le Mantis Q40.<\/li>\r\n \t<li>Offrez \u00e0 la prochaine g\u00e9n\u00e9ration d&rsquo;utilisateurs de braille un outil simple d&rsquo;utilisation, stimulant et performant qui rend l&rsquo;apprentissage accessible d\u00e8s le premier jour.<\/li>\r\n \t<li>Le BrailleNote Touch Plus \u2013 Mon premier appareil de prise de notes permet aux jeunes apprenants aveugles ou malvoyants de d\u00e9velopper leurs comp\u00e9tences en lecture, leur confiance en soi et leur autonomie gr\u00e2ce \u00e0 la technologie. L&rsquo;acc\u00e8s au braille actualisable d\u00e8s le plus jeune \u00e2ge est essentiel, et cette \u00e9dition sp\u00e9ciale le rend simple, attrayant et structur\u00e9. Dot\u00e9 des applications KeySoft et du programme complet d&rsquo;apprentissage du braille Take-Off, il aide les \u00e9l\u00e8ves \u00e0 lire, \u00e0 \u00e9crire et \u00e0 explorer du contenu num\u00e9rique en braille et en synth\u00e8se vocale.<\/li>\r\n \t<li>Les enfants peuvent s&rsquo;exercer aux math\u00e9matiques et au langage, se connecter \u00e0 des imprimantes ou des appareils \u00e0 embosser, et m\u00eame apprendre la dactylographie gr\u00e2ce \u00e0 un clavier QWERTY. Pour les enseignants et les parents, cet outil stimule l&rsquo;engagement, facilite la progression vers des appareils plus avanc\u00e9s comme le Brailliant BI X et le Mantis Q40, et encourage l&rsquo;apprentissage tout au long de la vie. Con\u00e7u pour \u00eatre accessible et ludique, \u00ab\u00a0My First Notetaker\u00a0\u00bb transforme l&rsquo;apprentissage pr\u00e9coce du braille en une exp\u00e9rience enrichissante et stimulante.<\/li>\r\n<\/ol>\r\n<h1>SP\u00c9CIFICATIONS<\/h1>\r\n<h3>Caract\u00e9ristiques fonctionnelles<\/h3>\r\n32 cellules braille avec touches de navigation\r\n<ul>\r\n \t<li>\u2022 Enregistrez et cr\u00e9ez du contenu gr\u00e2ce aux nombreuses applications disponibles (voir la liste des applications KeySoft ci-dessous)<\/li>\r\n \t<li>\u2022 Surface tactile et \u00e9cran avec technologie HumanWare Touch Braille (brevet am\u00e9ricain)<\/li>\r\n \t<li>\u2022 Clavier Perkins ergonomique et amovible<\/li>\r\n \t<li>\u2022 Touches de navigation HumanWare pour les pouces<\/li>\r\n \t<li>\u2022 Applications int\u00e9gr\u00e9es KeySoft<\/li>\r\n \t<li>\u2022 Synth\u00e8se vocale<\/li>\r\n \t<li>\u2022 Compatible avec de nombreux formats de fichiers, dont DOCX, PDF et HTML<\/li>\r\n \t<li>\u2022 Prise en charge de plusieurs langues et tables braille<\/li>\r\n \t<li>\u2022 Cr\u00e9ation de graphiques en temps r\u00e9el<\/li>\r\n \t<li>\u2022 Traduction braille int\u00e9gr\u00e9e (Duxbury et Liblouis inclus)<\/li>\r\n \t<li>\u2022 Autonomie\u00a0: 12 heures<\/li>\r\n<\/ul>\r\n<h3>Applications<\/h3>\r\n<ul>\r\n \t<li>\u2022 KeyWord &#8211; Traitement de texte<\/li>\r\n \t<li>\u2022 KeyFiles &#8211; Gestionnaire de fichiers<\/li>\r\n \t<li>\u2022 Dictionnaire<\/li>\r\n \t<li>\u2022 KeyCode<\/li>\r\n \t<li>\u2022 KeyRecorder<\/li>\r\n \t<li>\u2022 KeyGraph<\/li>\r\n \t<li>\u2022 \u00c9diteur math\u00e9matique<\/li>\r\n \t<li>\u2022 KeyCalc &#8211; Calculatrice scientifique<\/li>\r\n \t<li>\u2022 KeyBrf &#8211; \u00c9diteur braille<\/li>\r\n<\/ul>\r\n<h3 id=\"tw-target-text\" class=\"tw-data-text tw-text-large tw-ta\" dir=\"ltr\" tabindex=\"-1\" role=\"text\" data-placeholder=\"Translation\" data-ved=\"2ahUKEwiDzLe2hcWSAxXXKvsDHUMaFrsQ3ewLegQIFBAV\" aria-label=\"Translated text: Applications \u2022 KeyWord - Traitement de texte \u2022 KeyFiles - Gestionnaire de fichiers \u2022 Dictionnaire \u2022 KeyCode \u2022 KeyRecorder \u2022 KeyGraph \u2022 \u00c9diteur math\u00e9matique \u2022 KeyCalc - Calculatrice scientifique \u2022 KeyBrf - \u00c9diteur braille Langues prises en charge \u2022 Anglais \u2022 Fran\u00e7ais\"><span class=\"Y2IQFc\" lang=\"fr\">Langues prises en charge<\/span><\/h3>\r\n<ul>\r\n \t<li>\u2022 Anglais<\/li>\r\n \t<li>\u2022 Fran\u00e7ais<\/li>\r\n<\/ul>\r\n<h3>Caract\u00e9ristiques physiques<\/h3>\r\n<ul>\r\n \t<li>\u2022 Poids : 900 g<\/li>\r\n \t<li>\u2022 Dimensions (L x P x H) : 24,4 x 16,2 x 2,06 cm<\/li>\r\n \t<li>\u2022 Dimensions de l&rsquo;\u00e9cran tactile : 22,86 cm x 7,62 cm<\/li>\r\n \t<li>\u2022 Dimensions de l&rsquo;\u00e9cran LCD : 1024 x 600 pixels, diagonale de 18 cm (7 pouces)<\/li>\r\n \t<li>\u2022 Batterie amovible<\/li>\r\n<\/ul>\r\n<h3>Caract\u00e9ristiques techniques<\/h3>\r\n<ul>\r\n \t<li>\u2022 Plateforme : Android 8.1<\/li>\r\n \t<li>\u2022 4 Go de m\u00e9moire vive (RAM)<\/li>\r\n \t<li>\u2022 64 Go de m\u00e9moire interne<\/li>\r\n \t<li>\u2022 Wi-Fi 802.11a\/b\/g\/n\/ac (2,4 et 5 GHz)<\/li>\r\n \t<li>\u2022 Bandes de fr\u00e9quence : 2,4 GHz (canaux 1 \u00e0 13) et 5 GHz<\/li>\r\n \t<li>\u2022 Bluetooth 4.2<\/li>\r\n \t<li>\u2022 Emplacement pour carte SD externe avec interface SDIO compl\u00e8te<\/li>\r\n \t<li>\u2022 Sortie vid\u00e9o haute r\u00e9solution (audio et vid\u00e9o) pour \u00e9cran externe<\/li>\r\n<\/ul>","protected":false},"excerpt":{"rendered":"<h3>BrailleNote Touch Plus<\/h3>\r\n<h3>Un appareil braille con\u00e7u pour les jeunes \u00e9l\u00e8ves<\/h3>","protected":false},"featured_media":1873,"comment_status":"open","ping_status":"closed","template":"","meta":[],"product_brand":[],"product_cat":[35,30],"product_tag":[],"class_list":{"0":"post-1872","1":"product","2":"type-product","3":"status-publish","4":"has-post-thumbnail","6":"product_cat-bloc-note-braille","7":"product_cat-cecite","9":"first","10":"instock","11":"taxable","12":"shipping-taxable","13":"product-type-simple"},"_links":{"self":[{"href":"https:\/\/cecitech.com\/index.php?rest_route=\/wp\/v2\/product\/1872","targetHints":{"allow":["GET"]}}],"collection":[{"href":"https:\/\/cecitech.com\/index.php?rest_route=\/wp\/v2\/product"}],"about":[{"href":"https:\/\/cecitech.com\/index.php?rest_route=\/wp\/v2\/types\/product"}],"replies":[{"embeddable":true,"href":"https:\/\/cecitech.com\/index.php?rest_route=%2Fwp%2Fv2%2Fcomments&post=1872"}],"wp:featuredmedia":[{"embeddable":true,"href":"https:\/\/cecitech.com\/index.php?rest_route=\/wp\/v2\/media\/1873"}],"wp:attachment":[{"href":"https:\/\/cecitech.com\/index.php?rest_route=%2Fwp%2Fv2%2Fmedia&parent=1872"}],"wp:term":[{"taxonomy":"product_brand","embeddable":true,"href":"https:\/\/cecitech.com\/index.php?rest_route=%2Fwp%2Fv2%2Fproduct_brand&post=1872"},{"taxonomy":"product_cat","embeddable":true,"href":"https:\/\/cecitech.com\/index.php?rest_route=%2Fwp%2Fv2%2Fproduct_cat&post=1872"},{"taxonomy":"product_tag","embeddable":true,"href":"https:\/\/cecitech.com\/index.php?rest_route=%2Fwp%2Fv2%2Fproduct_tag&post=1872"}],"curies":[{"name":"wp","href":"https:\/\/api.w.org\/{rel}","templated":true}]}}