{"id":1870,"date":"2026-02-04T08:59:22","date_gmt":"2026-02-04T13:59:22","guid":{"rendered":"https:\/\/cecitech.com\/?post_type=product&#038;p=1870"},"modified":"2026-02-04T09:00:38","modified_gmt":"2026-02-04T14:00:38","slug":"monarch","status":"publish","type":"product","link":"https:\/\/cecitech.com\/?product=monarch","title":{"rendered":"Monarch"},"content":{"rendered":"<h3>Lecture braille avanc\u00e9e et interaction tactile en temps r\u00e9el pour un acc\u00e8s \u00e9gal \u00e0 l&rsquo;information<\/h3>\r\n<h1>DESCRIPTION<\/h1>\r\n<ol>\r\n \t<li>Prenez votre envol avec le Monarch, un appareil braille multiligne r\u00e9volutionnaire qui affiche des graphiques tactiles int\u00e9gr\u00e9s au braille sur un \u00e9cran rafra\u00eechissable de 10 lignes et 32 \u200b\u200bcellules. Gr\u00e2ce \u00e0 l&rsquo;acc\u00e8s \u00e0 des manuels num\u00e9riques t\u00e9l\u00e9chargeables et \u00e0 la biblioth\u00e8que d&rsquo;images graphiques tactiles (TGIL) d&rsquo;APH, le Monarch r\u00e9duit consid\u00e9rablement le temps d&rsquo;acc\u00e8s au braille pour les utilisateurs aveugles ou malvoyants.<\/li>\r\n \t<li>Le Monarch est bien plus qu&rsquo;un simple afficheur braille\u00a0: c&rsquo;est une calculatrice graphique, une liseuse num\u00e9rique, une machine \u00e0 \u00e9crire en braille et bien plus encore\u00a0! Il repr\u00e9sente une avanc\u00e9e majeure vers un monde inclusif, en levant les barri\u00e8res et en ouvrant la voie \u00e0 un avenir o\u00f9 chacun pourra b\u00e9n\u00e9ficier d&rsquo;un acc\u00e8s \u00e9gal \u00e0 l&rsquo;information.<\/li>\r\n \t<li>Avec Monarch, les ressources p\u00e9dagogiques sont facilement accessibles, ce qui r\u00e9duit le besoin de mat\u00e9riel sp\u00e9cialis\u00e9 et les d\u00e9penses li\u00e9es \u00e0 la classe. Le temps consacr\u00e9 \u00e0 l&rsquo;adaptation des plans de cours et \u00e0 la cr\u00e9ation de supports est consid\u00e9rablement r\u00e9duit, vous permettant ainsi de vous concentrer sur l&rsquo;enseignement. Gr\u00e2ce \u00e0 plus de 2\u00a0000 images dans la TGIL et \u00e0 l&rsquo;acc\u00e8s \u00e0 diverses biblioth\u00e8ques en ligne, vos \u00e9l\u00e8ves peuvent explorer les concepts et les id\u00e9es avec une libert\u00e9 in\u00e9dite.<\/li>\r\n \t<li>Le Monarch est livr\u00e9 avec des applications bas\u00e9es sur la suite d&rsquo;accessibilit\u00e9 KeySoft de HumanWare. Le tutoriel de d\u00e9marrage interactif, cr\u00e9\u00e9 par APH, vous permet de prendre rapidement en main le Monarch. KeyWord est un traitement de texte compatible avec les fichiers MathML, .docx, .doc, .txt et PDF, vous permettant de recevoir, lire, modifier et envoyer des documents Word en braille, y compris des documents math\u00e9matiques. KeyMath, en partenariat avec Desmos, est une calculatrice graphique pour les fonctions tactiles. L&rsquo;application Tactile Viewer se connecte \u00e0 la biblioth\u00e8que d&rsquo;images graphiques tactiles d&rsquo;APH pour afficher des graphiques dans diff\u00e9rents formats. Victor Reader donne acc\u00e8s \u00e0 des centaines de titres litt\u00e9raires via des biblioth\u00e8ques en ligne comme Bookshare et prend en charge les fichiers Daisy et ePUB. KeyBrf est un \u00e9diteur braille compatible avec les formats BRL et BRF, offrant une interface num\u00e9rique dynamique pour le contenu braille spatial. KeyMail, compatible avec Exchange et Office 365, simplifie l&rsquo;envoi de livres et de ressources. Le navigateur Internet, d\u00e9velopp\u00e9 avec Ecosia, est un navigateur web Chromium respectueux de l&rsquo;environnement.<\/li>\r\n \t<li>Et ce n&rsquo;est pas tout\u00a0! Un kit de d\u00e9veloppement logiciel (SDK) est d\u00e9sormais disponible pour nos partenaires privil\u00e9gi\u00e9s, permettant \u00e0 APH de d\u00e9velopper diverses applications \u00e9ducatives pour Monarch. Parmi elles, Monarch Chess, qui gamifie l&rsquo;apprentissage gr\u00e2ce \u00e0 un tutoriel int\u00e9gr\u00e9. Restez connect\u00e9s pour d\u00e9couvrir les prochaines versions\u00a0!<\/li>\r\n<\/ol>\r\n<h1>SP\u00c9CIFICATIONS<\/h1>\r\n<ul>\r\n \t<li>\u2022 \u00c9cran rafra\u00eechissable 10 lignes \u00e0 32 cellules contenant 3\u00a0840 points<\/li>\r\n \t<li>\u2022 Affichage visuel\u00a0: connectez votre Monarch \u00e0 un moniteur via HDMI<\/li>\r\n \t<li>\u2022 pour afficher sur un \u00e9cran ce que l\u2019utilisateur du Monarch consulte \u00e0 destination des personnes voyantes<\/li>\r\n \t<li>\u2022 Clavier braille Perkins 8 points<\/li>\r\n \t<li>\u2022 Espacement des lignes personnalisable pour les d\u00e9butants en lecture de braille<\/li>\r\n \t<li>\u2022 Fonction de synth\u00e8se vocale<\/li>\r\n \t<li>\u2022 Reconnaissance tactile<\/li>\r\n \t<li>\u2022 Autonomie de la batterie sup\u00e9rieure \u00e0 24 heures<\/li>\r\n \t<li>\u2022 Connectivit\u00e9 Wi-Fi<\/li>\r\n \t<li>\u2022 Connexions USB et Bluetooth\u00ae pour cl\u00e9s USB, claviers et casques audio<\/li>\r\n \t<li>\u2022 Poids\u00a0: 2,1 kg<\/li>\r\n \t<li>\u2022 Dimensions\u00a0: 40,4 \u00d7 26,7 \u00d7 3,6 cm<\/li>\r\n \t<li>\u2022 Langues\u00a0: anglais, fran\u00e7ais, espagnol<\/li>\r\n \t<li>\u2022 Plus de 250 tables braille int\u00e9gr\u00e9es, dont des tables d\u2019apprentissage (Duxbury et Liblouis)<\/li>\r\n<\/ul>\r\n<h1>Applications\u00a0:<\/h1>\r\n<ul>\r\n \t<li>\u2022 Tutoriel de d\u00e9marrage interactif par APH<\/li>\r\n \t<li>\u2022 KeyWord\u00a0: Traitement de texte compatible MATHML<\/li>\r\n \t<li>\u2022 KeyMath\u00a0: Calculatrice graphique Desmos<\/li>\r\n \t<li>\u2022 Visionneuse tactile\u00a0: Acc\u00e8s direct aux biblioth\u00e8ques en ligne telles que TGIL<\/li>\r\n \t<li>\u2022 Victor Reader\u00a0: Lecteur de livres avec acc\u00e8s direct aux biblioth\u00e8ques num\u00e9riques en ligne telles que Bookshare<\/li>\r\n \t<li>\u2022 KeyBrf\u00a0: \u00c9diteur braille, lecture et cr\u00e9ation de textes braille multilignes<\/li>\r\n \t<li>\u2022 Navigateur Internet\u00a0: Premi\u00e8re exp\u00e9rience de navigation web multiligne<\/li>\r\n \t<li>\u2022 Monarch Chess\u00a0: Apprenez en vous amusant gr\u00e2ce aux fonctionnalit\u00e9s tactiles uniques de Monarch<\/li>\r\n<\/ul>","protected":false},"excerpt":{"rendered":"<h3>Monarch \u2014 La premi\u00e8re tablette braille tactile dynamique et multiligne<\/h3>","protected":false},"featured_media":1871,"comment_status":"open","ping_status":"closed","template":"","meta":[],"product_brand":[],"product_cat":[32,30],"product_tag":[],"class_list":{"0":"post-1870","1":"product","2":"type-product","3":"status-publish","4":"has-post-thumbnail","6":"product_cat-afficheur-braille","7":"product_cat-cecite","9":"first","10":"instock","11":"taxable","12":"shipping-taxable","13":"product-type-simple"},"_links":{"self":[{"href":"https:\/\/cecitech.com\/index.php?rest_route=\/wp\/v2\/product\/1870","targetHints":{"allow":["GET"]}}],"collection":[{"href":"https:\/\/cecitech.com\/index.php?rest_route=\/wp\/v2\/product"}],"about":[{"href":"https:\/\/cecitech.com\/index.php?rest_route=\/wp\/v2\/types\/product"}],"replies":[{"embeddable":true,"href":"https:\/\/cecitech.com\/index.php?rest_route=%2Fwp%2Fv2%2Fcomments&post=1870"}],"wp:featuredmedia":[{"embeddable":true,"href":"https:\/\/cecitech.com\/index.php?rest_route=\/wp\/v2\/media\/1871"}],"wp:attachment":[{"href":"https:\/\/cecitech.com\/index.php?rest_route=%2Fwp%2Fv2%2Fmedia&parent=1870"}],"wp:term":[{"taxonomy":"product_brand","embeddable":true,"href":"https:\/\/cecitech.com\/index.php?rest_route=%2Fwp%2Fv2%2Fproduct_brand&post=1870"},{"taxonomy":"product_cat","embeddable":true,"href":"https:\/\/cecitech.com\/index.php?rest_route=%2Fwp%2Fv2%2Fproduct_cat&post=1870"},{"taxonomy":"product_tag","embeddable":true,"href":"https:\/\/cecitech.com\/index.php?rest_route=%2Fwp%2Fv2%2Fproduct_tag&post=1870"}],"curies":[{"name":"wp","href":"https:\/\/api.w.org\/{rel}","templated":true}]}}