{"id":1865,"date":"2026-02-03T09:38:40","date_gmt":"2026-02-03T14:38:40","guid":{"rendered":"https:\/\/cecitech.com\/?post_type=product&#038;p=1865"},"modified":"2026-02-04T09:26:48","modified_gmt":"2026-02-04T14:26:48","slug":"victor-reader-stratus12-m","status":"publish","type":"product","link":"https:\/\/cecitech.com\/?product=victor-reader-stratus12-m","title":{"rendered":"Victor Reader Stratus12 M"},"content":{"rendered":"<h1>DESCRIPTION<\/h1>\r\nLe lecteur multim\u00e9dia Victor Reader Stratus M vous offre un acc\u00e8s exceptionnel aux livres DAISY, aux livres audio, \u00e0 la musique et aux documents informatiques provenant de sources multim\u00e9dias plus nombreuses que jamais. Le mod\u00e8le Stratus12 M est dot\u00e9 d&rsquo;un clavier \u00e0 12 touches de type t\u00e9l\u00e9phonique, id\u00e9al pour une navigation ais\u00e9e dans des ouvrages de r\u00e9f\u00e9rence et des manuels scolaires. Simple d&rsquo;utilisation et accessible \u00e0 tous\u00a0: le Victor Reader Stratus M est un lecteur audio pour tous\u00a0!\r\n\r\nPlus compact et plus l\u00e9ger \u00e0 l&rsquo;ext\u00e9rieur, mais plus intelligent et offrant une meilleure qualit\u00e9 sonore \u00e0 l&rsquo;int\u00e9rieur\u00a0: voici le Victor Reader Stratus M. Contrairement \u00e0 la g\u00e9n\u00e9ration pr\u00e9c\u00e9dente, la lecture vocale est disponible \u00e0 partir de plusieurs supports\u00a0: CD, cartes SD et cl\u00e9s USB. Tous les mod\u00e8les sont dot\u00e9s de grandes touches tactiles \u00e0 contraste \u00e9lev\u00e9, d&rsquo;un haut-parleur int\u00e9gr\u00e9, d&rsquo;une prise casque et de commandes vocales int\u00e9gr\u00e9es, ce qui en fait tout simplement le lecteur audio le plus convivial du march\u00e9.\r\n\r\nOuvrez-vous \u00e0 un monde de d\u00e9couvertes en \u00e9coutant n&rsquo;importe quel document texte gr\u00e2ce \u00e0 sa fonction de synth\u00e8se vocale int\u00e9gr\u00e9e. Le Victor Reader Stratus M comprend un pav\u00e9 num\u00e9rique de 12\u00a0touches de type t\u00e9l\u00e9phonique pour une navigation directe. Il vous suffit de saisir un num\u00e9ro de page pour y acc\u00e9der directement. Naviguez directement dans les sections de documents texte, les livres audio DAISY et les fichiers MP3, ou reprenez automatiquement votre lecture l\u00e0 o\u00f9 vous l&rsquo;aviez interrompue. Le lecteur de livres audio qui allie simplicit\u00e9 et convivialit\u00e9\u00a0: le Victor Reader Stratus est fait pour vous.\r\n<h1>SPECIFICATION<\/h1>\r\n<h3>Caract\u00e9ristiques fonctionnelles<\/h3>\r\n<ul>\r\n \t<li>\u2022 Portable &#8211; Poign\u00e9e de transport int\u00e9gr\u00e9e et batterie rechargeable<\/li>\r\n \t<li>\u2022 Grandes touches tactiles \u00e0 contraste \u00e9lev\u00e9<\/li>\r\n \t<li>\u2022 Lecture de livres audio et de musique \u00e0 partir de CD, de cartes SD et de cl\u00e9s USB<\/li>\r\n \t<li>\u2022 Navigation ais\u00e9e dans les romans, magazines, journaux et documents texte<\/li>\r\n \t<li>\u2022 Pav\u00e9 num\u00e9rique de type t\u00e9l\u00e9phonique pour acc\u00e9der \u00e0 des pages sp\u00e9cifiques dans des publications structur\u00e9es telles que les ouvrages de r\u00e9f\u00e9rence et les manuels scolaires<\/li>\r\n \t<li>\u2022 Couvercle de clavier amovible masquant toutes les touches sauf les plus essentielles pour simuler un lecteur de cassettes traditionnel. Vendu s\u00e9par\u00e9ment<\/li>\r\n \t<li>\u2022 Synth\u00e8se vocale int\u00e9gr\u00e9e<\/li>\r\n \t<li>\u2022 Navigation dans les biblioth\u00e8ques, les livres DAISY, les livres audio commerciaux, les fichiers musicaux et les fichiers texte. Parcours des livres DAISY (texte et audio) par chapitre, section, sous-section ou phrase<\/li>\r\n \t<li>\u2022 Transfert de contenu depuis les biblioth\u00e8ques en ligne DAISY vers l&rsquo;appareil &#8211; Fonctions de lecture directe disponibles \u00e0 la demande<\/li>\r\n \t<li>\u2022 Navigation dans les livres et la musique MP3, par dossier, fichier et saut temporel pr\u00e9cis<\/li>\r\n \t<li>\u2022 Navigation dans les fichiers texte par phrase, paragraphe, mot ou m\u00eame par orthographe<\/li>\r\n \t<li>\u2022 Reprenez votre lecture l\u00e0 o\u00f9 vous l&rsquo;aviez laiss\u00e9e dans chaque livre.<\/li>\r\n \t<li>\u2022 Ajoutez des signets \u00e0 vos livres, fichiers audio ou documents.<\/li>\r\n \t<li>\u2022 Vitesse variable\u00a0: acc\u00e9l\u00e9rez la lecture.<\/li>\r\n \t<li>\u2022 Minuterie de mise en veille.<\/li>\r\n \t<li>\u2022 Touche d&rsquo;informations\u00a0: affiche les informations du livre (titre, temps total\/\u00e9coul\u00e9\/restant, nombre de pages\/titres).<\/li>\r\n \t<li>\u2022 Touche \u00ab\u00a0O\u00f9 suis-je\u00a0?\u00a0\u00bb\u00a0: rep\u00e9rez facilement votre position dans le livre (page, chapitre, titres, etc.).<\/li>\r\n \t<li>\u2022 Description des touches\u00a0: annonce la fonction de chaque touche.<\/li>\r\n \t<li>\u2022 Temps de recharge\u00a0: 4\u00a0heures.<\/li>\r\n \t<li>\u2022 Autonomie\u00a0: 6 \u00e0 9\u00a0heures.<\/li>\r\n<\/ul>\r\n<h3>Langues<\/h3>\r\n16 langues\u00a0: anglais, arabe*, danois, n\u00e9erlandais, estonien*, finnois, fran\u00e7ais, allemand, islandais*, italien*, lituanien, norv\u00e9gien, russe*, roumain*, slov\u00e8ne*, espagnol*, su\u00e9dois\r\n\r\n*Disponible sur le mod\u00e8le M, non disponible sur les mod\u00e8les M+ et H\r\n<h3>Caract\u00e9ristiques physiques<\/h3>\r\n<ul>\r\n \t<li>\u2022 Dimensions\u00a0: 22\u00a0\u00d7\u00a021,6\u00a0\u00d7\u00a04,8\u00a0cm (8,7\u00a0\u00d7\u00a08,5\u00a0\u00d7\u00a01,9\u00a0po)<\/li>\r\n \t<li>\u2022 Poids\u00a0: 0,95\u00a0kg (2,1\u00a0lb) avec batterie<\/li>\r\n<\/ul>\r\n<h3>Sp\u00e9cifications techniques<\/h3>\r\n<ul>\r\n \t<li>\u2022 Lecteur CD, carte SD, port USB, synth\u00e8se vocale<\/li>\r\n \t<li>\u2022 Lecture des CD audio et MP3 (DAISY)<\/li>\r\n \t<li>\u2022 Formats DAISY compatibles\u00a0: 2.0 et 2.0.2<\/li>\r\n \t<li>\u2022 Batterie Li-Polym\u00e8re rechargeable<\/li>\r\n \t<li>\u2022 Algorithmes de codage\u00a0: AAC, FLAC, MP3, Ogg Vorbis, Speex, WAV<\/li>\r\n \t<li>\u2022 Synth\u00e8se vocale\u00a0: Acapela (Stratus M) pour la lecture des fichiers BRF, DOCX, RTF, txt, html et xml<\/li>\r\n \t<li>\u2022 Prise d\u2019alimentation\u00a0: 2,5\u00a0mm (int\u00e9rieur) \/ 5,5\u00a0mm (ext\u00e9rieur)<\/li>\r\n \t<li>\u2022 Prise casque\u00a0: 3,5\u00a0mm<\/li>\r\n \t<li>\u2022 Mise \u00e0 jour du micrologiciel par CD ou carte SD\/USB<\/li>\r\n<\/ul>","protected":false},"excerpt":{"rendered":"<h3>Victor Reader Stratus12 M \u2013 Lecteur Daisy et MP3<\/h3>\r\n<h3>Un lecteur audio intuitif pour une navigation de lecture structur\u00e9e et efficace<\/h3>","protected":false},"featured_media":1866,"comment_status":"open","ping_status":"closed","template":"","meta":[],"product_brand":[],"product_cat":[52],"product_tag":[],"class_list":{"0":"post-1865","1":"product","2":"type-product","3":"status-publish","4":"has-post-thumbnail","6":"product_cat-vie-quotidienne","8":"first","9":"instock","10":"taxable","11":"shipping-taxable","12":"product-type-simple"},"_links":{"self":[{"href":"https:\/\/cecitech.com\/index.php?rest_route=\/wp\/v2\/product\/1865","targetHints":{"allow":["GET"]}}],"collection":[{"href":"https:\/\/cecitech.com\/index.php?rest_route=\/wp\/v2\/product"}],"about":[{"href":"https:\/\/cecitech.com\/index.php?rest_route=\/wp\/v2\/types\/product"}],"replies":[{"embeddable":true,"href":"https:\/\/cecitech.com\/index.php?rest_route=%2Fwp%2Fv2%2Fcomments&post=1865"}],"wp:featuredmedia":[{"embeddable":true,"href":"https:\/\/cecitech.com\/index.php?rest_route=\/wp\/v2\/media\/1866"}],"wp:attachment":[{"href":"https:\/\/cecitech.com\/index.php?rest_route=%2Fwp%2Fv2%2Fmedia&parent=1865"}],"wp:term":[{"taxonomy":"product_brand","embeddable":true,"href":"https:\/\/cecitech.com\/index.php?rest_route=%2Fwp%2Fv2%2Fproduct_brand&post=1865"},{"taxonomy":"product_cat","embeddable":true,"href":"https:\/\/cecitech.com\/index.php?rest_route=%2Fwp%2Fv2%2Fproduct_cat&post=1865"},{"taxonomy":"product_tag","embeddable":true,"href":"https:\/\/cecitech.com\/index.php?rest_route=%2Fwp%2Fv2%2Fproduct_tag&post=1865"}],"curies":[{"name":"wp","href":"https:\/\/api.w.org\/{rel}","templated":true}]}}