{"id":1863,"date":"2026-02-02T06:18:37","date_gmt":"2026-02-02T11:18:37","guid":{"rendered":"https:\/\/cecitech.com\/?post_type=product&#038;p=1863"},"modified":"2026-02-04T09:25:49","modified_gmt":"2026-02-04T14:25:49","slug":"victor-reader-stream-3","status":"publish","type":"product","link":"https:\/\/cecitech.com\/?product=victor-reader-stream-3","title":{"rendered":"Victor Reader Stream 3"},"content":{"rendered":"<h1>DESCRIPTION<\/h1>\r\n<h4>Un lecteur audio num\u00e9rique de poche pour profiter pleinement du contenu sans fil.<\/h4>\r\nDot\u00e9 d&rsquo;une interface tactile intuitive, le Victor Reader Stream 3 est un lecteur audio num\u00e9rique portable qui vous permet d&rsquo;\u00e9couter vos contenus multim\u00e9dias. Cet appareil d&rsquo;assistance vous permet d&rsquo;\u00e9couter des livres audio, des journaux, des webradios, de la musique, des podcasts et d&rsquo;autres ressources en ligne. Simple d&rsquo;utilisation pour les personnes aveugles ou malvoyantes, le lecteur de livres audio Stream rassemble tous vos contenus multim\u00e9dias et offre jusqu&rsquo;\u00e0 15 heures d&rsquo;autonomie, pour profiter pleinement de vos contenus.\r\n\r\nAvec Victor Reader Stream, emportez vos livres, votre musique et bien plus encore partout avec vous. Imaginez pouvoir \u00e9couter les derniers romans, magazines, votre musique pr\u00e9f\u00e9r\u00e9e, des podcasts et vos propres enregistrements vocaux, le tout au creux de votre main. Gr\u00e2ce \u00e0 son design \u00e9l\u00e9gant et compact et \u00e0 ses bords ergonomiques, ce lecteur multim\u00e9dia num\u00e9rique vous offre des heures d&rsquo;\u00e9coute o\u00f9 que vous soyez et une exp\u00e9rience de synth\u00e8se vocale de qualit\u00e9 sup\u00e9rieure en plusieurs langues.\r\n\r\nAlliant polyvalence et simplicit\u00e9 d&rsquo;utilisation, le Victor Reader Stream est sp\u00e9cialement con\u00e7u pour faciliter la lecture. Plus qu&rsquo;un simple lecteur audio, sa connectivit\u00e9 sans fil vous ouvre un monde de possibilit\u00e9s.\r\n<h1>SPECIFICATION<\/h1>\r\n<h3>Sp\u00e9cifications fonctionnelles<\/h3>\r\n<ul>\r\n \t<li>\u2022 T\u00e9l\u00e9chargement direct ou transfert de livres depuis des biblioth\u00e8ques d\u00e9di\u00e9es<\/li>\r\n \t<li>\u2022 \u00c9coute de radios Internet en streaming ou transfert de contenu pour une \u00e9coute hors ligne<\/li>\r\n \t<li>\u2022 Acc\u00e8s \u00e0 Wikip\u00e9dia<\/li>\r\n \t<li>\u2022 Ajout de contenu aux favoris<\/li>\r\n \t<li>\u2022 Enregistrement audio<\/li>\r\n \t<li>\u2022 Connexion Wi-Fi ou \u00e0 un ordinateur<\/li>\r\n \t<li>\u2022 Connexion Bluetooth \u00e0 un casque ou des haut-parleurs<\/li>\r\n \t<li>\u2022 Modes en ligne et hors ligne\u00a0: aucune carte SIM de donn\u00e9es n\u2019est requise<\/li>\r\n \t<li>\u2022 Clavier num\u00e9rique et touches sp\u00e9cifiques pour diff\u00e9rentes fonctions<\/li>\r\n \t<li>\u2022 Navigation simple<\/li>\r\n \t<li>\u2022 Parcours des livres DAISY par chapitre, section ou phrase<\/li>\r\n \t<li>\u2022 Navigation dans les fichiers texte par paragraphe, phrase ou mot<\/li>\r\n \t<li>\u2022 La touche \u00ab\u00a0Aller \u00e0 la page\u00a0\u00bb permet de trouver des pages comme dans un livre imprim\u00e9<\/li>\r\n \t<li>\u2022 Reprise automatique de la lecture\u00a0: votre flux VR reprend l\u00e0 o\u00f9 vous l\u2019aviez laiss\u00e9e<\/li>\r\n \t<li>\u2022 Ajout de passages importants aux favoris \u2013 possibilit\u00e9 d\u2019enregistrer des annotations vocales<\/li>\r\n \t<li>\u2022 Navigation dans les livres et la musique MP3 par dossier ou fichier<\/li>\r\n \t<li>\u2022 Contr\u00f4le de la vitesse de lecture<\/li>\r\n \t<li>\u2022 Touche \u00ab\u00a0Veille\u00a0\u00bb\u00a0: la lecture s\u2019arr\u00eate si vous vous endormez<\/li>\r\n \t<li>\u2022 Touche \u00ab\u00a0Informations\u00a0\u00bb\u00a0: titre du livre, temps \u00e9coul\u00e9\/restant, nombre total de pages, etc.<\/li>\r\n \t<li>\u2022 La touche \u00ab O\u00f9 suis-je ? \u00bb annonce la position de lecture (page, chapitre ou titre de chanson).<\/li>\r\n \t<li>\u2022 Le descripteur des touches annonce la fonction de chaque touche.<\/li>\r\n \t<li>\u2022 Temps de recharge de la batterie\u00a0: 4\u00a0heures avec adaptateur secteur.<\/li>\r\n \t<li>\u2022 Autonomie de la batterie\u00a0: 15\u00a0heures.<\/li>\r\n<\/ul>\r\n<h3>Langues<\/h3>\r\n<ul>\r\n \t<li>\u2022 13 langues syst\u00e8me\u00a0: anglais, fran\u00e7ais, arabe, danois, n\u00e9erlandais, finnois, allemand, italien, norv\u00e9gien, polonais, russe, espagnol, su\u00e9dois<\/li>\r\n \t<li>\u2022 22 langues de lecture\u00a0: anglais, fran\u00e7ais, arabe, n\u00e9erlandais, catalan, tch\u00e8que, danois, finnois, allemand, grec, hindi, italien, japonais, cor\u00e9en, mandarin, norv\u00e9gien, polonais, portugais, russe, espagnol, su\u00e9dois, turc<\/li>\r\n<\/ul>\r\n<h3>Caract\u00e9ristiques physiques<\/h3>\r\n<ul>\r\n \t<li>\u2022 Dimensions\u00a0: 114\u00a0\u00d7\u00a062\u00a0\u00d7\u00a018\u00a0mm (4,5\u00a0\u00d7\u00a02,4\u00a0\u00d7\u00a00,7\u00a0po)<\/li>\r\n \t<li>\u2022 Poids\u00a0: 110\u00a0g (3,9\u00a0oz) avec la pile<\/li>\r\n<\/ul>\r\n<h3>Sp\u00e9cifications techniques<\/h3>\r\n<ul>\r\n \t<li>\u2022 Synth\u00e8se vocale\u00a0: Acapela (2 voix) pour la lecture des fichiers brf, txt, html, xml, DOCX et EPUB<\/li>\r\n \t<li>\u2022 Formats DAISY pris en charge\u00a0: 2.0, 2.0.2 et ANSI\/NISO Z39.86 2002\/2005 (DAISY 3)<\/li>\r\n \t<li>\u2022 Formats audio\u00a0: MP4-AAC, AMR-WB+, FLAC, MP3, Ogg Vorbis, Speex et WAV<\/li>\r\n \t<li>\u2022 Emplacement pour carte SD compatible avec les cartes SD, SDHC ou SDXC jusqu\u2019\u00e0 1\u00a0To (exFAT recommand\u00e9 pour les cartes de plus de 32\u00a0Go)<\/li>\r\n \t<li>\u2022 Batterie Li-ion\u00a0: rechargeable par USB ou adaptateur secteur USB<\/li>\r\n \t<li>\u2022 Haut-parleur int\u00e9gr\u00e9 et prise casque 3,5\u00a0mm<\/li>\r\n \t<li>\u2022 Port USB-C pour la connexion \u00e0 un ordinateur<\/li>\r\n \t<li>\u2022 Formats d\u2019enregistrement\u00a0: PCM, WAV et MP3<\/li>\r\n \t<li>\u2022 Microphone\u00a0: mono int\u00e9gr\u00e9 et prise st\u00e9r\u00e9o 3,5\u00a0mm<\/li>\r\n \t<li>\u2022 Alimentation\/donn\u00e9es\u00a0: USB-C<\/li>\r\n \t<li>\u2022 Mise \u00e0 jour du firmware via carte SD ou en ligne<\/li>\r\n \t<li>\u2022 Horloge en temps r\u00e9el avec annonce de la date et de l&rsquo;heure<\/li>\r\n \t<li>\u2022 Bluetooth 4.2<\/li>\r\n<\/ul>\r\n&nbsp;","protected":false},"excerpt":{"rendered":"<h3>Victor Reader Stream 3 \u2013 Lecteur multim\u00e9dia portable<\/h3>","protected":false},"featured_media":1864,"comment_status":"open","ping_status":"closed","template":"","meta":[],"product_brand":[],"product_cat":[52],"product_tag":[],"class_list":{"0":"post-1863","1":"product","2":"type-product","3":"status-publish","4":"has-post-thumbnail","6":"product_cat-vie-quotidienne","8":"first","9":"instock","10":"taxable","11":"shipping-taxable","12":"product-type-simple"},"_links":{"self":[{"href":"https:\/\/cecitech.com\/index.php?rest_route=\/wp\/v2\/product\/1863","targetHints":{"allow":["GET"]}}],"collection":[{"href":"https:\/\/cecitech.com\/index.php?rest_route=\/wp\/v2\/product"}],"about":[{"href":"https:\/\/cecitech.com\/index.php?rest_route=\/wp\/v2\/types\/product"}],"replies":[{"embeddable":true,"href":"https:\/\/cecitech.com\/index.php?rest_route=%2Fwp%2Fv2%2Fcomments&post=1863"}],"wp:featuredmedia":[{"embeddable":true,"href":"https:\/\/cecitech.com\/index.php?rest_route=\/wp\/v2\/media\/1864"}],"wp:attachment":[{"href":"https:\/\/cecitech.com\/index.php?rest_route=%2Fwp%2Fv2%2Fmedia&parent=1863"}],"wp:term":[{"taxonomy":"product_brand","embeddable":true,"href":"https:\/\/cecitech.com\/index.php?rest_route=%2Fwp%2Fv2%2Fproduct_brand&post=1863"},{"taxonomy":"product_cat","embeddable":true,"href":"https:\/\/cecitech.com\/index.php?rest_route=%2Fwp%2Fv2%2Fproduct_cat&post=1863"},{"taxonomy":"product_tag","embeddable":true,"href":"https:\/\/cecitech.com\/index.php?rest_route=%2Fwp%2Fv2%2Fproduct_tag&post=1863"}],"curies":[{"name":"wp","href":"https:\/\/api.w.org\/{rel}","templated":true}]}}