{"id":1838,"date":"2025-11-03T10:21:37","date_gmt":"2025-11-03T15:21:37","guid":{"rendered":"https:\/\/cecitech.com\/?post_type=product&#038;p=1838"},"modified":"2025-11-04T10:04:49","modified_gmt":"2025-11-04T15:04:49","slug":"snow-pad","status":"publish","type":"product","link":"https:\/\/cecitech.com\/?product=snow-pad","title":{"rendered":"Snow Pad"},"content":{"rendered":"<h1>Description<\/h1>\r\nLe <strong>Zoomax Snow Pad<\/strong> est une loupe portable pliable de nouvelle g\u00e9n\u00e9ration, offrant une excellente qualit\u00e9 d\u2019image pour la vision de pr\u00e8s et de loin, ainsi qu\u2019une fonction <strong>OCR \/ lecture vocale<\/strong> pour toute personne malvoyante ! Il transforme votre iPad non seulement en tablette, mais aussi en <strong>loupe de lecture<\/strong>, <strong>vid\u00e9oloupe portable<\/strong> et <strong>aide visuelle polyvalente<\/strong> pour les \u00e9tudes, le travail et la vie quotidienne des personnes malvoyantes !\r\n<em>(Veuillez noter que la tablette n\u2019est pas incluse.)<\/em>\r\n\r\n<hr \/>\r\n\r\n<h3>Les \u00e9tudiants utilisent Snow Pad en classe<\/h3>\r\nLe <strong>Snow Pad<\/strong> est un outil formidable pour les \u00e9tudiants malvoyants \u2014 qu\u2019ils soient enfants ou universitaires \u2014 afin de leur offrir un meilleur acc\u00e8s en classe. Les \u00e9tudiants peuvent regarder le tableau \u00e0 distance tout en prenant des notes dans leurs cahiers ou livres.\r\nLes fonctions de capture d\u2019image, d\u2019\u00e9dition de photo et d\u2019OCR\/lecture vocale contribuent \u00e0 cr\u00e9er un environnement d\u2019apprentissage stimulant et interactif, quel que soit le niveau scolaire.\r\nFacile \u00e0 plier et \u00e0 ranger en quelques secondes lors d\u2019un changement de salle, le Snow Pad accompagne les \u00e9l\u00e8ves dans toutes leurs activit\u00e9s scolaires. Avec Snow Pad, les possibilit\u00e9s sont infinies \u2014 \u00e0 port\u00e9e de main !\r\n\r\n<hr \/>\r\n\r\n<h3>Utilisation du Snow Pad au travail<\/h3>\r\nGr\u00e2ce \u00e0 sa polyvalence, le <strong>Snow Pad<\/strong> permet aux personnes malvoyantes de g\u00e9rer ais\u00e9ment plusieurs t\u00e2ches au travail. Par exemple : lire des documents, annoter une image fig\u00e9e, prendre des notes en r\u00e9union, observer les coll\u00e8gues ou suivre une pr\u00e9sentation sur projecteur, etc.\r\nDans un environnement de travail participatif, le Snow Pad favorise une exp\u00e9rience professionnelle <strong>efficace et positive<\/strong>.\r\n\r\n<hr \/>\r\n\r\n<h3>Utilisation du Snow Pad partout<\/h3>\r\nLa fonctionnalit\u00e9 du Snow Pad s\u2019adapte \u00e0 chaque utilisateur. Chacun peut personnaliser les r\u00e9glages facilement. Sa <strong>grande portabilit\u00e9<\/strong> permet de l\u2019utiliser \u00e0 la maison, \u00e0 la biblioth\u00e8que, au mus\u00e9e, au restaurant, au caf\u00e9, et bien plus encore.\r\nLire, gribouiller, dessiner ou \u00e9crire \u2014 <strong>aucune limite<\/strong>, laissez libre cours \u00e0 vos envies !\r\n\r\n<hr \/>\r\n\r\n<h3>D\u00e9marrage facile gr\u00e2ce \u00e0 la cam\u00e9ra int\u00e9gr\u00e9e<\/h3>\r\nCon\u00e7u sp\u00e9cialement pour les utilisateurs malvoyants, le <strong>Snow Pad<\/strong> accorde une grande importance \u00e0 la simplicit\u00e9 d\u2019utilisation.\r\nPas besoin de manipuler une cam\u00e9ra externe : sa <strong>cam\u00e9ra int\u00e9gr\u00e9e<\/strong> facilite la mise en route et offre une exp\u00e9rience fluide d\u00e8s la premi\u00e8re utilisation.\r\n\r\n<hr \/>\r\n\r\n<h3>Cam\u00e9ra optique Full HD pour une image exceptionnelle<\/h3>\r\nLorsque vous utilisez la cam\u00e9ra de l\u2019iPad pour la vision rapproch\u00e9e ou en mode \u201cselfie\u201d, la <strong>cam\u00e9ra optique de distance haut de gamme<\/strong> int\u00e9gr\u00e9e au Zoomax Snow Pad prend le relais.\r\nLa <strong>mise au point instantan\u00e9e<\/strong>, sans d\u00e9calage et avec une qualit\u00e9 d\u2019image ultra nette, offre la <strong>meilleure exp\u00e9rience de vision \u00e0 distance<\/strong>.\r\nVous pouvez orienter manuellement la cam\u00e9ra vers la zone souhait\u00e9e et ajuster le zoom selon vos pr\u00e9f\u00e9rences. Son <strong>large champ de vision<\/strong> vous assure de ne rien manquer !\r\n\r\n<hr \/>\r\n\r\n<h3>Compact, \u00e9l\u00e9gant et parfaitement stable<\/h3>\r\nLe <strong>Snow Pad<\/strong> est la meilleure solution portable d\u2019aide visuelle pour les d\u00e9placements.\r\nSon <strong>design compact et \u00e9l\u00e9gant<\/strong> r\u00e9pond aux besoins de la vie moderne et vous permet de l\u2019utiliser en public avec confiance.\r\nSon principal atout : une <strong>stabilit\u00e9 exceptionnelle<\/strong> ! Aucune secousse de la tablette ni scintillement de l\u2019\u00e9cran lorsque vous touchez l\u2019\u00e9cran ou utilisez les commandes.\r\n\r\n<hr \/>\r\n\r\n<h3>\u00c9conomies garanties<\/h3>\r\nVous poss\u00e9dez d\u00e9j\u00e0 un iPad ? Inutile d\u2019acheter une autre loupe avec tablette int\u00e9gr\u00e9e !\r\nLe <strong>Snow Pad<\/strong> vous permet d\u2019\u00e9conomiser environ <strong>2 000 \u00e0 4 000 USD<\/strong>, tout en profitant de plus de fonctionnalit\u00e9s.\r\nM\u00eame si vous devez acheter un iPad pour l\u2019utiliser avec le Snow Pad, vous \u00e9conomiserez encore <strong>1 500 \u00e0 3 000 USD<\/strong> selon le mod\u00e8le choisi, compar\u00e9 \u00e0 d\u2019autres solutions.\r\n\r\n<hr \/>\r\n\r\n<h1>Caract\u00e9ristiques<\/h1>\r\n<ul>\r\n \t<li>Zoom optique, autofocus, image Full HD claire<\/li>\r\n \t<li>Portable et facile \u00e0 transporter<\/li>\r\n \t<li>OCR \/ lecture vocale, 20 langues prises en charge<\/li>\r\n \t<li>Vision de pr\u00e8s et de loin, mode selfie<\/li>\r\n \t<li>Interface simple d\u2019utilisation<\/li>\r\n \t<li>\u00c9cran partag\u00e9 : vertical et horizontal<\/li>\r\n \t<li>Ligne de lecture \/ masque r\u00e9glable (4 types)<\/li>\r\n \t<li>Couleur r\u00e9elle + 10 modes de contraste \u00e9lev\u00e9<\/li>\r\n \t<li>Gestes personnalis\u00e9s<\/li>\r\n \t<li>Fonctions d\u2019\u00e9dition, de zoom d\u00e9taill\u00e9 et de recherche<\/li>\r\n \t<li>Compatible avec <strong>tous les iPad<\/strong>, <strong>Xiaomi Pad 6 \/ Pad 6 Pro<\/strong><\/li>\r\n<\/ul>\r\n<h1>Specification<\/h1>\r\n<table>\r\n<thead>\r\n<tr>\r\n<th><strong>Caract\u00e9ristique<\/strong><\/th>\r\n<th><strong>D\u00e9tails<\/strong><\/th>\r\n<\/tr>\r\n<\/thead>\r\n<tbody>\r\n<tr>\r\n<td><strong>Grossissement<\/strong><\/td>\r\n<td>1 \u2013 32\u00d7<\/td>\r\n<\/tr>\r\n<tr>\r\n<td><strong>Modes d\u2019affichage<\/strong><\/td>\r\n<td>Couleurs r\u00e9elles et 10 modes de couleurs \u00e0 contraste \u00e9lev\u00e9<\/td>\r\n<\/tr>\r\n<tr>\r\n<td><strong>Cam\u00e9ra de distance int\u00e9gr\u00e9e<\/strong><\/td>\r\n<td>Autofocus, zoom optique 7\u00d7, 1920 \u00d7 1080P, Full HD<\/td>\r\n<\/tr>\r\n<tr>\r\n<td><strong>Fr\u00e9quence d\u2019image<\/strong><\/td>\r\n<td>60 FPS<\/td>\r\n<\/tr>\r\n<tr>\r\n<td><strong>Dimensions pli\u00e9es<\/strong><\/td>\r\n<td>L309 \u00d7 l312 \u00d7 H55 mm<\/td>\r\n<\/tr>\r\n<tr>\r\n<td><strong>Hauteur du support<\/strong><\/td>\r\n<td>296 mm<\/td>\r\n<\/tr>\r\n<tr>\r\n<td><strong>Poids<\/strong><\/td>\r\n<td>Environ 2,4 kg (5,29 lb) sans tablette<\/td>\r\n<\/tr>\r\n<tr>\r\n<td><strong>Batterie<\/strong><\/td>\r\n<td>Environ 5 h d\u2019autonomie<\/td>\r\n<\/tr>\r\n<tr>\r\n<td><strong>Temps de charge<\/strong><\/td>\r\n<td>Environ 4,5 h<\/td>\r\n<\/tr>\r\n<tr>\r\n<td><strong>Adaptateur secteur<\/strong><\/td>\r\n<td>Entr\u00e9e 100 \u2013 240 V ; Sortie 5 V \/ 3 A<\/td>\r\n<\/tr>\r\n<tr>\r\n<td><strong>OCR \/ Lecture vocale<\/strong><\/td>\r\n<td>24 langues prises en charge<\/td>\r\n<\/tr>\r\n<tr>\r\n<td><strong>Compatibilit\u00e9 avec tablettes<\/strong><\/td>\r\n<td>Tous les mod\u00e8les d\u2019iPad ; Xiaomi Pad 6 et Xiaomi Pad 6 Pro<\/td>\r\n<\/tr>\r\n<tr>\r\n<td><strong>Modes de visualisation<\/strong><\/td>\r\n<td>4 options : \u00e9cran partag\u00e9, vision \u00e0 distance, vision de pr\u00e8s, selfie<\/td>\r\n<\/tr>\r\n<\/tbody>\r\n<\/table>\r\n&nbsp;","protected":false},"excerpt":{"rendered":"<h4>Snow Pad\u00a0une aide visuelle professionnelle sp\u00e9cialement con\u00e7ue pour les personnes ayant tout type de trouble visuel<\/h4>","protected":false},"featured_media":1839,"comment_status":"open","ping_status":"closed","template":"","meta":[],"product_brand":[],"product_cat":[33,38],"product_tag":[],"class_list":{"0":"post-1838","1":"product","2":"type-product","3":"status-publish","4":"has-post-thumbnail","6":"product_cat-basse-vision","7":"product_cat-teleagrandisseurs","9":"first","10":"instock","11":"taxable","12":"shipping-taxable","13":"product-type-simple"},"_links":{"self":[{"href":"https:\/\/cecitech.com\/index.php?rest_route=\/wp\/v2\/product\/1838","targetHints":{"allow":["GET"]}}],"collection":[{"href":"https:\/\/cecitech.com\/index.php?rest_route=\/wp\/v2\/product"}],"about":[{"href":"https:\/\/cecitech.com\/index.php?rest_route=\/wp\/v2\/types\/product"}],"replies":[{"embeddable":true,"href":"https:\/\/cecitech.com\/index.php?rest_route=%2Fwp%2Fv2%2Fcomments&post=1838"}],"wp:featuredmedia":[{"embeddable":true,"href":"https:\/\/cecitech.com\/index.php?rest_route=\/wp\/v2\/media\/1839"}],"wp:attachment":[{"href":"https:\/\/cecitech.com\/index.php?rest_route=%2Fwp%2Fv2%2Fmedia&parent=1838"}],"wp:term":[{"taxonomy":"product_brand","embeddable":true,"href":"https:\/\/cecitech.com\/index.php?rest_route=%2Fwp%2Fv2%2Fproduct_brand&post=1838"},{"taxonomy":"product_cat","embeddable":true,"href":"https:\/\/cecitech.com\/index.php?rest_route=%2Fwp%2Fv2%2Fproduct_cat&post=1838"},{"taxonomy":"product_tag","embeddable":true,"href":"https:\/\/cecitech.com\/index.php?rest_route=%2Fwp%2Fv2%2Fproduct_tag&post=1838"}],"curies":[{"name":"wp","href":"https:\/\/api.w.org\/{rel}","templated":true}]}}