{"id":1804,"date":"2025-06-02T04:24:18","date_gmt":"2025-06-02T09:24:18","guid":{"rendered":"https:\/\/cecitech.com\/?post_type=product&#038;p=1804"},"modified":"2025-06-03T06:53:00","modified_gmt":"2025-06-03T11:53:00","slug":"luna-snow","status":"publish","type":"product","link":"https:\/\/cecitech.com\/?product=luna-snow","title":{"rendered":"SNOW LUNA"},"content":{"rendered":"<h1>DESCRIPTION<\/h1>\r\nSnow Luna est la premi\u00e8re loupe \u00e9lectronique accessible \u00e0 tous gr\u00e2ce \u00e0 ses fonctionnalit\u00e9s classiques comme le grossissement, le mode couleur \u00e0 contraste \u00e9lev\u00e9, la prise de photos et la prise en charge de la signature. De plus, elle offre un acc\u00e8s exclusif \u00e0 la radio FM\/AM. Snow Luna est extr\u00eamement facile \u00e0 utiliser pour les personnes malvoyantes de tout \u00e2ge.\r\n\r\nLa t\u00e9l\u00e9agrandisseur portable Zoomax Snow Luna offre une solution classique et simple aux personnes malvoyantes. Particuli\u00e8rement adapt\u00e9e aux personnes \u00e2g\u00e9es souffrant d&rsquo;une perte de vision s\u00e9v\u00e8re, la Snow Luna est le choix id\u00e9al pour accomplir leurs t\u00e2ches quotidiennes, comme reconna\u00eetre les m\u00e9dicaments, lire les \u00e9tiquettes des produits au supermarch\u00e9, v\u00e9rifier les pi\u00e8ces de monnaie, etc.\r\n\r\nSnow Luna prot\u00e8ge votre vie priv\u00e9e. Votre signature est unique et importante. Gr\u00e2ce au support d&rsquo;\u00e9criture au dos de Snow Luna, vous pouvez signer vous-m\u00eame votre avis d&rsquo;imposition, votre relev\u00e9 de carte de cr\u00e9dit et d&rsquo;autres documents importants. Le support d&rsquo;\u00e9criture est repliable lorsqu&rsquo;il n&rsquo;est pas utilis\u00e9. Signer est facile avec Snow Luna.\r\n<h1>Specification<\/h1>\r\n<ul>\r\n \t<li>Grossissement : 2x \u00e0 19x<\/li>\r\n \t<li>Modes d&rsquo;affichage : Couleurs vraies, niveaux de gris et 10 modes de couleur \u00e0 contraste \u00e9lev\u00e9<\/li>\r\n \t<li>\u00c9cran : \u00c9cran large TFT de 4,3 pouces<\/li>\r\n \t<li>Mise au point automatique<\/li>\r\n \t<li>Batterie lithium-ion rechargeable<\/li>\r\n \t<li>3 heures d&rsquo;utilisation continue de la batterie<\/li>\r\n \t<li>Temps de charge : 4 heures<\/li>\r\n \t<li>l&rsquo;unit\u00e9 s&rsquo;\u00e9teindra apr\u00e8s 3 minutes d&rsquo;inactivit\u00e9<\/li>\r\n \t<li>Modes lampe de poche, radio FM, commande vocale<\/li>\r\n<\/ul>\r\n&nbsp;","protected":false},"excerpt":{"rendered":"<h3>Loupe \u00e9lectronique accessible \u00e0 tous!<\/h3>","protected":false},"featured_media":1805,"comment_status":"open","ping_status":"closed","template":"","meta":[],"product_brand":[],"product_cat":[33,37],"product_tag":[],"class_list":{"0":"post-1804","1":"product","2":"type-product","3":"status-publish","4":"has-post-thumbnail","6":"product_cat-basse-vision","7":"product_cat-video-loupes-de-poche","9":"first","10":"instock","11":"taxable","12":"shipping-taxable","13":"product-type-simple"},"_links":{"self":[{"href":"https:\/\/cecitech.com\/index.php?rest_route=\/wp\/v2\/product\/1804","targetHints":{"allow":["GET"]}}],"collection":[{"href":"https:\/\/cecitech.com\/index.php?rest_route=\/wp\/v2\/product"}],"about":[{"href":"https:\/\/cecitech.com\/index.php?rest_route=\/wp\/v2\/types\/product"}],"replies":[{"embeddable":true,"href":"https:\/\/cecitech.com\/index.php?rest_route=%2Fwp%2Fv2%2Fcomments&post=1804"}],"wp:featuredmedia":[{"embeddable":true,"href":"https:\/\/cecitech.com\/index.php?rest_route=\/wp\/v2\/media\/1805"}],"wp:attachment":[{"href":"https:\/\/cecitech.com\/index.php?rest_route=%2Fwp%2Fv2%2Fmedia&parent=1804"}],"wp:term":[{"taxonomy":"product_brand","embeddable":true,"href":"https:\/\/cecitech.com\/index.php?rest_route=%2Fwp%2Fv2%2Fproduct_brand&post=1804"},{"taxonomy":"product_cat","embeddable":true,"href":"https:\/\/cecitech.com\/index.php?rest_route=%2Fwp%2Fv2%2Fproduct_cat&post=1804"},{"taxonomy":"product_tag","embeddable":true,"href":"https:\/\/cecitech.com\/index.php?rest_route=%2Fwp%2Fv2%2Fproduct_tag&post=1804"}],"curies":[{"name":"wp","href":"https:\/\/api.w.org\/{rel}","templated":true}]}}