{"id":1773,"date":"2025-04-21T06:11:58","date_gmt":"2025-04-21T11:11:58","guid":{"rendered":"https:\/\/cecitech.com\/?post_type=product&#038;p=1773"},"modified":"2025-04-23T08:15:46","modified_gmt":"2025-04-23T13:15:46","slug":"brailledoodle","status":"publish","type":"product","link":"https:\/\/cecitech.com\/?product=brailledoodle","title":{"rendered":"BrailleDoodle"},"content":{"rendered":"<h1>Description<\/h1>\r\n<h4>La BrailleDoodle est une tablette tactile recto-verso abordable pour l&rsquo;apprentissage du braille et des sciences, des math\u00e9matiques et des arts plastiques. Sa surface se rafra\u00eechit en permanence. Elle permet d&rsquo;\u00e9crire et de cr\u00e9er, de toucher et d&rsquo;effacer facilement.<\/h4>\r\nLa BrailleDoodle est dot\u00e9e de centaines de petits trous. Chaque trou contient une bille m\u00e9tallique lisse qui peut \u00eatre tir\u00e9e vers la surface \u00e0 l&rsquo;aide d&rsquo;un stylet magn\u00e9tique. Les billes se fixent en place avec juste ce qu&rsquo;il faut de force. L&rsquo;utilisateur efface en repoussant simplement les billes vers le bas.\r\n\r\n<hr \/>\r\n\r\nFiche r\u00e9capitulative du produit:\u00a0 <a href=\"http:\/\/cecitech.com\/wp-content\/uploads\/2025\/04\/Product-Summary-Sheet.docx\">Product Summary Sheet<\/a>\r\n\r\n&nbsp;\r\n\r\n<hr \/>\r\n\r\n<h1>Caract\u00e9ristiques<\/h1>\r\nLe BrailleDoodle pr\u00e9sente les dimensions suivantes\u00a0:\r\n<ul>\r\n \t<li>Longueur : 12.8 pouces (325 mm)<\/li>\r\n \t<li>Largeur : 9.25 pouces (235 mm)<\/li>\r\n \t<li>\u00c9paisseur : 1.1 pouces (27 mm)\r\n<h5>Cet appareil braille innovant est fabriqu\u00e9 en plastique bleu fonc\u00e9 r\u00e9sistant, offrant une exp\u00e9rience concr\u00e8te \u00e0 ceux qui souhaitent apprendre le braille et cr\u00e9er des images tactiles.<\/h5>\r\nLe stylet BrailleDoodle a \u00e9t\u00e9 soigneusement con\u00e7u pour une utilisation facile. Mesurant 117\u00a0mm de long, il est dot\u00e9 d&rsquo;un aimant arrondi \u00e0 une extr\u00e9mit\u00e9 et d&rsquo;un trou d&rsquo;attache \u00e0 l&rsquo;autre. En forme de stylo \u00e9pais, il mesure 13\u00a0mm \u00e0 son point le plus large et est dot\u00e9 d&rsquo;une poign\u00e9e triangulaire pour ceux qui ne sont pas habitu\u00e9s \u00e0 tenir un stylo. Sa conception ergonomique en fait un outil id\u00e9al pour les d\u00e9butants en braille et ceux qui souhaitent d\u00e9couvrir un appareil braille moderne et cr\u00e9er des images tactiles.<\/li>\r\n<\/ul>","protected":false},"excerpt":{"rendered":"<h4>\u00ab Rien ne motive autant les enfants \u00e0 apprendre qu\u2019apprendre en jouant. \u00bb<\/h4>","protected":false},"featured_media":1782,"comment_status":"open","ping_status":"closed","template":"","meta":[],"product_brand":[],"product_cat":[52],"product_tag":[],"class_list":{"0":"post-1773","1":"product","2":"type-product","3":"status-publish","4":"has-post-thumbnail","6":"product_cat-vie-quotidienne","8":"first","9":"instock","10":"taxable","11":"shipping-taxable","12":"product-type-simple"},"_links":{"self":[{"href":"https:\/\/cecitech.com\/index.php?rest_route=\/wp\/v2\/product\/1773","targetHints":{"allow":["GET"]}}],"collection":[{"href":"https:\/\/cecitech.com\/index.php?rest_route=\/wp\/v2\/product"}],"about":[{"href":"https:\/\/cecitech.com\/index.php?rest_route=\/wp\/v2\/types\/product"}],"replies":[{"embeddable":true,"href":"https:\/\/cecitech.com\/index.php?rest_route=%2Fwp%2Fv2%2Fcomments&post=1773"}],"wp:featuredmedia":[{"embeddable":true,"href":"https:\/\/cecitech.com\/index.php?rest_route=\/wp\/v2\/media\/1782"}],"wp:attachment":[{"href":"https:\/\/cecitech.com\/index.php?rest_route=%2Fwp%2Fv2%2Fmedia&parent=1773"}],"wp:term":[{"taxonomy":"product_brand","embeddable":true,"href":"https:\/\/cecitech.com\/index.php?rest_route=%2Fwp%2Fv2%2Fproduct_brand&post=1773"},{"taxonomy":"product_cat","embeddable":true,"href":"https:\/\/cecitech.com\/index.php?rest_route=%2Fwp%2Fv2%2Fproduct_cat&post=1773"},{"taxonomy":"product_tag","embeddable":true,"href":"https:\/\/cecitech.com\/index.php?rest_route=%2Fwp%2Fv2%2Fproduct_tag&post=1773"}],"curies":[{"name":"wp","href":"https:\/\/api.w.org\/{rel}","templated":true}]}}