{"id":177,"date":"2016-11-10T00:52:32","date_gmt":"2016-11-09T20:52:32","guid":{"rendered":"http:\/\/cecitech.com\/wp\/?post_type=product&#038;p=177"},"modified":"2023-07-05T07:03:50","modified_gmt":"2023-07-05T12:03:50","slug":"esys-80-plage-et-clavier-braille","status":"publish","type":"product","link":"https:\/\/cecitech.com\/?product=esys-80-plage-et-clavier-braille","title":{"rendered":"esys 80"},"content":{"rendered":"<h3 class=\"mttl\">Fonctionnalit\u00e9s<\/h3>\r\nesys 80, fabriqu\u00e9 par Eurobraille, est une plage Braille portable de 80 caract\u00e8res avec clavier Braille int\u00e9gr\u00e9.\r\n\r\nLe clavier braille esys 80 vous permet d&rsquo;optimiser l&rsquo;utilisation de votre ordinateur gr\u00e2ce \u00e0 ses curseurs routines, ses 2 joysticks et ses 6 molettes bi-directionnelles avec validation. Id\u00e9al pour les postes professionnels de t\u00e9l\u00e9prospection ou bureautique.\r\n<p class=\"ssttl\">Ergonomie d&rsquo;utilisation<\/p>\r\n\r\n<ul class=\"lst_product\">\r\n \t<li>Son clavier braille 10 touches vous permet de saisir tous les caract\u00e8res possibles et d&rsquo;\u00e9muler l&rsquo;ensemble des fonctions de votre ordinateur, de votre PDA, ou de votre t\u00e9l\u00e9phone.<\/li>\r\n \t<li>Ses deux joysticks permettent de naviguer facilement dans les menus de Windows ou de votre t\u00e9l\u00e9phone.<\/li>\r\n \t<li>6 molettes bi-directionnelles vous permettent \u00e0 tout moment d&rsquo;utiliser les fonctions de lecture braille de l&rsquo;Esys 80. Situ\u00e9es sur la face avant de l&rsquo;appareil et activables avec les pouces, vous naviguez dans l&rsquo;\u00e9cran braille sans interrompre la lecture.<\/li>\r\n<\/ul>\r\n<p class=\"ssttl\">Fonctionnalit\u00e9s<\/p>\r\n\r\n<ul class=\"lst_product\">\r\n \t<li>La plage braille esys 80 vous donne la possibilit\u00e9 de piloter un PC sous Windows, \u00e0 l&rsquo;aide d&rsquo;un logiciel d&rsquo;interface, que ce soit en connexion USB ou Bluetooth.<\/li>\r\n \t<li>L&rsquo;afficheur esys 80 permet de piloter, via la connexion Bluetooth, un t\u00e9l\u00e9phone portable ou un PDA \u00e0 l&rsquo;aide d&rsquo;un logiciel d&rsquo;interface.<\/li>\r\n<\/ul>\r\n<span class=\"ssttl\">Option Applications :<\/span> cette option vous permet de retrouver toutes les fonctionnalit\u00e9s de l&rsquo;esys 40\r\n<ul class=\"lst_product\">\r\n \t<li>Bloc-notes<\/li>\r\n \t<li>Agenda<\/li>\r\n \t<li>R\u00e9veil<\/li>\r\n \t<li>Calculatrice<\/li>\r\n<\/ul>\r\n<p class=\"ssttl\">Garantie 2 ans<\/p>\r\n\r\n<h3 class=\"mttl\">Caract\u00e9ristiques techniques<\/h3>\r\n<ul class=\"lst_product\">\r\n \t<li>Connexions Bluetooth et USB 2.0<\/li>\r\n \t<li>Afficheur braille 80 caract\u00e8res, 8 points<\/li>\r\n \t<li>80 curseurs routines<\/li>\r\n \t<li>Clavier braille 10 touches<\/li>\r\n \t<li>2 joysticks de navigation<\/li>\r\n \t<li>6 molettes bi-directionnelles avec validation<\/li>\r\n \t<li>Lecteur mini SD-CARD int\u00e9gr\u00e9 (carte 2 Go fournie)<\/li>\r\n \t<li>Batterie lithium-ion polym\u00e8re d&rsquo;une autonomie de 20 heures rechargeable par USB ou par chargeur secteur fourni.<\/li>\r\n \t<li>Compatibilit\u00e9 : Jaws, Windows-Eyes, Supernova &#8211; Hal, VoiceOver (Mac, Iphone, Ipad, Ipod), Linux, Mobile speak pocket, Mobile speak, Talks, Readmath, Biblioth\u00e8que S\u00e9same.<\/li>\r\n<\/ul>\r\nTaille en cm : 65,8 x 9,4 x 2\r\nPoids en kg : 1,4","protected":false},"excerpt":{"rendered":"<h3>esys 80 est une plage braille professionnelle avec un confort de lecture tr\u00e8s appr\u00e9ciable.<\/h3>","protected":false},"featured_media":178,"comment_status":"closed","ping_status":"closed","template":"","meta":[],"product_brand":[],"product_cat":[32,30],"product_tag":[],"class_list":{"0":"post-177","1":"product","2":"type-product","3":"status-publish","4":"has-post-thumbnail","6":"product_cat-afficheur-braille","7":"product_cat-cecite","9":"first","10":"instock","11":"taxable","12":"shipping-taxable","13":"product-type-simple"},"_links":{"self":[{"href":"https:\/\/cecitech.com\/index.php?rest_route=\/wp\/v2\/product\/177","targetHints":{"allow":["GET"]}}],"collection":[{"href":"https:\/\/cecitech.com\/index.php?rest_route=\/wp\/v2\/product"}],"about":[{"href":"https:\/\/cecitech.com\/index.php?rest_route=\/wp\/v2\/types\/product"}],"replies":[{"embeddable":true,"href":"https:\/\/cecitech.com\/index.php?rest_route=%2Fwp%2Fv2%2Fcomments&post=177"}],"wp:featuredmedia":[{"embeddable":true,"href":"https:\/\/cecitech.com\/index.php?rest_route=\/wp\/v2\/media\/178"}],"wp:attachment":[{"href":"https:\/\/cecitech.com\/index.php?rest_route=%2Fwp%2Fv2%2Fmedia&parent=177"}],"wp:term":[{"taxonomy":"product_brand","embeddable":true,"href":"https:\/\/cecitech.com\/index.php?rest_route=%2Fwp%2Fv2%2Fproduct_brand&post=177"},{"taxonomy":"product_cat","embeddable":true,"href":"https:\/\/cecitech.com\/index.php?rest_route=%2Fwp%2Fv2%2Fproduct_cat&post=177"},{"taxonomy":"product_tag","embeddable":true,"href":"https:\/\/cecitech.com\/index.php?rest_route=%2Fwp%2Fv2%2Fproduct_tag&post=177"}],"curies":[{"name":"wp","href":"https:\/\/api.w.org\/{rel}","templated":true}]}}