{"id":1749,"date":"2025-03-07T10:58:06","date_gmt":"2025-03-07T15:58:06","guid":{"rendered":"https:\/\/cecitech.com\/?post_type=product&#038;p=1749"},"modified":"2025-03-07T11:01:23","modified_gmt":"2025-03-07T16:01:23","slug":"optivisor","status":"publish","type":"product","link":"https:\/\/cecitech.com\/?product=optivisor","title":{"rendered":"Optivisor"},"content":{"rendered":"<h1>Description<\/h1>\r\nOptiVISOR est une loupe binoculaire de pr\u00e9cision qui permet une efficacit\u00e9 sans restriction de l&rsquo;utilisateur tout en r\u00e9duisant la fatigue oculaire. Elle laisse les deux mains libres et permet une vision tridimensionnelle. Elle est utilis\u00e9e par toute personne dont la profession ou l&rsquo;artisanat n\u00e9cessite un travail de pr\u00e8s et de pr\u00e9cision. Peut \u00eatre port\u00e9e par-dessus des lunettes de vue ou de s\u00e9curit\u00e9.\r\n\r\n\u2022 Lentilles prismatiques en verre optique : rectifi\u00e9es et polies selon des normes optiques de pr\u00e9cision, avec bords biseaut\u00e9s et mont\u00e9es dans un cadre en plastique interchangeable\r\n\u2022 Inclinable : des pivots r\u00e9glables permettent d&rsquo;incliner la visi\u00e8re hors du chemin lorsqu&rsquo;elle n&rsquo;est pas n\u00e9cessaire et de la garder \u00e0 port\u00e9e de main lorsque vous avez besoin d&rsquo;un grossissement\r\n\u2022 Bandeau r\u00e9glable : s&rsquo;adapte \u00e0 toutes les tailles de t\u00eate, fabriqu\u00e9 \u00e0 partir d&rsquo;un m\u00e9lange sp\u00e9cial de mat\u00e9riaux l\u00e9gers. Confortable lorsqu&rsquo;il est port\u00e9 pendant de longues p\u00e9riodes.\r\n\u2022 Visi\u00e8re \u00e0 fort impact : offre une apparence solide, durable et toujours nouvelle\r\n\u2022 Bandeau de confort en cuir v\u00e9ritable : le feutre orthop\u00e9dique rembourr\u00e9 ajoute au confort\r\n<h1>Sp\u00e9cifications<\/h1>\r\nN\u00b0 d&rsquo;article Distance focale Grossissement\r\n<ul>\r\n \t<li>DA-2 20\u2033 1,5 fois<\/li>\r\n \t<li>DA-3 14\u2033 1,75 fois<\/li>\r\n \t<li>DA-4 10\u2033 2 fois<\/li>\r\n \t<li>DA-5 8\u2033 2,5 fois<\/li>\r\n \t<li>DA-7 6\u2033 2,75 fois<\/li>\r\n \t<li>DA-10 4\u2033 3,5 fois<\/li>\r\n<\/ul>\r\n&nbsp;","protected":false},"excerpt":{"rendered":"<h4>Elle laisse les deux mains libres et permet une vision tridimensionnelle!<\/h4>","protected":false},"featured_media":1750,"comment_status":"open","ping_status":"closed","template":"","meta":[],"product_brand":[],"product_cat":[34,52],"product_tag":[],"class_list":{"0":"post-1749","1":"product","2":"type-product","3":"status-publish","4":"has-post-thumbnail","6":"product_cat-loupes","7":"product_cat-vie-quotidienne","9":"first","10":"instock","11":"taxable","12":"shipping-taxable","13":"product-type-simple"},"_links":{"self":[{"href":"https:\/\/cecitech.com\/index.php?rest_route=\/wp\/v2\/product\/1749","targetHints":{"allow":["GET"]}}],"collection":[{"href":"https:\/\/cecitech.com\/index.php?rest_route=\/wp\/v2\/product"}],"about":[{"href":"https:\/\/cecitech.com\/index.php?rest_route=\/wp\/v2\/types\/product"}],"replies":[{"embeddable":true,"href":"https:\/\/cecitech.com\/index.php?rest_route=%2Fwp%2Fv2%2Fcomments&post=1749"}],"wp:featuredmedia":[{"embeddable":true,"href":"https:\/\/cecitech.com\/index.php?rest_route=\/wp\/v2\/media\/1750"}],"wp:attachment":[{"href":"https:\/\/cecitech.com\/index.php?rest_route=%2Fwp%2Fv2%2Fmedia&parent=1749"}],"wp:term":[{"taxonomy":"product_brand","embeddable":true,"href":"https:\/\/cecitech.com\/index.php?rest_route=%2Fwp%2Fv2%2Fproduct_brand&post=1749"},{"taxonomy":"product_cat","embeddable":true,"href":"https:\/\/cecitech.com\/index.php?rest_route=%2Fwp%2Fv2%2Fproduct_cat&post=1749"},{"taxonomy":"product_tag","embeddable":true,"href":"https:\/\/cecitech.com\/index.php?rest_route=%2Fwp%2Fv2%2Fproduct_tag&post=1749"}],"curies":[{"name":"wp","href":"https:\/\/api.w.org\/{rel}","templated":true}]}}