{"id":172,"date":"2016-11-09T23:49:15","date_gmt":"2016-11-09T19:49:15","guid":{"rendered":"http:\/\/cecitech.com\/wp\/?post_type=product&#038;p=172"},"modified":"2023-07-05T07:11:11","modified_gmt":"2023-07-05T12:11:11","slug":"varioconnect-243240","status":"publish","type":"product","link":"https:\/\/cecitech.com\/?product=varioconnect-243240","title":{"rendered":"VarioConnect 24\/32\/40"},"content":{"rendered":"VarioConnect est une nouvelle gamme de terminaux Braille ultra compact, incluant un clavier Perkins 8 points en 24, 32 et 40 caract\u00e8res. Bas\u00e9 sur les fameux SuperVario, VarioConnect est une d\u00e9clinaison de ceux-ci incluant un clavier Braille. Connexions USB et BlueTooth incluses, compatibilit\u00e9 avec tous les logiciel d\u2019acc\u00e8s \u00e0 Windows. D&rsquo;un design high-tech, int\u00e9grant des interfaces de communications de pointe et d\u00e9j\u00e0 pr\u00eat \u00e0 recevoir les applications de demain, VarioConnect r\u00e9unit toutes les fonctions utiles au quotidien.","protected":false},"excerpt":{"rendered":"<h3>VarioConnect est une nouvelle gamme de terminaux Braille ultra compact, incluant un clavier Perkins 8 points en 24, 32 et 40 caract\u00e8res. Bas\u00e9 sur les fameux SuperVario, VarioConnect est une d\u00e9clinaison de ceux-ci incluant un clavier Braille.<\/h3>","protected":false},"featured_media":173,"comment_status":"closed","ping_status":"closed","template":"","meta":[],"product_brand":[],"product_cat":[32,30],"product_tag":[],"class_list":{"0":"post-172","1":"product","2":"type-product","3":"status-publish","4":"has-post-thumbnail","6":"product_cat-afficheur-braille","7":"product_cat-cecite","9":"first","10":"instock","11":"taxable","12":"shipping-taxable","13":"product-type-simple"},"_links":{"self":[{"href":"https:\/\/cecitech.com\/index.php?rest_route=\/wp\/v2\/product\/172","targetHints":{"allow":["GET"]}}],"collection":[{"href":"https:\/\/cecitech.com\/index.php?rest_route=\/wp\/v2\/product"}],"about":[{"href":"https:\/\/cecitech.com\/index.php?rest_route=\/wp\/v2\/types\/product"}],"replies":[{"embeddable":true,"href":"https:\/\/cecitech.com\/index.php?rest_route=%2Fwp%2Fv2%2Fcomments&post=172"}],"wp:featuredmedia":[{"embeddable":true,"href":"https:\/\/cecitech.com\/index.php?rest_route=\/wp\/v2\/media\/173"}],"wp:attachment":[{"href":"https:\/\/cecitech.com\/index.php?rest_route=%2Fwp%2Fv2%2Fmedia&parent=172"}],"wp:term":[{"taxonomy":"product_brand","embeddable":true,"href":"https:\/\/cecitech.com\/index.php?rest_route=%2Fwp%2Fv2%2Fproduct_brand&post=172"},{"taxonomy":"product_cat","embeddable":true,"href":"https:\/\/cecitech.com\/index.php?rest_route=%2Fwp%2Fv2%2Fproduct_cat&post=172"},{"taxonomy":"product_tag","embeddable":true,"href":"https:\/\/cecitech.com\/index.php?rest_route=%2Fwp%2Fv2%2Fproduct_tag&post=172"}],"curies":[{"name":"wp","href":"https:\/\/api.w.org\/{rel}","templated":true}]}}