{"id":1716,"date":"2024-11-25T07:04:20","date_gmt":"2024-11-25T12:04:20","guid":{"rendered":"https:\/\/cecitech.com\/?post_type=product&#038;p=1716"},"modified":"2025-02-25T10:47:40","modified_gmt":"2025-02-25T15:47:40","slug":"snow-eye","status":"publish","type":"product","link":"https:\/\/cecitech.com\/?product=snow-eye","title":{"rendered":"Snow Eye"},"content":{"rendered":"<h1>Description<\/h1>\r\nSnow Eye est une loupe \u00e9lectronique portable, id\u00e9ale pour les personnes malvoyantes ayant besoin de vision \u00e0 distance. Connectez Snow Eye \u00e0 Zoomax Snow 12 ou \u00e0 votre ordinateur personnel, vous verrez imm\u00e9diatement les choses au loin.\r\n\r\n<hr \/>\r\n\r\n<h3>En classe<\/h3>\r\nEn tant que compagnon id\u00e9al de Snow 12, la cam\u00e9ra de distance Snow Eye permet aux \u00e9l\u00e8ves malvoyants de la classe de visualiser librement le tableau noir. Basculez facilement entre la visualisation de pr\u00e8s et la visualisation \u00e0 distance, les \u00e9tudiants profitent des le\u00e7ons avec une grande efficacit\u00e9 d&rsquo;apprentissage. Simple et facile, Snow Eye est destin\u00e9 aux demandes d&rsquo;acc\u00e8s rapide \u00e0 l&rsquo;\u00e9cole !\r\n\r\n<hr \/>\r\n\r\n<h3>Am\u00e9liore la vision pour tous<\/h3>\r\nSnow Eye est \u00e9galement compatible avec votre ordinateur portable et votre ordinateur personnels. Vous pouvez l&rsquo;utiliser confortablement dans le salon pour regarder la t\u00e9l\u00e9vision, dans la salle de conf\u00e9rence pour regarder les autres et lire le PowerPoint ou vous asseoir \u00e0 la fen\u00eatre pour profiter du paysage ext\u00e9rieur. Petite unit\u00e9 l\u00e9g\u00e8re, Snow Eye est la meilleure option pour les malvoyants pour am\u00e9liorer la vision !\r\n\r\n<hr \/>\r\n\r\n<h1>Sp\u00e9cification<\/h1>\r\n<ul>\r\n \t<li>Grossissement : 1X \u2013 32X<\/li>\r\n \t<li>Mode d&rsquo;affichage : Couleur et 12 modes de couleur \u00e0 contraste \u00e9lev\u00e9<\/li>\r\n \t<li>Appareil photo : zoom optique, mise au point automatique, 1 920 x 1 080p, 60 ips<\/li>\r\n \t<li>Poids : 350 g (0,77 lb)<\/li>\r\n \t<li>Dimension : 92*92*117 mm (3,6*3,6*4,6 pouces)<\/li>\r\n \t<li>Batterie : environ 4,5 heures d&rsquo;utilisation continue<\/li>\r\n \t<li>Temps de charge : 3,5 heures<\/li>\r\n \t<li>Connexion : Connectez-vous avec un moniteur, un ordinateur portable et Zoomax Snow12<\/li>\r\n<\/ul>","protected":false},"excerpt":{"rendered":"<h4>Petite unit\u00e9 l\u00e9g\u00e8re, Snow Eye est la meilleure option pour les malvoyants pour am\u00e9liorer la vision !<\/h4>","protected":false},"featured_media":1717,"comment_status":"open","ping_status":"closed","template":"","meta":[],"product_brand":[],"product_cat":[33,38],"product_tag":[],"class_list":{"0":"post-1716","1":"product","2":"type-product","3":"status-publish","4":"has-post-thumbnail","6":"product_cat-basse-vision","7":"product_cat-teleagrandisseurs","9":"first","10":"instock","11":"taxable","12":"shipping-taxable","13":"product-type-simple"},"_links":{"self":[{"href":"https:\/\/cecitech.com\/index.php?rest_route=\/wp\/v2\/product\/1716","targetHints":{"allow":["GET"]}}],"collection":[{"href":"https:\/\/cecitech.com\/index.php?rest_route=\/wp\/v2\/product"}],"about":[{"href":"https:\/\/cecitech.com\/index.php?rest_route=\/wp\/v2\/types\/product"}],"replies":[{"embeddable":true,"href":"https:\/\/cecitech.com\/index.php?rest_route=%2Fwp%2Fv2%2Fcomments&post=1716"}],"wp:featuredmedia":[{"embeddable":true,"href":"https:\/\/cecitech.com\/index.php?rest_route=\/wp\/v2\/media\/1717"}],"wp:attachment":[{"href":"https:\/\/cecitech.com\/index.php?rest_route=%2Fwp%2Fv2%2Fmedia&parent=1716"}],"wp:term":[{"taxonomy":"product_brand","embeddable":true,"href":"https:\/\/cecitech.com\/index.php?rest_route=%2Fwp%2Fv2%2Fproduct_brand&post=1716"},{"taxonomy":"product_cat","embeddable":true,"href":"https:\/\/cecitech.com\/index.php?rest_route=%2Fwp%2Fv2%2Fproduct_cat&post=1716"},{"taxonomy":"product_tag","embeddable":true,"href":"https:\/\/cecitech.com\/index.php?rest_route=%2Fwp%2Fv2%2Fproduct_tag&post=1716"}],"curies":[{"name":"wp","href":"https:\/\/api.w.org\/{rel}","templated":true}]}}