{"id":170,"date":"2016-11-09T23:46:02","date_gmt":"2016-11-09T19:46:02","guid":{"rendered":"http:\/\/cecitech.com\/wp\/?post_type=product&#038;p=170"},"modified":"2023-07-05T07:09:06","modified_gmt":"2023-07-05T12:09:06","slug":"esys-64-plage-et-clavier-braille","status":"publish","type":"product","link":"https:\/\/cecitech.com\/?product=esys-64-plage-et-clavier-braille","title":{"rendered":"esys 64"},"content":{"rendered":"<h3 class=\"mttl\">Fonctionnalit\u00e9s<\/h3>\r\nesys 64, fabriqu\u00e9 par Eurobraille, est une plage Braille portable de 64 caract\u00e8res avec clavier Braille int\u00e9gr\u00e9.\r\nesys 64, cet afficheur Braille de 64 caract\u00e8res se connecte par USB ou Bluetooth \u00e0 votre ordinateur avec les principaux lecteurs d&rsquo;\u00e9cran du march\u00e9. Vous pourrez utiliser le clavier de votre ordinateur ou son clavier Braille. De plus avec son option fonctions internes vous pourrez prendre des notes, lire des livres, et aussi organiser vos rendez-vous. Un bon compromis prix \/ confort.\r\nesys 64 peut \u00eatre utilis\u00e9 comme terminal informatique avec de nombreux lecteurs d&rsquo;\u00e9cran dans les environnements Windows, Mac et Linux.\r\nLe clavier Braille int\u00e9gr\u00e9 offre la possibilit\u00e9 d&rsquo;\u00e9muler le clavier azerty.\r\nesys 64 peut aussi \u00eatre int\u00e9gr\u00e9 \u00e0 des solutions de standard t\u00e9l\u00e9phonique.\r\nDe plus en plus de t\u00e9l\u00e9phones portables n&rsquo;ont pas de clavier ou des claviers inaccessibles. Avec esys, vous pourrez piloter enti\u00e8rement les diff\u00e9rentes applications de votre t\u00e9l\u00e9phone comme par exemple, lire et \u00e9crire vos SMS, g\u00e9rer vos contacts ou surfer sur Internet.\r\n\r\n<span class=\"ssttl\">Option Applications :<\/span> cette option vous permet de retrouver toutes les fonctionnalit\u00e9s de l&rsquo;esys 40\r\n<ul class=\"lst_product\">\r\n \t<li>Bloc-notes<\/li>\r\n \t<li>Agenda<\/li>\r\n \t<li>R\u00e9veil<\/li>\r\n \t<li>Calculatrice<\/li>\r\n<\/ul>\r\n<p class=\"ssttl\">Garantie 2 ans<\/p>\r\n\r\n<h3 class=\"mttl\">Caract\u00e9ristiques techniques<\/h3>\r\n<ul class=\"lst_product\">\r\n \t<li>64 cellules Braille<\/li>\r\n \t<li>64 curseurs routines<\/li>\r\n \t<li>Clavier Braille 10 touches<\/li>\r\n \t<li>Deux joysticks<\/li>\r\n \t<li>De deux \u00e0 six molettes de navigation<\/li>\r\n \t<li>Un connecteur mini-USB standard<\/li>\r\n \t<li>Lecteur et carte Micro-SD<\/li>\r\n \t<li>Bluetooth<\/li>\r\n \t<li>Batterie lithium-ion<\/li>\r\n \t<li>15 heures d&rsquo;autonomie<\/li>\r\n \t<li>Rechargeable par USB<\/li>\r\n \t<li>Chargeur USB-secteur<\/li>\r\n \t<li>Bouton marche\/arr\u00eat<\/li>\r\n<\/ul>","protected":false},"excerpt":{"rendered":"<h3>Cet afficheur Braille de 64 caract\u00e8res se connecte par USB ou Bluetooth \u00e0 votre ordinateur avec les principaux lecteurs d&rsquo;\u00e9cran du march\u00e9<\/h3>","protected":false},"featured_media":171,"comment_status":"closed","ping_status":"closed","template":"","meta":[],"product_brand":[],"product_cat":[32,30],"product_tag":[],"class_list":{"0":"post-170","1":"product","2":"type-product","3":"status-publish","4":"has-post-thumbnail","6":"product_cat-afficheur-braille","7":"product_cat-cecite","9":"first","10":"instock","11":"taxable","12":"shipping-taxable","13":"product-type-simple"},"_links":{"self":[{"href":"https:\/\/cecitech.com\/index.php?rest_route=\/wp\/v2\/product\/170","targetHints":{"allow":["GET"]}}],"collection":[{"href":"https:\/\/cecitech.com\/index.php?rest_route=\/wp\/v2\/product"}],"about":[{"href":"https:\/\/cecitech.com\/index.php?rest_route=\/wp\/v2\/types\/product"}],"replies":[{"embeddable":true,"href":"https:\/\/cecitech.com\/index.php?rest_route=%2Fwp%2Fv2%2Fcomments&post=170"}],"wp:featuredmedia":[{"embeddable":true,"href":"https:\/\/cecitech.com\/index.php?rest_route=\/wp\/v2\/media\/171"}],"wp:attachment":[{"href":"https:\/\/cecitech.com\/index.php?rest_route=%2Fwp%2Fv2%2Fmedia&parent=170"}],"wp:term":[{"taxonomy":"product_brand","embeddable":true,"href":"https:\/\/cecitech.com\/index.php?rest_route=%2Fwp%2Fv2%2Fproduct_brand&post=170"},{"taxonomy":"product_cat","embeddable":true,"href":"https:\/\/cecitech.com\/index.php?rest_route=%2Fwp%2Fv2%2Fproduct_cat&post=170"},{"taxonomy":"product_tag","embeddable":true,"href":"https:\/\/cecitech.com\/index.php?rest_route=%2Fwp%2Fv2%2Fproduct_tag&post=170"}],"curies":[{"name":"wp","href":"https:\/\/api.w.org\/{rel}","templated":true}]}}