{"id":159,"date":"2016-11-09T11:30:20","date_gmt":"2016-11-09T07:30:20","guid":{"rendered":"http:\/\/cecitech.com\/wp\/?post_type=product&#038;p=159"},"modified":"2025-11-13T08:47:19","modified_gmt":"2025-11-13T13:47:19","slug":"acapela-infovox-4","status":"publish","type":"product","link":"https:\/\/cecitech.com\/?product=acapela-infovox-4","title":{"rendered":"Acapela"},"content":{"rendered":"<p class=\"ssttl mb10\">infovox4: des voix tr\u00e8s naturelles pour tous les ordinateurs que vous utilisez.\r\nCompagnon vocal tout-en-un (local &amp; portable) pour les d\u00e9ficients visuels.<\/p>\r\nInfovox4 est une solution innovante et simple qui permet d&rsquo;acc\u00e9der librement \u00e0 l&rsquo;information \u00e9crite, quel que soit l&rsquo;endroit o\u00f9 l&rsquo;utilisateur se trouve, \u00e0 la maison, au bureau, ou en d\u00e9placement, entre diff\u00e9rents ordinateurs. Infovox4, qui utilise la synth\u00e8se vocale Acapela, transforme n&rsquo;importe quel texte \u00e9crit en voix, en temps r\u00e9el.\r\ninfovox4 enrichit la palette de fonctionnalit\u00e9s des produits Infovox, bien connus et largement adopt\u00e9s par le march\u00e9 et la communaut\u00e9 d&rsquo;utilisateurs depuis 20 ans, avec de nouvelles fonctions.\r\n<ul class=\"lst_product\">\r\n \t<li>Intelligibilit\u00e9 accrue en lecture ultra rapide avec les nouvelles voix Colibri compactes et rapides, bas\u00e9es sur une nouvelle technologie d\u00e9velopp\u00e9e par Acapela Group.<\/li>\r\n \t<li>avec les nouvelles voix Colibri.Possibilit\u00e9 de modifier le pitch<\/li>\r\n \t<li>Mode verbose on\/off pour l&rsquo;interpr\u00e9tation des acronymes, abr\u00e9viations et dates.<\/li>\r\n \t<li>Ajout et changement de voix \u00e0 tout moment et gratuitement, avec la nouvelle application &lsquo;Download Manager&rsquo;.Ajout et changement de voix \u00e0 tout moment et gratuitement<\/li>\r\n \t<li>Nouvelle interface graphique bas\u00e9e sur les menus pour une navigation plus facile avec l&rsquo;utilisation des applications de lecteur d&rsquo;\u00e9cran.<\/li>\r\n \t<li>26 langues et 62 voix &#8211; Iclut l&rsquo;anglais australien (voix: Tyler) et les dialectes su\u00e9dois de Scanie (voix: Mia) et de Gothenburg (voix: Kal).<\/li>\r\n<\/ul>\r\nInclut une solution USB portable et 3 installations locales, pour permettre \u00e0 l&rsquo;utilisateur d&rsquo;utiliser plusieurs ordinateurs dans son environnement quotidien et n&rsquo;importe lequel lorsqu&rsquo;il se d\u00e9place.\r\n<ul class=\"lst_product\">\r\n \t<li>Utilisation Portable depuis la cl\u00e9 USB pour permettre un acc\u00e8s imm\u00e9diat \u00e0 n&rsquo;importe quel PC, sans installer quoi que ce soit localement ou avoir \u00e0 se soucier des droits d\u2019administration<\/li>\r\n \t<li>Fonctionnement des installations locales m\u00eame sans la cl\u00e9 USB connect\u00e9e sur l&rsquo;ordinateur<\/li>\r\n \t<li>Possibilit\u00e9 de transf\u00e9rer les installations locales depuis et vers la cl\u00e9 USB \u00e0 tout moment<\/li>\r\n<\/ul>\r\ninfovox4 est packag\u00e9 avec plusieurs applications tr\u00e8s utiles, qui peuvent tr\u00e8s facilement \u00eatre lanc\u00e9es depuis le tableau de bord infovox4 LaunchPad.\r\n\r\nLe lecteur d&rsquo;\u00e9cran NVDA* aide l&rsquo;utilisateur quand il n&rsquo;y a aucun lecteur d&rsquo;\u00e9cran pr\u00e9-install\u00e9.L&rsquo;outil Speech Creator permet de cr\u00e9er facilement des fichiers MP3 pour une utilisation personnelle, \u00e0 partir de n&rsquo;importe quel texte. Le nouvel outil d&rsquo;\u00e9dition de prononciation, Pronunciation Editor, permet de g\u00e9rer facilement les lexiques, d&rsquo;affiner et de personnaliser la fa\u00e7on dont les noms et les exceptions sont prononc\u00e9s. Le Download Manager permet d&rsquo;ajouter ou d&rsquo;enlever des voix localement. Le Voice Manager permet de cr\u00e9er des nouvelles voix avec des param\u00e8tres particuliers. Le Configuration Wizard guide l&rsquo;utilisateur pas \u00e0 pas tout au long de l&rsquo;installation et de la configuration d&rsquo;infovox4 sur l&rsquo;ordinateur.\r\n\r\ninfovox4 supporte parfaitement les OS et les lecteurs d&rsquo;\u00e9cran 32 et 64 bits.","protected":false},"excerpt":{"rendered":"<h3>Infovox4 est une solution innovante et simple qui permet d&rsquo;acc\u00e9der librement \u00e0 l&rsquo;information \u00e9crite, quel que soit l&rsquo;endroit o\u00f9 l&rsquo;utilisateur se trouve, \u00e0 la maison, au bureau, ou en d\u00e9placement, entre diff\u00e9rents ordinateurs.<\/h3>","protected":false},"featured_media":160,"comment_status":"closed","ping_status":"closed","template":"","meta":[],"product_brand":[],"product_cat":[30,31],"product_tag":[],"class_list":{"0":"post-159","1":"product","2":"type-product","3":"status-publish","4":"has-post-thumbnail","6":"product_cat-cecite","7":"product_cat-logiciels-cecite","9":"first","10":"instock","11":"taxable","12":"shipping-taxable","13":"product-type-simple"},"_links":{"self":[{"href":"https:\/\/cecitech.com\/index.php?rest_route=\/wp\/v2\/product\/159","targetHints":{"allow":["GET"]}}],"collection":[{"href":"https:\/\/cecitech.com\/index.php?rest_route=\/wp\/v2\/product"}],"about":[{"href":"https:\/\/cecitech.com\/index.php?rest_route=\/wp\/v2\/types\/product"}],"replies":[{"embeddable":true,"href":"https:\/\/cecitech.com\/index.php?rest_route=%2Fwp%2Fv2%2Fcomments&post=159"}],"wp:featuredmedia":[{"embeddable":true,"href":"https:\/\/cecitech.com\/index.php?rest_route=\/wp\/v2\/media\/160"}],"wp:attachment":[{"href":"https:\/\/cecitech.com\/index.php?rest_route=%2Fwp%2Fv2%2Fmedia&parent=159"}],"wp:term":[{"taxonomy":"product_brand","embeddable":true,"href":"https:\/\/cecitech.com\/index.php?rest_route=%2Fwp%2Fv2%2Fproduct_brand&post=159"},{"taxonomy":"product_cat","embeddable":true,"href":"https:\/\/cecitech.com\/index.php?rest_route=%2Fwp%2Fv2%2Fproduct_cat&post=159"},{"taxonomy":"product_tag","embeddable":true,"href":"https:\/\/cecitech.com\/index.php?rest_route=%2Fwp%2Fv2%2Fproduct_tag&post=159"}],"curies":[{"name":"wp","href":"https:\/\/api.w.org\/{rel}","templated":true}]}}