{"id":1571,"date":"2023-12-26T04:37:35","date_gmt":"2023-12-26T09:37:35","guid":{"rendered":"https:\/\/cecitech.com\/?post_type=product&#038;p=1571"},"modified":"2023-12-28T05:14:22","modified_gmt":"2023-12-28T10:14:22","slug":"clovernote","status":"publish","type":"product","link":"https:\/\/cecitech.com\/?product=clovernote","title":{"rendered":"CloverNote"},"content":{"rendered":"<h1>DESCRIPTION<\/h1>\r\nCloverNote est la plus grande loupe portative dot\u00e9e d&rsquo;un \u00e9cran tactile mat de 12,5 pouces avec une cam\u00e9ra 4K Ultra HD, offrant une image cristalline \u00e0 n&rsquo;importe quelle distance.\r\n\r\nAvec plusieurs cam\u00e9ras de visualisation et une plage de grossissement de 2x \u00e0 48x, le CloverNote est votre compagnon id\u00e9al. Lisez des lettres, des journaux et des magazines avec la cam\u00e9ra \u00e0 vision rapproch\u00e9e ou passez \u00e0 la cam\u00e9ra \u00e0 visualisation automatique pour utiliser le CloverNote comme miroir num\u00e9rique. Il est id\u00e9al pour les soins personnels tels que le rasage, la coiffure ou m\u00eame le maquillage\u00a0!\r\n\r\nPassez \u00e0 la cam\u00e9ra de visualisation \u00e0 distance lorsque vous \u00eates \u00e0 la maison et vous pouvez utiliser le CloverNote pour voir dans vos placards ou utiliser le CloverNote dans la cuisine pour voir les cadrans et les commandes de vos appareils de cuisine et de buanderie. Sur le lieu de travail, CloverNote peut se concentrer sur les tableaux d&rsquo;affichage ou les appareils de bureau tels que les photocopieurs, les imprimantes, etc.\r\n\r\nLe CloverNote est facile \u00e0 utiliser avec ses grands boutons et molettes tactiles, vous pouvez vous d\u00e9placer et naviguer dans votre document \u00e0 l&rsquo;aide du joystick central. Si vous pr\u00e9f\u00e9rez, vous pouvez utiliser les commandes de l&rsquo;\u00e9cran tactile d&rsquo;un simple glissement de doigt ou en effectuant des mouvements de pincement, vous pouvez vous d\u00e9placer et zoomer et d\u00e9zoomer sur votre document. Vous pouvez rapidement acc\u00e9der au haut, au bas ou \u00e0 l&rsquo;un ou l&rsquo;autre c\u00f4t\u00e9 de votre document affich\u00e9 en appuyant deux fois sur le c\u00f4t\u00e9 de l&rsquo;\u00e9cran auquel vous souhaitez acc\u00e9der\u00a0! Des marqueurs de ligne ou des masques r\u00e9glables peuvent \u00eatre utilis\u00e9s pour vous aider \u00e0 localiser et \u00e0 maintenir votre position de lecture, une fonction de localisation vous permet de conserver vos param\u00e8tres favoris en appuyant simplement sur un bouton.\r\n\r\nImportez vos documents via la carte SD au format TXT ou PDF et utilisez CloverNote pour agrandir votre document. Une fantastique fonction d&rsquo;\u00e9coute de livres vous permet \u00e9galement de faire lire \u00e0 haute voix vos documents import\u00e9s\u00a0!\r\n\r\n<hr \/>\r\n\r\n&nbsp;\r\n<h3>CONCEPTION CONVIVIALE<\/h3>\r\n<ul>\r\n \t<li>Batterie amovible.<\/li>\r\n \t<li>Support robuste et stable.<\/li>\r\n \t<li>Boutons physiques et \u00e9cran tactile.<\/li>\r\n \t<li>Grande flexibilit\u00e9 et compacit\u00e9.<\/li>\r\n<\/ul>\r\n\r\n<hr \/>\r\n\r\n<h3>CARACT\u00c9RISTIQUES PRATIQUES<\/h3>\r\n<ul>\r\n \t<li>D\u00e9filement fluide\u00a0sans aucun probl\u00e8me.<\/li>\r\n \t<li>Fonction de lecture ou de masquage de ligne, tr\u00e8s utile lors de la lecture de plusieurs lignes pour \u00e9viter toute confusion.<\/li>\r\n \t<li>Fonction de localisation : localise rapidement l&rsquo;endroit o\u00f9 vous lisez et modifie la section cible.<\/li>\r\n<\/ul>\r\n\r\n<hr \/>\r\n\r\n<h3>SYST\u00c8ME MULTI-CAM\u00c9RA<\/h3>\r\n<ul>\r\n \t<li>Le syst\u00e8me multi-cam\u00e9ras avanc\u00e9 garantit une qualit\u00e9 d&rsquo;image exceptionnelle avec un grossissement continu et sans perte de 2 \u00e0 48 fois.<\/li>\r\n \t<li>Deux cam\u00e9ras HD int\u00e9gr\u00e9es et un bras de cam\u00e9ra externe prennent en charge diff\u00e9rentes fa\u00e7ons de visualiser, telles que le gros plan, la visualisation \u00e0 distance, la vue pleine page, la vue miroir et l&rsquo;\u00e9criture manuscrite.<\/li>\r\n<\/ul>\r\n\r\n<hr \/>\r\n\r\n<h3>LECTURE DE LIVRES ET DOCUMENTS<\/h3>\r\n&nbsp;\r\n\r\nGr\u00e2ce au moteur de synth\u00e8se vocale int\u00e9gr\u00e9, l&rsquo;appareil prend en charge la lecture de livres et de documents. Lorsque des documents sont stock\u00e9s dans l&rsquo;appareil au format TXT ou PDF contenant du texte, l&rsquo;appareil peut convertir le texte en parole, permettant \u00e0 l&rsquo;utilisateur d&rsquo;\u00e9couter le contenu.\r\n\r\n<hr \/>\r\n\r\n<h3>CAM\u00c9RA<\/h3>\r\nLe bras de la cam\u00e9ra est tr\u00e8s\u00a0flexible\u00a0et peut pivoter sous diff\u00e9rents angles, r\u00e9pondant ainsi \u00e0 divers sc\u00e9narios d&rsquo;utilisation. De plus, il est tr\u00e8s\u00a0facile \u00e0 installer et \u00e0 d\u00e9tacher\u00a0en branchant et en d\u00e9branchant.\r\n\r\n<hr \/>\r\n\r\n&nbsp;\r\n<h3>SOUTIEN<\/h3>\r\nLa plate-forme de lecture facilite grandement le d\u00e9placement de l&rsquo;appareil gr\u00e2ce aux roues situ\u00e9es en dessous et contribue \u00e0 un grossissement plus faible en hauteur et offre plus d&rsquo;espace pour \u00e9crire.\r\n\r\n<hr \/>\r\n\r\n<h1>Principales caract\u00e9ristiques<\/h1>\r\n<ul>\r\n \t<li>\u00c9cran tactile mat de 12,5&Prime;<\/li>\r\n \t<li>Cam\u00e9ra \u00e0 mise au point automatique Ultra HD 4K<\/li>\r\n \t<li>Grossissement jusqu&rsquo;\u00e0 48x<\/li>\r\n \t<li>Commandes tactiles larges et claires et panoramique en direct facile par joystick<\/li>\r\n \t<li>Conception portative et l\u00e9g\u00e8re<\/li>\r\n \t<li>Support pliable int\u00e9gr\u00e9<\/li>\r\n \t<li>Enregistrez jusqu&rsquo;\u00e0 2 Go d&rsquo;images<\/li>\r\n \t<li>Lignes et stores personnalisables<\/li>\r\n \t<li>Mode de vue miroir unique (auto-vue)<\/li>\r\n \t<li>Visualisation \u00e0 distance<\/li>\r\n \t<li>17 modes de couleur<\/li>\r\n \t<li>M\u00e9moire automatique (enregistrement du dernier param\u00e8tre utilis\u00e9)<\/li>\r\n \t<li>Fonction de mise hors tension automatique<\/li>\r\n \t<li>Menu vocalis\u00e9<\/li>\r\n \t<li>Connectivit\u00e9 TV<\/li>\r\n \t<li>Batterie rempla\u00e7able par l&rsquo;utilisateur<\/li>\r\n<\/ul>\r\n\r\n<hr \/>\r\n\r\n<h3>Ce qui est inclu?<\/h3>\r\n<ul>\r\n \t<li>CloverNote<\/li>\r\n \t<li>Manuel de l&rsquo;Utilisateur<\/li>\r\n \t<li>Adaptateur secteur britannique<\/li>\r\n \t<li>Mallette de transport<\/li>\r\n<\/ul>\r\n&nbsp;","protected":false},"excerpt":{"rendered":"<h3>CloverNote<\/h3>\r\n<ul>\r\n \t<li>\u00c9cran tactile mat de 12,5&Prime;<\/li>\r\n \t<li>Cam\u00e9ra \u00e0 mise au point automatique Ultra HD 4K<\/li>\r\n \t<li>Grossissement jusqu&rsquo;\u00e0 48x<\/li>\r\n \t<li>Commandes tactiles larges et claires et panoramique en direct facile par joystick<\/li>\r\n \t<li>Conception portative et l\u00e9g\u00e8re<\/li>\r\n \t<li>Mode de vue miroir unique (auto-vue)<\/li>\r\n \t<li>Visualisation \u00e0 distance<\/li>\r\n \t<li>17 modes de couleur<\/li>\r\n \t<li>Disponible avec le bras de cam\u00e9ra CloverNote pour des options de visualisation suppl\u00e9mentaires<\/li>\r\n<\/ul>\r\n&nbsp;","protected":false},"featured_media":1572,"comment_status":"open","ping_status":"closed","template":"","meta":[],"product_brand":[],"product_cat":[33,37],"product_tag":[],"class_list":{"0":"post-1571","1":"product","2":"type-product","3":"status-publish","4":"has-post-thumbnail","6":"product_cat-basse-vision","7":"product_cat-video-loupes-de-poche","9":"first","10":"instock","11":"taxable","12":"shipping-taxable","13":"product-type-simple"},"_links":{"self":[{"href":"https:\/\/cecitech.com\/index.php?rest_route=\/wp\/v2\/product\/1571","targetHints":{"allow":["GET"]}}],"collection":[{"href":"https:\/\/cecitech.com\/index.php?rest_route=\/wp\/v2\/product"}],"about":[{"href":"https:\/\/cecitech.com\/index.php?rest_route=\/wp\/v2\/types\/product"}],"replies":[{"embeddable":true,"href":"https:\/\/cecitech.com\/index.php?rest_route=%2Fwp%2Fv2%2Fcomments&post=1571"}],"wp:featuredmedia":[{"embeddable":true,"href":"https:\/\/cecitech.com\/index.php?rest_route=\/wp\/v2\/media\/1572"}],"wp:attachment":[{"href":"https:\/\/cecitech.com\/index.php?rest_route=%2Fwp%2Fv2%2Fmedia&parent=1571"}],"wp:term":[{"taxonomy":"product_brand","embeddable":true,"href":"https:\/\/cecitech.com\/index.php?rest_route=%2Fwp%2Fv2%2Fproduct_brand&post=1571"},{"taxonomy":"product_cat","embeddable":true,"href":"https:\/\/cecitech.com\/index.php?rest_route=%2Fwp%2Fv2%2Fproduct_cat&post=1571"},{"taxonomy":"product_tag","embeddable":true,"href":"https:\/\/cecitech.com\/index.php?rest_route=%2Fwp%2Fv2%2Fproduct_tag&post=1571"}],"curies":[{"name":"wp","href":"https:\/\/api.w.org\/{rel}","templated":true}]}}