{"id":1564,"date":"2023-12-20T06:20:49","date_gmt":"2023-12-20T11:20:49","guid":{"rendered":"https:\/\/cecitech.com\/?post_type=product&#038;p=1564"},"modified":"2025-04-02T08:40:56","modified_gmt":"2025-04-02T13:40:56","slug":"cloverbook-xl-plus","status":"publish","type":"product","link":"https:\/\/cecitech.com\/?product=cloverbook-xl-plus","title":{"rendered":"CloverBook XL Plus"},"content":{"rendered":"<h1>DESCRIPTION<\/h1>\r\nCloverBook XL Plus offre un grand \u00e9cran FHD de 15,6 pouces, une qualit\u00e9 d&rsquo;image fantastique avec sa cam\u00e9ra 4K, facile \u00e0 utiliser avec des commandes tactiles ou un \u00e9cran tactile, le design compact et l\u00e9ger vous permet d&#8217;emporter votre CloverBook XL Plus avec vous partout o\u00f9 vous allez.\r\n\r\nCloverBook XL Plus est une loupe vid\u00e9o portable de 15,6 pouces, avec des cam\u00e9ras de gros plan et de loin\/auto-vision.\r\n\r\nLe bras pliable int\u00e9gr\u00e9 et la poign\u00e9e de levage le rendent tr\u00e8s compact et facile \u00e0 transporter et \u00e0 transporter partout. Apr\u00e8s une configuration rapide, il se transforme imm\u00e9diatement en un appareil de bureau dot\u00e9 d&rsquo;un grand \u00e9cran d&rsquo;affichage et d&rsquo;un espace de lecture et d&rsquo;\u00e9criture suffisant. Utilisez les commandes tactiles ou l&rsquo;\u00e9cran tactile pour zoomer et effectuer un panoramique autour de la vue en direct ou des images captur\u00e9es.\r\n\r\n<hr \/>\r\n\r\n<h3>Utilisation en salle de classe ou au bureau<\/h3>\r\nCloverBook XL Plus est parfait pour les \u00e9tudiants et les professionnels qui ont besoin de lire des documents et d&rsquo;\u00e9crire \u00e0 leur bureau, de visualiser des tableaux blancs et d&rsquo;assister \u00e0 des s\u00e9minaires et des conf\u00e9rences. Sa conception portable facilite les d\u00e9placements entre les cours, le travail et la maison.\r\n\r\n<hr \/>\r\n\r\n<h3>Utiliser \u00e0 la maison<\/h3>\r\nCloverBook XL Plus est votre partenaire id\u00e9al pour lire \u00e0 la maison. La cam\u00e9ra \u00e0 visualisation automatique peut \u00eatre utilis\u00e9e pour le toilettage personnel, le maquillage, etc. Lorsque vous ne l\u2019utilisez pas, vous pouvez le plier et le ranger rapidement. Et lorsque vous partez en vacances, le CloverBook XL Plus se range facilement pour vous accompagner en balade.\r\n\r\nEssayez CloverBook XL Plus d\u00e8s aujourd&rsquo;hui et b\u00e9n\u00e9ficiez de toute la puissance et des fonctionnalit\u00e9s d&rsquo;une vid\u00e9osurveillance de bureau dans un bo\u00eetier beaucoup plus l\u00e9ger et portable.\r\n\r\nLe pack de station de charge CloverBook avec batterie de rechange (avec adaptateur secteur) double la dur\u00e9e de vie de la batterie de votre CloverBook XL Plus et vous permet d&rsquo;utiliser une batterie de votre CloverBook XL Plus tout en chargeant la batterie de rechange dans la station de charge.\r\n\r\n<hr \/>\r\n\r\n<h1>Principales caract\u00e9ristiques<\/h1>\r\n<ul>\r\n \t<li>\u00c9cran mat haute d\u00e9finition de 15,6 pouces<\/li>\r\n \t<li>Grossissement jusqu&rsquo;\u00e0 88x<\/li>\r\n \t<li>Doubles commandes &#8211; boutons tactiles et \u00e9cran tactile<\/li>\r\n \t<li>Effectuez un panoramique et un zoom sur les images captur\u00e9es et en direct avec le joystick ou l&rsquo;\u00e9cran tactile<\/li>\r\n \t<li>Cam\u00e9ra rapproch\u00e9e 4k 60 ips<\/li>\r\n \t<li>Cam\u00e9ra \u00e0 distance discr\u00e8te et \u00e0 visualisation automatique<\/li>\r\n \t<li>Correction automatique de la perspective de l&rsquo;affichage en direct<\/li>\r\n \t<li>Stockage d&rsquo;images<\/li>\r\n \t<li>Batterie amovible\/rempla\u00e7able par l&rsquo;utilisateur<\/li>\r\n \t<li>Jusqu&rsquo;\u00e0 5,5 heures d&rsquo;autonomie<\/li>\r\n \t<li>Temps de d\u00e9marrage rapide de 10 secondes<\/li>\r\n<\/ul>\r\n\r\n<hr \/>\r\n\r\n<h3>Ce qui est inclu?<\/h3>\r\n<ul>\r\n \t<li>CloverBook XL Plus<\/li>\r\n \t<li>Manuel de l&rsquo;Utilisateur<\/li>\r\n \t<li>Adaptateur secteur britannique<\/li>\r\n \t<li>Chiffon de nettoyage<\/li>\r\n \t<li>Mallette de transport<\/li>\r\n \t<li>Bouclier l\u00e9ger<\/li>\r\n<\/ul>","protected":false},"excerpt":{"rendered":"<h3>CloverBook XL Plus<\/h3>\r\n<ul>\r\n \t<li>Grossissement jusqu&rsquo;\u00e0 88x<\/li>\r\n \t<li>Cam\u00e9ra rapproch\u00e9e 4k 60 ips<\/li>\r\n \t<li>Effectuez un panoramique et un zoom sur les images captur\u00e9es et en direct avec le joystick ou l&rsquo;\u00e9cran tactile<\/li>\r\n \t<li>Cam\u00e9ra \u00e0 distance discr\u00e8te et \u00e0 visualisation automatique<\/li>\r\n \t<li>Batterie amovible\/rempla\u00e7able par l&rsquo;utilisateur<\/li>\r\n \t<li>Jusqu&rsquo;\u00e0 5,5 heures d&rsquo;autonomie<\/li>\r\n \t<li>Temps de d\u00e9marrage rapide de 10 secondes<\/li>\r\n \t<li>Pack station de recharge en option avec batterie de rechange<\/li>\r\n<\/ul>","protected":false},"featured_media":1565,"comment_status":"open","ping_status":"closed","template":"","meta":[],"product_brand":[],"product_cat":[33,37],"product_tag":[],"class_list":{"0":"post-1564","1":"product","2":"type-product","3":"status-publish","4":"has-post-thumbnail","6":"product_cat-basse-vision","7":"product_cat-video-loupes-de-poche","9":"first","10":"instock","11":"taxable","12":"shipping-taxable","13":"product-type-simple"},"_links":{"self":[{"href":"https:\/\/cecitech.com\/index.php?rest_route=\/wp\/v2\/product\/1564","targetHints":{"allow":["GET"]}}],"collection":[{"href":"https:\/\/cecitech.com\/index.php?rest_route=\/wp\/v2\/product"}],"about":[{"href":"https:\/\/cecitech.com\/index.php?rest_route=\/wp\/v2\/types\/product"}],"replies":[{"embeddable":true,"href":"https:\/\/cecitech.com\/index.php?rest_route=%2Fwp%2Fv2%2Fcomments&post=1564"}],"wp:featuredmedia":[{"embeddable":true,"href":"https:\/\/cecitech.com\/index.php?rest_route=\/wp\/v2\/media\/1565"}],"wp:attachment":[{"href":"https:\/\/cecitech.com\/index.php?rest_route=%2Fwp%2Fv2%2Fmedia&parent=1564"}],"wp:term":[{"taxonomy":"product_brand","embeddable":true,"href":"https:\/\/cecitech.com\/index.php?rest_route=%2Fwp%2Fv2%2Fproduct_brand&post=1564"},{"taxonomy":"product_cat","embeddable":true,"href":"https:\/\/cecitech.com\/index.php?rest_route=%2Fwp%2Fv2%2Fproduct_cat&post=1564"},{"taxonomy":"product_tag","embeddable":true,"href":"https:\/\/cecitech.com\/index.php?rest_route=%2Fwp%2Fv2%2Fproduct_tag&post=1564"}],"curies":[{"name":"wp","href":"https:\/\/api.w.org\/{rel}","templated":true}]}}