{"id":1562,"date":"2023-12-19T05:06:40","date_gmt":"2023-12-19T10:06:40","guid":{"rendered":"https:\/\/cecitech.com\/?post_type=product&#038;p=1562"},"modified":"2023-12-28T05:15:33","modified_gmt":"2023-12-28T10:15:33","slug":"cloverbook-xl-pro","status":"publish","type":"product","link":"https:\/\/cecitech.com\/?product=cloverbook-xl-pro","title":{"rendered":"CloverBook XL Pro"},"content":{"rendered":"<h1>DESCRIPTION<\/h1>\r\nCloverBook XL Pro offre un grand \u00e9cran FHD de 15,6 pouces, une qualit\u00e9 d&rsquo;image fantastique avec sa cam\u00e9ra 4K, facile \u00e0 utiliser avec des commandes tactiles ou un \u00e9cran tactile, le design compact et l\u00e9ger vous permet d&#8217;emporter votre CloverBook XL avec vous partout o\u00f9 vous allez.\r\n\r\n&nbsp;\r\n\r\nCloverBook XL Pro est une loupe vid\u00e9o portable de 15,6 pouces, avec des cam\u00e9ras de gros plan et de loin\/auto-vision.\r\n\r\nLe bras pliable int\u00e9gr\u00e9 et la poign\u00e9e de levage le rendent tr\u00e8s compact et facile \u00e0 transporter partout. Apr\u00e8s une configuration rapide, il se transforme imm\u00e9diatement en un appareil de bureau dot\u00e9 d&rsquo;un grand \u00e9cran d&rsquo;affichage et d&rsquo;un espace de lecture et d&rsquo;\u00e9criture suffisant. Utilisez les commandes tactiles ou l&rsquo;\u00e9cran tactile pour zoomer et effectuer un panoramique autour de la vue en direct ou des images captur\u00e9es.\r\n\r\nLe CloverBook XL Pro b\u00e9n\u00e9ficie \u00e9galement de l\u2019OCR pleine page A3 et de la synth\u00e8se vocale. Si vous souhaitez entendre votre document lu \u00e0 haute voix, appuyez sur le bouton \u00ab T \u00bb situ\u00e9 \u00e0 l&rsquo;avant du CloverBook XL Pro pour num\u00e9riser n&rsquo;importe quel texte visible. Vous pouvez \u00e9galement passer en mode num\u00e9risation et num\u00e9riser la page enti\u00e8re au format lettre en m\u00eame temps. Essayez-en un et voyez \u00e0 quel point il est facile d&rsquo;utiliser le nouveau CloverBook XL Pro, super portable, puissant et abordable.\r\n\r\n<hr \/>\r\n\r\n<h3>Vue unique en \u00e9cran partag\u00e9<\/h3>\r\nAvec CloverBook XL Pro, vous avez la possibilit\u00e9 d&rsquo;avoir un \u00e9cran partag\u00e9 vertical ou horizontal, ce qui vous permet d&rsquo;afficher des notes sur votre bureau et de voir un pr\u00e9sentateur\/instructeur en m\u00eame temps.\r\n<ul>\r\n \t<li>Affichage en \u00e9cran partag\u00e9 pour une visualisation simultan\u00e9e de pr\u00e8s et de loin<\/li>\r\n \t<li>Vue en \u00e9cran partag\u00e9 pour une lecture et une \u00e9criture rapproch\u00e9es simultan\u00e9es uniques (la cam\u00e9ra \u00e0 distance peut \u00e9galement \u00eatre utilis\u00e9e pour la lecture en gros plan)<\/li>\r\n<\/ul>\r\n\r\n<hr \/>\r\n\r\n<h1>\u00c9cran multi-vues CloverBook XL<\/h1>\r\n&nbsp;\r\n\r\nL&rsquo;\u00e9cran MultiView CloverBook XL double votre vue et vous pouvez voir simultan\u00e9ment les deux cam\u00e9ras sur des \u00e9crans s\u00e9par\u00e9s de 15,6 pouces.\r\n\r\n<hr \/>\r\n\r\n<h3>Fatigu\u00e9 de perdre votre place ?<\/h3>\r\nLorsque vous zoomez, il peut \u00eatre difficile de s&rsquo;y retrouver lorsqu&rsquo;il faut se d\u00e9placer au d\u00e9but d&rsquo;une nouvelle ligne ou trouver une autre rubrique dans le journal. L&rsquo;affichage de feuilles de calcul et d&rsquo;autres documents peut \u00eatre g\u00eanant, car vous ne voyez qu&rsquo;une petite partie de la page qui est agrandie et peut facilement perdre votre orientation. Heureusement, CloverBook XL Pro a la r\u00e9ponse !\r\n\r\nEn ajoutant l&rsquo;\u00e9cran XL MultiView au CloverBook XL Pro, vous ouvrez une m\u00e9thode unique de navigation dans les documents, pour ne jamais perdre votre place. Un \u00e9cran vous aide \u00e0 conserver votre orientation et l&rsquo;autre \u00e9cran affiche la vue agrandie. Voici comment cela fonctionne:\r\n\r\nLorsque vous appuyez longuement sur la molette Zoom du CloverBook XL Pro, son \u00e9cran affiche une vue 1x du document, vous avez donc toujours une vue \u00e0 vol d&rsquo;oiseau. L&rsquo;\u00e9cran suppl\u00e9mentaire XL MultiView affiche la vue agrandie, agrandissant tout ce qui se trouve dans le rectangle de mise au point qui s&rsquo;affiche sur l&rsquo;\u00e9cran d&rsquo;orientation 1x. Vous pouvez utiliser le joystick pour d\u00e9placer le rectangle de zoom. Ou d\u00e9placez simplement votre doigt sur l&rsquo;\u00e9cran tactile pour mettre le zoom l\u00e0 o\u00f9 vous touchez. Il est simple de lire une ligne de texte et de passer rapidement votre doigt au d\u00e9but de la ligne suivante. Vous pouvez vous d\u00e9placer rapidement dans les feuilles de calcul et ne jamais perdre votre orientation. Enfin un moyen de lire des documents agrandis et de ne jamais perdre son orientation !\r\n\r\n<hr \/>\r\n\r\n<h3>Vous voulez en savoir plus sur votre \u00e9cran partag\u00e9\u00a0?<\/h3>\r\nL\u2019\u00e9cran suppl\u00e9mentaire XL MultiView double l\u2019efficacit\u00e9 de la fonction d\u2019\u00e9cran partag\u00e9 du CloverBook XL Pro. Au lieu de diviser l&rsquo;\u00e9cran du CloverBook XL Pro, vous obtenez un \u00e9cran d\u00e9di\u00e9 \u00e0 la vue \u00e0 distance ou \u00e0 soi-m\u00eame et un \u00e9cran s\u00e9par\u00e9 pour la vue rapproch\u00e9e\/de bureau. Utilisez l\u2019un ou l\u2019autre \u00e9cran pour des vues rapproch\u00e9es ou lointaines et modifiez facilement le grossissement et le contraste sur chaque \u00e9cran, ind\u00e9pendamment.\r\n\r\n<hr \/>\r\n\r\n<h3>Il faut \u00e9galement se connecter \u00e0 un ordinateur\u00a0:<\/h3>\r\nSi vous souhaitez transformer le CloverBook XL Pro en un chargeur\/station de travail tout-en-un, d\u00e9branchez simplement le cordon de l&rsquo;\u00e9cran externe XL MultiView et branchez-le \u00e0 un ordinateur. L&rsquo;\u00e9cran XL MultiView deviendra alors un moniteur suppl\u00e9mentaire pour votre ordinateur, ou remplacera votre \u00e9cran d&rsquo;ordinateur (si l&rsquo;espace sur le bureau est restreint). Vous pouvez \u00e9galement utiliser la fonction d&rsquo;\u00e9cran partag\u00e9 du CloverBook XL Pro, et vous obtiendrez une vue de votre ordinateur, de votre bureau\/vue de la cam\u00e9ra rapproch\u00e9e et de la vue de votre cam\u00e9ra \u00e0 distance, le tout en m\u00eame temps !\r\n\r\n<hr \/>\r\n\r\n<h3>Utilisation en salle de classe ou au bureau<\/h3>\r\nCloverBook XL Pro est parfait pour les \u00e9tudiants et les professionnels qui ont besoin de lire des documents et d&rsquo;\u00e9crire \u00e0 leur bureau, de visualiser des tableaux blancs et d&rsquo;assister \u00e0 des s\u00e9minaires et des conf\u00e9rences. Sa conception portable facilite les d\u00e9placements entre les cours, le travail et la maison.\r\n\r\n<hr \/>\r\n\r\n<h3>Utiliser \u00e0 la maison<\/h3>\r\nCloverBook XL Pro est votre partenaire id\u00e9al pour lire \u00e0 la maison. La cam\u00e9ra \u00e0 visualisation automatique peut \u00eatre utilis\u00e9e pour le toilettage personnel, le maquillage, etc. Lorsque vous ne l\u2019utilisez pas, vous pouvez le plier et le ranger rapidement. Et lorsque vous partez en vacances, le CloverBook XL Pro se range facilement pour vous accompagner en balade.\r\n\r\nEssayez CloverBook XL Pro d\u00e8s aujourd&rsquo;hui et b\u00e9n\u00e9ficiez de toute la puissance et des fonctionnalit\u00e9s d&rsquo;une vid\u00e9osurveillance de bureau dans un bo\u00eetier beaucoup plus l\u00e9ger et portable.\r\n\r\nLe pack de station de charge CloverBook avec batterie de rechange (avec adaptateur secteur) double la dur\u00e9e de vie de la batterie de votre CloverBook XL Pro et vous permet d&rsquo;utiliser une batterie dans votre CloverBook XL Pro tout en chargeant la batterie de rechange dans la station de charge.\r\n\r\n<hr \/>\r\n\r\n<h1>Principales caract\u00e9ristiques<\/h1>\r\n<ul>\r\n \t<li>\u00c9cran mat haute d\u00e9finition de 15,6 pouces<\/li>\r\n \t<li>Grossissement jusqu&rsquo;\u00e0 88x<\/li>\r\n \t<li>OCR A3 complet et synth\u00e8se vocale<\/li>\r\n \t<li>Doubles commandes &#8211; boutons tactiles et \u00e9cran tactile<\/li>\r\n \t<li>Effectuez un panoramique et un zoom sur les images captur\u00e9es et en direct avec le joystick ou l&rsquo;\u00e9cran tactile<\/li>\r\n \t<li>Cam\u00e9ra rapproch\u00e9e 4k 60 ips<\/li>\r\n \t<li>Cam\u00e9ra \u00e0 distance discr\u00e8te et \u00e0 visualisation automatique<\/li>\r\n \t<li>Vue en \u00e9cran partag\u00e9<\/li>\r\n \t<li>Correction automatique de la perspective de l&rsquo;affichage en direct<\/li>\r\n \t<li>Stockage d&rsquo;images<\/li>\r\n \t<li>Batterie amovible\/rempla\u00e7able par l&rsquo;utilisateur<\/li>\r\n \t<li>Jusqu&rsquo;\u00e0 5,5 heures d&rsquo;autonomie<\/li>\r\n \t<li>Temps de d\u00e9marrage rapide de 10 secondes<\/li>\r\n \t<li>Vues de texte reformat\u00e9es du document captur\u00e9<\/li>\r\n \t<li>Sortie HDMI vers un \u00e9cran plus grand<\/li>\r\n \t<li>Entr\u00e9e mini HDMI (\u00e0 utiliser comme \u00e9cran d&rsquo;ordinateur portable suppl\u00e9mentaire, appareil photo, etc.).<\/li>\r\n \t<li>Exportation\/importation de documents<\/li>\r\n<\/ul>\r\n\r\n<hr \/>\r\n\r\n<h3>Ce qui est inclu?<\/h3>\r\n<ul>\r\n \t<li>CloverBook XL Pro<\/li>\r\n \t<li>Manuel de l&rsquo;Utilisateur<\/li>\r\n \t<li>Adaptateur secteur britannique<\/li>\r\n \t<li>c\u00e2ble HDMI<\/li>\r\n \t<li>Chiffon de nettoyage<\/li>\r\n \t<li>Mallette de transport<\/li>\r\n \t<li>Bouclier l\u00e9ger<\/li>\r\n<\/ul>","protected":false},"excerpt":{"rendered":"<h3>CloverBook XL Pro est une loupe vid\u00e9o portable de 15,6 pouces, avec des cam\u00e9ras de gros plan et de loin\/auto-vision.<\/h3>","protected":false},"featured_media":1563,"comment_status":"open","ping_status":"closed","template":"","meta":[],"product_brand":[],"product_cat":[33,37],"product_tag":[],"class_list":{"0":"post-1562","1":"product","2":"type-product","3":"status-publish","4":"has-post-thumbnail","6":"product_cat-basse-vision","7":"product_cat-video-loupes-de-poche","9":"first","10":"instock","11":"taxable","12":"shipping-taxable","13":"product-type-simple"},"_links":{"self":[{"href":"https:\/\/cecitech.com\/index.php?rest_route=\/wp\/v2\/product\/1562","targetHints":{"allow":["GET"]}}],"collection":[{"href":"https:\/\/cecitech.com\/index.php?rest_route=\/wp\/v2\/product"}],"about":[{"href":"https:\/\/cecitech.com\/index.php?rest_route=\/wp\/v2\/types\/product"}],"replies":[{"embeddable":true,"href":"https:\/\/cecitech.com\/index.php?rest_route=%2Fwp%2Fv2%2Fcomments&post=1562"}],"wp:featuredmedia":[{"embeddable":true,"href":"https:\/\/cecitech.com\/index.php?rest_route=\/wp\/v2\/media\/1563"}],"wp:attachment":[{"href":"https:\/\/cecitech.com\/index.php?rest_route=%2Fwp%2Fv2%2Fmedia&parent=1562"}],"wp:term":[{"taxonomy":"product_brand","embeddable":true,"href":"https:\/\/cecitech.com\/index.php?rest_route=%2Fwp%2Fv2%2Fproduct_brand&post=1562"},{"taxonomy":"product_cat","embeddable":true,"href":"https:\/\/cecitech.com\/index.php?rest_route=%2Fwp%2Fv2%2Fproduct_cat&post=1562"},{"taxonomy":"product_tag","embeddable":true,"href":"https:\/\/cecitech.com\/index.php?rest_route=%2Fwp%2Fv2%2Fproduct_tag&post=1562"}],"curies":[{"name":"wp","href":"https:\/\/api.w.org\/{rel}","templated":true}]}}