{"id":156,"date":"2016-11-09T10:03:23","date_gmt":"2016-11-09T06:03:23","guid":{"rendered":"http:\/\/cecitech.com\/wp\/?post_type=product&#038;p=156"},"modified":"2023-07-13T06:06:35","modified_gmt":"2023-07-13T11:06:35","slug":"dragon-naturally-speaking-dictee-vocale-version-premium-wireless","status":"publish","type":"product","link":"https:\/\/cecitech.com\/?product=dragon-naturally-speaking-dictee-vocale-version-premium-wireless","title":{"rendered":"Dragon Naturally Speaking"},"content":{"rendered":"<h1 class=\"mttl\">Fonctionnalit\u00e9s<\/h1>\r\nDragon NaturallySpeaking Premium Wireless est un logiciel \u00e9dit\u00e9 par la soci\u00e9t\u00e9 Nuance pour transcrire automatiquement toutes vos paroles sur l&rsquo;\u00e9cran de votre ordinateur, dans tous vos documents (lettres, rapports, emails&#8230;), sans l&rsquo;aide du clavier ou de la souris.\r\n\r\nDragon NaturallySpeaking Premium Wireless a une pr\u00e9cision de reconnaissance tr\u00e8s \u00e9lev\u00e9e et fait en moyenne moins de fautes qu&rsquo;une personne qui utilise son clavier.\r\n<ul class=\"lst_product\">\r\n \t<li>Dict\u00e9e vocale permettant de r\u00e9diger vos documents sans \u00eatre p\u00e9nalis\u00e9 ou g\u00ean\u00e9 par les probl\u00e8mes d&rsquo;orthographe.<\/li>\r\n \t<li>Lecture par synth\u00e8se vocale (voix RealSpeak \u00ab\u00a0Sophie\u00a0\u00bb) du texte retranscrit.<\/li>\r\n \t<li>R\u00e9\u00e9coute possible des dict\u00e9es vocales.<\/li>\r\n \t<li>R\u00e9daction, dict\u00e9e et modification plus rapide que la vitesse de frappe moyenne.<\/li>\r\n \t<li>Contr\u00f4le des applications Windows par la voix sans utiliser le clavier ou la souris : navigation sur Internet, lancement d&rsquo;applications, commandes des menus&#8230;<\/li>\r\n \t<li>Insertion de blocs de texte ou d&rsquo;image (signature par exemple) \u00e0 l&rsquo;aide de raccourcis.<\/li>\r\n \t<li>Compatible avec la quasi-totalit\u00e9 des applications Windows (Word, Excel, Outlook Express, Internet Explorer).<\/li>\r\n \t<li>Transcription automatique d&rsquo;enregistrements sonores \u00e0 partir de p\u00e9riph\u00e9riques portatifs compatibles (dictaphone num\u00e9rique&#8230;).<\/li>\r\n \t<li>Livr\u00e9 avec un microphone \u00e0 r\u00e9duction de bruits.<\/li>\r\n<\/ul>\r\n<div class=\"embed\"><iframe loading=\"lazy\" src=\"https:\/\/www.youtube.com\/embed\/edbouXc3zv8\" width=\"560\" height=\"315\" frameborder=\"0\" allowfullscreen=\"allowfullscreen\"><\/iframe>\r\n<p class=\"txt_c\">Vid\u00e9o de pr\u00e9sentation de Dragon naturally Speaking<\/p>\r\nDragon NaturallySpeaking Premium Wireless est compatible avec les microphones sans fil bluetooth certifi\u00e9s par Nuance.\r\n\r\n<\/div>\r\n<h1 class=\"sttl\">Caract\u00e9ristiques techniques<\/h1>\r\n<h3 class=\"ssttl\">Configuration requise :<\/h3>\r\n<ul class=\"lst_product\">\r\n \t<li>Processeur Intel\u00ae Pentium\u00ae cadenc\u00e9 \u00e0 1 GHz minimum, ou processeur AMD \u00e9quivalent ou processeur Intel\u00ae Atom\u00ae cadenc\u00e9 \u00e0 1,66 GHz. Processeur Intel double c\u0153ur cadenc\u00e9 \u00e0 1,8 GHz ou processeur AMD \u00e9quivalent recommand\u00e9. (IMPORTANT : jeu d&rsquo;instructions SSE2 requis)<\/li>\r\n \t<li>M\u00e9moire cache du processeur : 512 Ko minimum. 2 Mo recommand\u00e9s.<\/li>\r\n \t<li>Espace disque disponible : 2,8 Go<\/li>\r\n \t<li>Syst\u00e8mes d&rsquo;exploitation : Microsoft Windows 7 (32 bits et 64 bits), Microsoft Windows Vista (SP1 et SP2, 32 bits et 64 bits), Microsoft Windows XP (SP2 et SP3, 32 bits seulement), Windows Server 2003 et 2008 (SP1, SP2 et R2, 32 bits et 64 bits)<\/li>\r\n \t<li>M\u00e9moire vive (RAM) : 1 Go minimum sous Windows XP et Windows Vista, et 2 Go sous Windows 7 et Windows Server 2003\/2008. 2 Go de m\u00e9moire vive recommand\u00e9s sous Windows XP et Windows Vista ; 4 Go sous Windows 7 et Windows Server 2003\/2008 64 bits.<\/li>\r\n \t<li>Microsoft\u00ae Internet Explorer version 6 ou sup\u00e9rieure (t\u00e9l\u00e9chargeable gratuitement depuis le site www.microsoft.fr)<\/li>\r\n \t<li>Carte son Creative\u00ae Labs Sound Blaster\u00ae 16 ou carte son \u00e9quivalente, prenant en charge l&rsquo;enregistrement 16 bits\r\nLecteur de DVD-ROM pour l&rsquo;installation<\/li>\r\n \t<li>Au cours de l&rsquo;installation, le logiciel v\u00e9rifie que votre syst\u00e8me est conforme \u00e0 la configuration requise. Si tel n&rsquo;est pas le cas, Dragon NaturallySpeaking ne sera pas install\u00e9.<\/li>\r\n \t<li>Remarque : Connexion Internet requise pour l&rsquo;activation du logiciel (processus anonyme rapide).<\/li>\r\n<\/ul>\r\n<h3 class=\"sttl\">Pr\u00e9conisation Cecitech<\/h3>\r\n<h4 class=\"ssttl\">Avantages :<\/h4>\r\n<ul class=\"lst_product\">\r\n \t<li>Outil lib\u00e9rateur pour les personnes ayant des troubles dyslexiques (et notamment une dysorthographie) dans les t\u00e2ches r\u00e9dactionnelles,<\/li>\r\n \t<li>Outil performant s\u2019adaptant au fil des utilisations \u00e0 la voix et au lexique du locuteur,<\/li>\r\n \t<li>Licence permettant la cr\u00e9ation de plusieurs dizaines de profils utilisateurs,<\/li>\r\n \t<li>Possibilit\u00e9 d\u2019importer et d\u2019exporter les profils cr\u00e9\u00e9s.<\/li>\r\n<\/ul>\r\n<h4 class=\"ssttl\">Limitations :<\/h4>\r\n<ul class=\"lst_product\">\r\n \t<li>Requiert un \u00e9quipement informatique performant (processeur et micro-casque adapt\u00e9 \u2026),<\/li>\r\n \t<li>Contexte d\u2019utilisation sp\u00e9cifique (environnement calme, peu adapt\u00e9 \u00e0 l\u2019usage en classe),<\/li>\r\n \t<li>D\u00e9velopp\u00e9 pour fonctionner principalement dans la suite Microsoft Office (compatibilit\u00e9 incompl\u00e8te avec OpenOffice).<\/li>\r\n<\/ul>","protected":false},"excerpt":{"rendered":"<h3>Le logiciel de reconnaissance vocale Dragon Naturally Speaking version premium transcrit automatiquement toutes vos paroles sur l&rsquo;\u00e9cran de votre ordinateur, dans tous vos documents (lettres, rapports, emails&#8230;), sans l&rsquo;aide du clavier ou de la souris.<\/h3>","protected":false},"featured_media":155,"comment_status":"closed","ping_status":"closed","template":"","meta":[],"product_brand":[],"product_cat":[30,31],"product_tag":[],"class_list":{"0":"post-156","1":"product","2":"type-product","3":"status-publish","4":"has-post-thumbnail","6":"product_cat-cecite","7":"product_cat-logiciels-cecite","9":"first","10":"instock","11":"taxable","12":"shipping-taxable","13":"product-type-simple"},"_links":{"self":[{"href":"https:\/\/cecitech.com\/index.php?rest_route=\/wp\/v2\/product\/156","targetHints":{"allow":["GET"]}}],"collection":[{"href":"https:\/\/cecitech.com\/index.php?rest_route=\/wp\/v2\/product"}],"about":[{"href":"https:\/\/cecitech.com\/index.php?rest_route=\/wp\/v2\/types\/product"}],"replies":[{"embeddable":true,"href":"https:\/\/cecitech.com\/index.php?rest_route=%2Fwp%2Fv2%2Fcomments&post=156"}],"wp:featuredmedia":[{"embeddable":true,"href":"https:\/\/cecitech.com\/index.php?rest_route=\/wp\/v2\/media\/155"}],"wp:attachment":[{"href":"https:\/\/cecitech.com\/index.php?rest_route=%2Fwp%2Fv2%2Fmedia&parent=156"}],"wp:term":[{"taxonomy":"product_brand","embeddable":true,"href":"https:\/\/cecitech.com\/index.php?rest_route=%2Fwp%2Fv2%2Fproduct_brand&post=156"},{"taxonomy":"product_cat","embeddable":true,"href":"https:\/\/cecitech.com\/index.php?rest_route=%2Fwp%2Fv2%2Fproduct_cat&post=156"},{"taxonomy":"product_tag","embeddable":true,"href":"https:\/\/cecitech.com\/index.php?rest_route=%2Fwp%2Fv2%2Fproduct_tag&post=156"}],"curies":[{"name":"wp","href":"https:\/\/api.w.org\/{rel}","templated":true}]}}