{"id":1550,"date":"2023-11-11T05:02:33","date_gmt":"2023-11-11T10:02:33","guid":{"rendered":"https:\/\/cecitech.com\/?post_type=product&#038;p=1550"},"modified":"2023-11-11T05:02:33","modified_gmt":"2023-11-11T10:02:33","slug":"wooffy-t-testeur-de-batterie-tactile","status":"publish","type":"product","link":"https:\/\/cecitech.com\/?product=wooffy-t-testeur-de-batterie-tactile","title":{"rendered":"Wooffy T. testeur de batterie tactile"},"content":{"rendered":"<h1>Description<\/h1>\r\nWooffy T. est un testeur de batterie tactile qui vous aidera \u00e0 identifier l&rsquo;\u00e9tat de charge de vos batteries.\r\n\r\nWooffy T. indique l&rsquo;\u00e9tat de charge actuel de la batterie par des signaux acoustiques et tactiles. Vous pouvez tester toutes les batteries classiques de 1,5V et 9V. Wooffy est facile \u00e0 utiliser, vous n\u2019avez m\u00eame pas \u00e0 vous soucier du p\u00f4le n\u00e9gatif ou positif de la batterie. Mettez simplement la pile sur les contacts correspondants et vous obtiendrez imm\u00e9diatement le r\u00e9sultat de la mesure. Il est extr\u00eamement fin et se glissera confortablement dans chaque poche de chaque chemise ou pantalon. Vous avez le choix entre Wooffy qui fonctionne via des signaux acoustiques et Wooffy T. qui fonctionne \u00e9galement tactile (vibrations).\r\n<h1>\r\nD\u00e9tails techniques<\/h1>\r\n<ul>\r\n \t<li>Dimensions : 115 x 30 x 15 mm<\/li>\r\n \t<li>Poids : 65g<\/li>\r\n \t<li>Alimentation : 2 piles AAA 1,5V (piles rechargeables)<\/li>\r\n \t<li>Oreille pour attacher une ficelle<\/li>\r\n<\/ul>","protected":false},"excerpt":{"rendered":"<h3>Wooffy T. testeur de batterie tactile<\/h3>","protected":false},"featured_media":1548,"comment_status":"open","ping_status":"closed","template":"","meta":[],"product_brand":[],"product_cat":[52],"product_tag":[],"class_list":{"0":"post-1550","1":"product","2":"type-product","3":"status-publish","4":"has-post-thumbnail","6":"product_cat-vie-quotidienne","8":"first","9":"instock","10":"taxable","11":"shipping-taxable","12":"product-type-simple"},"_links":{"self":[{"href":"https:\/\/cecitech.com\/index.php?rest_route=\/wp\/v2\/product\/1550","targetHints":{"allow":["GET"]}}],"collection":[{"href":"https:\/\/cecitech.com\/index.php?rest_route=\/wp\/v2\/product"}],"about":[{"href":"https:\/\/cecitech.com\/index.php?rest_route=\/wp\/v2\/types\/product"}],"replies":[{"embeddable":true,"href":"https:\/\/cecitech.com\/index.php?rest_route=%2Fwp%2Fv2%2Fcomments&post=1550"}],"wp:featuredmedia":[{"embeddable":true,"href":"https:\/\/cecitech.com\/index.php?rest_route=\/wp\/v2\/media\/1548"}],"wp:attachment":[{"href":"https:\/\/cecitech.com\/index.php?rest_route=%2Fwp%2Fv2%2Fmedia&parent=1550"}],"wp:term":[{"taxonomy":"product_brand","embeddable":true,"href":"https:\/\/cecitech.com\/index.php?rest_route=%2Fwp%2Fv2%2Fproduct_brand&post=1550"},{"taxonomy":"product_cat","embeddable":true,"href":"https:\/\/cecitech.com\/index.php?rest_route=%2Fwp%2Fv2%2Fproduct_cat&post=1550"},{"taxonomy":"product_tag","embeddable":true,"href":"https:\/\/cecitech.com\/index.php?rest_route=%2Fwp%2Fv2%2Fproduct_tag&post=1550"}],"curies":[{"name":"wp","href":"https:\/\/api.w.org\/{rel}","templated":true}]}}