{"id":152,"date":"2016-11-09T09:18:22","date_gmt":"2016-11-09T05:18:22","guid":{"rendered":"http:\/\/cecitech.com\/wp\/?post_type=product&#038;p=152"},"modified":"2023-06-16T06:38:28","modified_gmt":"2023-06-16T11:38:28","slug":"kurzweil-1000","status":"publish","type":"product","link":"https:\/\/cecitech.com\/?product=kurzweil-1000","title":{"rendered":"Kurzweil &#8211; 1000"},"content":{"rendered":"<span class=\"emp\">Kurzweil 1000<\/span> est un logiciel prim\u00e9 qui fournit ais\u00e9ment aux personnes aveugles ou handicap\u00e9es visuelles des textes \u00e9lectroniques et imprim\u00e9s. Il combine accessibilit\u00e9, communication et outils de productivit\u00e9 dans le but de faciliter et de renforcer la capacit\u00e9 de lecture et d&rsquo;\u00e9criture, ainsi que l&rsquo;exp\u00e9rience d&rsquo;apprentissage.\r\n\r\nLe logiciel effectue la lecture de textes \u00e0 haute voix avec une vari\u00e9t\u00e9 de voix au son naturel lesquelles peuvent \u00eatre modifi\u00e9es pour r\u00e9pondre aux pr\u00e9f\u00e9rences des utilisateurs. En outre, il permet de cr\u00e9er et de modifier des documents et offre des techniques d&rsquo;\u00e9tude pour la prise de notes ainsi que la cr\u00e9ation de r\u00e9sum\u00e9s et de plans de textes.\r\n\r\n<span class=\"emp\">Kurzweil 1000<\/span> propose un acc\u00e8s rapide \u00e0 une foule de renseignements incluant des livres en ligne, des magazines et des encyclop\u00e9dies afin que les utilisateurs puissent laisser libre cours \u00e0 leurs int\u00e9r\u00eats de lecture. Ils sont \u00e9galement en mesure d&rsquo;apporter leur lecture n&rsquo;importe o\u00f9 en envoyant des fichiers \u00e0 des preneurs de notes braille et des imprimantes braille ainsi qu&rsquo;\u00e0 des dispositifs portatifs tels que des lecteurs DAISY et MP3.\r\n\r\n<span class=\"emp\">Kurzweil 1000<\/span> est facile \u00e0 utiliser pour les d\u00e9butants et \u00e0 la fois puissant et souple pour les utilisateurs avanc\u00e9s. Gr\u00e2ce \u00e0 sa gamme de caract\u00e9ristiques utiles, les utilisateurs gagnent du temps et acqui\u00e8rent de l&rsquo;autonomie que ce soit \u00e0 la maison, \u00e0 l&rsquo;\u00e9cole ou au travail.","protected":false},"excerpt":{"rendered":"<h3>Kurzweil 1000 est un logiciel prim\u00e9 qui fournit ais\u00e9ment aux personnes aveugles ou handicap\u00e9es visuelles des textes \u00e9lectroniques et imprim\u00e9s.<\/h3>","protected":false},"featured_media":153,"comment_status":"closed","ping_status":"closed","template":"","meta":[],"product_brand":[],"product_cat":[30,31],"product_tag":[],"class_list":{"0":"post-152","1":"product","2":"type-product","3":"status-publish","4":"has-post-thumbnail","6":"product_cat-cecite","7":"product_cat-logiciels-cecite","9":"first","10":"instock","11":"taxable","12":"shipping-taxable","13":"product-type-simple"},"_links":{"self":[{"href":"https:\/\/cecitech.com\/index.php?rest_route=\/wp\/v2\/product\/152","targetHints":{"allow":["GET"]}}],"collection":[{"href":"https:\/\/cecitech.com\/index.php?rest_route=\/wp\/v2\/product"}],"about":[{"href":"https:\/\/cecitech.com\/index.php?rest_route=\/wp\/v2\/types\/product"}],"replies":[{"embeddable":true,"href":"https:\/\/cecitech.com\/index.php?rest_route=%2Fwp%2Fv2%2Fcomments&post=152"}],"wp:featuredmedia":[{"embeddable":true,"href":"https:\/\/cecitech.com\/index.php?rest_route=\/wp\/v2\/media\/153"}],"wp:attachment":[{"href":"https:\/\/cecitech.com\/index.php?rest_route=%2Fwp%2Fv2%2Fmedia&parent=152"}],"wp:term":[{"taxonomy":"product_brand","embeddable":true,"href":"https:\/\/cecitech.com\/index.php?rest_route=%2Fwp%2Fv2%2Fproduct_brand&post=152"},{"taxonomy":"product_cat","embeddable":true,"href":"https:\/\/cecitech.com\/index.php?rest_route=%2Fwp%2Fv2%2Fproduct_cat&post=152"},{"taxonomy":"product_tag","embeddable":true,"href":"https:\/\/cecitech.com\/index.php?rest_route=%2Fwp%2Fv2%2Fproduct_tag&post=152"}],"curies":[{"name":"wp","href":"https:\/\/api.w.org\/{rel}","templated":true}]}}