{"id":1519,"date":"2023-08-15T07:42:00","date_gmt":"2023-08-15T12:42:00","guid":{"rendered":"https:\/\/cecitech.com\/?post_type=product&#038;p=1519"},"modified":"2023-08-15T07:45:13","modified_gmt":"2023-08-15T12:45:13","slug":"jaws-2023","status":"publish","type":"product","link":"https:\/\/cecitech.com\/?product=jaws-2023","title":{"rendered":"Jaws 2023"},"content":{"rendered":"<h1>JAWS est le lecteur d&rsquo;\u00e9cran Windows le plus populaire au monde.<\/h1>\r\nUn lecteur d&rsquo;\u00e9cran est un logiciel qui permet \u00e0 un utilisateur aveugle ou malvoyant de lire le texte affich\u00e9 sur l&rsquo;\u00e9cran de l&rsquo;ordinateur avec un synth\u00e9tiseur vocal ou un afficheur braille. JAWS, Job Access With Speech, est le lecteur d&rsquo;\u00e9cran le plus populaire au monde, d\u00e9velopp\u00e9 pour les utilisateurs d&rsquo;ordinateurs dont la perte de vision les emp\u00eache de voir le contenu de l&rsquo;\u00e9cran ou de naviguer avec une souris. JAWS fournit une sortie vocale et braille pour les applications informatiques les plus populaires sur votre PC.\r\n\u2022 Lire des documents, e-mails, sites Web et applications\r\n\u2022 Naviguez facilement avec votre souris\r\n\u2022 Num\u00e9risez et lisez tous vos documents, y compris les PDF\r\n\u2022 Remplissez facilement des formulaires Web\r\n\u2022 Facile \u00e0 utiliser avec la formation de base au format Daisy\r\n\u2022 Gagnez du temps avec Skim Reading et Text Analyzer\r\n\u2022 Surfez sur le net avec des touches de navigation Web\r\n\r\n<hr \/>\r\n\r\n<h3>Caract\u00e9ristiques:<\/h3>\r\n\u2022 Deux synth\u00e9tiseurs multilingues\u00a0: Eloquence et Vocalizer Expressive\r\n\u2022 Installation parlante\r\n\u2022 Fonction OCR pratique pour les fichiers image ou les documents PDF inaccessibles\r\n\u2022 Prend en charge l&rsquo;appareil photo PEARL pour un acc\u00e8s direct aux documents imprim\u00e9s ou aux livres\r\n\u2022 Lecteur DAISY gratuit int\u00e9gr\u00e9 et ensemble complet de manuels de formation de base au format DAISY\r\n\u2022 Fonctionne avec Microsoft Office, Google Docs, Chrome, Internet Explorer, Firefox, Edge et bien plus encore\r\n\u2022 Prend en charge Windows\u00ae 10, Windows 8.1 et Windows 7, y compris les \u00e9crans tactiles et les gestes\r\n\u2022 Prise en charge du contenu MathML pr\u00e9sent\u00e9 dans Internet Explorer rendu avec MathJax\r\n\u2022 Gagnez du temps avec Skim Reading et Text Analyzer\r\n\u2022 Recherche rapide d&rsquo;informations \u00e0 port\u00e9e de main avec Research It\r\n\u2022 Enti\u00e8rement compatible avec ZoomText, Fusion, MAGic et le logiciel de num\u00e9risation et de lecture OpenBook\r\n\r\n<hr \/>\r\n\r\n<h3>Fonctionnalit\u00e9s avanc\u00e9es:<\/h3>\r\n\u2022 JAWS Tandem Center disponible gratuitement pour vous aider avec le support et la formation\r\n\u2022 Prise en charge facultative de Tandem Direct, Citrix, Terminal Services et Remote Desktop\r\n\u2022 Langage de script puissant pour personnaliser l&rsquo;exp\u00e9rience utilisateur sur n&rsquo;importe quelle application\r\n\u2022 Inclut des pilotes pour tous les afficheurs braille populaires\r\n\u2022 Comprend des voix pour plus de 30 langues diff\u00e9rentes\r\n\u2022 Assistance kiosque disponible\r\n\r\n<hr \/>\r\n\r\n<h1>Caract\u00e9ristiques de JAWS 2023<\/h1>\r\n<h3>Smart Glance<\/h3>\r\nCoup d&rsquo;\u0153il intelligent\r\nSouvent, les d\u00e9veloppeurs de pages Web utilisent des couleurs de texte ou d&rsquo;arri\u00e8re-plan, diff\u00e9rentes polices ou certains attributs de texte pour attirer l&rsquo;attention sur le texte d&rsquo;une page. Par exemple, diff\u00e9rentes polices ou couleurs peuvent \u00eatre appliqu\u00e9es \u00e0 un texte sp\u00e9cifique faisant partie d&rsquo;un graphique ou d&rsquo;un tableau de bord pour indiquer l&rsquo;\u00e9tat d&rsquo;une option. La nouvelle fonctionnalit\u00e9 Smart Glance analyse la page et classe le contenu textuel dans l&rsquo;ordre inverse en fonction de la raret\u00e9 de sa couleur, de son attribut de texte ou de l&rsquo;utilisation de sa police sur la page. Les couleurs, les polices ou les attributs les moins utilis\u00e9s seront class\u00e9s au premier rang en tant que points d&rsquo;int\u00e9r\u00eat potentiels, appel\u00e9s surlignages.\r\nLorsqu&rsquo;une page Web se charge pour la premi\u00e8re fois, JAWS annonce d\u00e9sormais le nombre de points forts ainsi que le nombre de liens, d&rsquo;en-t\u00eates, de r\u00e9gions et de champs de formulaire. De plus, vous pouvez configurer JAWS pour qu&rsquo;il \u00e9mette un son pour indiquer un coup d&rsquo;\u0153il surlign\u00e9 lorsque vous naviguez par caract\u00e8re, mot, ligne, phrase, paragraphe ou lors de la lecture avec Say All. Si une page contient des surbrillances, les nouvelles touches rapides de navigation suivantes sont disponibles\u00a0:\r\n\r\n\u2022 Passer \u00e0 la surbrillance du coup d&rsquo;\u0153il suivant\u00a0:\u00a0O\r\n\u2022 Passer \u00e0 la surbrillance du coup d&rsquo;\u0153il pr\u00e9c\u00e9dent\u00a0: MAJ\u00a0+\u00a0Y\r\n\u2022 Afficher une liste de tous les aper\u00e7us sur la page\u00a0: INSERT+CTRL+Y\r\nDes exemples de points forts peuvent \u00eatre trouv\u00e9s sur le site Web d&rsquo;Amazon. Par exemple, si vous allez sur Amazon.com et que vous recherchez un produit, la page des r\u00e9sultats de la recherche de produits contient plusieurs aper\u00e7us pour certaines zones de la page, notamment \u00ab\u00a0R\u00e9sultats\u00a0\u00bb, \u00ab\u00a0Plus de r\u00e9sultats\u00a0\u00bb ou \u00ab\u00a0Besoin d&rsquo;aide\u00a0\u00bb. Ce texte se d\u00e9marque visuellement, mais comme il ne s&rsquo;agit pas d&rsquo;un en-t\u00eate r\u00e9el, il ne serait pas trouv\u00e9 lors de l&rsquo;utilisation de H ou SHIFT + H pour se d\u00e9placer par en-t\u00eate. Vous pouvez utiliser Y pour vous d\u00e9placer dans les points forts du regard intelligent ou afficher une liste en appuyant sur INSERT + CTRL + Y o\u00f9 vous pouvez en s\u00e9lectionner un pour vous d\u00e9placer.\r\nUn autre exemple de point culminant peut \u00eatre trouv\u00e9 sur la page d&rsquo;accueil de Freedom Scientific. Si vous appuyez sur Y, vous acc\u00e9dez directement au texte \u00ab\u00a0Appeler aujourd&rsquo;hui\u00a0\u00bb, o\u00f9 vous trouverez le num\u00e9ro de t\u00e9l\u00e9phone principal de Freedom Scientific.\r\nPour configurer les param\u00e8tres Smart Glance, ouvrez le Centre de param\u00e8tres (INSERT+6), d\u00e9veloppez le groupe Web\/HTML\/PDF, puis d\u00e9veloppez le groupe Smart Glance. Vous pouvez ensuite configurer les \u00e9l\u00e9ments suivants\u00a0:\r\n\r\n<hr \/>\r\n\r\n<h3>\u2022 Indiquer les surbrillances des regards intelligents :<\/h3>\r\nvous permet de d\u00e9terminer comment JAWS indique les surbrillances des regards. Vous pouvez choisir que JAWS annonce le nombre de surlignages lors du chargement de la page (s\u00e9lectionn\u00e9 par d\u00e9faut), vous avertisse des surlignages lorsque vous naviguez en jouant un son, indique les surlignages \u00e0 la fois lorsque la page se charge et lorsque vous naviguez, ou tournez d\u00e9sactiver toutes les indications de surbrillance.\r\n\r\n<hr \/>\r\n\r\n<h3>\u2022 Sensibilit\u00e9 :<\/h3>\r\nr\u00e9glez cette option sur \u00c9lev\u00e9e pour augmenter la sensibilit\u00e9 de d\u00e9termination d&rsquo;un coup d&rsquo;\u0153il surlign\u00e9. Avec une sensibilit\u00e9 plus \u00e9lev\u00e9e, davantage de r\u00e9sultats sont affich\u00e9s en analysant \u00e9galement des segments de texte plus petits pour des attributs de texte sp\u00e9ciaux.\r\n\r\n<hr \/>\r\n\r\n&nbsp;\r\n<h3>\u2022 Inclure des \u00e9l\u00e9ments :<\/h3>\r\nvous permet de choisir d&rsquo;inclure ou non des liens, des en-t\u00eates ou des champs de formulaire lors de l&rsquo;analyse des pages pour les surlignages. M\u00eame s&rsquo;il existe des touches de navigation rapides pour acc\u00e9der \u00e0 ces \u00e9l\u00e9ments sp\u00e9cifiques, vous pouvez les inclure afin de pouvoir utiliser une seule touche pour acc\u00e9der rapidement \u00e0 tous les \u00e9l\u00e9ments utiles de la page. Par d\u00e9faut, seuls les champs marqu\u00e9s comme non valides ou obligatoires sont inclus.\r\nVous pouvez \u00e9galement appuyer sur INSERT + V lorsque vous \u00eates sur une page Web pour ouvrir les param\u00e8tres rapides et modifier l&rsquo;option d&rsquo;indication de surbrillance Smart Glance.\r\n\r\n<hr \/>\r\n\r\n<strong>Solution pour les probl\u00e8mes audio Dell Waves Max<\/strong>\r\n\r\nDes modifications ont \u00e9t\u00e9 apport\u00e9es aux pilotes de synth\u00e8se vocale Eloquence, Vocalizer Expressive et Microsoft Mobile pour r\u00e9soudre les probl\u00e8mes d&rsquo;utilisation accrue de la m\u00e9moire caus\u00e9s par l&rsquo;audio Waves Max. Cette application est souvent utilis\u00e9e sur les ordinateurs Dell. Si vous avez pr\u00e9c\u00e9demment d\u00e9sactiv\u00e9 l&rsquo;application Waves Max pour r\u00e9soudre ces probl\u00e8mes de performances, vous pouvez maintenant la r\u00e9activer. Cela n&rsquo;est n\u00e9cessaire que si vous souhaitez que votre ordinateur commence automatiquement \u00e0 utiliser un p\u00e9riph\u00e9rique de sortie audio sp\u00e9cifique d\u00e8s que vous le connectez, tel qu&rsquo;un casque.\r\n\r\n<hr \/>\r\n\r\n<strong>Am\u00e9lioration de l&rsquo;acc\u00e8s \u00e0 l&rsquo;autorisation ILM<\/strong>\r\n\r\nL&#8217;emplacement des fichiers d&rsquo;autorisation JAWS, ZoomText et Fusion ILM a \u00e9t\u00e9 d\u00e9plac\u00e9 vers un emplacement o\u00f9 les utilisateurs n&rsquo;ont plus besoin d&rsquo;une autorisation administrative pour autoriser sur leur propre syst\u00e8me.\r\n\r\n<hr \/>\r\n\r\n<strong>Nouvelle option Tableaux uniquement pour la navigation intelligente<\/strong>\r\n\r\nLes utilisateurs sont confront\u00e9s \u00e0 un besoin accru de travailler avec des formulaires Web complexes, des tableaux et m\u00eame des applications qui s&rsquo;ex\u00e9cutent dans un navigateur Web. Notre fonctionnalit\u00e9 de navigation intelligente existante offre un moyen plus efficace de naviguer dans les applications Web avec le curseur virtuel, car les commandes GAUCHE et DROITE ou CTRL + GAUCHE et CTRL + DROITE se d\u00e9placent par contr\u00f4le au lieu de caract\u00e8res et de mots. Cela rend la navigation telle que le d\u00e9placement entre les barres d&rsquo;outils, les bandes d&rsquo;onglets et les liens de navigation plus comme la navigation dans une application de bureau. Actuellement, les diff\u00e9rentes options de ce param\u00e8tre sont Contr\u00f4les, Contr\u00f4les et tableaux ou D\u00e9sactiv\u00e9. Cela signifie que vous ne pouvez activer la navigation intelligente pour les tableaux qu&rsquo;avec les contr\u00f4les.\r\n\r\nDans JAWS et Fusion 2023, il existe d\u00e9sormais une nouvelle option Tables qui n&rsquo;active la navigation intelligente que lorsque vous vous concentrez sur une table. Vous pouvez r\u00e9gler les param\u00e8tres de navigation intelligente via l&rsquo;assistant de d\u00e9marrage, le centre de configuration ou les param\u00e8tres rapides. La nouvelle option Tableaux offre la m\u00eame exp\u00e9rience de navigation intelligente \u00e0 l&rsquo;int\u00e9rieur des tableaux que lorsqu&rsquo;elle est d\u00e9finie sur Commandes et tableaux tout en conservant notre navigation habituelle en dehors des tableaux.\r\nSi le focus est \u00e0 l&rsquo;int\u00e9rieur d&rsquo;un tableau, les touches FLECHES DROITE et GAUCHE se d\u00e9placent entre les colonnes tandis que les touches FLECHES HAUT et BAS se d\u00e9placent entre les lignes. Si vous appuyez sur la FL\u00c8CHE DROITE pour passer de la derni\u00e8re colonne de la rang\u00e9e actuelle \u00e0 la premi\u00e8re colonne de la rang\u00e9e suivante, ou sur la FL\u00c8CHE GAUCHE pour passer de la premi\u00e8re colonne de la rang\u00e9e actuelle \u00e0 la derni\u00e8re colonne de la rang\u00e9e pr\u00e9c\u00e9dente, JAWS \u00e9met un son pour indiquer la nouvelle ligne. Lorsque le focus sort du tableau, les touches FLECHE GAUCHE et DROITE ou CTRL+GAUCHE et CTRL+FLECHE DROITE se d\u00e9placent par caract\u00e8re ou mot comme elles l&rsquo;ont toujours fait.\r\n\r\n<hr \/>\r\n\r\n<h3>Prise en charge ARM64<\/h3>\r\n<strong>Important<\/strong> : JAWS ne fonctionne pas comme pr\u00e9vu sur les ordinateurs ARM64 suite \u00e0 la mise \u00e0 jour Microsoft 365 ARM64 Office du 27 octobre 2022. Reportez-vous \u00e0 ce bulletin de support technique pour plus de d\u00e9tails.\r\nLa prise en charge d&rsquo;ARM64 est d\u00e9sormais officiellement fournie dans JAWS 2023. Le programme d&rsquo;installation de JAWS 2023 reconna\u00eetra si vous utilisez un appareil dot\u00e9 d&rsquo;un processeur ARM tel que Microsoft Surface Pro X et installera automatiquement la version ARM de JAWS. La prise en charge d&rsquo;ARM pour ZoomText et Fusion arrivera \u00e0 une date ult\u00e9rieure. Voici quelques questions fr\u00e9quemment pos\u00e9es.\r\n\r\n<hr \/>\r\n\r\n<h3>Puis-je utiliser ZoomText ou Fusion sur mon appareil ARM64 ?<\/h3>\r\nNon. ARM64 n&rsquo;est actuellement pris en charge qu&rsquo;avec JAWS. ZoomText et Fusion (logiciel de grossissement) pour les utilisateurs malvoyants ne sont pas encore pris en charge.\r\n\r\n<hr \/>\r\n\r\n<h3>Quel appareil est requis ?<\/h3>\r\nUn appareil bas\u00e9 sur ARM64 qui est un ordinateur avec un processeur ARM64. Un exemple est le Microsoft Surface Pro X.\r\n\r\n<hr \/>\r\n\r\n<h3>Quel syst\u00e8me d&rsquo;exploitation est requis\u00a0?<\/h3>\r\nWindows 11 est le syst\u00e8me d&rsquo;exploitation minimum pris en charge.\r\n\r\n<hr \/>\r\n\r\n<h3>Quels appareils braille sont actuellement pris en charge\u00a0?<\/h3>\r\nPour le moment, seuls les afficheurs braille Freedom Scientific Focus sont pris en charge. Une prise en charge suppl\u00e9mentaire de l&rsquo;affichage braille sera ajout\u00e9e au fur et \u00e0 mesure que nous travaillerons avec nos partenaires tiers.\r\n\r\n<hr \/>\r\n\r\n<h3>Quels synth\u00e9tiseurs vocaux sont actuellement pris en charge\u00a0?<\/h3>\r\n\u00c0 l&rsquo;heure actuelle, les synth\u00e9tiseurs Eloquence, Vocalizer Expressive, SAPI 5x, SAPI 5x 64 bits et Microsoft Mobile sont pris en charge. Une prise en charge suppl\u00e9mentaire du synth\u00e9tiseur sera ajout\u00e9e au fur et \u00e0 mesure que nous travaillerons avec nos partenaires tiers.\r\n\r\n<hr \/>\r\n\r\n<h3>Quelles fonctionnalit\u00e9s ne sont pas disponibles actuellement\u00a0?<\/h3>\r\nLes fonctionnalit\u00e9s suivantes sont encore en cours de d\u00e9veloppement\u00a0:\r\n\u2022 Citrix \u00e0 distance\r\n\u2022 OCR pratique \u00e0 partir d&rsquo;un scanner ou d&rsquo;un appareil photo\r\n\u2022 Autorisation de dongle\r\n\r\n<hr \/>\r\n\r\n<h3>Quelles applications ne sont actuellement pas prises en charge\u00a0?<\/h3>\r\nSur les appareils ARM64, JAWS ne prend actuellement pas en charge les applications compil\u00e9es en ARM 32 bits. Pour le moment, Microsoft a encore quelques applications qui n&rsquo;ont pas encore \u00e9t\u00e9 trait\u00e9es, mais nous nous attendons \u00e0 ce que cela soit r\u00e9solu dans les futures mises \u00e0 jour de Microsoft et Freedom Scientific.\r\nVoici des exemples de ces applications\u00a0:\r\n\u2022 Messagerie Windows\r\n\u2022 Calculatrice Windows\r\n\u2022 M\u00e9t\u00e9o Windows\r\n\u2022 Actualit\u00e9s Windows\r\n\r\n<hr \/>\r\n\r\n<h3>Quelle est la version recommand\u00e9e d&rsquo;Office 365\u00a0?<\/h3>\r\nOffice 365 \u00e9tait initialement install\u00e9 sur les appareils ARM en 32 bits. Cette version 32 bits peut conna\u00eetre une certaine lenteur. Pour des performances optimales, nous vous recommandons d&rsquo;installer la derni\u00e8re version 64 bits d&rsquo;Office con\u00e7ue sp\u00e9cifiquement pour les appareils ARM64.","protected":false},"excerpt":{"rendered":"<h3>JAWS est le lecteur d&rsquo;\u00e9cran Windows le plus populaire au monde.<\/h3>","protected":false},"featured_media":1520,"comment_status":"open","ping_status":"closed","template":"","meta":[],"product_brand":[],"product_cat":[30,31],"product_tag":[],"class_list":{"0":"post-1519","1":"product","2":"type-product","3":"status-publish","4":"has-post-thumbnail","6":"product_cat-cecite","7":"product_cat-logiciels-cecite","9":"first","10":"instock","11":"taxable","12":"shipping-taxable","13":"product-type-simple"},"_links":{"self":[{"href":"https:\/\/cecitech.com\/index.php?rest_route=\/wp\/v2\/product\/1519","targetHints":{"allow":["GET"]}}],"collection":[{"href":"https:\/\/cecitech.com\/index.php?rest_route=\/wp\/v2\/product"}],"about":[{"href":"https:\/\/cecitech.com\/index.php?rest_route=\/wp\/v2\/types\/product"}],"replies":[{"embeddable":true,"href":"https:\/\/cecitech.com\/index.php?rest_route=%2Fwp%2Fv2%2Fcomments&post=1519"}],"wp:featuredmedia":[{"embeddable":true,"href":"https:\/\/cecitech.com\/index.php?rest_route=\/wp\/v2\/media\/1520"}],"wp:attachment":[{"href":"https:\/\/cecitech.com\/index.php?rest_route=%2Fwp%2Fv2%2Fmedia&parent=1519"}],"wp:term":[{"taxonomy":"product_brand","embeddable":true,"href":"https:\/\/cecitech.com\/index.php?rest_route=%2Fwp%2Fv2%2Fproduct_brand&post=1519"},{"taxonomy":"product_cat","embeddable":true,"href":"https:\/\/cecitech.com\/index.php?rest_route=%2Fwp%2Fv2%2Fproduct_cat&post=1519"},{"taxonomy":"product_tag","embeddable":true,"href":"https:\/\/cecitech.com\/index.php?rest_route=%2Fwp%2Fv2%2Fproduct_tag&post=1519"}],"curies":[{"name":"wp","href":"https:\/\/api.w.org\/{rel}","templated":true}]}}