{"id":1424,"date":"2023-05-22T08:19:30","date_gmt":"2023-05-22T13:19:30","guid":{"rendered":"https:\/\/cecitech.com\/?post_type=product&#038;p=1424"},"modified":"2023-05-22T08:19:30","modified_gmt":"2023-05-22T13:19:30","slug":"embraille-embosseuse-braille-de-viewplus","status":"publish","type":"product","link":"https:\/\/cecitech.com\/?product=embraille-embosseuse-braille-de-viewplus","title":{"rendered":"EmBraille Embosseuse Braille de ViewPlus"},"content":{"rendered":"<h1>DESCRIPTION<\/h1>\r\nLa VP EmBraille est l&#8217;embosseuse la plus abordable au monde. Compact et hautement portable avec du papier aliment\u00e9 par tracteur facile \u00e0 utiliser, le VP EmBraille est le choix parfait pour la salle de classe, les professionnels occup\u00e9s ou \u00e0 la maison.\r\n<h1>Caract\u00e9ristiques<\/h1>\r\n<h3>Gaufrage<\/h3>\r\n<ul>\r\n \t<li>Vitesse d&rsquo;impression : jusqu&rsquo;\u00e0 25 CPS<\/li>\r\n \t<li>Mode d&rsquo;impression\u00a0: recto<\/li>\r\n \t<li>R\u00e9solution tactile : 17 DPI<\/li>\r\n \t<li>Hauteurs des points graphiques tactiles : variables pour la repr\u00e9sentation des couleurs<\/li>\r\n \t<li>Hauteurs des points braille : R\u00e9glable en 3 hauteurs<\/li>\r\n<\/ul>\r\n\r\n<hr \/>\r\n\r\n<h3>Papier<\/h3>\r\n<ul>\r\n \t<li>Largeur du papier : 3 \u00e0 8,5 pouces (77 \u00e0 216 mm)<\/li>\r\n \t<li>Papier : chargeur continu feuille \u00e0 feuille<\/li>\r\n \t<li>Grammage du papier : 30 \u00e0 108 lb (50 \u00e0 175 g\/m\u00b2)<\/li>\r\n<\/ul>\r\n\r\n<hr \/>\r\n\r\n<h3>Connexion\/Compatibilit\u00e9<\/h3>\r\n<ul>\r\n \t<li>Connexion : USB (1.1, 2.0)<\/li>\r\n \t<li>Compatibilit\u00e9 : Windows 7, 8\/8.1, 10<\/li>\r\n<\/ul>\r\n\r\n<hr \/>\r\n\r\n<h3>Dimensions\/Poids<\/h3>\r\n<ul>\r\n \t<li>Hauteur : 6,25 po (159 mm)<\/li>\r\n \t<li>Largeur : 14,13 po (359 mm)<\/li>\r\n \t<li>Profondeur\u00a0: 11,2\u00a0po (285\u00a0mm)<\/li>\r\n \t<li>Poids\u00a0: 11\u00a0lb (5\u00a0kg)<\/li>\r\n<\/ul>\r\n\r\n<hr \/>\r\n\r\n<h3>Temp\u00e9rature\/Humidit\u00e9<\/h3>\r\n<ul>\r\n \t<li>Temp\u00e9rature recommand\u00e9e : 41 \u00e0 95 \u00b0F (5 \u00e0 35 \u00b0C)<\/li>\r\n \t<li>Humidit\u00e9 : 20 \u2013 80 % HR (sans condensation)<\/li>\r\n<\/ul>\r\n\r\n<hr \/>\r\n\r\n<h3>Source de courant<\/h3>\r\n<ul>\r\n \t<li>100 \u2013 120V, 220 \u2013 240V<\/li>\r\n \t<li>50\/60Hz (+\/- 3%)<\/li>\r\n \t<li>Veille : &lt;4 W Op\u00e9ration d&rsquo;estampage : &lt;85 W<\/li>\r\n<\/ul>\r\n\r\n<hr \/>\r\n\r\n<h3>MANUEL DE EmBraille : <span style=\"color: #3366ff;\"><a style=\"color: #3366ff;\" href=\"http:\/\/cecitech.com\/wp-content\/uploads\/2023\/05\/VPEmBrailleUserManual_2020Aug.pdf\">VPEmBrailleUserManual_2020Aug<\/a><\/span><\/h3>","protected":false},"excerpt":{"rendered":"<h1>EmBraille Embosseuse Braille de ViewPlus<\/h1>\r\n<ul>\r\n \t<li>25 caract\u00e8res par seconde<\/li>\r\n \t<li>Braille unilat\u00e9ral de haute qualit\u00e9<\/li>\r\n \t<li>Aliment\u00e9 par tracteur<\/li>\r\n \t<li>Graphiques tactiles de qualit\u00e9<\/li>\r\n \t<li>Logiciel de traduction et d&rsquo;\u00e9dition graphique<\/li>\r\n \t<li>Entretien sans souci<\/li>\r\n \t<li>Compatibilit\u00e9 Windows\/Mac\/Linux<\/li>\r\n \t<li>Disponible avec Bluetooth et WiFi (avec Tiger Box)<\/li>\r\n \t<li>Garantie de fabrication standard 1 \u00e0 2 ans selon la r\u00e9gion (jusqu&rsquo;\u00e0 5 ans disponibles)<\/li>\r\n<\/ul>","protected":false},"featured_media":1426,"comment_status":"open","ping_status":"closed","template":"","meta":[],"product_brand":[],"product_cat":[30,36],"product_tag":[],"class_list":{"0":"post-1424","1":"product","2":"type-product","3":"status-publish","4":"has-post-thumbnail","6":"product_cat-cecite","7":"product_cat-imprimantes-braille","9":"first","10":"instock","11":"taxable","12":"shipping-taxable","13":"product-type-simple"},"_links":{"self":[{"href":"https:\/\/cecitech.com\/index.php?rest_route=\/wp\/v2\/product\/1424","targetHints":{"allow":["GET"]}}],"collection":[{"href":"https:\/\/cecitech.com\/index.php?rest_route=\/wp\/v2\/product"}],"about":[{"href":"https:\/\/cecitech.com\/index.php?rest_route=\/wp\/v2\/types\/product"}],"replies":[{"embeddable":true,"href":"https:\/\/cecitech.com\/index.php?rest_route=%2Fwp%2Fv2%2Fcomments&post=1424"}],"wp:featuredmedia":[{"embeddable":true,"href":"https:\/\/cecitech.com\/index.php?rest_route=\/wp\/v2\/media\/1426"}],"wp:attachment":[{"href":"https:\/\/cecitech.com\/index.php?rest_route=%2Fwp%2Fv2%2Fmedia&parent=1424"}],"wp:term":[{"taxonomy":"product_brand","embeddable":true,"href":"https:\/\/cecitech.com\/index.php?rest_route=%2Fwp%2Fv2%2Fproduct_brand&post=1424"},{"taxonomy":"product_cat","embeddable":true,"href":"https:\/\/cecitech.com\/index.php?rest_route=%2Fwp%2Fv2%2Fproduct_cat&post=1424"},{"taxonomy":"product_tag","embeddable":true,"href":"https:\/\/cecitech.com\/index.php?rest_route=%2Fwp%2Fv2%2Fproduct_tag&post=1424"}],"curies":[{"name":"wp","href":"https:\/\/api.w.org\/{rel}","templated":true}]}}