{"id":1419,"date":"2023-05-22T07:49:37","date_gmt":"2023-05-22T12:49:37","guid":{"rendered":"https:\/\/cecitech.com\/?post_type=product&#038;p=1419"},"modified":"2023-05-22T07:49:37","modified_gmt":"2023-05-22T12:49:37","slug":"columbia-embosseuse-braille-de-viewplus","status":"publish","type":"product","link":"https:\/\/cecitech.com\/?product=columbia-embosseuse-braille-de-viewplus","title":{"rendered":"Columbia Embosseuse Braille de ViewPlus"},"content":{"rendered":"<h1>DESCRIPTION<\/h1>\r\nObtenez un braille rapide et fiable avec le VP Columbia 2 avec Power-Dot Braille ! Embossant \u00e0 120 CPS, cet embosseur double face vous offre le braille standard de la Biblioth\u00e8que du Congr\u00e8s avec les graphiques tactiles de la plus haute r\u00e9solution. Et pour ceux qui souhaitent un point braille extr\u00eamement solide, le NOUVEAU Power-Dot Braille est maintenant disponible !\r\n\r\n<hr \/>\r\n\r\n<h3>Nouveau \u00ab\u00a0Power-Dot Braille\u00a0\u00bb<\/h3>\r\nVisant le summum de la qualit\u00e9 braille, ViewPlus a collabor\u00e9 avec Braillo pour cr\u00e9er un point braille sur une embosseuse de bureau comme le point braille fabriqu\u00e9 par une embosseuse de production Braillo. Le r\u00e9sultat de cette collaboration est Power-Dot Braille.\r\n\r\nPower-Dot Braille fabrique les points braille les plus solides et les plus tactiles disponibles \u00e0 partir de n&rsquo;importe quel embosseur braille de bureau, tout en conservant une forme de point arrondie agr\u00e9able. Pour la premi\u00e8re fois, il est possible d&rsquo;avoir un braille de qualit\u00e9 production sur une embosseuse de bureau.\r\n\r\n<hr \/>\r\n\r\n<h3>Graphiques tactiles haute r\u00e9solution sup\u00e9rieurs<\/h3>\r\nLe VP Columbia 2 offre les graphismes tactiles de la plus haute r\u00e9solution disponibles sur une embosseuse. Avec 8 hauteurs de points diff\u00e9rentes, les utilisateurs peuvent cr\u00e9er des graphismes tactiles distincts plus facilement que les autres embosseurs. M\u00eame si les images ont des lignes qui se croisent, comme les graphiques, les lecteurs peuvent facilement distinguer les lignes et les grilles, qui peuvent \u00eatre grav\u00e9es \u00e0 diff\u00e9rentes hauteurs.\r\n\r\n<hr \/>\r\n\r\n<h3>Logiciel graphique braille et tactile inclus<\/h3>\r\nTiger Software Suite (TSS) est votre solution compl\u00e8te pour produire des graphiques en braille et tactiles. TSS facilite l&rsquo;obtention d&rsquo;une traduction braille pr\u00e9cise en quelques secondes. Ins\u00e9rez du texte et des graphiques dans des programmes familiers tels que Word et Excel et traduisez en appuyant simplement sur un bouton. TSS est id\u00e9al pour les utilisateurs de tous niveaux !\r\n\r\n<hr \/>\r\n\r\n<h3>Conception compacte et l\u00e9g\u00e8re<\/h3>\r\nEt avec un design compact et l\u00e9ger, l&#8217;embosseuse braille VP Columbia 2 s&rsquo;adapte \u00e0 n&rsquo;importe quel bureau, ce qui en fait la solution id\u00e9ale pour les \u00e9tudiants, les professionnels ou toute personne qui a besoin de graphiques braille et tactiles de haute qualit\u00e9 \u00e0 port\u00e9e de main.\r\n\r\n<hr \/>\r\n\r\n<h1>CARACT\u00c9RISTIQUES<\/h1>\r\n<h3>Gaufrage<\/h3>\r\n<ul>\r\n \t<li>Vitesse d&rsquo;impression\u00a0: jusqu&rsquo;\u00e0 120\u00a0CPS<\/li>\r\n \t<li>Mode d&rsquo;impression : recto-verso<\/li>\r\n \t<li>R\u00e9solution tactile : 100 DPI<\/li>\r\n \t<li>Hauteurs des points graphiques tactiles : 7 \u00e9tapes pour la repr\u00e9sentation des couleurs<\/li>\r\n \t<li>Hauteurs des points braille : R\u00e9glable en 3 hauteurs<\/li>\r\n \t<li>Niveau sonore : 70 db(A)<\/li>\r\n \t<li>Texte en braille \u00e0 la vol\u00e9e (comparable \u00e0 idB)<\/li>\r\n<\/ul>\r\n\r\n<hr \/>\r\n\r\n<h3>Papier<\/h3>\r\n<ul>\r\n \t<li>Largeur du papier : 7 \u00e0 12,5 pouces (176 \u00e0 325 mm)<\/li>\r\n \t<li>Papier\u00a0: continu<\/li>\r\n \t<li>Grammage du papier : 33 \u00e0 120 lb (90 \u00e0 200 g\/m\u00b2)<\/li>\r\n<\/ul>\r\n\r\n<hr \/>\r\n\r\n<h3>Connexion\/Compatibilit\u00e9<\/h3>\r\n<ul>\r\n \t<li>Connexion : USB (1.1, 2.0), Ethernet<\/li>\r\n \t<li>Compatibilit\u00e9 : Windows 7, 8\/8.1, 10<\/li>\r\n<\/ul>\r\n\r\n<hr \/>\r\n\r\n<h3>Dimensions\/Poids<\/h3>\r\n<ul>\r\n \t<li>Hauteur : 6,2 po (158 mm)<\/li>\r\n \t<li>Largeur : 21,9 po (557 mm)<\/li>\r\n \t<li>Profondeur\u00a0: 10,8\u00a0po (275\u00a0mm)<\/li>\r\n \t<li>Poids\u00a0: 19,8\u00a0lb (9\u00a0kg)<\/li>\r\n<\/ul>\r\n\r\n<hr \/>\r\n\r\n<h3>Temp\u00e9rature\/Humidit\u00e9<\/h3>\r\n<ul>\r\n \t<li>Temp\u00e9rature recommand\u00e9e : 59 \u2013 95 \u00b0F (15 \u2013 35 \u00b0C)<\/li>\r\n \t<li>Temp\u00e9rature de stockage : -4 \u2013 158 \u00b0F (-20 \u2013 70 \u00b0C)<\/li>\r\n \t<li>Humidit\u00e9 : 20 \u2013 80 % HR (sans condensation)<\/li>\r\n<\/ul>\r\n\r\n<hr \/>\r\n\r\n<h3>Source de courant<\/h3>\r\n<ul>\r\n \t<li>85 \u2013 264 VCA<\/li>\r\n \t<li>50\/60Hz (+\/- 3%)<\/li>\r\n \t<li>Veille\u00a0: 20\u00a0W<\/li>\r\n \t<li>Gaufrage lourd : 200 W<\/li>\r\n<\/ul>\r\n\r\n<hr \/>\r\n\r\n<h3>MANUEL DE COLUMBIA:<span style=\"color: #0000ff;\"> <a style=\"color: #0000ff;\" href=\"http:\/\/cecitech.com\/wp-content\/uploads\/2023\/05\/VPColumbiaUserManual_2018Jun.pdf\">VPColumbiaUserManual_2018Jun<\/a><\/span><\/h3>","protected":false},"excerpt":{"rendered":"<h1>Columbia Embosseuse Braille de ViewPlus<\/h1>\r\n<ul>\r\n \t<li>G\u00e9n\u00e9ration 2 &#8211; Power-Dot Braille &#8211; les points braille les plus forts et les plus lisibles disponibles sur une embosseuse de bureau<\/li>\r\n \t<li>120 caract\u00e8res par seconde<\/li>\r\n \t<li>Embosseur braille double face<\/li>\r\n \t<li>Graphiques tactiles \u00e0 la pointe de l&rsquo;industrie &#8211; 8 hauteurs de points pour plus de d\u00e9tails<\/li>\r\n \t<li>Papier aliment\u00e9 par tracteur \u2013 la technologie d&rsquo;alimentation en feuilles la plus fiable !<\/li>\r\n \t<li>400 PPH (format papier A4)<\/li>\r\n \t<li>Inclut Tiger Software Suite \u2013 logiciel graphique braille et tactile<\/li>\r\n \t<li>Entretien sans souci<\/li>\r\n \t<li>Compatibilit\u00e9 Windows\/Mac\/Linux<\/li>\r\n \t<li>Disponible avec Bluetooth et WiFi (avec Tiger Box)<\/li>\r\n \t<li>Garantie de fabrication standard 1 \u00e0 2 ans selon la r\u00e9gion (jusqu&rsquo;\u00e0 5 ans disponibles)<\/li>\r\n<\/ul>","protected":false},"featured_media":1421,"comment_status":"open","ping_status":"closed","template":"","meta":[],"product_brand":[],"product_cat":[30,36],"product_tag":[],"class_list":{"0":"post-1419","1":"product","2":"type-product","3":"status-publish","4":"has-post-thumbnail","6":"product_cat-cecite","7":"product_cat-imprimantes-braille","9":"first","10":"instock","11":"taxable","12":"shipping-taxable","13":"product-type-simple"},"_links":{"self":[{"href":"https:\/\/cecitech.com\/index.php?rest_route=\/wp\/v2\/product\/1419","targetHints":{"allow":["GET"]}}],"collection":[{"href":"https:\/\/cecitech.com\/index.php?rest_route=\/wp\/v2\/product"}],"about":[{"href":"https:\/\/cecitech.com\/index.php?rest_route=\/wp\/v2\/types\/product"}],"replies":[{"embeddable":true,"href":"https:\/\/cecitech.com\/index.php?rest_route=%2Fwp%2Fv2%2Fcomments&post=1419"}],"wp:featuredmedia":[{"embeddable":true,"href":"https:\/\/cecitech.com\/index.php?rest_route=\/wp\/v2\/media\/1421"}],"wp:attachment":[{"href":"https:\/\/cecitech.com\/index.php?rest_route=%2Fwp%2Fv2%2Fmedia&parent=1419"}],"wp:term":[{"taxonomy":"product_brand","embeddable":true,"href":"https:\/\/cecitech.com\/index.php?rest_route=%2Fwp%2Fv2%2Fproduct_brand&post=1419"},{"taxonomy":"product_cat","embeddable":true,"href":"https:\/\/cecitech.com\/index.php?rest_route=%2Fwp%2Fv2%2Fproduct_cat&post=1419"},{"taxonomy":"product_tag","embeddable":true,"href":"https:\/\/cecitech.com\/index.php?rest_route=%2Fwp%2Fv2%2Fproduct_tag&post=1419"}],"curies":[{"name":"wp","href":"https:\/\/api.w.org\/{rel}","templated":true}]}}