{"id":1406,"date":"2023-05-18T07:14:52","date_gmt":"2023-05-18T12:14:52","guid":{"rendered":"https:\/\/cecitech.com\/?post_type=product&#038;p=1406"},"modified":"2024-07-13T10:32:06","modified_gmt":"2024-07-13T15:32:06","slug":"elite-embosseuse-braille-de-viewplus","status":"publish","type":"product","link":"https:\/\/cecitech.com\/?product=elite-embosseuse-braille-de-viewplus","title":{"rendered":"Elite Embosseuse Braille de ViewPlus"},"content":{"rendered":"<h1 dir=\"ltr\" data-placeholder=\"Translation\">DESCRIPTION<\/h1>\r\n<p id=\"tw-target-text\" class=\"tw-data-text tw-text-large tw-ta\" dir=\"ltr\" data-placeholder=\"Translation\"><span class=\"Y2IQFc\" lang=\"fr\">Le VP Elite a \u00e9t\u00e9 con\u00e7u pour r\u00e9sister aux exigences de gaufrage les plus strictes tout en gaufrant \u00e0 200 caract\u00e8res par seconde. Avec les composants de la plus haute qualit\u00e9 disponibles, vous pouvez vous attendre \u00e0 ce que vos exigences en braille soient satisfaites de mani\u00e8re fiable et rapide.<\/span><\/p>\r\n\r\n<h1 dir=\"ltr\" data-placeholder=\"Translation\">SPECIFICATIONS<\/h1>\r\n<h3>Gaufrage<\/h3>\r\nVitesse d&rsquo;impression\u00a0: jusqu&rsquo;\u00e0 200\u00a0CPS\r\nMode d&rsquo;impression : recto-verso\r\nR\u00e9solution tactile : 20 DPI\r\nHauteurs des points graphiques tactiles : 7 \u00e9tapes pour la repr\u00e9sentation des couleurs\r\nHauteurs des points braille : R\u00e9glable en 3 hauteurs\r\n\r\n<hr \/>\r\n\r\n<h3>Papier<\/h3>\r\nLargeur du papier : 4 \u00e0 12 pouces (101 \u00e0 305 mm)\r\nPapier : alimentation continue par tracteur\r\nGrammage du papier : 30 \u00e0 140 livres (50 \u00e0 230 g\/m\u00b2)\r\n\r\n<hr \/>\r\n\r\n<h3>Connexion\/Compatibilit\u00e9<\/h3>\r\nConnexion : USB (1.1, 2.0), Ethernet\r\nCompatibilit\u00e9 : Windows 7, 8\/8.1, 10\r\n\r\n<hr \/>\r\n\r\n<h3>Dimensions\/Poids<\/h3>\r\nHauteur : 8,8 po (224 mm)\r\nLargeur : 22,3 po (569 mm)\r\nProfondeur\u00a0: 13,8\u00a0po (351\u00a0mm)\r\nPoids : 60 lb (27,2 kg)\r\n\r\n<hr \/>\r\n\r\n<h3>Temp\u00e9rature\/Humidit\u00e9<\/h3>\r\nTemp\u00e9rature recommand\u00e9e : 55 \u2013 95 \u00b0F (13 \u2013 35 \u00b0C)\r\nTemp\u00e9rature de stockage : -4 \u2013 158 \u00b0F (-20 \u2013 70 \u00b0C)\r\nHumidit\u00e9 : 20 \u2013 80 % HR (sans condensation)\r\n\r\n<hr \/>\r\n\r\n<h3>Source de courant<\/h3>\r\n85 \u2013 264 VCA\r\n50\/60Hz (+\/- 3%)\r\nVeille\u00a0: 22\u00a0W\r\nGaufrage lourd : 235 W\r\n\r\n<hr \/>\r\n\r\n<h1>InkConnect<\/h1>\r\n<span style=\"color: #ff0000;\">Ajoutez de l&rsquo;encre \u00e0 votre document avec le VP InkConnect ! Cet accessoire simple pour le VP Premier et le VP Elite offre aux coll\u00e8gues la possibilit\u00e9 de lire les devoirs c\u00f4te \u00e0 c\u00f4te \u00e0 partir du m\u00eame document sans travail suppl\u00e9mentaire requis.<\/span>\r\n\r\n<span style=\"color: #ff0000;\">Le VP InkConnect vous permet d&rsquo;ajouter de l&rsquo;encre \u00e0 vos documents braille de mani\u00e8re transparente, permettant aux lecteurs voyants de suivre. D\u00e9couvrez la vitesse et la simplicit\u00e9 des embosseuses de production \u00e0 grand volume VP Elite et VP Premier avec la technologie jet d&rsquo;encre HP. Cr\u00e9ez simplement vos documents dans des programmes Windows familiers tels que MS Word ou Excel, s\u00e9lectionnez Imprimer et vous recevez automatiquement le braille, l&rsquo;encre et les graphiques tactiles en une seule touche !<\/span>\r\n\r\n<hr \/>\r\n\r\n<h3>Brochure Elite: <span style=\"color: #3366ff;\"><a style=\"color: #3366ff;\" href=\"http:\/\/cecitech.com\/wp-content\/uploads\/2023\/05\/Elite_PS_EN_8.5x11_2023.pdf\">Elite_PS_EN_8.5x11_2023<\/a><\/span><\/h3>\r\n<h3>Brochure InkConnect: <span style=\"color: #3366ff;\"><a style=\"color: #3366ff;\" href=\"http:\/\/cecitech.com\/wp-content\/uploads\/2023\/05\/InkConnect_PS_EN_8.5x11_2023.pdf\">InkConnect_PS_EN_8.5x11_2023<\/a><\/span><\/h3>","protected":false},"excerpt":{"rendered":"<h1>Elite Embosseuse Braille de ViewPlus<\/h1>\r\n<ul>\r\n \t<li>200 caract\u00e8res par seconde<\/li>\r\n \t<li>Braille recto-verso de haute qualit\u00e9<\/li>\r\n \t<li>Graphiques tactiles \u00e0 la pointe de l&rsquo;industrie<\/li>\r\n \t<li>Papier aliment\u00e9 par tracteur<\/li>\r\n \t<li>Logiciel de traduction et d&rsquo;\u00e9dition graphique<\/li>\r\n \t<li>Entretien sans souci<\/li>\r\n \t<li>Compatibilit\u00e9 Windows\/Mac\/Linux<\/li>\r\n \t<li>Disponible avec Bluetooth et WiFi (avec Tiger Box)<\/li>\r\n \t<li>Garantie de fabrication standard 1 \u00e0 2 ans selon la r\u00e9gion (jusqu&rsquo;\u00e0 5 ans disponibles)<\/li>\r\n<\/ul>","protected":false},"featured_media":1407,"comment_status":"open","ping_status":"closed","template":"","meta":[],"product_brand":[],"product_cat":[30,36],"product_tag":[],"class_list":{"0":"post-1406","1":"product","2":"type-product","3":"status-publish","4":"has-post-thumbnail","6":"product_cat-cecite","7":"product_cat-imprimantes-braille","9":"first","10":"instock","11":"taxable","12":"shipping-taxable","13":"product-type-simple"},"_links":{"self":[{"href":"https:\/\/cecitech.com\/index.php?rest_route=\/wp\/v2\/product\/1406","targetHints":{"allow":["GET"]}}],"collection":[{"href":"https:\/\/cecitech.com\/index.php?rest_route=\/wp\/v2\/product"}],"about":[{"href":"https:\/\/cecitech.com\/index.php?rest_route=\/wp\/v2\/types\/product"}],"replies":[{"embeddable":true,"href":"https:\/\/cecitech.com\/index.php?rest_route=%2Fwp%2Fv2%2Fcomments&post=1406"}],"wp:featuredmedia":[{"embeddable":true,"href":"https:\/\/cecitech.com\/index.php?rest_route=\/wp\/v2\/media\/1407"}],"wp:attachment":[{"href":"https:\/\/cecitech.com\/index.php?rest_route=%2Fwp%2Fv2%2Fmedia&parent=1406"}],"wp:term":[{"taxonomy":"product_brand","embeddable":true,"href":"https:\/\/cecitech.com\/index.php?rest_route=%2Fwp%2Fv2%2Fproduct_brand&post=1406"},{"taxonomy":"product_cat","embeddable":true,"href":"https:\/\/cecitech.com\/index.php?rest_route=%2Fwp%2Fv2%2Fproduct_cat&post=1406"},{"taxonomy":"product_tag","embeddable":true,"href":"https:\/\/cecitech.com\/index.php?rest_route=%2Fwp%2Fv2%2Fproduct_tag&post=1406"}],"curies":[{"name":"wp","href":"https:\/\/api.w.org\/{rel}","templated":true}]}}