{"id":1325,"date":"2023-04-03T08:19:54","date_gmt":"2023-04-03T13:19:54","guid":{"rendered":"https:\/\/cecitech.com\/?post_type=product&#038;p=1325"},"modified":"2023-04-27T06:21:12","modified_gmt":"2023-04-27T11:21:12","slug":"brailliant-bi-40x-le-nouvel-afficheur-braille","status":"publish","type":"product","link":"https:\/\/cecitech.com\/?product=brailliant-bi-40x-le-nouvel-afficheur-braille","title":{"rendered":"Brailliant BI 40X le nouvel afficheur braille"},"content":{"rendered":"<h1 id=\"tw-target-text\" class=\"tw-data-text tw-text-large tw-ta\" dir=\"ltr\" data-placeholder=\"Translation\"><span class=\"Y2IQFc\" lang=\"fr\">L&rsquo;afficheur braille le plus rapide, plus puissant et tourn\u00e9 vers l&rsquo;avenir.<\/span><\/h1>\r\n<p id=\"tw-target-text\" class=\"tw-data-text tw-text-large tw-ta\" dir=\"ltr\" data-placeholder=\"Translation\"><span class=\"Y2IQFc\" lang=\"fr\">Uniquement aliment\u00e9 par la technologie sans fil Bluetooth 5, cet \u00e9cran braille \u00e0 40 cellules actualisable doublera votre vitesse d&rsquo;appariement et quadruplera votre port\u00e9e, offrant une connexion plus fiable et stable pour une exp\u00e9rience utilisateur exceptionnelle. De plus, la s\u00e9rie d&rsquo;afficheurs braille Brailliant BI X est la premi\u00e8re \u00e0 inclure la synth\u00e8se vocale, vous rapprochant d&rsquo;une sensation de prise de notes hybride.<\/span><\/p>\r\n<p id=\"tw-target-text\" class=\"tw-data-text tw-text-large tw-ta\" dir=\"ltr\" data-placeholder=\"Translation\"><span class=\"Y2IQFc\" lang=\"fr\">Avec la derni\u00e8re technologie sans fil Bluetooth 5, Brailliant BI 40X vous offre une connexion fiable \u00e0 plusieurs appareils \u00e0 la fois. De plus, la suite d&rsquo;applications KeySoft Lite est pr\u00eate \u00e0 vous offrir une exp\u00e9rience utilisateur plus intelligente et plus intuitive. En vous permettant de dire le mot sous le curseur et d&rsquo;annoncer un mot inconnu, la fonction de synth\u00e8se vocale favorise la ma\u00eetrise du braille, ce qui facilite le passage du braille non contract\u00e9 au braille contract\u00e9. Vous pouvez personnaliser le menu principal, configurer les touches du pouce, s\u00e9lectionner la table braille et r\u00e9gler la vitesse de d\u00e9filement automatique en fonction de vos pr\u00e9f\u00e9rences de lecture et maximiser votre confort.<\/span><\/p>\r\n<p id=\"tw-target-text\" class=\"tw-data-text tw-text-large tw-ta\" dir=\"ltr\" data-placeholder=\"Translation\"><span class=\"Y2IQFc\" lang=\"fr\">Les touches de pouce signature de HumanWare rendent la lecture sans effort, tandis que l&rsquo;application d&rsquo;\u00e9dition KeySoft Lite fait de la prise de notes discr\u00e8te un plaisir. Avec 32 Go de stockage interne utilisable et la traduction int\u00e9gr\u00e9e incluse assurant la compatibilit\u00e9 avec diff\u00e9rents types de fichiers, la gestion des donn\u00e9es n&rsquo;a jamais \u00e9t\u00e9 aussi simple. Une fois coupl\u00e9 avec votre lecteur d&rsquo;\u00e9cran via des connexions Bluetooth ou USB, l&rsquo;envoi par e-mail, l&rsquo;enregistrement et le transfert de documents de diff\u00e9rents types de fichiers ne pourraient pas \u00eatre plus faciles.<\/span><\/p>\r\n\r\n\r\n<hr \/>\r\n\r\n<h1 id=\"tw-target-text\" class=\"tw-data-text tw-text-large tw-ta\" dir=\"ltr\" data-placeholder=\"Translation\"><span class=\"Y2IQFc\" lang=\"fr\">Caract\u00e9ristiques <\/span><\/h1>\r\n<h3 class=\"tw-data-text tw-text-large tw-ta\" dir=\"ltr\" data-placeholder=\"Translation\"><span class=\"Y2IQFc\" lang=\"fr\">Sp\u00e9cifications fonctionnelles<\/span><\/h3>\r\n<ul>\r\n \t<li class=\"tw-data-text tw-text-large tw-ta\" dir=\"ltr\" data-placeholder=\"Translation\"><span class=\"Y2IQFc\" lang=\"fr\">Afficheur braille 40 cellules avec touches de routage du curseur <\/span><\/li>\r\n \t<li class=\"tw-data-text tw-text-large tw-ta\" dir=\"ltr\" data-placeholder=\"Translation\"><span class=\"Y2IQFc\" lang=\"fr\">Se connecte \u00e0 5 appareils Bluetooth et 1 appareil USB simultan\u00e9ment <\/span><\/li>\r\n \t<li class=\"tw-data-text tw-text-large tw-ta\" dir=\"ltr\" data-placeholder=\"Translation\"><span class=\"Y2IQFc\" lang=\"fr\">20h d&rsquo;autonomie <\/span><\/li>\r\n \t<li class=\"tw-data-text tw-text-large tw-ta\" dir=\"ltr\" data-placeholder=\"Translation\"><span class=\"Y2IQFc\" lang=\"fr\">R\u00e9veiller la fonction iOS <\/span><\/li>\r\n \t<li class=\"tw-data-text tw-text-large tw-ta\" dir=\"ltr\" data-placeholder=\"Translation\"><span class=\"Y2IQFc\" lang=\"fr\">Text-to-speech (TTS) &#8211; s&rsquo;applique uniquement aux langues du syst\u00e8me anglais, espagnol et fran\u00e7ais <\/span><\/li>\r\n \t<li class=\"tw-data-text tw-text-large tw-ta\" dir=\"ltr\" data-placeholder=\"Translation\"><span class=\"Y2IQFc\" lang=\"fr\">Connectez-vous aux biblioth\u00e8ques en ligne participantes, y compris Bookshare, NLS BARD et NFB Newsline <\/span><\/li>\r\n \t<li class=\"tw-data-text tw-text-large tw-ta\" dir=\"ltr\" data-placeholder=\"Translation\"><span class=\"Y2IQFc\" lang=\"fr\">Mode gouvernement (en option \u00e0 l&rsquo;achat) <\/span><\/li>\r\n \t<li class=\"tw-data-text tw-text-large tw-ta\" dir=\"ltr\" data-placeholder=\"Translation\"><span class=\"Y2IQFc\" lang=\"fr\">Mode examen <\/span><\/li>\r\n \t<li class=\"tw-data-text tw-text-large tw-ta\" dir=\"ltr\" data-placeholder=\"Translation\"><span class=\"Y2IQFc\" lang=\"fr\">Applications embarqu\u00e9es aliment\u00e9es par KeySoft Lite, y compris Daisy<\/span><\/li>\r\n \t<li class=\"tw-data-text tw-text-large tw-ta\" dir=\"ltr\" data-placeholder=\"Translation\"><span class=\"Y2IQFc\" lang=\"fr\">Lecture audio non prot\u00e9g\u00e9e en marguerite <\/span><\/li>\r\n \t<li class=\"tw-data-text tw-text-large tw-ta\" dir=\"ltr\" data-placeholder=\"Translation\"><span class=\"Y2IQFc\" lang=\"fr\">Lecteur de livres et \u00e9diteur<\/span><\/li>\r\n \t<li class=\"tw-data-text tw-text-large tw-ta\" dir=\"ltr\" data-placeholder=\"Translation\"><span class=\"Y2IQFc\" lang=\"fr\">Plus de 250 tables de braille linguistiques int\u00e9gr\u00e9es <\/span><\/li>\r\n \t<li class=\"tw-data-text tw-text-large tw-ta\" dir=\"ltr\" data-placeholder=\"Translation\"><span class=\"Y2IQFc\" lang=\"fr\">La compatibilit\u00e9 des fichiers inclut docx, brf, brl, txt, html et pdf <\/span><\/li>\r\n \t<li class=\"tw-data-text tw-text-large tw-ta\" dir=\"ltr\" data-placeholder=\"Translation\"><span class=\"Y2IQFc\" lang=\"fr\">Touches de pouce de signature HumanWare pour une lecture ergonomique<\/span><\/li>\r\n \t<li class=\"tw-data-text tw-text-large tw-ta\" dir=\"ltr\" data-placeholder=\"Translation\"><span class=\"Y2IQFc\" lang=\"fr\">Clavier Perkins 8 points avec 2 barres d&rsquo;espace <\/span><\/li>\r\n \t<li class=\"tw-data-text tw-text-large tw-ta\" dir=\"ltr\" data-placeholder=\"Translation\"><span class=\"Y2IQFc\" lang=\"fr\">6 touches de commande <\/span><\/li>\r\n \t<li class=\"tw-data-text tw-text-large tw-ta\" dir=\"ltr\" data-placeholder=\"Translation\"><span class=\"Y2IQFc\" lang=\"fr\">Autonomie de la batterie : 20 heures<\/span><\/li>\r\n<\/ul>\r\n<p id=\"tw-target-text\" class=\"tw-data-text tw-text-large tw-ta\" dir=\"ltr\" data-placeholder=\"Translation\"><span class=\"Y2IQFc\" lang=\"fr\">Compatibilit\u00e9 du lecteur d&rsquo;\u00e9cran avec JAWS 18 et sup\u00e9rieur, Dolphin SuperNova, NVDA, VoiceOver iOS et MAC iOS<\/span><\/p>\r\n\r\n\r\n<hr \/>\r\n\r\n<h3 id=\"tw-target-text\" class=\"tw-data-text tw-text-large tw-ta\" dir=\"ltr\" data-placeholder=\"Translation\"><span class=\"Y2IQFc\" lang=\"fr\">Applications:<\/span><\/h3>\r\n<ul>\r\n \t<li class=\"tw-data-text tw-text-large tw-ta\" dir=\"ltr\" data-placeholder=\"Translation\"><span class=\"Y2IQFc\" lang=\"fr\">Terminal <\/span><\/li>\r\n \t<li class=\"tw-data-text tw-text-large tw-ta\" dir=\"ltr\" data-placeholder=\"Translation\"><span class=\"Y2IQFc\" lang=\"fr\">\u00c9diteur\u00a0: clavier <\/span><\/li>\r\n \t<li class=\"tw-data-text tw-text-large tw-ta\" dir=\"ltr\" data-placeholder=\"Translation\"><span class=\"Y2IQFc\" lang=\"fr\">\u00c9diteur braille : KeyBrf <\/span><\/li>\r\n \t<li class=\"tw-data-text tw-text-large tw-ta\" dir=\"ltr\" data-placeholder=\"Translation\"><span class=\"Y2IQFc\" lang=\"fr\">Calculatrice\u00a0: KeyCalc <\/span><\/li>\r\n \t<li class=\"tw-data-text tw-text-large tw-ta\" dir=\"ltr\" data-placeholder=\"Translation\"><span class=\"Y2IQFc\" lang=\"fr\">Date et l&rsquo;heure <\/span><\/li>\r\n \t<li class=\"tw-data-text tw-text-large tw-ta\" dir=\"ltr\" data-placeholder=\"Translation\"><span class=\"Y2IQFc\" lang=\"fr\">Biblioth\u00e8ques en ligne <\/span><\/li>\r\n \t<li class=\"tw-data-text tw-text-large tw-ta\" dir=\"ltr\" data-placeholder=\"Translation\"><span class=\"Y2IQFc\" lang=\"fr\">Victor Lecteur<\/span><\/li>\r\n<\/ul>\r\n\r\n<hr \/>\r\n\r\n<h3 id=\"tw-target-text\" class=\"tw-data-text tw-text-large tw-ta\" dir=\"ltr\" data-placeholder=\"Translation\"><span class=\"Y2IQFc\" lang=\"fr\">Langues syst\u00e8me prises en charge (y compris la traduction du menu)\u00a0: <\/span><\/h3>\r\n<ul>\r\n \t<li class=\"tw-data-text tw-text-large tw-ta\" dir=\"ltr\" data-placeholder=\"Translation\"><span class=\"Y2IQFc\" lang=\"fr\">Anglais <\/span><\/li>\r\n \t<li class=\"tw-data-text tw-text-large tw-ta\" dir=\"ltr\" data-placeholder=\"Translation\"><span class=\"Y2IQFc\" lang=\"fr\">Fran\u00e7ais fr <\/span><\/li>\r\n \t<li class=\"tw-data-text tw-text-large tw-ta\" dir=\"ltr\" data-placeholder=\"Translation\"><span class=\"Y2IQFc\" lang=\"fr\">Ca fran\u00e7ais <\/span><\/li>\r\n \t<li class=\"tw-data-text tw-text-large tw-ta\" dir=\"ltr\" data-placeholder=\"Translation\"><span class=\"Y2IQFc\" lang=\"fr\">N\u00e9erlandais<\/span><\/li>\r\n \t<li class=\"tw-data-text tw-text-large tw-ta\" dir=\"ltr\" data-placeholder=\"Translation\"><span class=\"Y2IQFc\" lang=\"fr\">Allemand <\/span><\/li>\r\n \t<li class=\"tw-data-text tw-text-large tw-ta\" dir=\"ltr\" data-placeholder=\"Translation\"><span class=\"Y2IQFc\" lang=\"fr\">Espagnol<\/span><\/li>\r\n \t<li class=\"tw-data-text tw-text-large tw-ta\" dir=\"ltr\" data-placeholder=\"Translation\"><span class=\"Y2IQFc\" lang=\"fr\">italien <\/span><\/li>\r\n \t<li class=\"tw-data-text tw-text-large tw-ta\" dir=\"ltr\" data-placeholder=\"Translation\"><span class=\"Y2IQFc\" lang=\"fr\">slov\u00e8ne <\/span><\/li>\r\n \t<li class=\"tw-data-text tw-text-large tw-ta\" dir=\"ltr\" data-placeholder=\"Translation\"><span class=\"Y2IQFc\" lang=\"fr\">arabe<\/span><\/li>\r\n \t<li class=\"tw-data-text tw-text-large tw-ta\" dir=\"ltr\" data-placeholder=\"Translation\"><span class=\"Y2IQFc\" lang=\"fr\">su\u00e9dois <\/span><\/li>\r\n \t<li class=\"tw-data-text tw-text-large tw-ta\" dir=\"ltr\" data-placeholder=\"Translation\"><span class=\"Y2IQFc\" lang=\"fr\">norv\u00e9gien <\/span><\/li>\r\n \t<li class=\"tw-data-text tw-text-large tw-ta\" dir=\"ltr\" data-placeholder=\"Translation\"><span class=\"Y2IQFc\" lang=\"fr\">polonais<\/span><\/li>\r\n \t<li class=\"tw-data-text tw-text-large tw-ta\" dir=\"ltr\" data-placeholder=\"Translation\"><span class=\"Y2IQFc\" lang=\"fr\">tch\u00e8que <\/span><\/li>\r\n \t<li class=\"tw-data-text tw-text-large tw-ta\" dir=\"ltr\" data-placeholder=\"Translation\"><span class=\"Y2IQFc\" lang=\"fr\">Br\u00e9sil portugais<\/span><\/li>\r\n<\/ul>\r\n\r\n<hr \/>\r\n\r\n<h3 id=\"tw-target-text\" class=\"tw-data-text tw-text-large tw-ta\" dir=\"ltr\" data-placeholder=\"Translation\"><span class=\"Y2IQFc\" lang=\"fr\">Sp\u00e9cifications physiques <\/span><\/h3>\r\n<ul>\r\n \t<li class=\"tw-data-text tw-text-large tw-ta\" dir=\"ltr\" data-placeholder=\"Translation\"><span class=\"Y2IQFc\" lang=\"fr\">Poids de l&rsquo;appareil : 690 g (1,5 lb) <\/span><\/li>\r\n \t<li class=\"tw-data-text tw-text-large tw-ta\" dir=\"ltr\" data-placeholder=\"Translation\"><span class=\"Y2IQFc\" lang=\"fr\">Dimensions de l&rsquo;appareil (l x p x h) : 304 x 89 x 20 mm \/ 12\u00a0\u00bb x 3.5\u00a0\u00bb x 0.8\u00a0\u00bb <\/span><\/li>\r\n \t<li class=\"tw-data-text tw-text-large tw-ta\" dir=\"ltr\" data-placeholder=\"Translation\"><span class=\"Y2IQFc\" lang=\"fr\">Batterie non amovible<\/span><\/li>\r\n<\/ul>\r\n\r\n<hr \/>\r\n\r\n<h3 id=\"tw-target-text\" class=\"tw-data-text tw-text-large tw-ta\" dir=\"ltr\" data-placeholder=\"Translation\"><span class=\"Y2IQFc\" lang=\"fr\">Sp\u00e9cifications techniques <\/span><\/h3>\r\n<ul>\r\n \t<li class=\"tw-data-text tw-text-large tw-ta\" dir=\"ltr\" data-placeholder=\"Translation\"><span class=\"Y2IQFc\" lang=\"fr\">256 Mo de m\u00e9moire RAM <\/span><\/li>\r\n \t<li class=\"tw-data-text tw-text-large tw-ta\" dir=\"ltr\" data-placeholder=\"Translation\"><span class=\"Y2IQFc\" lang=\"fr\">32 Go de capacit\u00e9 de stockage interne pour servir de p\u00e9riph\u00e9rique de d\u00e9marrage, de micrologiciel et de stockage de donn\u00e9es <\/span><\/li>\r\n \t<li class=\"tw-data-text tw-text-large tw-ta\" dir=\"ltr\" data-placeholder=\"Translation\"><span class=\"Y2IQFc\" lang=\"fr\">Processeur Cortex\u00ae-A5 bas\u00e9 sur ARM 32 bits, 536 MHz <\/span><\/li>\r\n \t<li class=\"tw-data-text tw-text-large tw-ta\" dir=\"ltr\" data-placeholder=\"Translation\"><span class=\"Y2IQFc\" lang=\"fr\">Technologie Bluetooth 5 <\/span><\/li>\r\n \t<li class=\"tw-data-text tw-text-large tw-ta\" dir=\"ltr\" data-placeholder=\"Translation\"><span class=\"Y2IQFc\" lang=\"fr\">Codec audio avec contr\u00f4le du volume, sortie haut-parleur st\u00e9r\u00e9o 1 W et sortie casque st\u00e9r\u00e9o<\/span><\/li>\r\n \t<li class=\"tw-data-text tw-text-large tw-ta\" dir=\"ltr\" data-placeholder=\"Translation\"><span class=\"Y2IQFc\" lang=\"fr\">Microphone (actuellement inactif) <\/span><\/li>\r\n \t<li class=\"tw-data-text tw-text-large tw-ta\" dir=\"ltr\" data-placeholder=\"Translation\"><span class=\"Y2IQFc\" lang=\"fr\">Batterie Li-Ion 2500 mAh rechargeable <\/span><\/li>\r\n \t<li class=\"tw-data-text tw-text-large tw-ta\" dir=\"ltr\" data-placeholder=\"Translation\"><span class=\"Y2IQFc\" lang=\"fr\">Interface haute vitesse de p\u00e9riph\u00e9rique <\/span><\/li>\r\n \t<li class=\"tw-data-text tw-text-large tw-ta\" dir=\"ltr\" data-placeholder=\"Translation\"><span class=\"Y2IQFc\" lang=\"fr\">USB de type C pour la connexion \u00e0 un ordinateur et la recharge. <\/span><\/li>\r\n \t<li class=\"tw-data-text tw-text-large tw-ta\" dir=\"ltr\" data-placeholder=\"Translation\"><span class=\"Y2IQFc\" lang=\"fr\">H\u00f4te USB 2.0 type A pour connecter une cl\u00e9 USB externe (FAT32 et xFAT) <\/span><\/li>\r\n \t<li class=\"tw-data-text tw-text-large tw-ta\" dir=\"ltr\" data-placeholder=\"Translation\"><span class=\"Y2IQFc\" lang=\"fr\">Horloge en temps r\u00e9el <\/span><\/li>\r\n \t<li class=\"tw-data-text tw-text-large tw-ta\" dir=\"ltr\" data-placeholder=\"Translation\"><span class=\"Y2IQFc\" lang=\"fr\">Module sans fil 801.11a\/b\/g\/n\/ac pour la connectivit\u00e9 <\/span><\/li>\r\n \t<li class=\"tw-data-text tw-text-large tw-ta\" dir=\"ltr\" data-placeholder=\"Translation\"><span class=\"Y2IQFc\" lang=\"fr\">Wi\u2013Fi (2,4 GHz et 5 GHz) et Bluetooth 5.0 <\/span><\/li>\r\n \t<li class=\"tw-data-text tw-text-large tw-ta\" dir=\"ltr\" data-placeholder=\"Translation\"><span class=\"Y2IQFc\" lang=\"fr\">Moteur vibrant pour retour haptique<\/span><\/li>\r\n<\/ul>\r\n\r\n<hr \/>\r\n\r\n<h3 id=\"tw-target-text\" class=\"tw-data-text tw-text-large tw-ta\" dir=\"ltr\" data-placeholder=\"Translation\"><span class=\"Y2IQFc\" lang=\"fr\">Garantie<\/span><\/h3>\r\n<ul>\r\n \t<li class=\"tw-data-text tw-text-large tw-ta\" dir=\"ltr\" data-placeholder=\"Translation\"><span class=\"Y2IQFc\" lang=\"fr\">2 \u2013 ans de garantie<\/span><\/li>\r\n<\/ul>\r\n\r\n<hr \/>\r\n\r\n&nbsp;","protected":false},"excerpt":{"rendered":"<h1 dir=\"ltr\" data-placeholder=\"Translation\">Brailliant BI 40X le nouvel afficheur braille<\/h1>\r\n<h3 id=\"tw-target-text\" class=\"tw-data-text tw-text-large tw-ta\" dir=\"ltr\" data-placeholder=\"Translation\"><span class=\"Y2IQFc\" lang=\"fr\">Accordez-vous la priorit\u00e9 \u00e0 la connectivit\u00e9 et \u00e0 la productivit\u00e9 ? Le Brailliant BI 40X pr\u00eat pour l&rsquo;avenir est con\u00e7u pour ceux qui veulent accomplir les deux dans un seul appareil.<\/span><\/h3>","protected":false},"featured_media":1326,"comment_status":"open","ping_status":"closed","template":"","meta":[],"product_brand":[],"product_cat":[32,30],"product_tag":[],"class_list":{"0":"post-1325","1":"product","2":"type-product","3":"status-publish","4":"has-post-thumbnail","6":"product_cat-afficheur-braille","7":"product_cat-cecite","9":"first","10":"instock","11":"taxable","12":"shipping-taxable","13":"product-type-simple"},"_links":{"self":[{"href":"https:\/\/cecitech.com\/index.php?rest_route=\/wp\/v2\/product\/1325","targetHints":{"allow":["GET"]}}],"collection":[{"href":"https:\/\/cecitech.com\/index.php?rest_route=\/wp\/v2\/product"}],"about":[{"href":"https:\/\/cecitech.com\/index.php?rest_route=\/wp\/v2\/types\/product"}],"replies":[{"embeddable":true,"href":"https:\/\/cecitech.com\/index.php?rest_route=%2Fwp%2Fv2%2Fcomments&post=1325"}],"wp:featuredmedia":[{"embeddable":true,"href":"https:\/\/cecitech.com\/index.php?rest_route=\/wp\/v2\/media\/1326"}],"wp:attachment":[{"href":"https:\/\/cecitech.com\/index.php?rest_route=%2Fwp%2Fv2%2Fmedia&parent=1325"}],"wp:term":[{"taxonomy":"product_brand","embeddable":true,"href":"https:\/\/cecitech.com\/index.php?rest_route=%2Fwp%2Fv2%2Fproduct_brand&post=1325"},{"taxonomy":"product_cat","embeddable":true,"href":"https:\/\/cecitech.com\/index.php?rest_route=%2Fwp%2Fv2%2Fproduct_cat&post=1325"},{"taxonomy":"product_tag","embeddable":true,"href":"https:\/\/cecitech.com\/index.php?rest_route=%2Fwp%2Fv2%2Fproduct_tag&post=1325"}],"curies":[{"name":"wp","href":"https:\/\/api.w.org\/{rel}","templated":true}]}}