{"id":1284,"date":"2023-03-18T05:56:39","date_gmt":"2023-03-18T10:56:39","guid":{"rendered":"https:\/\/cecitech.com\/?post_type=product&#038;p=1284"},"modified":"2023-04-26T08:18:45","modified_gmt":"2023-04-26T13:18:45","slug":"fusion-home-pro-internationale-sma","status":"publish","type":"product","link":"https:\/\/cecitech.com\/?product=fusion-home-pro-internationale-sma","title":{"rendered":"Fusion Home \/ Pro (Internationale) +SMA"},"content":{"rendered":"<h1><span class=\"Y2IQFc\" lang=\"fr\">Fusion est disponible en deux versions : <\/span><strong><span class=\"Y2IQFc\" lang=\"fr\">Professional et Home. <\/span><\/strong><\/h1>\r\n<h3 class=\"tw-data-text tw-text-large tw-ta\" dir=\"ltr\" data-placeholder=\"Translation\"><strong><span class=\"Y2IQFc\" lang=\"fr\">Une licence professionnelle est utilis\u00e9e par les \u00e9coles, les entreprises et d&rsquo;autres organisations. La version Home \u2013 \u00e0 usage non commercial \u2013 est conc\u00e9d\u00e9e sous licence aux particuliers pour une utilisation sur leur ordinateur personnel.<\/span><\/strong><\/h3>\r\n<h4>Cette version inclut un contrat de maintenance logiciel (SMA).\u00a0\u00c0 l\u2019achat d\u2019un SMA, vous b\u00e9n\u00e9ficierez de notre assistance technique prioritaire et des deux mise \u00e0 niveau futures qui vous seront automatiquement fournies.<\/h4>\r\n<h4><strong>Con\u00e7u pour les utilisateurs ayant une perte de vision progressive ou avanc\u00e9e.\u00a0<\/strong><\/h4>\r\n<h4>Fusion Home ou Fusion Pro offrent les fonctionnalit\u00e9s et les avantages de Magnifier\/Reader, ainsi qu&rsquo;un lecteur d&rsquo;\u00e9cran complet. Fusion est la solution id\u00e9ale pour les personnes qui, au fil du temps, cherchent \u00e0 obtenir une transition parfaite et plus s\u00fbre entre l\u2019agrandissement et la lecture compl\u00e8te de l&rsquo;\u00e9cran. Fusion grandit avec vous, vous assurant de pouvoir toujours utiliser votre ordinateur.<\/h4>\r\n\r\n<hr \/>\r\n\r\n<h1>Fonctionnalit\u00e9s<\/h1>\r\n<h3><strong>Configuration requise pour Fusion Pro et Fusion Home<\/strong><\/h3>\r\n<ul>\r\n \t<li>\r\n<h4>Windows\u00ae 10, Windows 8.1, Windows 7 Service Pack 1<\/h4>\r\n<\/li>\r\n \t<li>\r\n<h4>Processeur: Processeur minimum 2.0 GHz i3 dual core ou similaire. i5 ou i7 recommand\u00e9.<\/h4>\r\n<\/li>\r\n \t<li>\r\n<h4>M\u00e9moire vive: 4\u00a0Go de RAM (8Go ou plus recommand\u00e9s)<\/h4>\r\n<\/li>\r\n \t<li>\r\n<h4>Espace disque dur: 2,1 Go. Lecteur SSD recommand\u00e9<\/h4>\r\n<h4><strong>Remarque<\/strong>: apr\u00e8s l&rsquo;installation de Fusion, vous pouvez r\u00e9duire l&rsquo;utilisation de l&rsquo;espace disque en d\u00e9sinstallant les voix inutiles.<\/h4>\r\n<\/li>\r\n \t<li>\r\n<h4>Carte graphique supportant DirectX 10 ou sup\u00e9rieur<\/h4>\r\n<\/li>\r\n \t<li>\r\n<h4>\u00c9cran 5-points multi-touch pour support de p\u00e9riph\u00e9riques tactiles<\/h4>\r\n<\/li>\r\n<\/ul>","protected":false},"excerpt":{"rendered":"<h1>Fusion Home \/ Pro (Internationale) +SMA<\/h1>\r\n<h3>Disponible avec ou sans SMA (<strong> contrat de maintenance logiciel).<\/strong><\/h3>","protected":false},"featured_media":1285,"comment_status":"open","ping_status":"closed","template":"","meta":[],"product_brand":[],"product_cat":[33,30,39,31],"product_tag":[],"class_list":{"0":"post-1284","1":"product","2":"type-product","3":"status-publish","4":"has-post-thumbnail","6":"product_cat-basse-vision","7":"product_cat-cecite","8":"product_cat-logiciel","9":"product_cat-logiciels-cecite","11":"first","12":"instock","13":"taxable","14":"shipping-taxable","15":"product-type-simple"},"_links":{"self":[{"href":"https:\/\/cecitech.com\/index.php?rest_route=\/wp\/v2\/product\/1284","targetHints":{"allow":["GET"]}}],"collection":[{"href":"https:\/\/cecitech.com\/index.php?rest_route=\/wp\/v2\/product"}],"about":[{"href":"https:\/\/cecitech.com\/index.php?rest_route=\/wp\/v2\/types\/product"}],"replies":[{"embeddable":true,"href":"https:\/\/cecitech.com\/index.php?rest_route=%2Fwp%2Fv2%2Fcomments&post=1284"}],"wp:featuredmedia":[{"embeddable":true,"href":"https:\/\/cecitech.com\/index.php?rest_route=\/wp\/v2\/media\/1285"}],"wp:attachment":[{"href":"https:\/\/cecitech.com\/index.php?rest_route=%2Fwp%2Fv2%2Fmedia&parent=1284"}],"wp:term":[{"taxonomy":"product_brand","embeddable":true,"href":"https:\/\/cecitech.com\/index.php?rest_route=%2Fwp%2Fv2%2Fproduct_brand&post=1284"},{"taxonomy":"product_cat","embeddable":true,"href":"https:\/\/cecitech.com\/index.php?rest_route=%2Fwp%2Fv2%2Fproduct_cat&post=1284"},{"taxonomy":"product_tag","embeddable":true,"href":"https:\/\/cecitech.com\/index.php?rest_route=%2Fwp%2Fv2%2Fproduct_tag&post=1284"}],"curies":[{"name":"wp","href":"https:\/\/api.w.org\/{rel}","templated":true}]}}