{"id":1280,"date":"2023-03-15T03:45:37","date_gmt":"2023-03-15T08:45:37","guid":{"rendered":"https:\/\/cecitech.com\/?post_type=product&#038;p=1280"},"modified":"2023-04-26T08:14:42","modified_gmt":"2023-04-26T13:14:42","slug":"senseplayer-hims-beaucoup-plus-quun-lecteur-multimedia","status":"publish","type":"product","link":"https:\/\/cecitech.com\/?product=senseplayer-hims-beaucoup-plus-quun-lecteur-multimedia","title":{"rendered":"SensePlayer HIMS beaucoup plus qu&rsquo;un lecteur multim\u00e9dia"},"content":{"rendered":"<h1 id=\"tw-target-text\" class=\"tw-data-text tw-text-large tw-ta\" dir=\"ltr\" data-placeholder=\"Translation\"><span class=\"Y2IQFc\" lang=\"fr\">Attendez-vous \u00e0 beaucoup plus avec le SensePlayer de HIMS.<\/span><\/h1>\r\n<h4 id=\"tw-target-text\" class=\"tw-data-text tw-text-large tw-ta\" dir=\"ltr\" data-placeholder=\"Translation\"><span class=\"Y2IQFc\" lang=\"fr\">Le SensePlayer est plus qu&rsquo;un simple lecteur multim\u00e9dia. Lisez vos documents et medias pr\u00e9f\u00e9r\u00e9s \u00e0 partir d&rsquo;une grande vari\u00e9t\u00e9 de types de fichiers pris en charge \u00e0 l&rsquo;aide du clavier tactile qui tient confortablement dans la paume de votre main. Acc\u00e9dez \u00e0 la radio Web, t\u00e9l\u00e9chargez des livres, effectuez des enregistrements haute fid\u00e9lit\u00e9, connectez et contr\u00f4lez votre appareil mobile, et bien plus encore.<\/span><\/h4>\r\n\r\n<hr \/>\r\n\r\n<h1>Petit en taille, grand en fonctionnalit\u00e9s!<\/h1>\r\n<h4 id=\"tw-target-text\" class=\"tw-data-text tw-text-large tw-ta\" dir=\"ltr\" data-placeholder=\"Translation\"><span class=\"Y2IQFc\" lang=\"fr\"><strong>1-Multim\u00e9dia et lecteur de livres: <\/strong>Peut lire et lire une vari\u00e9t\u00e9 de types de fichiers, y compris TXT, RTF, HTML, HTM, XML, DOC, DOCX, PDF, EPUB, MP3, MP4, WAV, WMA, WMV, OGG, ASF, AAC, AVI, FLAC, 3GP , MPG, M4A, texte et audio DAISY, et plus encore.<\/span><\/h4>\r\n<h4 id=\"tw-target-text\" class=\"tw-data-text tw-text-large tw-ta\" dir=\"ltr\" data-placeholder=\"Translation\"><span class=\"Y2IQFc\" lang=\"fr\"><strong>2-Son am\u00e9lior\u00e9:<\/strong> Les haut-parleurs st\u00e9r\u00e9o de 1,5 watt sp\u00e9cialement r\u00e9gl\u00e9s offrent une exp\u00e9rience d&rsquo;\u00e9coute am\u00e9lior\u00e9e, que vous lisiez un livre, jouez de la musique ou \u00e9coutiez un podcast.<\/span><\/h4>\r\n<h4 id=\"tw-target-text\" class=\"tw-data-text tw-text-large tw-ta\" dir=\"ltr\" data-placeholder=\"Translation\"><span class=\"Y2IQFc\" lang=\"fr\"><strong>3-Connexion intelligente:<\/strong> Fonctionnalit\u00e9 unique qui vous permet d&rsquo;utiliser SensePlayer comme un clavier Bluetooth tactile et une t\u00e9l\u00e9commande pour votre appareil mobile Apple ou Android. Vous pouvez \u00e9galement \u00e9ventuellement envoyer l&rsquo;audio de votre smartphone via Bluetooth au SensePlayer.<\/span><\/h4>\r\n<h4 id=\"tw-target-text\" class=\"tw-data-text tw-text-large tw-ta\" dir=\"ltr\" data-placeholder=\"Translation\"><span class=\"Y2IQFc\" lang=\"fr\"><strong>4-Wifi: <\/strong>Utilisez le Wi-Fi int\u00e9gr\u00e9 pour acc\u00e9der aux services de recherche et de t\u00e9l\u00e9chargement de livres en ligne, aux podcasts, \u00e0 la radio Internet et plus encore.<\/span><\/h4>\r\n<h4 id=\"tw-target-text\" class=\"tw-data-text tw-text-large tw-ta\" dir=\"ltr\" data-placeholder=\"Translation\"><span class=\"Y2IQFc\" lang=\"fr\"><strong>5-Enregistrement de haute qualit\u00e9: <\/strong>Enregistrez un son de haute qualit\u00e9 \u00e0 partir des microphones st\u00e9r\u00e9o internes ou d&rsquo;une source audio plug and play USB.<\/span><\/h4>\r\n<h4 id=\"tw-target-text\" class=\"tw-data-text tw-text-large tw-ta\" dir=\"ltr\" data-placeholder=\"Translation\"><span class=\"Y2IQFc\" lang=\"fr\"><strong>6-Applications:<\/strong> Gestionnaire de fichiers, lecteur multim\u00e9dia, lecteur DAISY, lecteur de documents, radio FM, OCR (en option), radio Web, podcasts, services de biblioth\u00e8que, enregistreur vocal, lecteur de couleurs, m\u00e9mo, calculatrice, alarme, chronom\u00e8tre et compte \u00e0 rebours, et autres utilitaires et param\u00e8tres.<\/span><\/h4>\r\n<h4 id=\"tw-target-text\" class=\"tw-data-text tw-text-large tw-ta\" dir=\"ltr\" data-placeholder=\"Translation\"><span class=\"Y2IQFc\" lang=\"fr\"><strong>7-ROC (facultatif): <\/strong>La cam\u00e9ra \u00e0 mise au point automatique int\u00e9gr\u00e9e garantit une image de haute qualit\u00e9 pour une capture et une lecture pr\u00e9cises des menus de restaurant, des articles de magazines, des livres de biblioth\u00e8que, etc., le tout en appuyant sur un seul bouton.<\/span><\/h4>\r\n\r\n<hr \/>\r\n\r\n<h1><span class=\"Y2IQFc\" lang=\"fr\">Caract\u00e9ristiques<\/span><\/h1>\r\n<h3 class=\"tw-data-text tw-text-large tw-ta\" dir=\"ltr\" data-placeholder=\"Translation\"><span class=\"Y2IQFc\" lang=\"fr\">Sp\u00e9cifications g\u00e9n\u00e9rales <\/span><\/h3>\r\n<ul>\r\n \t<li class=\"tw-data-text tw-text-large tw-ta\" dir=\"ltr\" data-placeholder=\"Translation\">\r\n<h4><span class=\"Y2IQFc\" lang=\"fr\">Stockage : 64 GB (43 GB disponibles pour l&rsquo;utilisateur)<\/span><\/h4>\r\n<\/li>\r\n \t<li class=\"tw-data-text tw-text-large tw-ta\" dir=\"ltr\" data-placeholder=\"Translation\">\r\n<h4><span class=\"Y2IQFc\" lang=\"fr\">Prise en charge de la carte micro SD jusqu&rsquo;\u00e0 256 GB <\/span><\/h4>\r\n<\/li>\r\n \t<li class=\"tw-data-text tw-text-large tw-ta\" dir=\"ltr\" data-placeholder=\"Translation\">\r\n<h4><span class=\"Y2IQFc\" lang=\"fr\">Wi-Fi, double bande (2,4 GHz et 5 GHz) <\/span><\/h4>\r\n<\/li>\r\n \t<li class=\"tw-data-text tw-text-large tw-ta\" dir=\"ltr\" data-placeholder=\"Translation\">\r\n<h4><span class=\"Y2IQFc\" lang=\"fr\">Bluetooth 5.0 pour l&rsquo;\u00e9coute audio et Smart Connect <\/span><\/h4>\r\n<\/li>\r\n \t<li class=\"tw-data-text tw-text-large tw-ta\" dir=\"ltr\" data-placeholder=\"Translation\">\r\n<h4><span class=\"Y2IQFc\" lang=\"fr\">Radio FM 65 ~ 108 MHz avec pas de 50 kHz <\/span><\/h4>\r\n<\/li>\r\n \t<li class=\"tw-data-text tw-text-large tw-ta\" dir=\"ltr\" data-placeholder=\"Translation\">\r\n<h4><span class=\"Y2IQFc\" lang=\"fr\">USB Type-C pour le chargement et le transfert de donn\u00e9es <\/span><\/h4>\r\n<\/li>\r\n \t<li class=\"tw-data-text tw-text-large tw-ta\" dir=\"ltr\" data-placeholder=\"Translation\">\r\n<h4><span class=\"Y2IQFc\" lang=\"fr\">Retour haptique<\/span><\/h4>\r\n<\/li>\r\n<\/ul>\r\n<h3 id=\"tw-target-text\" class=\"tw-data-text tw-text-large tw-ta\" dir=\"ltr\" data-placeholder=\"Translation\"><span class=\"Y2IQFc\" lang=\"fr\"><strong>Taille et poids<\/strong> <\/span><\/h3>\r\n<ul>\r\n \t<li class=\"tw-data-text tw-text-large tw-ta\" dir=\"ltr\" data-placeholder=\"Translation\">\r\n<h4><span class=\"Y2IQFc\" lang=\"fr\">Environ. 5,12 x 0,57 x 2,52 pouces <\/span><\/h4>\r\n<\/li>\r\n \t<li class=\"tw-data-text tw-text-large tw-ta\" dir=\"ltr\" data-placeholder=\"Translation\">\r\n<h4><span class=\"Y2IQFc\" lang=\"fr\">Environ. 0,31 lb<\/span><\/h4>\r\n<\/li>\r\n<\/ul>\r\n<h3 id=\"tw-target-text\" class=\"tw-data-text tw-text-large tw-ta\" dir=\"ltr\" data-placeholder=\"Translation\"><span class=\"Y2IQFc\" lang=\"fr\">l&rsquo;audio <\/span><\/h3>\r\n<ul>\r\n \t<li class=\"tw-data-text tw-text-large tw-ta\" dir=\"ltr\" data-placeholder=\"Translation\">\r\n<h4><span class=\"Y2IQFc\" lang=\"fr\">Enceinte st\u00e9r\u00e9o (1,5 watt) <\/span><\/h4>\r\n<\/li>\r\n \t<li class=\"tw-data-text tw-text-large tw-ta\" dir=\"ltr\" data-placeholder=\"Translation\">\r\n<h4><span class=\"Y2IQFc\" lang=\"fr\">Microphone \u00e0 condensateur st\u00e9r\u00e9o <\/span><\/h4>\r\n<\/li>\r\n \t<li class=\"tw-data-text tw-text-large tw-ta\" dir=\"ltr\" data-placeholder=\"Translation\">\r\n<h4><span class=\"Y2IQFc\" lang=\"fr\">Prise pour \u00e9couteurs \u00e0 4 p\u00f4les<\/span><\/h4>\r\n<\/li>\r\n \t<li class=\"tw-data-text tw-text-large tw-ta\" dir=\"ltr\" data-placeholder=\"Translation\">\r\n<h4><span class=\"Y2IQFc\" lang=\"fr\">Prise en charge des p\u00e9riph\u00e9riques audio plug and play <\/span><span class=\"Y2IQFc\" lang=\"fr\">USB via USB C<\/span><\/h4>\r\n<\/li>\r\n<\/ul>\r\n<h3 id=\"tw-target-text\" class=\"tw-data-text tw-text-large tw-ta\" dir=\"ltr\" data-placeholder=\"Translation\"><span class=\"Y2IQFc\" lang=\"fr\">Batterie et charge<\/span><\/h3>\r\n<ul>\r\n \t<li class=\"tw-data-text tw-text-large tw-ta\" dir=\"ltr\" data-placeholder=\"Translation\">\r\n<h4><span class=\"Y2IQFc\" lang=\"fr\">Li-polym\u00e8re rechargeable rempla\u00e7able par l&rsquo;utilisateur 3.8V 2300mAh (8.74Wh) <\/span><\/h4>\r\n<\/li>\r\n \t<li class=\"tw-data-text tw-text-large tw-ta\" dir=\"ltr\" data-placeholder=\"Translation\">\r\n<h4><span class=\"Y2IQFc\" lang=\"fr\">Chargement via adaptateur secteur USB ou ordinateur jusqu&rsquo;\u00e0 5V 2A<\/span><\/h4>\r\n<\/li>\r\n<\/ul>\r\n\r\n<hr \/>\r\n\r\n<h3>T<span class=\"Y2IQFc\" lang=\"fr\">\u00e9<\/span>l<span class=\"Y2IQFc\" lang=\"fr\">\u00e9<\/span>charger le Manuel: <span style=\"color: #3366ff;\"><a style=\"color: #3366ff;\" href=\"http:\/\/cecitech.com\/wp-content\/uploads\/2023\/03\/manuel-SensePlayer.pdf\">manuel-SensePlayer<\/a><\/span><\/h3>\r\n\r\n<hr \/>\r\n\r\n&nbsp;\r\n\r\n<iframe loading=\"lazy\" title=\"SensePlayer Lecteur Daisy   Comment Utiliser Votre Nouvel Appareil Accessible\" width=\"1140\" height=\"641\" src=\"https:\/\/www.youtube.com\/embed\/Zzn7Hre9knk?feature=oembed\" frameborder=\"0\" allow=\"accelerometer; autoplay; clipboard-write; encrypted-media; gyroscope; picture-in-picture; web-share\" allowfullscreen><\/iframe>\r\n\r\n&nbsp;\r\n\r\n<iframe loading=\"lazy\" title=\"Lecteur Daisy : SensePlayer Pour Personnes Aveugles\" width=\"1140\" height=\"641\" src=\"https:\/\/www.youtube.com\/embed\/LXLK_lVdFC0?feature=oembed\" frameborder=\"0\" allow=\"accelerometer; autoplay; clipboard-write; encrypted-media; gyroscope; picture-in-picture; web-share\" allowfullscreen><\/iframe>","protected":false},"excerpt":{"rendered":"<h1>SensePlayer HIMS beaucoup plus qu&rsquo;un lecteur multim\u00e9dia<\/h1>","protected":false},"featured_media":1282,"comment_status":"open","ping_status":"closed","template":"","meta":[],"product_brand":[],"product_cat":[52],"product_tag":[],"class_list":{"0":"post-1280","1":"product","2":"type-product","3":"status-publish","4":"has-post-thumbnail","6":"product_cat-vie-quotidienne","8":"first","9":"instock","10":"taxable","11":"shipping-taxable","12":"product-type-simple"},"_links":{"self":[{"href":"https:\/\/cecitech.com\/index.php?rest_route=\/wp\/v2\/product\/1280","targetHints":{"allow":["GET"]}}],"collection":[{"href":"https:\/\/cecitech.com\/index.php?rest_route=\/wp\/v2\/product"}],"about":[{"href":"https:\/\/cecitech.com\/index.php?rest_route=\/wp\/v2\/types\/product"}],"replies":[{"embeddable":true,"href":"https:\/\/cecitech.com\/index.php?rest_route=%2Fwp%2Fv2%2Fcomments&post=1280"}],"wp:featuredmedia":[{"embeddable":true,"href":"https:\/\/cecitech.com\/index.php?rest_route=\/wp\/v2\/media\/1282"}],"wp:attachment":[{"href":"https:\/\/cecitech.com\/index.php?rest_route=%2Fwp%2Fv2%2Fmedia&parent=1280"}],"wp:term":[{"taxonomy":"product_brand","embeddable":true,"href":"https:\/\/cecitech.com\/index.php?rest_route=%2Fwp%2Fv2%2Fproduct_brand&post=1280"},{"taxonomy":"product_cat","embeddable":true,"href":"https:\/\/cecitech.com\/index.php?rest_route=%2Fwp%2Fv2%2Fproduct_cat&post=1280"},{"taxonomy":"product_tag","embeddable":true,"href":"https:\/\/cecitech.com\/index.php?rest_route=%2Fwp%2Fv2%2Fproduct_tag&post=1280"}],"curies":[{"name":"wp","href":"https:\/\/api.w.org\/{rel}","templated":true}]}}