{"id":1274,"date":"2023-03-13T09:59:52","date_gmt":"2023-03-13T14:59:52","guid":{"rendered":"https:\/\/cecitech.com\/?post_type=product&#038;p=1274"},"modified":"2023-04-26T08:01:28","modified_gmt":"2023-04-26T13:01:28","slug":"milestone-312-ace-lassistant-intelligent-un-ordinateur-de-poche","status":"publish","type":"product","link":"https:\/\/cecitech.com\/?product=milestone-312-ace-lassistant-intelligent-un-ordinateur-de-poche","title":{"rendered":"Milestone 312 Ace L&rsquo;assistant intelligent!\u00a0Un ordinateur de poche"},"content":{"rendered":"<h1 id=\"tw-target-text\" class=\"tw-data-text tw-text-large tw-ta\" dir=\"ltr\" data-placeholder=\"Translation\"><span class=\"Y2IQFc\" lang=\"fr\">Milestone 312 Ace L&rsquo;assistant intelligent! <\/span><\/h1>\r\n<h4 class=\"tw-data-text tw-text-large tw-ta\" dir=\"ltr\" data-placeholder=\"Translation\"><span class=\"Y2IQFc\" lang=\"fr\">Notre <strong>chef-d&rsquo;\u0153uvre<\/strong> combine toutes les applications dont vous avez besoin pour <strong>organiser votre vie quotidienne<\/strong> et vous divertir parfaitement. C&rsquo;est pourquoi le Milestone 312 Ace a <strong>une grande base de fans dans le monde entier.<\/strong> L&rsquo;<strong>ordinateur de poche<\/strong> int\u00e8gre un <strong>enregistreur vocal, un lecteur de musique, un lecteur de texte, un lecteur de livre parl\u00e9, une radio, des jeux, une horloge, une alarme, un calendrier<\/strong> et bien plus encore. Cette fonctionnalit\u00e9 puissante est int\u00e9gr\u00e9e dans le bo\u00eetier populaire Milestone de la taille d&rsquo;une carte de cr\u00e9dit. Cela fait du Milestone 312 Ace <strong>votre parfait compagnon multifonctionnel.<\/strong> La <strong>grande m\u00e9moire interne de 12 GB<\/strong> peut \u00eatre \u00e9tendue <strong>de 32 GB suppl\u00e9mentaires avec une carte m\u00e9moire SD externe<\/strong> pour stocker tous vos livres, musiques et enregistrements.<\/span><\/h4>\r\n<h4 id=\"tw-target-text\" class=\"tw-data-text tw-text-large tw-ta\" dir=\"ltr\" data-placeholder=\"Translation\"><span class=\"Y2IQFc\" lang=\"fr\">Chacun de nous est diff\u00e9rent. C&rsquo;est pourquoi le Milestone 312 Ace propose une <strong>large gamme de personnalisation<\/strong> pour <strong>s&rsquo;adapter parfaitement \u00e0 vos besoins.<\/strong> Un exemple est <strong>la synth\u00e8se vocale de haute qualit\u00e9 d&rsquo;Acapela.<\/strong> Vous d\u00e9cidez avec quelle voix Milestone parle et quelle est la meilleure vitesse de conversation. Un autre exemple sont les<strong> applications principales sur l&rsquo;appareil : Ajoutez de nouvelles applications \u00e0 votre Milestone 312 ou d\u00e9sactivez les applications dont vous n&rsquo;avez pas besoin.<\/strong>\u00a0<\/span><\/h4>\r\n<h4 id=\"tw-target-text\" class=\"tw-data-text tw-text-large tw-ta\" dir=\"ltr\" data-placeholder=\"Translation\"><span class=\"Y2IQFc\" lang=\"fr\">Tu veux plus? Avec nos <strong>modules compl\u00e9mentaires,<\/strong> vous recevez des applications que vous n&rsquo;obtenez g\u00e9n\u00e9ralement que dans un gadget autonome sp\u00e9cialis\u00e9.<strong> Lecteur couleur<\/strong> : Milestone 312 Ace est compatible avec le lecteur couleur \u00ab\u00a0Fame\u00a0\u00bb. En le connectant \u00e0 Milestone Fame reconna\u00eet les couleurs, les structures et les sources lumineuses.\u00a0 <strong>Lecteur de code-barres<\/strong> : Avec l&rsquo;Add-On \u00ab\u00a0Woodscan\u00a0\u00bb, votre Milestone 312 Ace devient <strong>une aide \u00e0 l&rsquo;achat<\/strong>, qui identifie plus de 60 millions de produits.\u00a0<\/span><\/h4>\r\n\r\n<hr \/>\r\n\r\n<h1 id=\"tw-target-text\" class=\"tw-data-text tw-text-large tw-ta\" dir=\"ltr\" data-placeholder=\"Translation\"><span class=\"Y2IQFc\" lang=\"fr\">Sp\u00e9cifications.<\/span><\/h1>\r\n<ul>\r\n \t<li class=\"tw-data-text tw-text-large tw-ta\" dir=\"ltr\" data-placeholder=\"Translation\">\r\n<h4><span class=\"Y2IQFc\" lang=\"fr\">Applications : lecteur de livre parl\u00e9, lecteur de musique, lecteur de texte, enregistreur vocal, jeux, horloge, r\u00e9veil, chronom\u00e8tre. <\/span><span class=\"Y2IQFc\" lang=\"fr\">Applications optionnelles : radio &amp; calendrier.<\/span><\/h4>\r\n<\/li>\r\n \t<li class=\"tw-data-text tw-text-large tw-ta\" dir=\"ltr\" data-placeholder=\"Translation\">\r\n<h4><span class=\"Y2IQFc\" lang=\"fr\">Add-Ons : Mat\u00e9riel optionnel connectable avec Milestone : Lecteur couleur \u00ab\u00a0Fame\u00a0\u00bb et lecteur de code-barres \u00ab\u00a0Woodscan\u00a0\u00bb. <\/span><\/h4>\r\n<\/li>\r\n \t<li class=\"tw-data-text tw-text-large tw-ta\" dir=\"ltr\" data-placeholder=\"Translation\">\r\n<h4><span class=\"Y2IQFc\" lang=\"fr\">Formats audio et texte : MP3, AAC, M4A, WMA, WAV, MP4, M4V, TXT. <\/span><\/h4>\r\n<\/li>\r\n \t<li class=\"tw-data-text tw-text-large tw-ta\" dir=\"ltr\" data-placeholder=\"Translation\">\r\n<h4><span class=\"Y2IQFc\" lang=\"fr\">Formats de livre : DAISY 2.02, DAISY 3.0, EPUB 2, EPUB 3, Audible AAX\/AA, NLS, Bookshare. <\/span><\/h4>\r\n<\/li>\r\n \t<li class=\"tw-data-text tw-text-large tw-ta\" dir=\"ltr\" data-placeholder=\"Translation\">\r\n<h4><span class=\"Y2IQFc\" lang=\"fr\">M\u00e9moire interne avec 12 GB. Structure de dossiers librement configurable. Stockage de tout contenu possible (livres, musique, disques, texte etc.). <\/span><\/h4>\r\n<\/li>\r\n \t<li class=\"tw-data-text tw-text-large tw-ta\" dir=\"ltr\" data-placeholder=\"Translation\">\r\n<h4><span class=\"Y2IQFc\" lang=\"fr\">M\u00e9moire externe : carte m\u00e9moire SD, SD-HC ou MMC d&rsquo;une capacit\u00e9 allant jusqu&rsquo;\u00e0 32 GB.<\/span><\/h4>\r\n<\/li>\r\n \t<li class=\"tw-data-text tw-text-large tw-ta\" dir=\"ltr\" data-placeholder=\"Translation\">\r\n<h4><span class=\"Y2IQFc\" lang=\"fr\">Enregistrement \u00e0 partir d&rsquo;un microphone int\u00e9gr\u00e9 ou d&rsquo;un microphone externe (entr\u00e9e ligne jack 3,5 mm).<\/span><\/h4>\r\n<\/li>\r\n \t<li class=\"tw-data-text tw-text-large tw-ta\" dir=\"ltr\" data-placeholder=\"Translation\">\r\n<h4><span class=\"Y2IQFc\" lang=\"fr\">D\u00e9bit binaire pendant l&rsquo;enregistrement via le microphone int\u00e9gr\u00e9 : 64 kbps mono, MP3. <\/span><\/h4>\r\n<\/li>\r\n \t<li class=\"tw-data-text tw-text-large tw-ta\" dir=\"ltr\" data-placeholder=\"Translation\">\r\n<h4><span class=\"Y2IQFc\" lang=\"fr\">D\u00e9bit binaire pendant l&rsquo;enregistrement via un microphone externe : s\u00e9lectionnable jusqu&rsquo;\u00e0 320 kbps st\u00e9r\u00e9o, MP3. <\/span><\/h4>\r\n<\/li>\r\n \t<li class=\"tw-data-text tw-text-large tw-ta\" dir=\"ltr\" data-placeholder=\"Translation\">\r\n<h4><span class=\"Y2IQFc\" lang=\"fr\">Taux d&rsquo;\u00e9chantillonnage lors de l&rsquo;enregistrement : 44,1 kHz, r\u00e9solution d&rsquo;enregistrement : 16 bits. <\/span><\/h4>\r\n<\/li>\r\n \t<li class=\"tw-data-text tw-text-large tw-ta\" dir=\"ltr\" data-placeholder=\"Translation\">\r\n<h4><span class=\"Y2IQFc\" lang=\"fr\">Lecture via haut-parleur int\u00e9gr\u00e9 ou casque (st\u00e9r\u00e9o) avec prise standard 3,5 mm. <\/span><\/h4>\r\n<\/li>\r\n \t<li class=\"tw-data-text tw-text-large tw-ta\" dir=\"ltr\" data-placeholder=\"Translation\">\r\n<h4><span class=\"Y2IQFc\" lang=\"fr\">Radio FM 87,5 \u00e0 108 MHz (et 77 MHz pour le Japon). <\/span><\/h4>\r\n<\/li>\r\n \t<li class=\"tw-data-text tw-text-large tw-ta\" dir=\"ltr\" data-placeholder=\"Translation\">\r\n<h4><span class=\"Y2IQFc\" lang=\"fr\">D\u00e9bit binaire lors de la lecture : 8 kbps \u00e0 320 kbps, ou VBR (d\u00e9bit binaire variable). <\/span><\/h4>\r\n<\/li>\r\n \t<li class=\"tw-data-text tw-text-large tw-ta\" dir=\"ltr\" data-placeholder=\"Translation\">\r\n<h4><span class=\"Y2IQFc\" lang=\"fr\">Transfert de donn\u00e9es via une connexion USB haut d\u00e9bit. <\/span><\/h4>\r\n<\/li>\r\n \t<li class=\"tw-data-text tw-text-large tw-ta\" dir=\"ltr\" data-placeholder=\"Translation\">\r\n<h4><span class=\"Y2IQFc\" lang=\"fr\">Batterie lithium-polym\u00e8re rechargeable int\u00e9gr\u00e9e (850 mAh) avec une autonomie allant jusqu&rsquo;\u00e0 20 heures de lecture de musique via un casque. <\/span><\/h4>\r\n<\/li>\r\n \t<li class=\"tw-data-text tw-text-large tw-ta\" dir=\"ltr\" data-placeholder=\"Translation\">\r\n<h4><span class=\"Y2IQFc\" lang=\"fr\">Temps de charge maximum : 3 heures. <\/span><\/h4>\r\n<\/li>\r\n \t<li class=\"tw-data-text tw-text-large tw-ta\" dir=\"ltr\" data-placeholder=\"Translation\">\r\n<h4><span class=\"Y2IQFc\" lang=\"fr\">Bo\u00eetier noir en plastique r\u00e9sistant aux chocs aux dimensions : 85 x 54 x 14 mm (3,35&Prime; x 2,13&Prime; x 0,55&Prime;).<\/span><\/h4>\r\n<\/li>\r\n \t<li class=\"tw-data-text tw-text-large tw-ta\" dir=\"ltr\" data-placeholder=\"Translation\">\r\n<h4><span class=\"Y2IQFc\" lang=\"fr\">5 gros boutons tactiles sur le devant et un petit bouton sur le dessus. <\/span><\/h4>\r\n<\/li>\r\n \t<li class=\"tw-data-text tw-text-large tw-ta\" dir=\"ltr\" data-placeholder=\"Translation\">\r\n<h4><span class=\"Y2IQFc\" lang=\"fr\">Poids : 53 grammes (1,9 oz).<\/span><\/h4>\r\n<\/li>\r\n<\/ul>\r\n\r\n<hr \/>\r\n\r\n<h3>T<span class=\"Y2IQFc\" lang=\"fr\">\u00e9<\/span>l<span class=\"Y2IQFc\" lang=\"fr\">\u00e9<\/span>chargrez le manual:<span style=\"color: #3366ff;\"> <a style=\"color: #3366ff;\" href=\"http:\/\/cecitech.com\/wp-content\/uploads\/2023\/03\/Manual_M312_Ace_Fr.pdf\">Manual_M312_Ace_Fr<\/a><\/span><\/h3>","protected":false},"excerpt":{"rendered":"<h1 id=\"tw-target-text\" class=\"tw-data-text tw-text-large tw-ta\" dir=\"ltr\" data-placeholder=\"Translation\">Milestone 312 Ace L&rsquo;assistant intelligent!\u00a0Un ordinateur de poche<\/h1>","protected":false},"featured_media":1275,"comment_status":"open","ping_status":"closed","template":"","meta":[],"product_brand":[],"product_cat":[52],"product_tag":[],"class_list":{"0":"post-1274","1":"product","2":"type-product","3":"status-publish","4":"has-post-thumbnail","6":"product_cat-vie-quotidienne","8":"first","9":"instock","10":"taxable","11":"shipping-taxable","12":"product-type-simple"},"_links":{"self":[{"href":"https:\/\/cecitech.com\/index.php?rest_route=\/wp\/v2\/product\/1274","targetHints":{"allow":["GET"]}}],"collection":[{"href":"https:\/\/cecitech.com\/index.php?rest_route=\/wp\/v2\/product"}],"about":[{"href":"https:\/\/cecitech.com\/index.php?rest_route=\/wp\/v2\/types\/product"}],"replies":[{"embeddable":true,"href":"https:\/\/cecitech.com\/index.php?rest_route=%2Fwp%2Fv2%2Fcomments&post=1274"}],"wp:featuredmedia":[{"embeddable":true,"href":"https:\/\/cecitech.com\/index.php?rest_route=\/wp\/v2\/media\/1275"}],"wp:attachment":[{"href":"https:\/\/cecitech.com\/index.php?rest_route=%2Fwp%2Fv2%2Fmedia&parent=1274"}],"wp:term":[{"taxonomy":"product_brand","embeddable":true,"href":"https:\/\/cecitech.com\/index.php?rest_route=%2Fwp%2Fv2%2Fproduct_brand&post=1274"},{"taxonomy":"product_cat","embeddable":true,"href":"https:\/\/cecitech.com\/index.php?rest_route=%2Fwp%2Fv2%2Fproduct_cat&post=1274"},{"taxonomy":"product_tag","embeddable":true,"href":"https:\/\/cecitech.com\/index.php?rest_route=%2Fwp%2Fv2%2Fproduct_tag&post=1274"}],"curies":[{"name":"wp","href":"https:\/\/api.w.org\/{rel}","templated":true}]}}