{"id":1269,"date":"2023-03-11T09:57:57","date_gmt":"2023-03-11T14:57:57","guid":{"rendered":"https:\/\/cecitech.com\/?post_type=product&#038;p=1269"},"modified":"2024-07-13T10:31:44","modified_gmt":"2024-07-13T15:31:44","slug":"explore-12-video-loupe-hd-portable","status":"publish","type":"product","link":"https:\/\/cecitech.com\/?product=explore-12-video-loupe-hd-portable","title":{"rendered":"Explor\u0113 12 \u2013 Vid\u00e9o loupe \u00e9lectronique HD portable"},"content":{"rendered":"<h1 id=\"tw-target-text\" class=\"tw-data-text tw-text-large tw-ta\" dir=\"ltr\" data-placeholder=\"Translation\"><span class=\"Y2IQFc\" lang=\"fr\">\u00a0Une loupe vid\u00e9o HD pour le style de vie actif!<\/span><\/h1>\r\n<h4 id=\"tw-target-text\" class=\"tw-data-text tw-text-large tw-ta\" dir=\"ltr\" data-placeholder=\"Translation\"><span class=\"Y2IQFc\" lang=\"fr\">L<strong>&lsquo;explor\u0113 12<\/strong> est l&rsquo;une des<strong> loupes \u00e9lectroniques portables les plus populaires sur le march\u00e9<\/strong> pour toute personne vivant avec <strong>une basse vision ou une perte de vision.<\/strong> Il s&rsquo;agit d&rsquo;une <strong>loupe vid\u00e9o intelligente et facile \u00e0 utiliser<\/strong> qui offre une qualit\u00e9 d<strong>&lsquo;image HD<\/strong> pour une lecture et une visualisation am\u00e9lior\u00e9es \u00e0 proximit\u00e9 et \u00e0 distance. L&rsquo;<strong>\u00e9cran tactile de 12 pouces<\/strong> en fait <strong>la plus grande loupe portable de notre s\u00e9rie explor\u0113<\/strong>. Il offre l&rsquo;avantage suppl\u00e9mentaire d&rsquo;<strong>un support pliable<\/strong> permettant une utilisation facile pour la lecture, l&rsquo;\u00e9criture et d&rsquo;autres t\u00e2ches manuelles. <strong>Cette loupe vid\u00e9o est parfaite pour tous ceux qui ont besoin d&rsquo;aide suppl\u00e9mentaire pour voir les choses de pr\u00e8s.<\/strong><\/span><\/h4>\r\n<h4 id=\"tw-target-text\" class=\"tw-data-text tw-text-large tw-ta\" dir=\"ltr\" data-placeholder=\"Translation\"><span class=\"Y2IQFc\" lang=\"fr\">Explor\u0113 12 comprend des<strong> outils essentiels et faciles<\/strong> \u00e0 utiliser pour r\u00e9pondre aux <strong>besoins de la basse vision ou de la perte de vision<\/strong>, quel que soit votre \u00e2ge. Avec un <strong>grossissement sup\u00e9rieur<\/strong>, cette tablette vous permet de poursuivre vos activit\u00e9s quotidiennes comme la lecture et la visualisation de photos ou de cartes et de maintenir la productivit\u00e9 dans votre environnement de travail ou de classe. Lorsqu&rsquo;il est utilis\u00e9 avec <strong>son support pliable, explor\u0113 12 s&rsquo;\u00e9l\u00e8ve au-dessus de la table,<\/strong> offrant beaucoup d&rsquo;espace pour \u00e9crire. Les fonctions zoom avant et panoramique de l&rsquo;\u00e9cran tactile vous permettent \u00e9galement de lire sans d\u00e9placer vos documents. De plus, sa <strong>conception l\u00e9g\u00e8re<\/strong> en fait un compagnon id\u00e9al pour une utilisation en d\u00e9placement, facilitant votre style de vie actif et mobile.<\/span><\/h4>\r\n\r\n<hr \/>\r\n\r\n<h1 id=\"tw-target-text\" class=\"tw-data-text tw-text-large tw-ta\" dir=\"ltr\" data-placeholder=\"Translation\"><span class=\"Y2IQFc\" lang=\"fr\">Caract\u00e9ristiques <\/span><\/h1>\r\n<h3><span class=\"Y2IQFc\" lang=\"fr\">Sp\u00e9cifications fonctionnelles <\/span><\/h3>\r\n<ul>\r\n \t<li class=\"tw-data-text tw-text-large tw-ta\" dir=\"ltr\" data-placeholder=\"Translation\">\r\n<h4><span class=\"Y2IQFc\" lang=\"fr\">Grossissement 2-30x avec support int\u00e9gr\u00e9 autofocus ; 1-15x sur le pupitre de lecture <\/span><\/h4>\r\n<\/li>\r\n \t<li class=\"tw-data-text tw-text-large tw-ta\" dir=\"ltr\" data-placeholder=\"Translation\">\r\n<h4><span class=\"Y2IQFc\" lang=\"fr\">Qualit\u00e9 d&rsquo;image HD <\/span><\/h4>\r\n<\/li>\r\n \t<li class=\"tw-data-text tw-text-large tw-ta\" dir=\"ltr\" data-placeholder=\"Translation\">\r\n<h4><span class=\"Y2IQFc\" lang=\"fr\">\u00c9cran tactile LCD ISP brillant de 12 pouces avec zoom avant\/arri\u00e8re par pincement et panoramique en direct.<\/span><\/h4>\r\n<\/li>\r\n \t<li class=\"tw-data-text tw-text-large tw-ta\" dir=\"ltr\" data-placeholder=\"Translation\">\r\n<h4><span class=\"Y2IQFc\" lang=\"fr\">2 cam\u00e9ras HD autofocus <\/span><\/h4>\r\n<\/li>\r\n \t<li class=\"tw-data-text tw-text-large tw-ta\" dir=\"ltr\" data-placeholder=\"Translation\">\r\n<h4><span class=\"Y2IQFc\" lang=\"fr\">Support int\u00e9gr\u00e9\u00a0<\/span><\/h4>\r\n<\/li>\r\n \t<li class=\"tw-data-text tw-text-large tw-ta\" dir=\"ltr\" data-placeholder=\"Translation\">\r\n<h4><span class=\"Y2IQFc\" lang=\"fr\">Personnalisable\u00a0: zoom pr\u00e9f\u00e9r\u00e9, lignes\/stores, taille du texte du menu, palettes de couleurs (17) <\/span><\/h4>\r\n<\/li>\r\n \t<li class=\"tw-data-text tw-text-large tw-ta\" dir=\"ltr\" data-placeholder=\"Translation\">\r\n<h4><span class=\"Y2IQFc\" lang=\"fr\">30 langues disponibles <\/span><\/h4>\r\n<\/li>\r\n \t<li class=\"tw-data-text tw-text-large tw-ta\" dir=\"ltr\" data-placeholder=\"Translation\">\r\n<h4><span class=\"Y2IQFc\" lang=\"fr\">Mode \u00e9conomie d&rsquo;\u00e9nergie\/veille <\/span><\/h4>\r\n<\/li>\r\n \t<li class=\"tw-data-text tw-text-large tw-ta\" dir=\"ltr\" data-placeholder=\"Translation\">\r\n<h4><span class=\"Y2IQFc\" lang=\"fr\">Sortie vid\u00e9o haute r\u00e9solution <\/span><\/h4>\r\n<\/li>\r\n \t<li class=\"tw-data-text tw-text-large tw-ta\" dir=\"ltr\" data-placeholder=\"Translation\">\r\n<h4><span class=\"Y2IQFc\" lang=\"fr\">Capacit\u00e9 de la galerie d&rsquo;images : 1000s <\/span><\/h4>\r\n<\/li>\r\n \t<li class=\"tw-data-text tw-text-large tw-ta\" dir=\"ltr\" data-placeholder=\"Translation\">\r\n<h4><span class=\"Y2IQFc\" lang=\"fr\">3,5 heures d&rsquo;utilisation continue (appareil uniquement) <\/span><\/h4>\r\n<\/li>\r\n \t<li class=\"tw-data-text tw-text-large tw-ta\" dir=\"ltr\" data-placeholder=\"Translation\">\r\n<h4><span class=\"Y2IQFc\" lang=\"fr\">2 heures d&rsquo;utilisation continue (en utilisant le support avec des lumi\u00e8res LED)<\/span><\/h4>\r\n<\/li>\r\n<\/ul>\r\n\r\n<hr \/>\r\n\r\n<h3><span class=\"Y2IQFc\" lang=\"fr\">Sp\u00e9cifications physiques <\/span><\/h3>\r\n<ul>\r\n \t<li class=\"tw-data-text tw-text-large tw-ta\" dir=\"ltr\" data-placeholder=\"Translation\">\r\n<h4><span class=\"Y2IQFc\" lang=\"fr\">Poids de l&rsquo;appareil : 2,5 lb \/ 1134 g <\/span><\/h4>\r\n<\/li>\r\n \t<li class=\"tw-data-text tw-text-large tw-ta\" dir=\"ltr\" data-placeholder=\"Translation\">\r\n<h4><span class=\"Y2IQFc\" lang=\"fr\">Dimensions de l&rsquo;appareil (l x p x h) : 11,1 x 8,0 x 0,9 po \/ 282 x 202 x 24 mm <\/span><\/h4>\r\n<\/li>\r\n \t<li class=\"tw-data-text tw-text-large tw-ta\" dir=\"ltr\" data-placeholder=\"Translation\">\r\n<h4><span class=\"Y2IQFc\" lang=\"fr\">Dimension de l&rsquo;\u00e9cran : 305 mm (12 po) <\/span><\/h4>\r\n<\/li>\r\n \t<li class=\"tw-data-text tw-text-large tw-ta\" dir=\"ltr\" data-placeholder=\"Translation\">\r\n<h4><span class=\"Y2IQFc\" lang=\"fr\">Poids du support de lecture : 2,5 lb \/ 1134 g <\/span><\/h4>\r\n<\/li>\r\n \t<li class=\"tw-data-text tw-text-large tw-ta\" dir=\"ltr\" data-placeholder=\"Translation\">\r\n<h4><span class=\"Y2IQFc\" lang=\"fr\">Dimensions du support de lecture \u2013 pli\u00e9 : (l x p x h) : 13,6 x 10,6 x 1,4 po \/ 340 x 269 x 35 mm <\/span><\/h4>\r\n<\/li>\r\n \t<li class=\"tw-data-text tw-text-large tw-ta\" dir=\"ltr\" data-placeholder=\"Translation\">\r\n<h4><span class=\"Y2IQFc\" lang=\"fr\">Dimensions du pupitre de lecture &#8211; ouvert : (l x p x h) : 13,6 x 10,6 x 11,1 po \/ 340 x 269 x 282 mm <\/span><\/h4>\r\n<\/li>\r\n \t<li class=\"tw-data-text tw-text-large tw-ta\" dir=\"ltr\" data-placeholder=\"Translation\">\r\n<h4><span class=\"Y2IQFc\" lang=\"fr\">Batterie non amovible.<\/span><\/h4>\r\n<\/li>\r\n<\/ul>\r\n\r\n<hr \/>\r\n\r\n<h3 id=\"tw-target-text\" class=\"tw-data-text tw-text-large tw-ta\" dir=\"ltr\" data-placeholder=\"Translation\"><span class=\"Y2IQFc\" lang=\"fr\">Sp\u00e9cifications techniques<\/span><\/h3>\r\n<ul>\r\n \t<li class=\"tw-data-text tw-text-large tw-ta\" dir=\"ltr\" data-placeholder=\"Translation\">\r\n<h4><span class=\"Y2IQFc\" lang=\"fr\">Grossissement : 2x &#8211; 30x ; 1x &#8211; 15x dans le pupitre de lecture <\/span><\/h4>\r\n<\/li>\r\n \t<li class=\"tw-data-text tw-text-large tw-ta\" dir=\"ltr\" data-placeholder=\"Translation\">\r\n<h4><span class=\"Y2IQFc\" lang=\"fr\">Support int\u00e9gr\u00e9 de pr\u00e8s : fixe 11 cm\/4,3 pouces ; mise au point automatique <\/span><\/h4>\r\n<\/li>\r\n \t<li class=\"tw-data-text tw-text-large tw-ta\" dir=\"ltr\" data-placeholder=\"Translation\">\r\n<h4><span class=\"Y2IQFc\" lang=\"fr\">Vue de pr\u00e8s sur le support de lecture : 11 &#8211; 25 cm \/ 4,3 &#8211; 9,8 pouces ; mise au point continue, manuelle ou fixe <\/span><\/h4>\r\n<\/li>\r\n \t<li class=\"tw-data-text tw-text-large tw-ta\" dir=\"ltr\" data-placeholder=\"Translation\">\r\n<h4><span class=\"Y2IQFc\" lang=\"fr\">Vue de loin : 15 cm &#8211; infini \/ 5,9 pouces \u00e0 l&rsquo;infini ; mise au point continue, manuelle ou fixe <\/span><\/h4>\r\n<\/li>\r\n \t<li class=\"tw-data-text tw-text-large tw-ta\" dir=\"ltr\" data-placeholder=\"Translation\">\r\n<h4><span class=\"Y2IQFc\" lang=\"fr\">\u00c9cran : \u00c9cran LCD ISP de 8 pouces (1920 x 1080) <\/span><\/h4>\r\n<\/li>\r\n \t<li class=\"tw-data-text tw-text-large tw-ta\" dir=\"ltr\" data-placeholder=\"Translation\">\r\n<h4><span class=\"Y2IQFc\" lang=\"fr\">Cam\u00e9ras : 2 haute d\u00e9finition 21MP (de pr\u00e8s et de loin) <\/span><\/h4>\r\n<\/li>\r\n \t<li class=\"tw-data-text tw-text-large tw-ta\" dir=\"ltr\" data-placeholder=\"Translation\">\r\n<h4><span class=\"Y2IQFc\" lang=\"fr\">Compatibilit\u00e9 de sortie vid\u00e9o haute r\u00e9solution <\/span><\/h4>\r\n<\/li>\r\n \t<li class=\"tw-data-text tw-text-large tw-ta\" dir=\"ltr\" data-placeholder=\"Translation\">\r\n<h4><span class=\"Y2IQFc\" lang=\"fr\">Entr\u00e9e d&rsquo;alimentation : USB Type-C ; 5V@3A, 9V@2A\u00a0; <\/span><\/h4>\r\n<\/li>\r\n \t<li class=\"tw-data-text tw-text-large tw-ta\" dir=\"ltr\" data-placeholder=\"Translation\">\r\n<h4><span class=\"Y2IQFc\" lang=\"fr\">Charge rapide 12V@1.5A Batterie : non amovible, li-polym\u00e8re, 10,05 Ah <\/span><\/h4>\r\n<\/li>\r\n \t<li class=\"tw-data-text tw-text-large tw-ta\" dir=\"ltr\" data-placeholder=\"Translation\">\r\n<h4><span class=\"Y2IQFc\" lang=\"fr\">Autonomie de la batterie : 3,5 heures (2,0 heures d&rsquo;utilisation continue avec des lumi\u00e8res LED) <\/span><\/h4>\r\n<\/li>\r\n \t<li class=\"tw-data-text tw-text-large tw-ta\" dir=\"ltr\" data-placeholder=\"Translation\">\r\n<h4><span class=\"Y2IQFc\" lang=\"fr\">Temps de charge : ~4 heures (unit\u00e9 \u00e9teinte, \u00e0 partir de 0 %)<\/span><\/h4>\r\n<\/li>\r\n<\/ul>\r\n&nbsp;","protected":false},"excerpt":{"rendered":"<h1>Explor\u0113 12 \u2013 Vid\u00e9o loupe \u00e9lectronique HD portable<\/h1>\r\n<h3><strong><span class=\"Y2IQFc\" lang=\"fr\">Cette loupe vid\u00e9o est parfaite pour tous ceux qui ont besoin d&rsquo;aide suppl\u00e9mentaire pour voir les choses de pr\u00e8s.<\/span><\/strong><\/h3>","protected":false},"featured_media":1270,"comment_status":"open","ping_status":"closed","template":"","meta":[],"product_brand":[],"product_cat":[33,37],"product_tag":[],"class_list":{"0":"post-1269","1":"product","2":"type-product","3":"status-publish","4":"has-post-thumbnail","6":"product_cat-basse-vision","7":"product_cat-video-loupes-de-poche","9":"first","10":"instock","11":"taxable","12":"shipping-taxable","13":"product-type-simple"},"_links":{"self":[{"href":"https:\/\/cecitech.com\/index.php?rest_route=\/wp\/v2\/product\/1269","targetHints":{"allow":["GET"]}}],"collection":[{"href":"https:\/\/cecitech.com\/index.php?rest_route=\/wp\/v2\/product"}],"about":[{"href":"https:\/\/cecitech.com\/index.php?rest_route=\/wp\/v2\/types\/product"}],"replies":[{"embeddable":true,"href":"https:\/\/cecitech.com\/index.php?rest_route=%2Fwp%2Fv2%2Fcomments&post=1269"}],"wp:featuredmedia":[{"embeddable":true,"href":"https:\/\/cecitech.com\/index.php?rest_route=\/wp\/v2\/media\/1270"}],"wp:attachment":[{"href":"https:\/\/cecitech.com\/index.php?rest_route=%2Fwp%2Fv2%2Fmedia&parent=1269"}],"wp:term":[{"taxonomy":"product_brand","embeddable":true,"href":"https:\/\/cecitech.com\/index.php?rest_route=%2Fwp%2Fv2%2Fproduct_brand&post=1269"},{"taxonomy":"product_cat","embeddable":true,"href":"https:\/\/cecitech.com\/index.php?rest_route=%2Fwp%2Fv2%2Fproduct_cat&post=1269"},{"taxonomy":"product_tag","embeddable":true,"href":"https:\/\/cecitech.com\/index.php?rest_route=%2Fwp%2Fv2%2Fproduct_tag&post=1269"}],"curies":[{"name":"wp","href":"https:\/\/api.w.org\/{rel}","templated":true}]}}