{"id":1208,"date":"2023-02-09T13:49:29","date_gmt":"2023-02-09T18:49:29","guid":{"rendered":"https:\/\/cecitech.com\/?post_type=product&#038;p=1208"},"modified":"2023-04-22T06:33:31","modified_gmt":"2023-04-22T11:33:31","slug":"calculatrice-scientifique-parlante-sci-plus-3300-pour-malvoyants","status":"publish","type":"product","link":"https:\/\/cecitech.com\/?product=calculatrice-scientifique-parlante-sci-plus-3300-pour-malvoyants","title":{"rendered":"Calculatrice scientifique parlante Sci plus 3300"},"content":{"rendered":"<h3 dir=\"ltr\" data-placeholder=\"Translation\"><span style=\"color: #ff0000;\">Description:<\/span><\/h3>\r\n<h4 id=\"tw-target-text\" class=\"tw-data-text tw-text-large tw-ta\" dir=\"ltr\" data-placeholder=\"Translation\"><span class=\"Y2IQFc\" lang=\"fr\">La calculatrice SciPlus 3300 est <strong>une nouvelle version am\u00e9lior\u00e9e<\/strong> de l&rsquo;ancienne calculatrice scientifique SciPlus 2300. En particulier, il dispose d<strong>&lsquo;un \u00e9cran 30 % plus grand<\/strong> que l&rsquo;ancien \u00e9cran et d&rsquo;un \u00e9cran couleur avec <strong>une r\u00e9solution 8 fois sup\u00e9rieure<\/strong> \u00e0 celle de l&rsquo;ancien \u00e9cran.<\/span><\/h4>\r\n<h4 id=\"tw-target-text\" class=\"tw-data-text tw-text-large tw-ta\" dir=\"ltr\" data-placeholder=\"Translation\"><span class=\"Y2IQFc\" lang=\"fr\">Calculatrice scientifique <strong>\u00e0 gros boutons<\/strong> et <strong>grand \u00e9cran<\/strong> sp\u00e9cialement con\u00e7ue pour les utilisateurs <strong>malvoyants.<\/strong> Effectue des <strong>calculs scientifiques, statistiques et trigonom\u00e9triques<\/strong>, et des fractions. Il a la capacit\u00e9 d&rsquo;<strong>\u00e9valuer des fonctions<\/strong> et vous permet d&rsquo;\u00e9valuer <strong>des expressions math\u00e9matiques.<\/strong> Comprend une <strong>sortie vocale via des \u00e9couteurs qui sont inclus.<\/strong><\/span><\/h4>\r\n<h3 id=\"tw-target-text\" class=\"tw-data-text tw-text-large tw-ta\" dir=\"ltr\" data-placeholder=\"Translation\"><span class=\"Y2IQFc\" lang=\"fr\" style=\"color: #ff0000;\">Caract\u00e9ristiques du SciPlus 3300 : <\/span><\/h3>\r\n<ul>\r\n \t<li class=\"tw-data-text tw-text-large tw-ta\" dir=\"ltr\" data-placeholder=\"Translation\">\r\n<h4><span class=\"Y2IQFc\" lang=\"fr\">Enti\u00e8rement parlant <\/span><\/h4>\r\n<\/li>\r\n \t<li class=\"tw-data-text tw-text-large tw-ta\" dir=\"ltr\" data-placeholder=\"Translation\">\r\n<h4><span class=\"Y2IQFc\" lang=\"fr\">\u00a0Clavier agrandi avec touches tactiles \u00e0 contraste \u00e9lev\u00e9 de 0,7 pouce (16 mm) <\/span><\/h4>\r\n<\/li>\r\n \t<li class=\"tw-data-text tw-text-large tw-ta\" dir=\"ltr\" data-placeholder=\"Translation\">\r\n<h4><span class=\"Y2IQFc\" lang=\"fr\">\u00c9cran 7 pouces (18 cm) \u00e0 contraste \u00e9lev\u00e9, affichage couleur quatre lignes avec r\u00e9tro\u00e9clairage r\u00e9glable <\/span><\/h4>\r\n<\/li>\r\n \t<li class=\"tw-data-text tw-text-large tw-ta\" dir=\"ltr\" data-placeholder=\"Translation\">\r\n<h4><span class=\"Y2IQFc\" lang=\"fr\">S\u00e9lection de 2 couleurs, modes de contraste \u00e9lev\u00e9 (par exemple, noir sur blanc, blanc sur noir, jaune sur noir) <\/span><\/h4>\r\n<\/li>\r\n \t<li class=\"tw-data-text tw-text-large tw-ta\" dir=\"ltr\" data-placeholder=\"Translation\">\r\n<h4><span class=\"Y2IQFc\" lang=\"fr\">Ensemble complet de calculs math\u00e9matiques, trigonom\u00e9triques et statistiques avanc\u00e9s<\/span><\/h4>\r\n<\/li>\r\n \t<li class=\"tw-data-text tw-text-large tw-ta\" dir=\"ltr\" data-placeholder=\"Translation\">\r\n<h4><span class=\"Y2IQFc\" lang=\"fr\">\u00c9couteur inclus pour \u00e9couter les r\u00e9sultats audio.<\/span><\/h4>\r\n<\/li>\r\n \t<li class=\"tw-data-text tw-text-large tw-ta\" dir=\"ltr\" data-placeholder=\"Translation\">\r\n<h4><span class=\"Y2IQFc\" lang=\"fr\">Il est l\u00e9ger \u00e0 seulement 20 onces (600 g)<\/span><\/h4>\r\n<\/li>\r\n \t<li class=\"tw-data-text tw-text-large tw-ta\" dir=\"ltr\" data-placeholder=\"Translation\">\r\n<h4><span class=\"Y2IQFc\" lang=\"fr\">Fourni avec une batterie longue dur\u00e9e (chargeur inclus)<\/span><\/h4>\r\n<\/li>\r\n \t<li class=\"tw-data-text tw-text-large tw-ta\" dir=\"ltr\" data-placeholder=\"Translation\">\r\n<h4><span class=\"Y2IQFc\" lang=\"fr\">Sortie audio trilingue en anglais, fran\u00e7ais et espagnol (l&rsquo;arabe sera bient\u00f4t disponible)<\/span><\/h4>\r\n<\/li>\r\n \t<li class=\"tw-data-text tw-text-large tw-ta\" dir=\"ltr\" data-placeholder=\"Translation\">\r\n<h4><span class=\"Y2IQFc\" lang=\"fr\">Comprend un chargeur USB et un adaptateur sp\u00e9cifique au pays<\/span><\/h4>\r\n<\/li>\r\n \t<li class=\"tw-data-text tw-text-large tw-ta\" dir=\"ltr\" data-placeholder=\"Translation\">\r\n<h4><span class=\"Y2IQFc\" lang=\"fr\">Disponible en bleu ou argent <\/span><\/h4>\r\n<\/li>\r\n \t<li class=\"tw-data-text tw-text-large tw-ta\" dir=\"ltr\" data-placeholder=\"Translation\">\r\n<h4><span class=\"Y2IQFc\" lang=\"fr\">Livr\u00e9 avec un manuel d&rsquo;utilisation de haute qualit\u00e9, en gros caract\u00e8res et \u00e0 reliure spirale dans la langue s\u00e9lectionn\u00e9e\u00a0<\/span><\/h4>\r\n<\/li>\r\n \t<li class=\"tw-data-text tw-text-large tw-ta\" dir=\"ltr\" data-placeholder=\"Translation\">\r\n<h4><span class=\"Y2IQFc\" lang=\"fr\"> 1 an de garantie<\/span><\/h4>\r\n<\/li>\r\n<\/ul>\r\n<h3>Brochure:\u00a0<span style=\"color: #0000ff;\"> <a style=\"color: #0000ff;\" href=\"http:\/\/cecitech.com\/wp-content\/uploads\/2023\/02\/SciPlus-3300-Brochure-francais.pdf\">SciPlus-3300 Brochure francais<\/a><\/span><\/h3>\r\n&nbsp;","protected":false},"excerpt":{"rendered":"<h1>Calculatrice scientifique parlante Sci plus 3300<\/h1>\r\n\r\n<hr \/>\r\n\r\n<h4><span class=\"Y2IQFc\" lang=\"fr\">Calculatrice scientifique <strong>\u00e0 gros boutons<\/strong> et <strong>grand \u00e9cran<\/strong> sp\u00e9cialement con\u00e7ue pour les utilisateurs <strong>malvoyants.<\/strong> Effectue des <strong>calculs scientifiques, statistiques et trigonom\u00e9triques<\/strong>, et des fractions.<\/span><\/h4>","protected":false},"featured_media":1209,"comment_status":"open","ping_status":"closed","template":"","meta":[],"product_brand":[],"product_cat":[41],"product_tag":[],"class_list":{"0":"post-1208","1":"product","2":"type-product","3":"status-publish","4":"has-post-thumbnail","6":"product_cat-education","8":"first","9":"instock","10":"taxable","11":"shipping-taxable","12":"product-type-simple"},"_links":{"self":[{"href":"https:\/\/cecitech.com\/index.php?rest_route=\/wp\/v2\/product\/1208","targetHints":{"allow":["GET"]}}],"collection":[{"href":"https:\/\/cecitech.com\/index.php?rest_route=\/wp\/v2\/product"}],"about":[{"href":"https:\/\/cecitech.com\/index.php?rest_route=\/wp\/v2\/types\/product"}],"replies":[{"embeddable":true,"href":"https:\/\/cecitech.com\/index.php?rest_route=%2Fwp%2Fv2%2Fcomments&post=1208"}],"wp:featuredmedia":[{"embeddable":true,"href":"https:\/\/cecitech.com\/index.php?rest_route=\/wp\/v2\/media\/1209"}],"wp:attachment":[{"href":"https:\/\/cecitech.com\/index.php?rest_route=%2Fwp%2Fv2%2Fmedia&parent=1208"}],"wp:term":[{"taxonomy":"product_brand","embeddable":true,"href":"https:\/\/cecitech.com\/index.php?rest_route=%2Fwp%2Fv2%2Fproduct_brand&post=1208"},{"taxonomy":"product_cat","embeddable":true,"href":"https:\/\/cecitech.com\/index.php?rest_route=%2Fwp%2Fv2%2Fproduct_cat&post=1208"},{"taxonomy":"product_tag","embeddable":true,"href":"https:\/\/cecitech.com\/index.php?rest_route=%2Fwp%2Fv2%2Fproduct_tag&post=1208"}],"curies":[{"name":"wp","href":"https:\/\/api.w.org\/{rel}","templated":true}]}}