{"id":1205,"date":"2023-02-08T10:22:05","date_gmt":"2023-02-08T15:22:05","guid":{"rendered":"https:\/\/cecitech.com\/?post_type=product&#038;p=1205"},"modified":"2023-05-10T08:42:17","modified_gmt":"2023-05-10T13:42:17","slug":"bloc-notes-portable-32-cellules-braillesense-6-de-hims","status":"publish","type":"product","link":"https:\/\/cecitech.com\/?product=bloc-notes-portable-32-cellules-braillesense-6-de-hims","title":{"rendered":"BrailleSense 6 de HIMS Bloc-note portable 32 cellules"},"content":{"rendered":"<h1 dir=\"ltr\" data-placeholder=\"Translation\"><span style=\"color: #000080;\">DESCRIPTION:<\/span><\/h1>\r\n<h4 id=\"tw-target-text\" class=\"tw-data-text tw-text-large tw-ta\" dir=\"ltr\" data-placeholder=\"Translation\"><span class=\"Y2IQFc\" lang=\"fr\">Con\u00e7u pour <strong>des performances durables<\/strong>, le Le bloc-notes BrailleSense 6 vous permet <strong>d&rsquo;acc\u00e9l\u00e9rer<\/strong> \u00e0 travers les t\u00e2ches et <strong>rester connect\u00e9<\/strong> et <strong>productif<\/strong> toute la journ\u00e9e, avec le mat\u00e9riel le plus r\u00e9cent.<\/span><\/h4>\r\n<h4 id=\"tw-target-text\" class=\"tw-data-text tw-text-large tw-ta\" dir=\"ltr\" data-placeholder=\"Translation\"><span class=\"Y2IQFc\" lang=\"fr\"><strong>Lire des livres<\/strong>, <strong>r\u00e9diger des rapports<\/strong>, <strong>terminer des devoirs<\/strong>, <strong>envoyer des e-mails<\/strong>, <strong>partager des documents<\/strong> avec Google Drive, <strong>Le BrailleSense 6<\/strong> fait tout cela mieux que tout autre bloc-notes et est tout simplement <strong>l&rsquo;appareil braille le plus puissant<\/strong> et <strong>le plus \u00e9volutif<\/strong> au monde.<\/span><\/h4>\r\n<h1 dir=\"ltr\" data-placeholder=\"Translation\"><span style=\"color: #000080;\">CARACTERISTIQUES:<\/span><\/h1>\r\n<ol>\r\n \t<li id=\"tw-target-text\" class=\"tw-data-text tw-text-large tw-ta\" dir=\"ltr\" data-placeholder=\"Translation\">\r\n<h4><span class=\"Y2IQFc\" lang=\"fr\">Les applications se chargent instantan\u00e9ment, le multit\u00e2che est rapide, les pr\u00e9sentations sont transparentes et les fichiers volumineux se chargent plus rapidement avec un processeur \u00e0 8 c\u0153urs, 6 Go de RAM et doubler le stockage.<\/span><\/h4>\r\n<\/li>\r\n \t<li dir=\"ltr\" data-placeholder=\"Translation\">\r\n<h4 id=\"tw-target-text\" class=\"tw-data-text tw-text-large tw-ta\" dir=\"ltr\" data-placeholder=\"Translation\"><span class=\"Y2IQFc\" lang=\"fr\">Syst\u00e8me d&rsquo;exploitation mis \u00e0 jour: Gardez votre appareil compatible avec les applications et la s\u00e9curit\u00e9 plus longtemps avec Android 10, la derni\u00e8re Android OS sur n&rsquo;importe quel preneur de notes et une garantie future mise \u00e0 jour Android.<\/span><\/h4>\r\n<\/li>\r\n \t<li dir=\"ltr\" data-placeholder=\"Translation\">\r\n<h4 id=\"tw-target-text\" class=\"tw-data-text tw-text-large tw-ta\" dir=\"ltr\" data-placeholder=\"Translation\"><span class=\"Y2IQFc\" lang=\"fr\">Braille applications de base: R\u00e9diger des documents, envoyer des e-mails, t\u00e9l\u00e9charger des livres, \u00e9coutez des podcasts, acc\u00e9dez \u00e0 Google Drive et avancez avec une suite compl\u00e8te d&rsquo;applications construites sp\u00e9cifiquement pour un preneur de notes braille.<\/span><\/h4>\r\n<\/li>\r\n \t<li dir=\"ltr\" data-placeholder=\"Translation\">\r\n<h4 id=\"tw-target-text\" class=\"tw-data-text tw-text-large tw-ta\" dir=\"ltr\" data-placeholder=\"Translation\"><span class=\"Y2IQFc\" lang=\"fr\">Design \u00e9l\u00e9gant, Mince, l\u00e9ger et portable. Pesant pr\u00e8s de 25% de moins et avec un clavier Perkins, prenez le BrailleSense 6 avec vous o\u00f9 que vous alliez.<\/span><\/h4>\r\n<\/li>\r\n \t<li dir=\"ltr\" data-placeholder=\"Translation\">\r\n<h4 id=\"tw-target-text\" class=\"tw-data-text tw-text-large tw-ta\" dir=\"ltr\" data-placeholder=\"Translation\"><span class=\"Y2IQFc\" lang=\"fr\">Partagez votre \u00e9cran sur un moniteur portable, partagez vos documents avec un lecteur Google braille first app, partagez vos id\u00e9es sur Zoom ou Google Meet et partagez vos succ\u00e8s avec tout le monde.<\/span><\/h4>\r\n<\/li>\r\n \t<li dir=\"ltr\" data-placeholder=\"Translation\">\r\n<h4 id=\"tw-target-text\" class=\"tw-data-text tw-text-large tw-ta\" dir=\"ltr\" data-placeholder=\"Translation\"><span class=\"Y2IQFc\" lang=\"fr\">Le plus simple et le plus intuitif pour les \u00e9tudiants et les \u00e9ducateurs. T\u00e9l\u00e9chargez et lisez des livres Bookshare, acc\u00e9der \u00e0 Google Docs et partager des fichiers avec enseignants. Sont plus faciles avec le BrailleSense 6.<\/span><\/h4>\r\n<\/li>\r\n<\/ol>\r\n<h1><span style=\"color: #000080;\">SP\u00c9CIFICATIONS G\u00c9N\u00c9RALES<\/span><\/h1>\r\n<ul>\r\n \t<li>\r\n<h4>Processeur : octa-core.<\/h4>\r\n<\/li>\r\n \t<li>\r\n<h4>M\u00e9moire : 6 Go LPDDR4X.<\/h4>\r\n<\/li>\r\n \t<li>\r\n<h4>Stockage : 128 Go UFS 2.1 (100 Go disponibles pour l&rsquo;utilisateur).<\/h4>\r\n<\/li>\r\n \t<li>\r\n<h4>Stockage auxiliaire : emplacement pour carte SD standard, m\u00e9moire USB.<\/h4>\r\n<\/li>\r\n \t<li>\r\n<h4>Wi-Fi : 802.11 (802.11 \/a\/b\/g\/n\/ac) ; Double bande (2,4 GHz et 5 GHz); 2T2R MU-MIMO.<\/h4>\r\n<\/li>\r\n \t<li>\r\n<h4>Bluetooth : Bluetooth 5.1 double mode pour LE et Classic.<\/h4>\r\n<\/li>\r\n \t<li>\r\n<h4>GNSS : GPS\/Glonass\/Beidou\/Galileo.<\/h4>\r\n<\/li>\r\n \t<li>\r\n<h4>Censeurs : acc\u00e9l\u00e9rom\u00e8tre, gyroscope, magn\u00e9tom\u00e8tre (boussole).<\/h4>\r\n<\/li>\r\n \t<li>\r\n<h4>Radio FM; 65 ~ 108 MHz avec pas de 50 kHz.<\/h4>\r\n<\/li>\r\n \t<li>\r\n<h4>Afficheur braille : 32 cellules braille \u00e9ph\u00e9m\u00e8re et touches curseur-\u00e9clair.<\/h4>\r\n<\/li>\r\n \t<li>\r\n<h4>Appareil photo : appareil photo arri\u00e8re de 13 m\u00e9gapixels ; cam\u00e9ra USB externe prise en charge.<\/h4>\r\n<\/li>\r\n<\/ul>\r\n<h3>Le bloc-notes 32 cellules Braillesense 6 existe en combin\u00e9 Anglais\/ Arabe.<\/h3>\r\n<h3>Brochure:\u00a0<span style=\"color: #000080;\"><a style=\"color: #000080;\" href=\"http:\/\/cecitech.com\/wp-content\/uploads\/2023\/02\/Bloc-notes-32-cellules-BrailleSense-6-brochure.pdf\">Bloc-notes 32 cellules BrailleSense 6 brochure<\/a><\/span><\/h3>\r\n\r\n<hr \/>\r\n\r\n<iframe loading=\"lazy\" title=\"BrailleSense6 nouveaut\u00e9 de la version 1.5 : le lecteur de documents\" width=\"1140\" height=\"641\" src=\"https:\/\/www.youtube.com\/embed\/3JjXkuoooFA?feature=oembed\" frameborder=\"0\" allow=\"accelerometer; autoplay; clipboard-write; encrypted-media; gyroscope; picture-in-picture; web-share\" allowfullscreen><\/iframe>","protected":false},"excerpt":{"rendered":"<h1>BrailleSense 6 de HIMS Bloc-note portable 32 cellules<\/h1>\r\n\r\n<hr \/>\r\n\r\n<h4><span class=\"Y2IQFc\" lang=\"fr\"><strong>Lire des livres<\/strong>, <strong>r\u00e9diger des rapports<\/strong>, <strong>terminer des devoirs<\/strong>, <strong>envoyer des e-mails<\/strong>, <strong>partager des documents<\/strong> avec Google Drive, <strong>Le BrailleSense 6<\/strong> fait tout cela mieux que tout autre bloc-notes et est tout simplement <strong>l&rsquo;appareil braille le plus puissant<\/strong> et <strong>le plus \u00e9volutif<\/strong> au monde.<\/span><\/h4>","protected":false},"featured_media":1206,"comment_status":"open","ping_status":"closed","template":"","meta":[],"product_brand":[],"product_cat":[35,30],"product_tag":[],"class_list":{"0":"post-1205","1":"product","2":"type-product","3":"status-publish","4":"has-post-thumbnail","6":"product_cat-bloc-note-braille","7":"product_cat-cecite","9":"first","10":"instock","11":"taxable","12":"shipping-taxable","13":"product-type-simple"},"_links":{"self":[{"href":"https:\/\/cecitech.com\/index.php?rest_route=\/wp\/v2\/product\/1205","targetHints":{"allow":["GET"]}}],"collection":[{"href":"https:\/\/cecitech.com\/index.php?rest_route=\/wp\/v2\/product"}],"about":[{"href":"https:\/\/cecitech.com\/index.php?rest_route=\/wp\/v2\/types\/product"}],"replies":[{"embeddable":true,"href":"https:\/\/cecitech.com\/index.php?rest_route=%2Fwp%2Fv2%2Fcomments&post=1205"}],"wp:featuredmedia":[{"embeddable":true,"href":"https:\/\/cecitech.com\/index.php?rest_route=\/wp\/v2\/media\/1206"}],"wp:attachment":[{"href":"https:\/\/cecitech.com\/index.php?rest_route=%2Fwp%2Fv2%2Fmedia&parent=1205"}],"wp:term":[{"taxonomy":"product_brand","embeddable":true,"href":"https:\/\/cecitech.com\/index.php?rest_route=%2Fwp%2Fv2%2Fproduct_brand&post=1205"},{"taxonomy":"product_cat","embeddable":true,"href":"https:\/\/cecitech.com\/index.php?rest_route=%2Fwp%2Fv2%2Fproduct_cat&post=1205"},{"taxonomy":"product_tag","embeddable":true,"href":"https:\/\/cecitech.com\/index.php?rest_route=%2Fwp%2Fv2%2Fproduct_tag&post=1205"}],"curies":[{"name":"wp","href":"https:\/\/api.w.org\/{rel}","templated":true}]}}