{"id":1201,"date":"2023-02-06T12:50:47","date_gmt":"2023-02-06T17:50:47","guid":{"rendered":"https:\/\/cecitech.com\/?post_type=product&#038;p=1201"},"modified":"2023-04-22T06:38:04","modified_gmt":"2023-04-22T11:38:04","slug":"ordinateur-et-bloc-notes-braille-b-book-pour-aveugles","status":"publish","type":"product","link":"https:\/\/cecitech.com\/?product=ordinateur-et-bloc-notes-braille-b-book-pour-aveugles","title":{"rendered":"B Book, ordinateur et bloc-notes braille pour Malvoyants."},"content":{"rendered":"<h1>En fin un vrai <strong>Ordinateur braille<\/strong>, une <strong>grande \u00e9volution<\/strong> pour Eurobraille!<\/h1>\r\n<h4><strong>Naviguer sur internet<\/strong> ou <strong>G\u00e9rer vos couriels<\/strong> est tellement simple gr\u00e2ce \u00e0 <strong>B Book<\/strong> seulement, pas besoin d&rsquo;un PC et d&rsquo;un plage braille \u00e0 la fois pour travailler.<\/h4>\r\n<h4><em>B.Book<\/em>\u00a0est dot\u00e9 d&rsquo;un\u00a0<strong>afficheur braille\u00a0<\/strong>de 32 caract\u00e8res, d&rsquo;un\u00a0<strong>clavier<\/strong>\u00a0de saisie 10 touches, de 2\u00a0<strong>joysticks,<\/strong>\u00a0de 6\u00a0<strong>touches de fonctions<\/strong>, et d&rsquo;une batterie procurant jusqu&rsquo;\u00e0 <strong>10 heures de fonctionnement<\/strong>.<\/h4>\r\n<h4>Comme pour la plage braille b.note d\u2019eurobraille, les curseurs routines du bloc-notes b.book ont une fonction \u00e0 double position :<\/h4>\r\n<ul>\r\n \t<li>\r\n<h4><strong>un appui l\u00e9ger sur un curseur avance ou recule la lecture sur l\u2019afficheur.<\/strong><\/h4>\r\n<\/li>\r\n \t<li>\r\n<h4><strong>un appui plus affirm\u00e9 va op\u00e9rer la fonction naturelle de s\u00e9lection du curseur.<\/strong><\/h4>\r\n<\/li>\r\n<\/ul>\r\n\r\n<hr \/>\r\n\r\n<h4><\/h4>\r\n<h4>La <strong>suite logicielle int\u00e9gr\u00e9e<\/strong> poss\u00e8de son <strong>propre lecteur d\u2019\u00e9cran<\/strong> mais l\u2019utilisateur non voyant pourra toujours installer tout lecteur d\u2019\u00e9cran du march\u00e9 : Jaws, Supernova,&#8230; ou autres <strong>logiciels compatibles Windows 10<\/strong> dont il aura besoin.<\/h4>\r\n<h4>Le mode \u00ab<strong> terminal Braille<\/strong> \u00bb permet de connecter<strong> b.book en USB ou en Bluetooth<\/strong> \u00e0 votre ordinateur, smartphone ou tablette pour lire, travailler et rester connect\u00e9. Les p\u00e9riph\u00e9riques externes tels que scanners ou imprimantes pourront \u00eatre connect\u00e9s au b.book.<\/h4>\r\n\r\n<hr \/>\r\n\r\n<h3><strong>ESYSUITE, LE BLOC-NOTE<\/strong><\/h3>\r\n<h4>La puissante suite logicielle esysuite, d\u00e9j\u00e0 pr\u00e9sente dans l\u2019esytime evolution, a d\u00e9j\u00e0 fait ses preuves et reste une valeur s\u00fbre dans le monde de l\u2019enseignement et de l\u2019\u00e9ducation.\r\nElle transforme b.book en bloc-notes ind\u00e9pendant de Windows 10, ne n\u00e9cessitant pas de comp\u00e9tences informatiques avanc\u00e9es. \u00c9volutive, esysuite s\u2019enrichit r\u00e9guli\u00e8rement de nouvelles fonctionnalit\u00e9s pour les utilisateurs braille.<\/h4>\r\n\r\n<hr \/>\r\n\r\n<h3><strong>Esysuite est constitu\u00e9e de plusieurs modules logiciels :<\/strong><\/h3>\r\n<h4>esynote : g\u00e8re dans un m\u00eame document les \u00e9critures Braille informatique, litt\u00e9raire, abr\u00e9g\u00e9,\r\nmath\u00e9matiques (int\u00e8gre les calculs scientifiques) et musicale. Il est ainsi possible de cr\u00e9er un\r\ndocument unique imprimable en Braille ou en noir. esynote fait le travail de conversion pour une\r\nimpression optimis\u00e9e en noir ;\r\nesyfile : gestionnaire de fichiers, permet d&rsquo;organiser le classement des donn\u00e9es ;\r\nesyschool : gestion de l\u2019emploi du temps et des\r\ndevoirs de l\u2019\u00e9l\u00e8ve, cahier de notes ;\r\nfonction OCR : combin\u00e9 avec un scanner, permet de num\u00e9riser des documents et d&rsquo;afficher leur\r\ncontenu en braille ou en vocal. Il convertit ainsi votre b.book en machine \u00e0 lire ;\r\nsynth\u00e8se vocale haute qualit\u00e9.<\/h4>\r\n\r\n<hr \/>\r\n\r\n<h1>Caracteristiques:<\/h1>\r\n<ul>\r\n \t<li><strong>Afficheur Braille de 32 cellules.<\/strong><\/li>\r\n \t<li><strong>8 points par cellule.<\/strong><\/li>\r\n \t<li><strong>32 curseurs routines.<\/strong><\/li>\r\n \t<li><strong>1 Clavier Braille 10 touches (8 braille + 2 pouces).<\/strong><\/li>\r\n \t<li><strong>2 Joystick de navigation de 4 directions.<\/strong><\/li>\r\n \t<li><strong>2 touches d&rsquo;avance\/ recul de 2 touches (pour lecture de l\u2019afficheur braille).<\/strong><\/li>\r\n \t<li><strong>2 lignes de fonctions de 3 touches.<\/strong><\/li>\r\n \t<li><strong>1 Microphone.<\/strong><\/li>\r\n \t<li><strong>2 haut-parleurs.<\/strong><\/li>\r\n \t<li><strong>1 Commutateur marche \/ arr\u00eat.<\/strong><\/li>\r\n \t<li><strong>1 Batterie +\/- 50Wh.<\/strong><\/li>\r\n \t<li><strong>2 Connecteurs USB 3.1<\/strong><\/li>\r\n \t<li><strong>2 Connecteurs USB2 Type A.<\/strong><\/li>\r\n \t<li><strong>1 Connecteur HDMI.<\/strong><\/li>\r\n \t<li><strong>1 entr\u00e9e jack audio.<\/strong><\/li>\r\n \t<li><strong>1 Connecteur Ethernet RJ45.<\/strong><\/li>\r\n \t<li><strong>1 Lecteur de carte SD.<\/strong><\/li>\r\n \t<li><strong>1 Connecteur USB C PD d&rsquo;alimentation.<\/strong><\/li>\r\n \t<li><strong>1 Module Wifi\/ Bluetooth PCIe Card.<\/strong><\/li>\r\n \t<li><strong>1 Disque dur SSD M.2 2280 SATA de 120Go \u00e0 1To<\/strong><\/li>\r\n \t<li><strong>1 Processeur SMARC Adilink Pentium N4200 \/ 1.1Gh\/2.5Gh\/4 cores\/8Gb + 32Gb<\/strong><\/li>\r\n \t<li><strong>1 Connecteur Mini USB-B.<\/strong><\/li>\r\n \t<li><strong>Dimensions 270 x 197 x 26,5 mm.<\/strong><\/li>\r\n<\/ul>\r\n<h3>Download :<span style=\"color: #0000ff;\">\u00a0<a style=\"color: #0000ff;\" href=\"http:\/\/cecitech.com\/wp-content\/uploads\/2023\/02\/B-BOOK-EUROBRAILLE-FR.pdf\">B BOOK EUROBRAILLE FR<\/a><\/span><\/h3>\r\n&nbsp;\r\n\r\n&nbsp;","protected":false},"excerpt":{"rendered":"<h1>B Book ordinateur et bloc-notes braille<\/h1>\r\n\r\n<hr \/>\r\n\r\n<h3>En fin un vrai <strong>ordinateur braille<\/strong>, une <strong>grande \u00e9volution<\/strong> pour Eurobraille!<\/h3>\r\n&nbsp;","protected":false},"featured_media":1202,"comment_status":"open","ping_status":"closed","template":"","meta":[],"product_brand":[],"product_cat":[35,30],"product_tag":[],"class_list":{"0":"post-1201","1":"product","2":"type-product","3":"status-publish","4":"has-post-thumbnail","6":"product_cat-bloc-note-braille","7":"product_cat-cecite","9":"first","10":"instock","11":"taxable","12":"shipping-taxable","13":"product-type-simple"},"_links":{"self":[{"href":"https:\/\/cecitech.com\/index.php?rest_route=\/wp\/v2\/product\/1201","targetHints":{"allow":["GET"]}}],"collection":[{"href":"https:\/\/cecitech.com\/index.php?rest_route=\/wp\/v2\/product"}],"about":[{"href":"https:\/\/cecitech.com\/index.php?rest_route=\/wp\/v2\/types\/product"}],"replies":[{"embeddable":true,"href":"https:\/\/cecitech.com\/index.php?rest_route=%2Fwp%2Fv2%2Fcomments&post=1201"}],"wp:featuredmedia":[{"embeddable":true,"href":"https:\/\/cecitech.com\/index.php?rest_route=\/wp\/v2\/media\/1202"}],"wp:attachment":[{"href":"https:\/\/cecitech.com\/index.php?rest_route=%2Fwp%2Fv2%2Fmedia&parent=1201"}],"wp:term":[{"taxonomy":"product_brand","embeddable":true,"href":"https:\/\/cecitech.com\/index.php?rest_route=%2Fwp%2Fv2%2Fproduct_brand&post=1201"},{"taxonomy":"product_cat","embeddable":true,"href":"https:\/\/cecitech.com\/index.php?rest_route=%2Fwp%2Fv2%2Fproduct_cat&post=1201"},{"taxonomy":"product_tag","embeddable":true,"href":"https:\/\/cecitech.com\/index.php?rest_route=%2Fwp%2Fv2%2Fproduct_tag&post=1201"}],"curies":[{"name":"wp","href":"https:\/\/api.w.org\/{rel}","templated":true}]}}