{"id":120,"date":"2016-11-03T00:26:57","date_gmt":"2016-11-02T20:26:57","guid":{"rendered":"http:\/\/cecitech.com\/wp\/?post_type=product&#038;p=120"},"modified":"2016-12-19T07:47:08","modified_gmt":"2016-12-19T03:47:08","slug":"openbook-logiciel-de-reconnaissance-de-caracteres","status":"publish","type":"product","link":"https:\/\/cecitech.com\/?product=openbook-logiciel-de-reconnaissance-de-caracteres","title":{"rendered":"OPENBook"},"content":{"rendered":"<h3 class=\"mttl\">Fonctionnalit\u00e9s<\/h3>\r\nOpenbook est un logiciel de num\u00e9risation pour d\u00e9ficients visuels \u00e9dit\u00e9 par la soci\u00e9t\u00e9 Freedom Scientific.\r\nCe logiciel vous offre la possibilit\u00e9, associ\u00e9 \u00e0 un scanner, de lire, modifier et g\u00e9rer les documents imprim\u00e9s, en les num\u00e9risant et les convertissant en information num\u00e9rique.\r\nCette information est ensuite affich\u00e9e \u00e0 l&rsquo;\u00e9cran, lue par la synth\u00e8se vocale logicielle incluse ou par un autre affichage, braille par exemple.\r\n \r\n<p class=\"sttl\">Les \u00ab\u00a0plus\u00a0\u00bb d&rsquo;OpenBook<\/p>\r\n\r\n<p class=\"ssttl\">Lecture<\/p>\r\nFaites une lecture rapide de vos documents \u00e0 l&rsquo;aide de la fonction \u00ab\u00a0Dire tout\u00a0\u00bb, laquelle peut automatiquement avancer les pages. Vous pouvez activer la fonction d&rsquo;avancement par mot, ligne, phrase ou paragraphe. L&rsquo;option \u00ab\u00a0Lecture avanc\u00e9e\u00a0\u00bb permet une lecture rapide du contenu du document en \u00e9non\u00e7ant le d\u00e9but (ou le d\u00e9but et la fin) de chaque paragraphe. La fonction \u00ab\u00a0Avance et recul rapides\u00a0\u00bb permet de naviguer rapidement d&rsquo;une rubrique \u00e0 l&rsquo;autre et d&rsquo;en faire une lecture sommaire ou approfondie.\r\n \r\n<p class=\"ssttl\">Configuration<\/p>\r\nVous pouvez configurer le type et la taille des caract\u00e8res ainsi que la couleur du texte et de l&rsquo;arri\u00e8re-plan. La fonction \u00ab\u00a0Masquage de texte\u00a0\u00bb facilite la localisation du curseur en grisant le texte que vous ne lisez pas, tout en mettant en \u00e9vidence la s\u00e9lection d\u00e9sir\u00e9e : phrase , ligne ou paragraphe. Les options \u00ab\u00a0Zoom\u00a0\u00bb et \u00ab\u00a0Fen\u00eatre de texte\u00a0\u00bb sont \u00e9galement incluses pour optimiser la lecture.\r\n \r\n<p class=\"sttl\">Les principales caract\u00e9ristiques d&rsquo;OpenBook<\/p>\r\n<span class=\"emp\">Portabilit\u00e9 :<\/span> Cr\u00e9ez des fichiers MP3 ou WAV avec le param\u00e9trage de votre choix. Imprimez directement en braille ou en \u00ab\u00a0noir\u00a0\u00bb.\r\n<span class=\"emp\">Reconnaissance :<\/span> 3 moteurs de reconnaissance sont utilis\u00e9s (Fine Reader, Caere et Recognita) pour optimiser les r\u00e9sultats. Un correcteur augmente la pr\u00e9cision de reconnaissance.\r\n<span class=\"emp\">Navigation :<\/span> Les signets d\u00e9finis par l&rsquo;utilisateur permettent un d\u00e9placement facile dans les documents.\r\n<span class=\"emp\">Configuration facile :<\/span> La fonction \u00ab\u00a0Sauvegarde des param\u00e8tres\u00a0\u00bb vous permet d&rsquo;enregistrer votre propre configuration ; gr\u00e2ce \u00e0 l&rsquo;option \u00ab\u00a0Connexion multi-usagers\u00a0\u00bb, vous pouvez organiser des groupes de param\u00e8tres accessibles d\u00e8s votre entr\u00e9e dans le syst\u00e8me.\r\n<span class=\"emp\">Nouveau syst\u00e8me d&rsquo;aide en ligne :<\/span> Naviguez rapidement dans les pages de contenu et l&rsquo;index. Naviguez par sujet ou par rubrique selon le sujet.\r\n<span class=\"emp\">Format de fichier DAISY :<\/span> OpenBook ouvre et lit les fichiers t\u00e9l\u00e9charg\u00e9s de Bookshare.org.\r\n<span class=\"emp\">Organisation du document :<\/span> Modifiez la pr\u00e9sentation d&rsquo;un document en s\u00e9lectionnant l&rsquo;information pertinente tout en masquant, si d\u00e9sir\u00e9, le reste du texte.\r\n<span class=\"emp\">Mod\u00e8les de lecture :<\/span> Cr\u00e9ez un mod\u00e8le de lecture vous permettant d&rsquo;automatiser la lecture de documents similaires.\r\n \r\n<p class=\"sttl\">Les nouveaut\u00e9s de la version 9 d&rsquo;Openbook :<\/p>\r\n \r\nReconnaissance de caract\u00e8res optiques ultra rapide\r\nOpenBook  9 offre la reconnaissance de texte la plus rapide et la plus pr\u00e9cise.  Posez un document sur un scanner ou sous la cam\u00e9ra PEARL\u00ae et OpenBook  commence imm\u00e9diatement la lecture et affiche le texte reconnu \u00e0 l&rsquo;\u00e9cran  en quelques secondes d&rsquo;acquisition de l&rsquo;image.\r\n \r\n<p class=\"sttl\">Cam\u00e9ra de lecture portable PEARL<\/p>\r\nOpenBook  9 et la nouvelle cam\u00e9ra portable PEARL vous offrent la solution id\u00e9ale  d&rsquo;acquisition et de lecture, rendant ainsi l\u2019acquisition et la lecture  des images plus rapide que jamais. Un guide page tr\u00e8s pratique vous  permet d\u2019aligner vos documents pour une meilleure acquisition. PEARL est  \u00e0 mesure d\u2019acqu\u00e9rir deux pages \u00e0 la fois d\u2019un livre de poche plac\u00e9 sur  le c\u00f4t\u00e9. Pour les livres plus larges, alignez le centre du livre sur le  bord du guide page pour acqu\u00e9rir une seule page \u00e0 la fois. OpenBook  peut acqu\u00e9rir jusqu&rsquo;\u00e0 20 pages par minute. OpenBook est \u00e9quip\u00e9 d&rsquo;un  mode automatique qui d\u00e9tecte les mouvements permettant \u00e0 l&rsquo;utilisateur  de bien retourner une page avant de l&rsquo;acqu\u00e9rir. PEARL  est con\u00e7u pour capturer de belles images en \u00e9clairage standard.  Si la pi\u00e8ce est sombre, tout simplement allumer la lumi\u00e8re LED int\u00e9gr\u00e9e.\r\n \r\n<p class=\"sttl\">Utiliser PEARL comme t\u00e9l\u00e9agrandisseur<\/p>\r\nOpenBook  9 a une nouvelle Vue cam\u00e9ra qui affiche l&rsquo;image qui se trouve  actuellement sous la cam\u00e9ra PEARL. Cela vous permet d&rsquo;utiliser PEARL  comme un t\u00e9l\u00e9agrandisseur et d&rsquo;effectuer diverses petites t\u00e2ches qui  n\u00e9cessitent une vue agrandie comme l&rsquo;\u00e9criture ou la signature de  documents. La vue exacte offre la possibilit\u00e9 de changer le niveau de  zoom et du tableau XY vous facilitant la lecture. La vue Cam\u00e9ra peut  \u00eatre activ\u00e9e \u00e0 partir du menu Affichage. Vous pouvez \u00e9galement appuyer  sur <span class=\"emp\">CTRL +MAJ+V<\/p> pour basculer entre la vue texte, la vue exacte, la vue partag\u00e9e, et la vue cam\u00e9ra.\r\n \r\n<p class=\"sttl\">Strat\u00e9gies de reconnaissance<\/p>\r\nAvec  les nouvelles strat\u00e9gies de reconnaissance, vous n&rsquo;avez plus besoin  d&rsquo;essayer les diff\u00e9rents types de moteur ROC pour le traitement d&rsquo;un  document particulier. Il suffit de s\u00e9lectionner l&rsquo;une des strat\u00e9gies  disponibles : plus rapide, \u00c9quilibr\u00e9e (par d\u00e9faut), ou plus pr\u00e9cise, et  OpenBook utilisera le moteur ROC appropri\u00e9.\r\n \r\n<p class=\"sttl\">Les voix des synth\u00e8ses vocales RealSpeak Solo Direct<\/p>\r\nOpenBook 9 inclut les voix des synth\u00e8ses vocales  RealSpeak\u2122  Solo Direct de Nuance\u00ae Communications. Ces synth\u00e8ses vocales sont  exclusivement compatibles avec des produits de Freedom Scientific.\r\n \r\n<p class=\"sttl\">Le Gestionnaire de Licence Internet<\/p>\r\nOpenBook  9 propose d\u00e9sormais le m\u00eame Gestionnaire de Licence Internet (GLI) que  JAWS et MAGic. Vous ne serez plus invit\u00e9 \u00e0 entrer un num\u00e9ro de s\u00e9rie  lors de l&rsquo;installation. Au premier d\u00e9marrage de OpenBook, vous \u00eates  invit\u00e9 \u00e0 activer le programme. Sinon, OpenBook va fonctionner en mode  40 minutes et vous devez red\u00e9marrer votre ordinateur afin de pouvoir  utiliser OpenBook en version d\u2019\u00e9valuation. OpenBook 9 peut \u00e9galement \u00eatre activ\u00e9 par Dongle (cl\u00e9 USB) ou par un logiciel tiers Media Image Creator. Si vous pr\u00e9f\u00e9rez l&rsquo;une de ces options \u00e0 l&rsquo;activation par GLI, merci de nous le pr\u00e9ciser par mail \u00e0 la commande.\r\n \r\n<p class=\"sttl\">Caract\u00e9ristiques techniques<\/p>\r\n<ul class=\"lst_product\">\r\n\t<li>Syst\u00e8me d&rsquo;exploitation : toutes les versions 32 bits de Windows XP et Windows 2003 serveur, toutes les versions 32 et 64 bits de Windows Vista, et toutes les versions 32 et 64 bits de Windows 7 et Windows 2008 serveur.<\/li>\r\n\t<li>Vitesse du processeur 500 MHz Intel\u00ae Pentium\u00ae III ou plus<\/li>\r\n\t<li>M\u00e9moire vive 256 Mo (512 Mo recommand\u00e9e)<\/li>\r\n\t<li>Espace disque disponible pour l&rsquo;installation 1.2 GO (sur le disque dur contenant les programmes et les dossiers Windows)<\/li>\r\n\t<li>Carte graphique R\u00e9solution graphique de 256 couleurs<\/li>\r\n\t<li>Carte son Carte son compatible avec le syst\u00e8me d&rsquo;exploitation que vous utilisez<\/li>\r\n\t<li>Clavier Clavier \u00e0 104 touches<\/li>\r\n\t<li>Module d&rsquo;acquisition Scanner TWAIN ou WIA-compatible ou la cam\u00e9ra PEARL de Freedom Scientific\r\nLecteur de CD ROM<\/li>\r\n<\/ul>","protected":false},"excerpt":{"rendered":"OpenBook est un logiciel vous offrant la possibilit\u00e9, associ\u00e9 \u00e0 un scanner, de lire, modifier et g\u00e9rer les documents imprim\u00e9s, en les num\u00e9risant et les convertissant en information num\u00e9rique. Article en stock.","protected":false},"featured_media":121,"comment_status":"closed","ping_status":"closed","template":"","meta":[],"product_brand":[],"product_cat":[33,30,39,31],"product_tag":[],"class_list":{"0":"post-120","1":"product","2":"type-product","3":"status-publish","4":"has-post-thumbnail","6":"product_cat-basse-vision","7":"product_cat-cecite","8":"product_cat-logiciel","9":"product_cat-logiciels-cecite","11":"first","12":"instock","13":"taxable","14":"shipping-taxable","15":"product-type-simple"},"_links":{"self":[{"href":"https:\/\/cecitech.com\/index.php?rest_route=\/wp\/v2\/product\/120","targetHints":{"allow":["GET"]}}],"collection":[{"href":"https:\/\/cecitech.com\/index.php?rest_route=\/wp\/v2\/product"}],"about":[{"href":"https:\/\/cecitech.com\/index.php?rest_route=\/wp\/v2\/types\/product"}],"replies":[{"embeddable":true,"href":"https:\/\/cecitech.com\/index.php?rest_route=%2Fwp%2Fv2%2Fcomments&post=120"}],"wp:featuredmedia":[{"embeddable":true,"href":"https:\/\/cecitech.com\/index.php?rest_route=\/wp\/v2\/media\/121"}],"wp:attachment":[{"href":"https:\/\/cecitech.com\/index.php?rest_route=%2Fwp%2Fv2%2Fmedia&parent=120"}],"wp:term":[{"taxonomy":"product_brand","embeddable":true,"href":"https:\/\/cecitech.com\/index.php?rest_route=%2Fwp%2Fv2%2Fproduct_brand&post=120"},{"taxonomy":"product_cat","embeddable":true,"href":"https:\/\/cecitech.com\/index.php?rest_route=%2Fwp%2Fv2%2Fproduct_cat&post=120"},{"taxonomy":"product_tag","embeddable":true,"href":"https:\/\/cecitech.com\/index.php?rest_route=%2Fwp%2Fv2%2Fproduct_tag&post=120"}],"curies":[{"name":"wp","href":"https:\/\/api.w.org\/{rel}","templated":true}]}}