{"id":1196,"date":"2023-02-02T12:03:43","date_gmt":"2023-02-02T17:03:43","guid":{"rendered":"https:\/\/cecitech.com\/?post_type=product&#038;p=1196"},"modified":"2023-04-22T07:06:49","modified_gmt":"2023-04-22T12:06:49","slug":"ecran-full-hd-supplementaire-de-125%e2%80%b3-pour-votre-cloverbook-pro","status":"publish","type":"product","link":"https:\/\/cecitech.com\/?product=ecran-full-hd-supplementaire-de-125%e2%80%b3-pour-votre-cloverbook-pro","title":{"rendered":"Clover View \u00c9cran Full HD suppl\u00e9mentaire de 12,5\u2033pour votre Clover Book Pro"},"content":{"rendered":"<h3 dir=\"ltr\" data-placeholder=\"Translation\"><span style=\"color: #ff0000;\">DESCRIPTION<\/span><\/h3>\r\n<h4 class=\"tw-data-text tw-text-large tw-ta\" dir=\"ltr\" data-placeholder=\"Translation\"><strong><span class=\"Y2IQFc\" lang=\"fr\">Ajoutez un \u00e9cran Full HD suppl\u00e9mentaire de 12,5\u2033 \u00e0 votre Clover Book Pro pour doubler votre zone de visualisation et essentiellement am<\/span><span class=\"Y2IQFc\" lang=\"fr\">\u00e9<\/span><span class=\"Y2IQFc\" lang=\"fr\">liorer votre appareil ; Avec des fonctionnalit\u00e9s uniques d&rsquo;orientation de lecture, d&rsquo;\u00e9cran partag\u00e9 et de connexion \u00e0 l&rsquo;ordinateur, tout cela et encore plus \u00e0 l&rsquo;aide de l&rsquo;\u00e9cran externe CLOVER VIEW<\/span><\/strong><\/h4>\r\n<h4 id=\"tw-target-text\" class=\"tw-data-text tw-text-large tw-ta\" dir=\"ltr\" data-placeholder=\"Translation\"><strong><span class=\"Y2IQFc\" lang=\"fr\">L&rsquo;\u00e9cran suppl\u00e9mentaire CloverView double l&rsquo;efficacit\u00e9 de la fonction d&rsquo;\u00e9cran partag\u00e9 de Clover Book Pro. Au lieu de diviser l&rsquo;\u00e9cran CloverBook Pro, vous obtenez un \u00e9cran d\u00e9di\u00e9 \u00e0 la distance ou \u00e0 l&rsquo;auto-affichage et un \u00e9cran s\u00e9par\u00e9 pour la vue rapproch\u00e9e\/bureau. Utilisez l&rsquo;un ou l&rsquo;autre des \u00e9crans pour les vues rapproch\u00e9es ou \u00e9loign\u00e9es et modifiez facilement le grossissement et le contraste sur chaque \u00e9cran, ind\u00e9pendamment.<\/span><\/strong><\/h4>\r\n<h3><span style=\"color: #ff0000;\">Caracteristiques<\/span><\/h3>\r\n<div id=\"tw-container\" class=\"\" data-cp=\"1\" data-is-ver=\"false\" data-nnttsvi=\"1\" data-sbsl=\".*\" data-sm=\"1\" data-ssbp=\"false\" data-sugg-time=\"500\" data-sugg-url=\"https:\/\/clients1.google.com\/complete\/search\" data-uilc=\"en\" data-vil=\",af,af-ZA,am,am-ET,ar-EG,ar-AE,ar-KW,ar-QA,ar,ar-IL,ar-JO,ar-LB,ar-PS,az,az-AZ,bg,bg-BG,bn,bn-BD,bn-IN,ca,ca-es,cs,cs-CZ,de,de-DE,de-CH,de-AT,de-LI,en,en-US,en-CA,en-AU,en-NZ,en-GB,en-IN,en-KE,en-TZ,en-NG,en-GH,en-PH,en-ZA,es,es-ES,es-AR,es-UY,es-419,es-BO,es-CL,es-CR,es-CO,es-DO,es-EC,es-GT,es-HN,es-NI,es-PA,es-PE,es-PR,es-PY,es-SV,es-VE,es-MX,es-US,eu,eu-ES,fi,fi-FI,fr,fr-FR,fr-CH,fr-BE,gl,gl-ES,gu,gu-IN,he,he-IL,iw,iw-IL,hu,hu-HU,hy,hy-AM,id,id-ID,is,is-IS,it,it-IT,it-CH,ja,ja-JP,jv,jv-ID,ka,ka-GE,km,km-KH,kn,kn-IN,ko,ko-KR,la,lo,lo-LA,lv,lv-LV,ml,ml-IN,mr,mr-IN,ms,ms-MY,nl,nl-NL,nb,nb-NO,ne,ne-NP,pl,pl-PL,pt,pt-BR,pt-PT,ro,ro-RO,ru,ru-RU,si-LK,sk,sk-SK,sr,sr-RS,su,su-ID,sv,sv-SE,sw,sw-TZ,sw-KE,ta,ta-IN,ta-SG,ta-LK,ta-MY,te,te-IN,tr,tr-TR,ur,ur-PK,ur-IN,yue,yue-HK,yue-Hant-HK,zh-HK,zh,zh-CN,zh-cmn,zh-cmn-CN,zh-Hans,zh-Hans-CN,zh-cmn-Hans,zh-cmn-Hans-CN,cmn-CN,cmn-Hans,cmn-Hans-CN,zh-TW,zh-Hant-TW,cmn-TW,cmn-Hant-TW,zh-cmn-TW,zh-cmn-Hant-TW,zu,zu-ZA\">\r\n<div>\r\n<div>\r\n<div id=\"tw-ob\" class=\"tw-src-ltr\">\r\n<div class=\"oSioSc\">\r\n<div id=\"tw-target\">\r\n<div id=\"kAz1tf\" class=\"g9WsWb\">\r\n<div id=\"tw-target-text-container\" class=\"tw-ta-container F0azHf tw-nfl\" tabindex=\"0\">\r\n<ul>\r\n \t<li id=\"tw-target-text\" class=\"tw-data-text tw-text-large tw-ta\" dir=\"ltr\" data-placeholder=\"Translation\">\r\n<h4><strong><span class=\"Y2IQFc\" lang=\"fr\">Se fixe au Clover Book Pro \u00e0 l&rsquo;aide d&rsquo;un c\u00e2ble HDMI personnalis\u00e9<\/span><\/strong><\/h4>\r\n<\/li>\r\n \t<li class=\"tw-data-text tw-text-large tw-ta\" dir=\"ltr\" data-placeholder=\"Translation\">\r\n<h4><strong><span class=\"Y2IQFc\" lang=\"fr\">Double l&rsquo;espace de votre \u00e9cran avec une r\u00e9solution FHD <\/span><\/strong><\/h4>\r\n<\/li>\r\n \t<li class=\"tw-data-text tw-text-large tw-ta\" dir=\"ltr\" data-placeholder=\"Translation\">\r\n<h4><strong><span class=\"Y2IQFc\" lang=\"fr\">Fournit une v\u00e9ritable distance\/vue rapproch\u00e9e sur \u00e9cran partag\u00e9 <\/span><\/strong><\/h4>\r\n<\/li>\r\n \t<li class=\"tw-data-text tw-text-large tw-ta\" dir=\"ltr\" data-placeholder=\"Translation\">\r\n<h4><strong><span class=\"Y2IQFc\" lang=\"fr\">Vous permet de trouver rapidement et facilement votre place <\/span><\/strong><\/h4>\r\n<\/li>\r\n \t<li class=\"tw-data-text tw-text-large tw-ta\" dir=\"ltr\" data-placeholder=\"Translation\">\r\n<h4><strong><span class=\"Y2IQFc\" lang=\"fr\">Se connecte \u00e0 un ordinateur<\/span><\/strong><\/h4>\r\n<\/li>\r\n \t<li class=\"tw-data-text tw-text-large tw-ta\" dir=\"ltr\" data-placeholder=\"Translation\">\r\n<h4><strong><span class=\"Y2IQFc\" lang=\"fr\">Fabrique un mag\/poste de travail tout-en-un<\/span><\/strong><\/h4>\r\n<\/li>\r\n<\/ul>\r\n<\/div>\r\n<div id=\"tw-target-rmn-container\" class=\"tw-target-rmn tw-ta-container F0azHf tw-nfl\">\r\n<pre id=\"tw-target-rmn\" class=\"tw-data-placeholder tw-text-small tw-ta\" dir=\"ltr\" data-placeholder=\"\"><\/pre>\r\n<\/div>\r\n<\/div>\r\n<\/div>\r\n<\/div>\r\n<\/div>\r\n<\/div>\r\n<\/div>\r\n<\/div>\r\n<div class=\"KFFQ0c xKf9F\"><\/div>","protected":false},"excerpt":{"rendered":"<h1 id=\"tw-target-text\" class=\"tw-data-text tw-text-large tw-ta\" dir=\"ltr\" data-placeholder=\"Translation\"><strong><span class=\"Y2IQFc\" lang=\"fr\">CloverView<\/span><\/strong><\/h1>\r\n<h4 id=\"tw-target-text\" class=\"tw-data-text tw-text-large tw-ta\" dir=\"ltr\" data-placeholder=\"Translation\"><strong><span class=\"Y2IQFc\" lang=\"fr\">L&rsquo;ajout de l&rsquo;\u00e9cran externe CloverView fait bien plus que simplement augmenter la surface de votre \u00e9cran\u00a0; cela cr\u00e9e une toute nouvelle exp\u00e9rience de lecture !<\/span><\/strong><\/h4>","protected":false},"featured_media":1197,"comment_status":"open","ping_status":"closed","template":"","meta":[],"product_brand":[],"product_cat":[33,37],"product_tag":[],"class_list":{"0":"post-1196","1":"product","2":"type-product","3":"status-publish","4":"has-post-thumbnail","6":"product_cat-basse-vision","7":"product_cat-video-loupes-de-poche","9":"first","10":"instock","11":"taxable","12":"shipping-taxable","13":"product-type-simple"},"_links":{"self":[{"href":"https:\/\/cecitech.com\/index.php?rest_route=\/wp\/v2\/product\/1196","targetHints":{"allow":["GET"]}}],"collection":[{"href":"https:\/\/cecitech.com\/index.php?rest_route=\/wp\/v2\/product"}],"about":[{"href":"https:\/\/cecitech.com\/index.php?rest_route=\/wp\/v2\/types\/product"}],"replies":[{"embeddable":true,"href":"https:\/\/cecitech.com\/index.php?rest_route=%2Fwp%2Fv2%2Fcomments&post=1196"}],"wp:featuredmedia":[{"embeddable":true,"href":"https:\/\/cecitech.com\/index.php?rest_route=\/wp\/v2\/media\/1197"}],"wp:attachment":[{"href":"https:\/\/cecitech.com\/index.php?rest_route=%2Fwp%2Fv2%2Fmedia&parent=1196"}],"wp:term":[{"taxonomy":"product_brand","embeddable":true,"href":"https:\/\/cecitech.com\/index.php?rest_route=%2Fwp%2Fv2%2Fproduct_brand&post=1196"},{"taxonomy":"product_cat","embeddable":true,"href":"https:\/\/cecitech.com\/index.php?rest_route=%2Fwp%2Fv2%2Fproduct_cat&post=1196"},{"taxonomy":"product_tag","embeddable":true,"href":"https:\/\/cecitech.com\/index.php?rest_route=%2Fwp%2Fv2%2Fproduct_tag&post=1196"}],"curies":[{"name":"wp","href":"https:\/\/api.w.org\/{rel}","templated":true}]}}