{"id":118,"date":"2016-11-03T00:15:59","date_gmt":"2016-11-02T20:15:59","guid":{"rendered":"http:\/\/cecitech.com\/wp\/?post_type=product&#038;p=118"},"modified":"2023-04-26T08:30:49","modified_gmt":"2023-04-26T13:30:49","slug":"duxbury-braille-translator","status":"publish","type":"product","link":"https:\/\/cecitech.com\/?product=duxbury-braille-translator","title":{"rendered":"Duxbury Braille Translator &#8211; Logiciel de transcription Braille"},"content":{"rendered":"<h1 id=\"tw-target-text\" class=\"tw-data-text tw-text-large tw-ta\" dir=\"ltr\" data-placeholder=\"Translation\"><span class=\"Y2IQFc\" lang=\"fr\">Duxbury Systems est le leader mondial des logiciels pour le braille. <\/span><\/h1>\r\n<h3 class=\"tw-data-text tw-text-large tw-ta\" dir=\"ltr\" data-placeholder=\"Translation\"><span class=\"Y2IQFc\" lang=\"fr\">Le Duxbury Braille Translator (DBT) est utilis\u00e9 par pratiquement tous les principaux \u00e9diteurs de braille du monde. Personne ne prend en charge plus de langues que Duxbury Systems. DBT prend en charge plus de 170 langues en braille non contract\u00e9 ou contract\u00e9 (lorsque de telles r\u00e8gles existent). Notre logiciel peut produire du braille litt\u00e9raire, math\u00e9matique et technique contractuel et non contractuel.<\/span><\/h3>\r\n<h1 class=\"mttl\">Fonctionnalit\u00e9s<\/h1>\r\n<h3>Le logiciel Duxbury pour Windows mise en page et abr\u00e9g\u00e9 braille est un puissant logiciel de transcription Braille adapt\u00e9 au Braille fran\u00e7ais.<\/h3>\r\n<h3>DBT Win est un logiciel permettant la transcription en braille int\u00e9gral ou abr\u00e9g\u00e9 de textes saisis \u00aben noir\u00bb. Utilis\u00e9 par la majorit\u00e9 des producteurs de braille dans le monde, DBT Win permet d&#8217;embosser sur la plupart des imprimantes braille, en local ou en r\u00e9seau.<\/h3>\r\n<div class=\"embed\">\r\n\r\n<iframe loading=\"lazy\" src=\"https:\/\/www.youtube.com\/embed\/IrCak-5UE0k\" width=\"560\" height=\"315\" frameborder=\"0\" allowfullscreen=\"allowfullscreen\"><\/iframe>\r\n<h3 class=\"txt_c\">Vid\u00e9o de pr\u00e9sentation du logiciel Duxbury Braille Translator (en anglais)<\/h3>\r\n<\/div>\r\n<h3 class=\"sttl\">Ses fonctionnalit\u00e9s :<\/h3>\r\n<ul class=\"lst_product\">\r\n \t<li>\r\n<h4>Choix du mode de saisie du texte : clavier azerty ou clavier braille Perkins en utilisant les touches S, D, F, J, K et L ;<\/h4>\r\n<\/li>\r\n \t<li>\r\n<h4>Choix de l&rsquo;affichage du texte format\u00e9 et des codes de mise en page : police standard, police Braille ou Simbraille (les points braille sont dessin\u00e9s \u00e0 l&rsquo;\u00e9cran) ;<\/h4>\r\n<\/li>\r\n \t<li>\r\n<h4>Transcription en braille int\u00e9gral ou abr\u00e9g\u00e9 ;<\/h4>\r\n<\/li>\r\n \t<li>\r\n<h4>Num\u00e9rotation automatique des pages, avec possibilit\u00e9 d&rsquo;une double pagination ;<\/h4>\r\n<\/li>\r\n \t<li>\r\n<h4>Impression en noir sur l&rsquo;imprimante install\u00e9e dans Windows ;<\/h4>\r\n<\/li>\r\n \t<li>\r\n<h4>Embossage sur la plupart des imprimantes braille disponibles, en local ou en r\u00e9seau ;<\/h4>\r\n<\/li>\r\n \t<li>\r\n<h4>Importation de documents provenant de diff\u00e9rents formats : Word pour Windows (jusqu&rsquo;\u00e0 Word 2003), WordPerfect, textes format\u00e9s DOS, Windows ou Macintosh ;<\/h4>\r\n<\/li>\r\n \t<li>\r\n<h4>Utilisation de styles et de mod\u00e8les pr\u00e9d\u00e9finis ou personnels ;<\/h4>\r\n<\/li>\r\n \t<li>\r\n<h4>Prise en compte compl\u00e8te du nouveau code braille ;<\/h4>\r\n<\/li>\r\n \t<li>\r\n<h4>Impl\u00e9mentation de la table braille fran\u00e7aise ;<\/h4>\r\n<\/li>\r\n \t<li>\r\n<h4>G\u00e9n\u00e9ration automatique de la table des mati\u00e8res d&rsquo;un document braille<\/h4>\r\n<\/li>\r\n<\/ul>\r\n<h3 class=\"sttl\">Caract\u00e9ristiques techniques<\/h3>\r\n<ul class=\"lst_product\">\r\n \t<li>\r\n<h4>Configuration minimale requise :<\/h4>\r\n<\/li>\r\n \t<li>\r\n<h4>Processeur Pentium<\/h4>\r\n<\/li>\r\n \t<li>\r\n<h4>Windows 98, NT ou ME, XP ou 2000<\/h4>\r\n<\/li>\r\n \t<li>\r\n<h4>15 Mo d&rsquo;espace disque libres<\/h4>\r\n<\/li>\r\n<\/ul>\r\n<h1>Lecteur CD ROM pour l&rsquo;installation du logiciel<\/h1>\r\n&nbsp;","protected":false},"excerpt":{"rendered":"<h1>Duxbury Braille Translator &#8211; Logiciel de transcription Braille<\/h1>\r\n<h4><span class=\"Y2IQFc\" lang=\"fr\">Notre logiciel peut produire du braille litt\u00e9raire, math\u00e9matique et technique contractuel et non contractuel.<\/span><\/h4>","protected":false},"featured_media":119,"comment_status":"closed","ping_status":"closed","template":"","meta":[],"product_brand":[],"product_cat":[30,31],"product_tag":[],"class_list":{"0":"post-118","1":"product","2":"type-product","3":"status-publish","4":"has-post-thumbnail","6":"product_cat-cecite","7":"product_cat-logiciels-cecite","9":"first","10":"instock","11":"taxable","12":"shipping-taxable","13":"product-type-simple"},"_links":{"self":[{"href":"https:\/\/cecitech.com\/index.php?rest_route=\/wp\/v2\/product\/118","targetHints":{"allow":["GET"]}}],"collection":[{"href":"https:\/\/cecitech.com\/index.php?rest_route=\/wp\/v2\/product"}],"about":[{"href":"https:\/\/cecitech.com\/index.php?rest_route=\/wp\/v2\/types\/product"}],"replies":[{"embeddable":true,"href":"https:\/\/cecitech.com\/index.php?rest_route=%2Fwp%2Fv2%2Fcomments&post=118"}],"wp:featuredmedia":[{"embeddable":true,"href":"https:\/\/cecitech.com\/index.php?rest_route=\/wp\/v2\/media\/119"}],"wp:attachment":[{"href":"https:\/\/cecitech.com\/index.php?rest_route=%2Fwp%2Fv2%2Fmedia&parent=118"}],"wp:term":[{"taxonomy":"product_brand","embeddable":true,"href":"https:\/\/cecitech.com\/index.php?rest_route=%2Fwp%2Fv2%2Fproduct_brand&post=118"},{"taxonomy":"product_cat","embeddable":true,"href":"https:\/\/cecitech.com\/index.php?rest_route=%2Fwp%2Fv2%2Fproduct_cat&post=118"},{"taxonomy":"product_tag","embeddable":true,"href":"https:\/\/cecitech.com\/index.php?rest_route=%2Fwp%2Fv2%2Fproduct_tag&post=118"}],"curies":[{"name":"wp","href":"https:\/\/api.w.org\/{rel}","templated":true}]}}