{"id":1160,"date":"2022-01-26T08:43:35","date_gmt":"2022-01-26T13:43:35","guid":{"rendered":"http:\/\/cecitech.com\/?post_type=product&#038;p=1160"},"modified":"2023-04-22T07:47:38","modified_gmt":"2023-04-22T12:47:38","slug":"snow-12","status":"publish","type":"product","link":"https:\/\/cecitech.com\/?product=snow-12","title":{"rendered":"Snow 12 Loupe \u00e9lectronique parlante avec support"},"content":{"rendered":"<h1><strong>Pour une v\u00e9ritable ind\u00e9pendance ! SNOW12<\/strong><\/h1>\r\n<h3><strong>Simple et Intuitive<\/strong><span style=\"font-size: 16px;\"> :\u00a0Six boutons simples rendent la Snow 12 facile et intuitive, pour que tout le monde puisse en profiter.<\/span><\/h3>\r\n<h3><strong>Qualit\u00e9 d&rsquo;image sup\u00e9rieure :<\/strong>\u00a0Le meilleur appareil photo Zoomax produit les images les plus nettes avec de superbes d\u00e9tails et des couleurs vives.<\/h3>\r\n<h3><strong>Mince et moderne :<\/strong> Moins d&rsquo;un pouce d&rsquo;\u00e9paisseur, le design moderne est \u00e9l\u00e9gant et confortable \u00e0 tenir.<\/h3>\r\n<h3><strong>Espace d&rsquo;\u00e9criture confortable :<\/strong> Un plus grand espace d&rsquo;\u00e9criture \u00e0 utiliser pour \u00e9crire, gribouiller, signer et cr\u00e9er\u00a0!<\/h3>\r\n<h3><strong>OCR et synth\u00e8se vocale :<\/strong> Convertissez rapidement et facilement du texte imprim\u00e9 en parole dans plus de 20 langues.<\/h3>\r\n<h3><strong>Voyez pratiquement tout avec facilit\u00e9 :<\/strong> Prenez une bouteille de pilules, un document imprim\u00e9, une recette ou un devoir, et lisez-le.<\/h3>\r\n<h1 class=\"mttl\"><strong>Caract\u00e9ristiques\/ Sp\u00e9cifications<\/strong><\/h1>\r\n<ul>\r\n \t<li>\r\n<h3><strong>Affichage : \u00e9cran tactile 12\u00a0\u00bb full HD<\/strong><\/h3>\r\n<\/li>\r\n \t<li>\r\n<h3><strong>Cam\u00e9ra Full HD 13 megapixels.<\/strong><\/h3>\r\n<\/li>\r\n \t<li>\r\n<h3><strong>Agrandissement : 2.7 \u00e0 19x ou 2.5 \u00e0 19x avec support.<\/strong><\/h3>\r\n<\/li>\r\n \t<li>\r\n<h3><strong>Modes de couleurs : full color et 10 modes de couleurs fort contraste.<\/strong><\/h3>\r\n<\/li>\r\n \t<li>\r\n<h3><strong>OCR et TTS en option, plus de 20 langues.<\/strong><\/h3>\r\n<\/li>\r\n \t<li>\r\n<h3><strong>Formats de fichiers : JPG, PDF, RTF et TXT.<\/strong><\/h3>\r\n<\/li>\r\n \t<li>\r\n<h3><strong>Support pliable.<\/strong><\/h3>\r\n<\/li>\r\n \t<li>\r\n<h3><strong>Hauteur de travail sous cam\u00e9ra : 14 cm.<\/strong><\/h3>\r\n<\/li>\r\n \t<li>\r\n<h3><strong>Vue distante.<\/strong><\/h3>\r\n<\/li>\r\n \t<li>\r\n<h3><strong>\u00c9cran tactile panoramique.<\/strong><\/h3>\r\n<\/li>\r\n \t<li>\r\n<h3><strong>Connectique TV\/ moniteur\/ iPhone.<\/strong><\/h3>\r\n<\/li>\r\n \t<li>\r\n<h3><strong>Utilisation en continue 2.5 heures.<\/strong><\/h3>\r\n<\/li>\r\n \t<li>\r\n<h3><strong>Temps de charge 2 heures.<\/strong><\/h3>\r\n<\/li>\r\n \t<li>\r\n<h3><strong>Poids : 960 g sans support, 2 240 g avec support.<\/strong><\/h3>\r\n<\/li>\r\n \t<li>\r\n<h3><strong>Dimensions : 29 x 22 x 2.4 cm.<\/strong><\/h3>\r\n<\/li>\r\n<\/ul>\r\n<h3>Voici le manuel:\u00a0 <span style=\"color: #0000ff;\"><a style=\"color: #0000ff;\" href=\"http:\/\/cecitech.com\/wp-content\/uploads\/2022\/01\/manuel-utilisation-snow-12.pdf\">manuel-utilisation-snow-12<\/a><\/span><\/h3>\r\n\r\n<hr \/>\r\n\r\n&nbsp;\r\n\r\n<iframe loading=\"lazy\" title=\"Pr\u00e9sentation de la nouvelle loupe \u00e9lectronique  SNOW 12 de ZOOMAX\" width=\"1140\" height=\"641\" src=\"https:\/\/www.youtube.com\/embed\/WByk7bRepCA?feature=oembed\" frameborder=\"0\" allow=\"accelerometer; autoplay; clipboard-write; encrypted-media; gyroscope; picture-in-picture; web-share\" allowfullscreen><\/iframe>","protected":false},"excerpt":{"rendered":"<h1>Snow 12 Loupe \u00e9lectronique parlante avec support<\/h1>\r\n<h3><strong>Une loupe \u00e9lectronique vocale, pliante pour une independence visuelle. Vous pouvez plus facilement lire, \u00e9crire, regarder des objets ou m\u00eame num\u00e9riser et oraliser du contenu d&rsquo;une page enti\u00e8re avec la reconnaissance de caract\u00e8res (OCR) et la synth\u00e8se vocale.<\/strong><\/h3>","protected":false},"featured_media":1161,"comment_status":"open","ping_status":"closed","template":"","meta":[],"product_brand":[],"product_cat":[33,37],"product_tag":[],"class_list":{"0":"post-1160","1":"product","2":"type-product","3":"status-publish","4":"has-post-thumbnail","6":"product_cat-basse-vision","7":"product_cat-video-loupes-de-poche","9":"first","10":"instock","11":"taxable","12":"shipping-taxable","13":"product-type-simple"},"_links":{"self":[{"href":"https:\/\/cecitech.com\/index.php?rest_route=\/wp\/v2\/product\/1160","targetHints":{"allow":["GET"]}}],"collection":[{"href":"https:\/\/cecitech.com\/index.php?rest_route=\/wp\/v2\/product"}],"about":[{"href":"https:\/\/cecitech.com\/index.php?rest_route=\/wp\/v2\/types\/product"}],"replies":[{"embeddable":true,"href":"https:\/\/cecitech.com\/index.php?rest_route=%2Fwp%2Fv2%2Fcomments&post=1160"}],"wp:featuredmedia":[{"embeddable":true,"href":"https:\/\/cecitech.com\/index.php?rest_route=\/wp\/v2\/media\/1161"}],"wp:attachment":[{"href":"https:\/\/cecitech.com\/index.php?rest_route=%2Fwp%2Fv2%2Fmedia&parent=1160"}],"wp:term":[{"taxonomy":"product_brand","embeddable":true,"href":"https:\/\/cecitech.com\/index.php?rest_route=%2Fwp%2Fv2%2Fproduct_brand&post=1160"},{"taxonomy":"product_cat","embeddable":true,"href":"https:\/\/cecitech.com\/index.php?rest_route=%2Fwp%2Fv2%2Fproduct_cat&post=1160"},{"taxonomy":"product_tag","embeddable":true,"href":"https:\/\/cecitech.com\/index.php?rest_route=%2Fwp%2Fv2%2Fproduct_tag&post=1160"}],"curies":[{"name":"wp","href":"https:\/\/api.w.org\/{rel}","templated":true}]}}