{"id":1158,"date":"2022-01-26T08:37:07","date_gmt":"2022-01-26T13:37:07","guid":{"rendered":"http:\/\/cecitech.com\/?post_type=product&#038;p=1158"},"modified":"2025-11-25T09:39:56","modified_gmt":"2025-11-25T14:39:56","slug":"vivienne","status":"publish","type":"product","link":"https:\/\/cecitech.com\/?product=vivienne","title":{"rendered":"Balance de cuisine parlante:Vivienne pour malvoyants"},"content":{"rendered":"<h1 class=\"mttl\">Fonctionnalit\u00e9s<\/h1>\r\nLa balance de cuisine parlante, Vivienne, est fabriqu\u00e9e par CareTec. et pr\u00e9sente une <strong>fabrication de qualit\u00e9<\/strong>. Sa pr\u00e9cision (jusqu&rsquo;\u00e0 5 KG, au gramme pr\u00e8s), permet de l&rsquo;utiliser aussi bien pour un r\u00e9gime, que pour peser le courrier !\r\n\r\nL&rsquo;<strong>annonce du poids<\/strong>\u00a0s&rsquo;effectue en grammes ou kilogrammes. La balance de cuisine parlante Vivienne est\u00a0<strong>ergonomique\u00a0<\/strong>et\u00a0<strong>stable\u00a0<\/strong>avec ses 6 patins en caoutchouc. Elle est facilement\u00a0<strong>maniable\u00a0<\/strong>gr\u00e2ce au design sp\u00e9cial de son boitier. Les grosses touches \u00e0 la surface vous permettent de l&rsquo;utiliser facilement.\r\n\r\nTous les r\u00e9sultats sont non seulement\u00a0<strong>annonc\u00e9s vocalement<\/strong>, mais \u00e9galement indiqu\u00e9s sur un<strong>\u00a0grand \u00e9cran<\/strong>\u00a0avec des\u00a0<strong>chiffres bien lisibles<\/strong>. De plus, vous pouvez gr\u00e2ce \u00e0 la\u00a0<strong>touche r\u00e9p\u00e9tition<\/strong>, annoncer et<strong>\u00a0r\u00e9-annoncer le r\u00e9sultat<\/strong>\u00a0si n\u00e9cessaire. La<strong>\u00a0surface de pesage<\/strong>\u00a0vous offre assez de place pour y poser tout r\u00e9cipient de toute forme et grandeur de fa\u00e7on stable et s\u00fbre.\r\n\r\n<hr \/>\r\n\r\n<h1 class=\"mttl\">Caract\u00e9ristiques techniques<\/h1>\r\n<ul>\r\n \t<li>Mesure gramme par gramme jusqu&rsquo;\u00e0 un maximum de poids de 5 kg.<\/li>\r\n \t<li>Tare (Fonction d&rsquo;ajout de pesage).<\/li>\r\n \t<li>Addition de poids.<\/li>\r\n \t<li>Mesure de r\u00e9f\u00e9rence.<\/li>\r\n \t<li>Mesure de cible.<\/li>\r\n \t<li>Minuteur.<\/li>\r\n \t<li>Balance de d\u00e9nombrement.<\/li>\r\n \t<li>Unit\u00e9s de poids selon les pays au choix.<\/li>\r\n \t<li>D\u00e9termination de liquides (lait, eau, huile).<\/li>\r\n \t<li>Fonction de r\u00e9p\u00e9tition.<\/li>\r\n \t<li>Clavier verrouill\u00e9.<\/li>\r\n \t<li>6 degr\u00e9s de volume.<\/li>\r\n \t<li>Heure et date.<\/li>\r\n \t<li>Branchement pour \u00e9couteurs; branchement pour adaptateur.<\/li>\r\n \t<li>Grand \u00e9cran : Hauteur des chiffres 2,5 cm.<\/li>\r\n \t<li>Mesures : 220 x 145 x 26 mm.<\/li>\r\n \t<li>Poids : 588 g.<\/li>\r\n \t<li>Couleur : vanille.<\/li>\r\n \t<li>Alimentation par piles micro 4 1.5 V AAA (non fournies).<\/li>\r\n \t<li>Garantie : 2 ans.<\/li>\r\n<\/ul>","protected":false},"excerpt":{"rendered":"<div class=\"std\">\r\n<h3>Pour <strong>Aveugle<\/strong> ou <strong>Malvoyant<\/strong> une balance de cuisine parlante Vivienne. Une balance de grande <strong>qualit\u00e9e.<\/strong><\/h3>\r\n<\/div>\r\n<div class=\"addthis_inline_share_toolbox_1ej1\" data-url=\"https:\/\/www.ceciaa.com\/vivienne.html\" data-title=\"Balance de cuisine parlante Vivienne pour aveugles ou malvoyants\" data-description=\"Cette balance parlante et grands caract\u00e8res de qualit\u00e9 est facile \u00e0 manier et poss\u00e8de une synth\u00e8se vocale naturelle, id\u00e9ale pour les d\u00e9ficients visuels aveugles ou malvoyants.\">\r\n<div id=\"atstbx\" class=\"at-resp-share-element at-style-responsive addthis-smartlayers addthis-animated at4-show\" role=\"region\" aria-labelledby=\"at-d5460d6f-23b4-46ba-9deb-0546d6f6cd70\"><\/div>\r\n<\/div>","protected":false},"featured_media":1159,"comment_status":"closed","ping_status":"closed","template":"","meta":[],"product_brand":[],"product_cat":[52],"product_tag":[],"class_list":{"0":"post-1158","1":"product","2":"type-product","3":"status-publish","4":"has-post-thumbnail","6":"product_cat-vie-quotidienne","8":"first","9":"instock","10":"taxable","11":"shipping-taxable","12":"product-type-simple"},"_links":{"self":[{"href":"https:\/\/cecitech.com\/index.php?rest_route=\/wp\/v2\/product\/1158","targetHints":{"allow":["GET"]}}],"collection":[{"href":"https:\/\/cecitech.com\/index.php?rest_route=\/wp\/v2\/product"}],"about":[{"href":"https:\/\/cecitech.com\/index.php?rest_route=\/wp\/v2\/types\/product"}],"replies":[{"embeddable":true,"href":"https:\/\/cecitech.com\/index.php?rest_route=%2Fwp%2Fv2%2Fcomments&post=1158"}],"wp:featuredmedia":[{"embeddable":true,"href":"https:\/\/cecitech.com\/index.php?rest_route=\/wp\/v2\/media\/1159"}],"wp:attachment":[{"href":"https:\/\/cecitech.com\/index.php?rest_route=%2Fwp%2Fv2%2Fmedia&parent=1158"}],"wp:term":[{"taxonomy":"product_brand","embeddable":true,"href":"https:\/\/cecitech.com\/index.php?rest_route=%2Fwp%2Fv2%2Fproduct_brand&post=1158"},{"taxonomy":"product_cat","embeddable":true,"href":"https:\/\/cecitech.com\/index.php?rest_route=%2Fwp%2Fv2%2Fproduct_cat&post=1158"},{"taxonomy":"product_tag","embeddable":true,"href":"https:\/\/cecitech.com\/index.php?rest_route=%2Fwp%2Fv2%2Fproduct_tag&post=1158"}],"curies":[{"name":"wp","href":"https:\/\/api.w.org\/{rel}","templated":true}]}}