{"id":1130,"date":"2021-03-08T07:22:10","date_gmt":"2021-03-08T12:22:10","guid":{"rendered":"http:\/\/cecitech.com\/?post_type=product&#038;p=1130"},"modified":"2025-08-12T09:09:43","modified_gmt":"2025-08-12T14:09:43","slug":"reveil-numerique-parlant-et-grands-caracteres","status":"publish","type":"product","link":"https:\/\/cecitech.com\/?product=reveil-numerique-parlant-et-grands-caracteres","title":{"rendered":"R\u00e9veil num\u00e9rique parlant et grands caract\u00e8res"},"content":{"rendered":"<h1 class=\"mttl\">Fonctionnalit\u00e9s<\/h1>\r\n<strong>Le r\u00e9veil de chevet parlant Talking est vraiment simple. Un grand bouton de 9 centim\u00e8tres\u00a0sur le dessus pour activer\/ d\u00e9sactiver la synth\u00e8se vocale, un\u00a0r\u00e9tro-\u00e9clairage\u00a0bleu lors de l&rsquo;annonce vocale de l&rsquo;heure, de\u00a0grands chiffres contrast\u00e9s\u00a0de 12 mm et une\u00a0alarme r\u00e9glable.<\/strong>\r\n\r\n<hr \/>\r\n\r\n<h1>Points forts du r\u00e9veil parlant Talking<\/h1>\r\n<ul>\r\n \t<li><strong>3 niveaux de volume\u00a0sonore.<\/strong><\/li>\r\n \t<li><strong>R\u00e9tro-\u00e9clairage bleu\u00a0\u00e0 l&rsquo;annonce parlante de l&rsquo;heure.<\/strong><\/li>\r\n \t<li><strong>Grands chiffres\u00a012 mm.<\/strong><\/li>\r\n \t<li><strong>Seulement\u00a03 boutons de r\u00e9glage, simples d&rsquo;utilisation.<\/strong><\/li>\r\n \t<li><strong>1 alarme r\u00e9glable\u00a0avec 4 bips et annonce vocale de l&rsquo;heure (d\u00e9sactivable).<\/strong><\/li>\r\n \t<li><strong>R\u00e9glage de l&rsquo;heure\u00a0sur 12 ou 24h.<\/strong><\/li>\r\n<\/ul>\r\n<h1 class=\"mttl\">Caract\u00e9ristiques techniques<\/h1>\r\n<ul>\r\n \t<li><strong>Coloris : blanc.<\/strong><\/li>\r\n \t<li><strong>Dimensions : 15,5 x 15,5 x 4,4 cm.<\/strong><\/li>\r\n \t<li><strong>Poids : 250 g.<\/strong><\/li>\r\n \t<li><strong>Mat\u00e9rieu : PVC.<\/strong><\/li>\r\n \t<li><strong>Fonctionne avec 3 piles LR06 (AA)\u00a0non fournies.<\/strong><\/li>\r\n \t<li><strong>Langue : fran\u00e7ais.<\/strong><\/li>\r\n \t<li><strong>Garantie : 1 an.<\/strong><\/li>\r\n<\/ul>","protected":false},"excerpt":{"rendered":"<form id=\"product_addtocart_form\" action=\"https:\/\/www.ceciaa.com\/checkout\/cart\/add\/uenc\/aHR0cHM6Ly93d3cuY2VjaWFhLmNvbS9yZXZlaWwtbnVtZXJpcXVlLXBhcmxhbnQtZ3JhbmRzLWNhcmFjdGVyZXMuaHRtbD9fX19TSUQ9VQ,,\/product\/7366\/form_key\/UYE97sLIdElKOjio\/\" method=\"post\">\r\n<div class=\"short-description\">\r\n<div class=\"std\">\r\n<h1>R\u00e9veil num\u00e9rique parlant et grands caract\u00e8res<\/h1>\r\nLes boutons larges et en relief permettent aux personnes aveugles ou malvoyantes de r\u00e9gler en toute autonomie l&rsquo;alarme de ce r\u00e9veil vocal \u00e0 affichage r\u00e9tro-\u00e9clair\u00e9 en grands caract\u00e8res.\r\n\r\n<\/div>\r\n<\/div>\r\n<\/form>","protected":false},"featured_media":1131,"comment_status":"open","ping_status":"closed","template":"","meta":[],"product_brand":[],"product_cat":[52],"product_tag":[],"class_list":{"0":"post-1130","1":"product","2":"type-product","3":"status-publish","4":"has-post-thumbnail","6":"product_cat-vie-quotidienne","8":"first","9":"instock","10":"taxable","11":"shipping-taxable","12":"product-type-simple"},"_links":{"self":[{"href":"https:\/\/cecitech.com\/index.php?rest_route=\/wp\/v2\/product\/1130","targetHints":{"allow":["GET"]}}],"collection":[{"href":"https:\/\/cecitech.com\/index.php?rest_route=\/wp\/v2\/product"}],"about":[{"href":"https:\/\/cecitech.com\/index.php?rest_route=\/wp\/v2\/types\/product"}],"replies":[{"embeddable":true,"href":"https:\/\/cecitech.com\/index.php?rest_route=%2Fwp%2Fv2%2Fcomments&post=1130"}],"wp:featuredmedia":[{"embeddable":true,"href":"https:\/\/cecitech.com\/index.php?rest_route=\/wp\/v2\/media\/1131"}],"wp:attachment":[{"href":"https:\/\/cecitech.com\/index.php?rest_route=%2Fwp%2Fv2%2Fmedia&parent=1130"}],"wp:term":[{"taxonomy":"product_brand","embeddable":true,"href":"https:\/\/cecitech.com\/index.php?rest_route=%2Fwp%2Fv2%2Fproduct_brand&post=1130"},{"taxonomy":"product_cat","embeddable":true,"href":"https:\/\/cecitech.com\/index.php?rest_route=%2Fwp%2Fv2%2Fproduct_cat&post=1130"},{"taxonomy":"product_tag","embeddable":true,"href":"https:\/\/cecitech.com\/index.php?rest_route=%2Fwp%2Fv2%2Fproduct_tag&post=1130"}],"curies":[{"name":"wp","href":"https:\/\/api.w.org\/{rel}","templated":true}]}}