{"id":1126,"date":"2021-03-08T07:15:57","date_gmt":"2021-03-08T12:15:57","guid":{"rendered":"http:\/\/cecitech.com\/?post_type=product&#038;p=1126"},"modified":"2023-04-23T07:43:05","modified_gmt":"2023-04-23T12:43:05","slug":"lily","status":"publish","type":"product","link":"https:\/\/cecitech.com\/?product=lily","title":{"rendered":"Lily Thermom\u00e8tre m\u00e9dical vocal pour malvoyants"},"content":{"rendered":"<h1 class=\"mttl\">Fonctionnalit\u00e9s<\/h1>\r\n<h4><strong>Le thermom\u00e8tre Lily est vocal et lit la temp\u00e9rature affich\u00e9e via une\u00a0synth\u00e8se vocale. Il peut \u00eatre utilis\u00e9 pour mesurer la temp\u00e9rature du corps par la\u00a0bouche, sous les\u00a0aisselles\u00a0ou par\u00a0prise rectale. La sonde\u00a0flexible\u00a0et\u00a0\u00e9tanche\u00a0de ce thermom\u00e8tre permet une mesure plus\u00a0confortable\u00a0et\u00a0s\u00e9curis\u00e9e, notamment pour les nourrissons ou les jeunes enfants.\u00a0Il m\u00e9morise \u00e9galement la\u00a0derni\u00e8re prise de temp\u00e9rature\u00a0et fonctionne avec des\u00a0piles rempla\u00e7ables.<\/strong><\/h4>\r\n\r\n<hr \/>\r\n\r\n<h1>Points forts<\/h1>\r\n<ul>\r\n \t<li>\r\n<h4>Lecture du r\u00e9sultat de la mesure en\u00a0<strong>8 secondes<\/strong>.<\/h4>\r\n<\/li>\r\n \t<li>\r\n<h4><strong>Mesure de la temp\u00e9rature<\/strong>\u00a0sous les bras, orale ou rectale.<\/h4>\r\n<\/li>\r\n \t<li>\r\n<h4><strong>Thermom\u00e8tre num\u00e9rique<\/strong>\u00a0avec \u00e9cran LCD.<\/h4>\r\n<\/li>\r\n \t<li>\r\n<h4>Dernier\u00a0<strong>rappel de m\u00e9moire<\/strong>.<\/h4>\r\n<\/li>\r\n \t<li>\r\n<h4>Personnalisation de la langue :\u00a0<strong>fran\u00e7ais<\/strong>,\u00a0<strong>anglais<\/strong>,\u00a0<strong>espagnol<\/strong>,\u00a0<strong>russe<\/strong>,<strong>\u00a0italien\u00a0<\/strong>et<strong>\u00a0allemand<\/strong><\/h4>\r\n<\/li>\r\n \t<li>\r\n<h4>Fonctionne en<strong>\u00a0degr\u00e9s Fahrenheit ou Celsius<\/strong>.<\/h4>\r\n<\/li>\r\n<\/ul>\r\n\r\n<hr \/>\r\n\r\n<h1>Caract\u00e9ristiques techniques<\/h1>\r\n<ul>\r\n \t<li>\r\n<h4>Taille d&rsquo;\u00e9cran : 2 x 1 cm.<\/h4>\r\n<\/li>\r\n \t<li>\r\n<h4>Plage de mesure : 32,0 &#8211; 42,9\u00b0C.<\/h4>\r\n<\/li>\r\n \t<li>\r\n<h4>Pr\u00e9cision : +\/- 0,1\u00b0 C.<\/h4>\r\n<\/li>\r\n \t<li>\r\n<h4>Dimensions : 144 x 25 x 14,7 mm.<\/h4>\r\n<\/li>\r\n \t<li>\r\n<h4>Poids : environ 19 g.<\/h4>\r\n<\/li>\r\n \t<li>\r\n<h4>Puissance : DC 4.5V.<\/h4>\r\n<\/li>\r\n \t<li>\r\n<h4>Certifi\u00e9\u00a0FDA 510(K), CE1023, RoHS, ISO 13485.<\/h4>\r\n<\/li>\r\n \t<li>\r\n<h4>Coloris : blanc.<\/h4>\r\n<\/li>\r\n \t<li>\r\n<h4>Fonctionne avec 3 piles LR44 fournies.<\/h4>\r\n<\/li>\r\n<\/ul>","protected":false},"excerpt":{"rendered":"<form id=\"product_addtocart_form\" action=\"https:\/\/www.ceciaa.com\/checkout\/cart\/add\/uenc\/aHR0cHM6Ly93d3cuY2VjaWFhLmNvbS90aGVybW9tZXRyZS1tZWRpY2FsLXBhcmxhbnQtbGlseS5odG1sP19fX1NJRD1V\/product\/7840\/form_key\/UYE97sLIdElKOjio\/\" method=\"post\">\r\n<div class=\"short-description\">\r\n<div class=\"std\">\r\n<h1>Lily talking thermometer very comfortable and safe<\/h1>\r\n<h4><strong>Le thermom\u00e8tre parlant grand \u00e9cran Lily offre une lecture vocale de la temp\u00e9rature, via la synth\u00e8se vocale, pour les personnes aveugles. La sonde\u00a0flexible\u00a0et\u00a0\u00e9tanche\u00a0de ce thermom\u00e8tre permet une mesure plus\u00a0confortable\u00a0et\u00a0s\u00e9curis\u00e9e<\/strong><\/h4>\r\n<\/div>\r\n<\/div>\r\n<\/form>","protected":false},"featured_media":1127,"comment_status":"open","ping_status":"closed","template":"","meta":[],"product_brand":[],"product_cat":[52],"product_tag":[],"class_list":{"0":"post-1126","1":"product","2":"type-product","3":"status-publish","4":"has-post-thumbnail","6":"product_cat-vie-quotidienne","8":"first","9":"instock","10":"taxable","11":"shipping-taxable","12":"product-type-simple"},"_links":{"self":[{"href":"https:\/\/cecitech.com\/index.php?rest_route=\/wp\/v2\/product\/1126","targetHints":{"allow":["GET"]}}],"collection":[{"href":"https:\/\/cecitech.com\/index.php?rest_route=\/wp\/v2\/product"}],"about":[{"href":"https:\/\/cecitech.com\/index.php?rest_route=\/wp\/v2\/types\/product"}],"replies":[{"embeddable":true,"href":"https:\/\/cecitech.com\/index.php?rest_route=%2Fwp%2Fv2%2Fcomments&post=1126"}],"wp:featuredmedia":[{"embeddable":true,"href":"https:\/\/cecitech.com\/index.php?rest_route=\/wp\/v2\/media\/1127"}],"wp:attachment":[{"href":"https:\/\/cecitech.com\/index.php?rest_route=%2Fwp%2Fv2%2Fmedia&parent=1126"}],"wp:term":[{"taxonomy":"product_brand","embeddable":true,"href":"https:\/\/cecitech.com\/index.php?rest_route=%2Fwp%2Fv2%2Fproduct_brand&post=1126"},{"taxonomy":"product_cat","embeddable":true,"href":"https:\/\/cecitech.com\/index.php?rest_route=%2Fwp%2Fv2%2Fproduct_cat&post=1126"},{"taxonomy":"product_tag","embeddable":true,"href":"https:\/\/cecitech.com\/index.php?rest_route=%2Fwp%2Fv2%2Fproduct_tag&post=1126"}],"curies":[{"name":"wp","href":"https:\/\/api.w.org\/{rel}","templated":true}]}}