{"id":1104,"date":"2021-01-13T09:40:54","date_gmt":"2021-01-13T14:40:54","guid":{"rendered":"http:\/\/cecitech.com\/?post_type=product&#038;p=1104"},"modified":"2023-04-22T07:01:22","modified_gmt":"2023-04-22T12:01:22","slug":"compact-10-hd-speech","status":"publish","type":"product","link":"https:\/\/cecitech.com\/?product=compact-10-hd-speech","title":{"rendered":"Compact 10 HD Speech un vid\u00e9o agrandisseur portable."},"content":{"rendered":"<h3 class=\"mttl\"><strong><span style=\"color: #ff0000;\">DESCRIPTION<\/span><\/strong><\/h3>\r\n<h4 id=\"tw-target-text\" class=\"tw-data-text tw-text-large tw-ta\" dir=\"ltr\" data-placeholder=\"Translation\"><strong><span class=\"Y2IQFc\" lang=\"fr\">Avec son grand \u00e9cran de 10 pouces, ses fonctionnalit\u00e9s personnalisables, son fonctionnement intuitif et sa synth\u00e8se vocale pleine page, le Compact 10 HD Speech offre tous les avantages d&rsquo;une loupe vid\u00e9o de bureau, mais dans un design beaucoup plus petit, pliable et portable.<\/span><\/strong><\/h4>\r\n<h4><strong>Affichez\u00a0et\u00a0agrandissez\u00a0le texte, les objets et les photos. En version speech,\u00a0\u00e9coutez\u00a0pendant que le Compact 10 HD vous lit des pages enti\u00e8res de texte.<\/strong><\/h4>\r\n<h4><strong>\u201cInstant on\u201d :\u00a0allumage ultra rapide, imm\u00e9diatement pr\u00eat quand vous en avez besoin. Profitez de la connexion TV sans fil avec\u00a0l\u2019accessoire \u201cMiracast\u201d optionnel.<\/strong><\/h4>\r\n\r\n<hr \/>\r\n\r\n<h3><strong>Personnalisable selon vos besoins<\/strong><\/h3>\r\n<h4><strong>Plus de mots sur l\u2019\u00e9cran\u00a0gr\u00e2ce au grand \u00e9cran tactile 10\u201d\u00a0personnalisable, boutons \u00e0 contraste \u00e9lev\u00e9. Choisissez le mode qui vous convient : Mode \u201cStandard\u201d pour une plus grande facilit\u00e9 d\u2019utilisation :\u00a0contraste\u00a0et\u00a0grossissement\u00a0uniquement. Mode \u201cAvanc\u00e9\u201d pour des fonctions suppl\u00e9mentaires : menu, horloge et options suppl\u00e9mentaires. Basculez facilement entre le mode \u201cStandard\u201d et le mode \u201cAvanc\u00e9\u201d.<\/strong><\/h4>\r\n\r\n<hr \/>\r\n\r\n<h3><strong>Lisez sans effort<\/strong><\/h3>\r\n<h4><strong>Avec Compact 10 HD Speech,\u00a0appr\u00e9ciez la lecture de textes agrandis,\u00a0capturez\u00a0des documents pleine page et laissez Compact 10\u00a0HD Speech lire pour vous.<\/strong><\/h4>\r\n<h4><strong>Compact 10 HD Speech est\u00a0une solution id\u00e9ale pour agrandir et lire journaux, lettres et magazines. Son\u00a0bras pivotant\u00a0unique ouvre de nouvelles possibilit\u00e9s. Il vous suffit de\u00a0placer le document, de faire une photo et de vous d\u00e9tendre pendant que Compact\u00a010 HD Speech vous lit le texte.<\/strong><\/h4>\r\n<h4><strong>Voir les objets et les photos avec le bras d\u00e9pli\u00e9, vous pouvez aussi facilement\u00a0regarder des photos, voir l\u2019emballage des m\u00e9dicaments\u00a0et\u00a0lire les bo\u00eetes rondes, sans \u00eatre limit\u00e9 dans vos mouvements. Le bras permet m\u00eame d\u2019\u00e9crire ou de faire des mots\u00a0crois\u00e9s. Avec plus de mots \u00e0 l\u2019\u00e9cran simultan\u00e9ment, vous constaterez que\u00a0la lecture devient plus facile\u00a0et que vous aurez une\u00a0meilleure compr\u00e9hension du texte, m\u00eame \u00e0 fort grossissement. Pr\u00eat quand vous en avez besoin,\u00a0il s\u2019allume instantan\u00e9ment, tout\u00a0comme votre t\u00e9l\u00e9phone. Gr\u00e2ce \u00e0 ce temps de d\u00e9marrage incroyablement court, vous ne perdrez plus de temps.<\/strong><\/h4>\r\n\r\n<hr \/>\r\n\r\n<h3><strong>Points Forts<\/strong><\/h3>\r\n<ul>\r\n \t<li>\r\n<h4><strong>Affiche\u00a0et\u00a0agrandit\u00a0du texte, des objets et des photos.<\/strong><\/h4>\r\n<\/li>\r\n \t<li>\r\n<h4><strong>Lit\u00a0des pages de texte enti\u00e8res (version Speech uniquement).<\/strong><\/h4>\r\n<\/li>\r\n \t<li>\r\n<h4><strong>Allumage instantan\u00e9\u00a0: pr\u00eat quand vous avez besoin.<\/strong><\/h4>\r\n<\/li>\r\n \t<li>\r\n<h4><strong>Plus de mots \u00e0 l&rsquo;\u00e9cran gr\u00e2ce au\u00a0grand \u00e9cran tactile\u00a010 pouces.<\/strong><\/h4>\r\n<\/li>\r\n \t<li>\r\n<h4><strong>Boutons d&rsquo;\u00e9cran tactiles\u00a0personnalisables\u00a0\u00e0 contraste \u00e9lev\u00e9.<\/strong><\/h4>\r\n<\/li>\r\n \t<li>\r\n<h4><strong>Choix du mode\u00a0pr\u00e9f\u00e9r\u00e9\u00a0:<\/strong><\/h4>\r\n<h4><strong>&#8211; Mode facile pour un mode d&rsquo;utilisation facilit\u00e9 (contraste et grossissement uniquement).<\/strong><\/h4>\r\n<h4><strong>&#8211; Mode avanc\u00e9 pour acc\u00e9der \u00e0 toutes les fonctionnalit\u00e9s (menu, horloge, options suppl\u00e9mentaires).<\/strong><\/h4>\r\n<\/li>\r\n \t<li>\r\n<h4><strong>Bascule facile entre le\u00a0mode facile\u00a0et le\u00a0mode avanc\u00e9.<\/strong><\/h4>\r\n<\/li>\r\n \t<li>\r\n<h4><strong>3 cam\u00e9ras sp\u00e9cialis\u00e9es\u00a0:<\/strong><\/h4>\r\n<h4><strong>&#8211; Cam\u00e9ra de lecture : lire et \u00e9couter des documents \u00e0 une table.<\/strong><\/h4>\r\n<h4><strong>&#8211; Cam\u00e9ra pivotante : synth\u00e8se vocale pleine page, visualisation d&rsquo;objet et signature.<\/strong><\/h4>\r\n<h4><strong>&#8211; Cam\u00e9ra panoramique : permet de voir les objets et le texte \u00e0 une courte distance.<\/strong><\/h4>\r\n<\/li>\r\n \t<li>\r\n<h4><strong>Fonction\u00a0horloge.<\/strong><\/h4>\r\n<\/li>\r\n \t<li>\r\n<h4><strong>Enregistrement\u00a0des captures.<\/strong><\/h4>\r\n<\/li>\r\n \t<li>\r\n<h4><strong>Zoom\u00a0continu : 0.5x \u00e0 22x.<\/strong><\/h4>\r\n<\/li>\r\n<\/ul>\r\n<h3 class=\"mttl\"><span style=\"color: #ff0000;\"><strong>Caract\u00e9ristiques\/ Sp\u00e9cifications<\/strong><\/span><\/h3>\r\n<ul>\r\n \t<li>\r\n<h4><strong>Agrandissement : &lt; 0.5 \u00e0 &gt; 22x.<\/strong><\/h4>\r\n<\/li>\r\n \t<li>\r\n<h4><strong>Poids : 915 g<\/strong><\/h4>\r\n<\/li>\r\n \t<li>\r\n<h4><strong>Autonomie : 3h30.<\/strong><\/h4>\r\n<\/li>\r\n \t<li>\r\n<h4><strong>Text-to-Speech (version Speech uniquement).<\/strong><\/h4>\r\n<\/li>\r\n \t<li>\r\n<h4><strong>\u00c9cran tactile de 10 pouces personnalisable et \u00e0\u00a0contraste \u00e9lev\u00e9.<\/strong><\/h4>\r\n<\/li>\r\n \t<li>\r\n<h4><strong>Agrandissement sur \u00e9cran tactile 22X (sans bouton).<\/strong><\/h4>\r\n<\/li>\r\n \t<li>\r\n<h4><strong>3 cam\u00e9ras : lecture, vue d\u2019ensemble, pleine page OCR\/\u00a0objets.<\/strong><\/h4>\r\n<\/li>\r\n \t<li>\r\n<h4><strong>Connectivit\u00e9 PC pour transf\u00e9rer images et texte.<\/strong><\/h4>\r\n<\/li>\r\n \t<li>\r\n<h4><strong>Miracast pour se connecter \u00e0 un t\u00e9l\u00e9viseur ou grand\u00a0\u00e9cran.<\/strong><\/h4>\r\n<\/li>\r\n \t<li>\r\n<h4><strong>Sauvegarde photo, fonction horloge.<\/strong><\/h4>\r\n<\/li>\r\n<\/ul>\r\n<h3>Start Guide:\u00a0 <span style=\"color: #0000ff;\"><a style=\"color: #0000ff;\" href=\"http:\/\/cecitech.com\/wp-content\/uploads\/2021\/01\/Compact-10-HD-Speech-Quick-Start-Guide-FR.pdf\">Compact 10 HD Speech Quick Start Guide FR<\/a><\/span><\/h3>\r\n\r\n<hr \/>\r\n\r\n&nbsp;\r\n\r\n<iframe loading=\"lazy\" title=\"Loupe \u00e9lectronique portative Optelec Compact 10 HD\" width=\"1140\" height=\"641\" src=\"https:\/\/www.youtube.com\/embed\/W91D-WGM0rg?feature=oembed\" frameborder=\"0\" allow=\"accelerometer; autoplay; clipboard-write; encrypted-media; gyroscope; picture-in-picture; web-share\" allowfullscreen><\/iframe>","protected":false},"excerpt":{"rendered":"<h1><strong>Compact 10 HD Speech <\/strong><\/h1>\r\n<h3><strong>Un vid\u00e9o agrandisseur<\/strong> <strong>compacte<\/strong>,\u00a0<strong>pliable<\/strong>\u00a0et\u00a0<strong>portable<\/strong>.<\/h3>","protected":false},"featured_media":1105,"comment_status":"open","ping_status":"closed","template":"","meta":[],"product_brand":[],"product_cat":[33,37],"product_tag":[],"class_list":{"0":"post-1104","1":"product","2":"type-product","3":"status-publish","4":"has-post-thumbnail","6":"product_cat-basse-vision","7":"product_cat-video-loupes-de-poche","9":"first","10":"instock","11":"taxable","12":"shipping-taxable","13":"product-type-simple"},"_links":{"self":[{"href":"https:\/\/cecitech.com\/index.php?rest_route=\/wp\/v2\/product\/1104","targetHints":{"allow":["GET"]}}],"collection":[{"href":"https:\/\/cecitech.com\/index.php?rest_route=\/wp\/v2\/product"}],"about":[{"href":"https:\/\/cecitech.com\/index.php?rest_route=\/wp\/v2\/types\/product"}],"replies":[{"embeddable":true,"href":"https:\/\/cecitech.com\/index.php?rest_route=%2Fwp%2Fv2%2Fcomments&post=1104"}],"wp:featuredmedia":[{"embeddable":true,"href":"https:\/\/cecitech.com\/index.php?rest_route=\/wp\/v2\/media\/1105"}],"wp:attachment":[{"href":"https:\/\/cecitech.com\/index.php?rest_route=%2Fwp%2Fv2%2Fmedia&parent=1104"}],"wp:term":[{"taxonomy":"product_brand","embeddable":true,"href":"https:\/\/cecitech.com\/index.php?rest_route=%2Fwp%2Fv2%2Fproduct_brand&post=1104"},{"taxonomy":"product_cat","embeddable":true,"href":"https:\/\/cecitech.com\/index.php?rest_route=%2Fwp%2Fv2%2Fproduct_cat&post=1104"},{"taxonomy":"product_tag","embeddable":true,"href":"https:\/\/cecitech.com\/index.php?rest_route=%2Fwp%2Fv2%2Fproduct_tag&post=1104"}],"curies":[{"name":"wp","href":"https:\/\/api.w.org\/{rel}","templated":true}]}}