{"id":1098,"date":"2020-10-08T08:43:50","date_gmt":"2020-10-08T13:43:50","guid":{"rendered":"http:\/\/cecitech.com\/?product=thermometre-infrarouge-parlant-sans-contact"},"modified":"2023-04-21T07:04:07","modified_gmt":"2023-04-21T12:04:07","slug":"thermometre-infrarouge-parlant-sans-contact","status":"publish","type":"product","link":"https:\/\/cecitech.com\/?product=thermometre-infrarouge-parlant-sans-contact","title":{"rendered":"Thermom\u00e8tre infrarouge parlant sans contact"},"content":{"rendered":"<h3 class=\"mttl\">Fonctionnalit\u00e9s<\/h3>\r\n<h4>Avec le thermom\u00e8tre m\u00e9dical parlant sans contact, tout est simple !<\/h4>\r\nFini le thermom\u00e8tre \u00e0 d\u00e9sinfecter, l&rsquo;enfant \u00e0 d\u00e9shabiller, l&rsquo;attente, puis enfin, la lecture !\r\n<ul>\r\n \t<li><strong>Sans aucun contact avec le corps : la s\u00e9curit\u00e9 et l&rsquo;hygi\u00e8ne sont garanties.<\/strong><\/li>\r\n \t<li><strong>Pr\u00e9cision<\/strong>\u00a0maximum.<\/li>\r\n \t<li><strong>Simple<\/strong>\u00a0d&rsquo;utilisation.<\/li>\r\n \t<li><strong>Prise de temp\u00e9rature<\/strong>\u00a0: corps, surface (bain, biberon et aliments), temp\u00e9rature ambiante.<\/li>\r\n \t<li>Aucun r\u00e9glage.<\/li>\r\n \t<li>Sonde\u00a0<strong>infrarouge<\/strong>.<\/li>\r\n<\/ul>\r\n<h4>En un seul geste, en une seconde, la temp\u00e9rature s&rsquo;affiche<\/h4>\r\nIl suffit de diriger le thermom\u00e8tre vers l&rsquo;art\u00e8re temporale droite, situ\u00e9e sur le front,\u00a0<strong>la prise de temp\u00e9rature s&rsquo;effectue instantan\u00e9ment<\/strong>\u00a0par d\u00e9tection de la chaleur \u00e9mise par le flux sanguin art\u00e9riel.\r\n\r\nLa temp\u00e9rature corporelle s&rsquo;affiche instantan\u00e9ment sur l&rsquo;\u00e9cran LCD, en\u00a0<strong>grands caract\u00e8res contrast\u00e9s<\/strong>, et est\u00a0<strong>annonc\u00e9e vocalement<\/strong>.\r\n<h4>Points forts du thermom\u00e8tre parlant sans contact<\/h4>\r\n<ul>\r\n \t<li><strong>Tr\u00e8s simple d&rsquo;utilisation<\/strong>.<\/li>\r\n \t<li>6 langues disponibles :\u00a0<strong>fran\u00e7ais<\/strong>, anglais, espagnol, polonais, turc, chinois.<\/li>\r\n \t<li><strong>Prise de temp\u00e9rature instantan\u00e9e<\/strong>, sans contact, sans douleur et sans risques.<\/li>\r\n \t<li><strong>2 modes de prise de temp\u00e9rature<\/strong>\u00a0: corps ou objet.<\/li>\r\n \t<li><strong>Mesure la temp\u00e9rature du corps<\/strong>, du biberon, des aliments, du bain, de la chambre&#8230;<\/li>\r\n \t<li>Fonction\u00a0<strong>balayage<\/strong>.<\/li>\r\n \t<li><strong>Capteur infrarouge haute-qualit\u00e9<\/strong>\u00a0de fabrication allemande, offrant des performance fiables.<\/li>\r\n \t<li><strong>M\u00e9morise<\/strong>\u00a0les 32 derni\u00e8res prises de temp\u00e9rature.<\/li>\r\n \t<li>Alerte\u00a0<strong>si la temp\u00e9rature est \u00e9lev\u00e9e<\/strong>\u00a0(cette valeur d&rsquo;alerte peut \u00eatre d\u00e9finie par l&rsquo;utilisateur &#8211; 38\u00b0 C par d\u00e9faut).<\/li>\r\n \t<li>Mesure en\u00a0<strong>degr\u00e9s celsius<\/strong>.<\/li>\r\n \t<li>Algorithme cliniquement pr\u00e9cis avec\u00a0<strong>\u00e9talonnage en deux \u00e9tapes<\/strong>.<\/li>\r\n \t<li>Fonction d&rsquo;<strong>arr\u00eat automatique<\/strong>\u00a0pour \u00e9conomiser les piles (30 secondes d&rsquo;inactivit\u00e9).<\/li>\r\n \t<li>Pas besoin de r\u00e9glage.<\/li>\r\n \t<li>Auto-diagnostic\u00a0<strong>simple<\/strong>\u00a0et\u00a0<strong>imm\u00e9diat<\/strong>.<\/li>\r\n<\/ul>\r\n<h3 class=\"mttl\">Caract\u00e9ristiques techniques<\/h3>\r\n<ul class=\"lst_product\">\r\n \t<li>Distance de mesure : 5-8 cm.<\/li>\r\n \t<li>Pr\u00e9cision pour le corps humain :\u00a0\u00b1 0,2 \u00b0 C &#8211; 35,5 \u00e0 42,9 \u00b0 C.<\/li>\r\n \t<li>Pr\u00e9cision pour les objets :\u00a0\u00b1 1 \u00b0 C &#8211; 0 \u00e0 118 \u00b0 C<\/li>\r\n \t<li>R\u00e9solution : 0,1\u00b0 C.<\/li>\r\n \t<li>Dimensions :\u00a013,6 x 7,65 x 3,8 cm (L x l x H).<\/li>\r\n \t<li>Poids : 135 g.<\/li>\r\n \t<li>Mat\u00e9riau : ABS.<\/li>\r\n \t<li>IP22.<\/li>\r\n \t<li><strong>Fonctionne avec 2 piles AA (LR06) incluses<\/strong>.<\/li>\r\n<\/ul>","protected":false},"excerpt":{"rendered":"<form id=\"product_addtocart_form\" action=\"https:\/\/www.ceciaa.com\/checkout\/cart\/add\/uenc\/aHR0cHM6Ly93d3cuY2VjaWFhLmNvbS90aGVybW9tZXRyZS1pbmZyYXJvdWdlLXBhcmxhbnQtc2Fucy1jb250YWN0Lmh0bWw_X19fU0lEPVU,\/product\/7147\/form_key\/OhiiU92anc8e9q2Q\/\" method=\"post\">\r\n<div class=\"short-description\">\r\n<div class=\"std\">\r\n<h1>Thermom\u00e8tre infrarouge parlant sans contact<\/h1>\r\n<h3>Ce thermom\u00e8tre m\u00e9dical infrarouge sans contact est un thermom\u00e8tre \u00e9lectronique m\u00e9dical vocal. Il mesure la temp\u00e9rature corporelle en moins d\u2019une seconde.<\/h3>\r\n<\/div>\r\n<\/div>\r\n<\/form>","protected":false},"featured_media":1099,"comment_status":"closed","ping_status":"closed","template":"","meta":[],"product_brand":[],"product_cat":[52],"product_tag":[],"class_list":{"0":"post-1098","1":"product","2":"type-product","3":"status-publish","4":"has-post-thumbnail","6":"product_cat-vie-quotidienne","8":"first","9":"instock","10":"taxable","11":"shipping-taxable","12":"product-type-simple"},"_links":{"self":[{"href":"https:\/\/cecitech.com\/index.php?rest_route=\/wp\/v2\/product\/1098","targetHints":{"allow":["GET"]}}],"collection":[{"href":"https:\/\/cecitech.com\/index.php?rest_route=\/wp\/v2\/product"}],"about":[{"href":"https:\/\/cecitech.com\/index.php?rest_route=\/wp\/v2\/types\/product"}],"replies":[{"embeddable":true,"href":"https:\/\/cecitech.com\/index.php?rest_route=%2Fwp%2Fv2%2Fcomments&post=1098"}],"wp:featuredmedia":[{"embeddable":true,"href":"https:\/\/cecitech.com\/index.php?rest_route=\/wp\/v2\/media\/1099"}],"wp:attachment":[{"href":"https:\/\/cecitech.com\/index.php?rest_route=%2Fwp%2Fv2%2Fmedia&parent=1098"}],"wp:term":[{"taxonomy":"product_brand","embeddable":true,"href":"https:\/\/cecitech.com\/index.php?rest_route=%2Fwp%2Fv2%2Fproduct_brand&post=1098"},{"taxonomy":"product_cat","embeddable":true,"href":"https:\/\/cecitech.com\/index.php?rest_route=%2Fwp%2Fv2%2Fproduct_cat&post=1098"},{"taxonomy":"product_tag","embeddable":true,"href":"https:\/\/cecitech.com\/index.php?rest_route=%2Fwp%2Fv2%2Fproduct_tag&post=1098"}],"curies":[{"name":"wp","href":"https:\/\/api.w.org\/{rel}","templated":true}]}}