{"id":1078,"date":"2020-01-16T07:28:31","date_gmt":"2020-01-16T12:28:31","guid":{"rendered":"http:\/\/cecitech.com\/?post_type=product&#038;p=1078"},"modified":"2024-07-13T10:31:38","modified_gmt":"2024-07-13T15:31:38","slug":"dot-watch","status":"publish","type":"product","link":"https:\/\/cecitech.com\/?product=dot-watch","title":{"rendered":"Dot Watch"},"content":{"rendered":"<h1 class=\"mttl\">Aper\u00e7u<\/h1>\r\nLa Dot Watch est une montre connect\u00e9e tactile braille sans aiguille, dot\u00e9e d&rsquo;une plage braille \u00e9ph\u00e9m\u00e8re 4 cellules. Restez en contact avec le monde. Gr\u00e2ce \u00e0 votre montre.\r\n\r\n&nbsp;\r\n<h3>Une nouvelle perception du temps, savourez chaque seconde<\/h3>\r\nLa Dot Watch vous fait d\u00e9couvrir le temps d\u2019une mani\u00e8re in\u00e9dite : sans bruit et \u00e0 vous seul. Elle vous permet d\u2019acc\u00e9der directement \u00e0 toutes les fonctionnalit\u00e9s pratiques dont vous avez si souvent besoin au cours de la journ\u00e9e, jour apr\u00e8s jour : l\u2019heure et la date, un r\u00e9veil, un minuteur et un chronom\u00e8tre. Elle vous donne m\u00eame l\u2019heure \u00e0 la seconde pr\u00e8s.\r\n\r\nVraiment une nouvelle perception du temps.\r\n\r\n&nbsp;\r\n<h3>Gestion des appels : qui vous appelle ?<\/h3>\r\nAppr\u00eatez-vous \u00e0 vivre une exp\u00e9rience in\u00e9dite et fantastique : savoir qui appelle sans le voir. Lorsque vous recevez un appel sur votre smartphone, la Dot Watch vibre et affiche le nom de l\u2019appelant. Un ami ? D\u00e9crochez avec un grand sourire. Votre chef, pendant le week-end ? Refusez l\u2019appel en appuyant sur un bouton et rappelez plus tard.\r\n\r\n&nbsp;\r\n<h3>Messagerie : g\u00e9rez vos messages rapidement<\/h3>\r\nChaque notification que vous recevez sur votre smartphone est imm\u00e9diatement traduite en braille et transmise \u00e0 votre DotWatch. Les commandes tactiles intuitives sur la face avant de la montre et le d\u00e9filement automatique personnalisable vous permettent de lire vos messages rapidement et confortablement. Vous pouvez sauvegarder les messages importants pour les consulter \u00e0 nouveau ult\u00e9rieurement.\r\n\r\n&nbsp;\r\n<h3>Mobilit\u00e9 : \u00e0 vos c\u00f4t\u00e9s pour chacune de vos sorties<\/h3>\r\nLa Dot Watch est parfaite comme compagne de voyage, dans les d\u00e9placements quotidiens mais tout aussi bien pour les vacances. Les notifications de votre application m\u00e9tro ou de votre compagnie a\u00e9rienne vous indiqueront quand le prochain train arrive ou si la porte de votre vol a \u00e9t\u00e9 chang\u00e9e.\r\n\r\nAllez du point A au point B n\u2019a jamais \u00e9t\u00e9 plus facile !\r\n\r\n&nbsp;\r\n<h3>D\u00e9tendez-vous, tout est organis\u00e9<\/h3>\r\nAvec la Dot Watch, vous \u00eates par\u00e9 pour la journ\u00e9e, tous les jours. Connectez-la \u00e0 votre application agenda pour qu\u2019elle vous rappelle vos rendez-vous \u00e0 venir. La mise \u00e0 jour automatique de votre application m\u00e9t\u00e9o le matin vous permet de choisir la tenue appropri\u00e9e pour une journ\u00e9e ensoleill\u00e9e \u2013 et vous avertit \u00e0 temps si la pluie se profile \u00e0 l\u2019horizon.\r\n\r\nPassez une merveilleuse journ\u00e9e !\r\n\r\n&nbsp;\r\n<h3>R\u00e9seaux sociaux : restez inform\u00e9<\/h3>\r\nLa Dot Watch<strong>\u00a0affiche des notifications de n\u2019importe quelle application<\/strong>\u00a0que vous avez sur votre smartphone, incluant les r\u00e9seaux sociaux et les actualit\u00e9s. D\u00e9sormais,\u00a0<strong>ne ratez plus aucun tweet, post ou story<\/strong>. Vous pouvez maintenant les lire instantan\u00e9ment ou \u00e0 intervalles, personnalis\u00e9s gr\u00e2ce \u00e0 la\u00a0<strong>fonction fr\u00e9quence des notifications<\/strong>.\r\n\r\nRestez connect\u00e9 au monde, \u00e0 votre propre rythme.\r\n\r\n&nbsp;\r\n<h3>Apprendre le braille<\/h3>\r\nLa Dot Watch r\u00e9v\u00e8le tout son potentiel aux personnes connaissant le braille. Mais c\u2019est \u00e9galement l\u2019outil id\u00e9al pour l\u2019apprendre : le programme d\u2019apprentissage du braille de la Dot Watch est une solution simple, intuitive et ludique pour apprendre l\u2019alphabet braille et s\u2019exercer \u00e0 lire des mots \u00e9crits avec celui-ci.\r\n\r\nPr\u00eat ? Lancez-vous !\r\n\r\n&nbsp;\r\n<h3>Fonctionne m\u00eame sans conna\u00eetre le braille<\/h3>\r\nChaque technologie doit \u00eatre accessible pour tout le monde. C\u2019est pourquoi la DotWatch peut \u00eatre r\u00e9gl\u00e9e en mode tactile qui fonctionne parfaitement m\u00eame si l\u2019on ne sait pas lire le braille : l\u2019heure est simplement affich\u00e9e en utilisant les points du braille.\r\n\r\nUne petite id\u00e9e avec un grand impact.\r\n\r\n&nbsp;\r\n<h3>Un design prim\u00e9<\/h3>\r\nLa Dot Watch a remport\u00e9 de nombreux prix de design internationaux et est vendue dans les mus\u00e9es d\u2019art. Ce qui la rend si sp\u00e9ciale ? Elle allie beaut\u00e9 et fonctionnalit\u00e9 \u00e0 la perfection. Avec sa forme ronde intemporelle et son bracelet milanais argent\u00e9 minimaliste, elle est toujours agr\u00e9able \u00e0 porter et va avec toutes les tenues.\r\n\r\n&nbsp;\r\n<h3>L\u00e9g\u00e8re et \u00e9l\u00e9gante<\/h3>\r\nFabriqu\u00e9e en aluminium super l\u00e9ger, la DotWatch p\u00e8se \u00e0 peine 60 grammes. Elle n\u2019en est pas moins extr\u00eamement robuste. Parfaite pour tous les jours et toutes les activit\u00e9s.\r\n\r\n&nbsp;\r\n<h3>Autonomie de plusieurs jours<\/h3>\r\nLes cellules braille de la Dot Watch sont aliment\u00e9es par la technologie d\u2019actionneurs brevet\u00e9e, exclusivement bas\u00e9e sur le magn\u00e9tisme. Ce syst\u00e8me r\u00e9duit la consommation d\u2019\u00e9nergie au strict minimum. La batterie tient jusqu&rsquo;\u00e0 dix jours avec une recharge. Oubliez la batterie. Explorez le monde.\r\n\r\n&nbsp;\r\n<h3>Application d\u00e9di\u00e9e<\/h3>\r\nL\u2019application intuitive Dot Watch vous permet de configurer facilement de nombreux param\u00e8tres sur votre montre, de la vitesse d\u2019actualisation au choix de la langue parmi les neuf disponibles, dont le chinois et l\u2019arabe.\r\n\r\nPorter la Dot Watch est si agr\u00e9able que vous n\u2019aurez plus envie de l\u2019enlever. Toutefois, si vous le faites, la retrouver sera un jeu d\u2019enfant : il vous suffira d\u2019appuyer sur le bouton de l\u2019application et votre montre vibrera pour vous permettre de la retrouver.\r\n\r\nLa Dot Watch est mise \u00e0 jour constamment pour vous offrir de nouvelles fonctionnalit\u00e9s. Celles-ci sont t\u00e9l\u00e9charg\u00e9es et install\u00e9es automatiquement via l\u2019application Dot Watch.\r\n\r\n&nbsp;\r\n<h1 class=\"mttl\">Caract\u00e9ristiques\/ Sp\u00e9cifications<\/h1>\r\n<ul>\r\n \t<li>Plage braille \u00e9ph\u00e9m\u00e8re de 4 cellules.<\/li>\r\n \t<li>Compatibilit\u00e9 : Android 4.4 et au-del\u00e0 \/ IOS 9 et au-del\u00e0.<\/li>\r\n \t<li>Alimentation : Batterie Li-Polym\u00e8re DC3.7V 400mAh. Non amovible.<\/li>\r\n \t<li>Autonomie : Jusqu\u2019\u00e0 5 jours.<\/li>\r\n \t<li>Temps de charge : Moins de 2 heures.<\/li>\r\n \t<li>Garantie : 2 ans.<\/li>\r\n<\/ul>\r\n<h3>Livr\u00e9e avec<\/h3>\r\n<ul>\r\n \t<li>Montre et bracelet taille Standard.<\/li>\r\n \t<li>Socle de charge via prise USB.<\/li>\r\n \t<li>Films de protection (anti poussi\u00e8re).<\/li>\r\n \t<li>Guide de prise en main rapide.<\/li>\r\n<\/ul>","protected":false},"excerpt":{"rendered":"<h1>La Dot Watch<\/h1>\r\n<h4>est une montre connect\u00e9e tactile braille sans aiguille, dot\u00e9e d&rsquo;une plage braille \u00e9ph\u00e9m\u00e8re 4 cellules. Restez en contact avec le monde. Gr\u00e2ce \u00e0 votre montre.<\/h4>","protected":false},"featured_media":1079,"comment_status":"open","ping_status":"closed","template":"","meta":[],"product_brand":[],"product_cat":[52],"product_tag":[],"class_list":{"0":"post-1078","1":"product","2":"type-product","3":"status-publish","4":"has-post-thumbnail","6":"product_cat-vie-quotidienne","8":"first","9":"instock","10":"taxable","11":"shipping-taxable","12":"product-type-simple"},"_links":{"self":[{"href":"https:\/\/cecitech.com\/index.php?rest_route=\/wp\/v2\/product\/1078","targetHints":{"allow":["GET"]}}],"collection":[{"href":"https:\/\/cecitech.com\/index.php?rest_route=\/wp\/v2\/product"}],"about":[{"href":"https:\/\/cecitech.com\/index.php?rest_route=\/wp\/v2\/types\/product"}],"replies":[{"embeddable":true,"href":"https:\/\/cecitech.com\/index.php?rest_route=%2Fwp%2Fv2%2Fcomments&post=1078"}],"wp:featuredmedia":[{"embeddable":true,"href":"https:\/\/cecitech.com\/index.php?rest_route=\/wp\/v2\/media\/1079"}],"wp:attachment":[{"href":"https:\/\/cecitech.com\/index.php?rest_route=%2Fwp%2Fv2%2Fmedia&parent=1078"}],"wp:term":[{"taxonomy":"product_brand","embeddable":true,"href":"https:\/\/cecitech.com\/index.php?rest_route=%2Fwp%2Fv2%2Fproduct_brand&post=1078"},{"taxonomy":"product_cat","embeddable":true,"href":"https:\/\/cecitech.com\/index.php?rest_route=%2Fwp%2Fv2%2Fproduct_cat&post=1078"},{"taxonomy":"product_tag","embeddable":true,"href":"https:\/\/cecitech.com\/index.php?rest_route=%2Fwp%2Fv2%2Fproduct_tag&post=1078"}],"curies":[{"name":"wp","href":"https:\/\/api.w.org\/{rel}","templated":true}]}}