{"id":1065,"date":"2019-09-16T04:41:09","date_gmt":"2019-09-16T09:41:09","guid":{"rendered":"http:\/\/cecitech.com\/?post_type=product&#038;p=1065"},"modified":"2023-06-24T07:15:41","modified_gmt":"2023-06-24T12:15:41","slug":"m-line","status":"publish","type":"product","link":"https:\/\/cecitech.com\/?product=m-line","title":{"rendered":"M-Line"},"content":{"rendered":"<h1 class=\"mttl\">Aper\u00e7u<\/h1>\r\n\u00c9quip\u00e9e avec le syst\u00e8me Android 7.1 et le lecteur d\u2019\u00e9cran <strong>TalkBack<\/strong>, la montre-t\u00e9l\u00e9phone M-Line <strong>vous ob\u00e9it au doigt et \u00e0 la voix<\/strong>.\u00a0Miniaturis\u00e9e pour s\u2019attacher au poignet, elle<strong> lib\u00e8re vos mains et vos poches<\/strong>\u00a0d\u2019un t\u00e9l\u00e9phone encombrant.\u00a0<strong>Facile a\u0300 utiliser<\/strong>, la montre-te\u0301le\u0301phone M-Line propose la c<strong>ommande vocale sans internet<\/strong> (la reconnaissance vocale est embarqu\u00e9e).\r\n<h4>Avec la smartwatch-phone vocale M-Line, il est possible<\/h4>\r\n<ul>\r\n \t<li>D&rsquo;<strong>appeler<\/strong> ou <strong>envoyer un message<\/strong> a\u0300 un contact.<\/li>\r\n \t<li>D&rsquo;<strong>ouvrir une application<\/strong>.<\/li>\r\n \t<li>D\u2019obtenir le <strong>niveau de la batterie<\/strong>, la <strong>date<\/strong> et l&rsquo;<strong>heure<\/strong>.<\/li>\r\n \t<li>D&rsquo;activer ou d\u00e9sactiver le <strong>WiFi<\/strong> ou le <strong>Bluetooth<\/strong>.<\/li>\r\n \t<li>La <strong>dict\u00e9e vocale<\/strong> remplace le clavier pour saisir le texte, il suffit de le dicter vocalement, le t\u00e9l\u00e9phone l&rsquo;\u00e9crira.<\/li>\r\n<\/ul>\r\n<h4>Points forts de la montre-te\u0301le\u0301phone adapt\u00e9e M-Line<\/h4>\r\n<ul>\r\n \t<li>Un <strong>design \u00e9pur\u00e9<\/strong>, et<strong> seulement un bouton<\/strong> pour la simplicit\u00e9 d\u2019utilisation.<\/li>\r\n \t<li>Le syst\u00e8me Android 7.1.1 et le lecteur d\u2019\u00e9cran <strong>TalkBack<\/strong> permettent de b\u00e9n\u00e9ficier de tous les avantages d\u2019un smartphone.<\/li>\r\n \t<li>La <strong>reconnaissance vocale embarqu\u00e9e<\/strong> (m\u00eame sans Internet) assure une fiabilit\u00e9 incomparable ind\u00e9pendante de la couverture du r\u00e9seau mobile.<\/li>\r\n \t<li>Pr\u00e9sentation sous forme de <strong>menus<\/strong>.<\/li>\r\n \t<li><strong>Contr\u00f4le \u00e0 la voix<\/strong> et <strong>dict\u00e9e vocale<\/strong> pour appeler des contacts, envoyer des SMS ou lancer des fonctions a\u0300 la voix sans connexion Wi-Fi ou 4G, (reconnaissance vocale embarqu\u00e9e).<\/li>\r\n<\/ul>\r\n<h4>Fonctionnalit\u00e9s principales de la montre-t\u00e9l\u00e9phone vocalis\u00e9e<\/h4>\r\n<ul>\r\n \t<li><strong>Appels<\/strong> : \u00e9mission et r\u00e9ception des appels.<\/li>\r\n \t<li><strong>Journal<\/strong> d&rsquo;appels.<\/li>\r\n \t<li><strong>SMS<\/strong> : envoi et r\u00e9ception des SMS, consultation des messages re\u00e7us et envoy\u00e9s.<\/li>\r\n \t<li><strong>Contacts<\/strong> : gestion des contacts.<\/li>\r\n \t<li><strong>Alarme<\/strong>, minuterie.<\/li>\r\n \t<li><strong>Notes<\/strong> : prise de notes vocales, gestion des notes.<\/li>\r\n<\/ul>\r\n<h4>Fonctionnalit\u00e9s avanc\u00e9es de la montre-t\u00e9l\u00e9phone parlante<\/h4>\r\n<ul>\r\n \t<li><strong>BeMyEyes<\/strong> : application gratuite qui connecte des personnes aveugles et malvoyantes \u00e0 des volontaires voyants, pour une aide en ligne via l\u2019application (enregistrement requis).<\/li>\r\n \t<li><strong>Radio<\/strong> par internet.<\/li>\r\n \t<li><strong>Lecteur<\/strong> audio.<\/li>\r\n \t<li>Lecteur de <strong>livres<\/strong> (.txt, .doc, .docx, .pdf).<\/li>\r\n \t<li><strong>WhatsApp<\/strong> : \u00e9mettre et recevoir des appels par Internet.<\/li>\r\n \t<li><strong>Skype<\/strong> : \u00e9mettre et recevoir des appels par Internet.<\/li>\r\n \t<li><strong>Le Localisateur<\/strong> : le web en clair pour tous, l&rsquo;acc\u00e8s au monde internet orient\u00e9 pour les aveugles et les malvoyants.<\/li>\r\n \t<li><strong>Voxiweb<\/strong> (sous condition d&rsquo;abonnement au service).<\/li>\r\n \t<li><strong>DropBox<\/strong> : stockez et partagez vos fichiers, en toute s\u00e9curit\u00e9.<\/li>\r\n \t<li><strong>Youtube<\/strong> : une interface sp\u00e9cifiquement d\u00e9velopp\u00e9e pour M-Line, pour apporter un confort pour la recherche des vid\u00e9os sur Youtube.<\/li>\r\n<\/ul>\r\n<h1 class=\"mttl\">Caract\u00e9ristiques\/ Sp\u00e9cifications<\/h1>\r\n<h4>Donn\u00e9es techniques<\/h4>\r\n<ul>\r\n \t<li>Processeur : MT6739M Quad-core<\/li>\r\n \t<li>M\u00e9moire : DDR3 3GB\uff0cEMMC :32GB<\/li>\r\n \t<li>Carte SIM : Nano SIM<\/li>\r\n \t<li>R\u00e9seaux GSM : 850\/900\/1800\/1900<\/li>\r\n \t<li>WCDMA : B1\/B2\/B5<\/li>\r\n \t<li>TD-SCDMA : B34\/B39<\/li>\r\n \t<li>LTE-FDD: B1\/B2\/B3\/B5\/B7\/B12\/B20<\/li>\r\n \t<li>LTE-TDD: B38\/B39\/B40\/B41(100MHz)<\/li>\r\n \t<li>\u00c9cran tactile AMOLED 1.8 \u00ab\u00a0, IPS 320&#215;360 pixels<\/li>\r\n \t<li>Cam\u00e9ra 5 millions M\u00e9gaPixels HD<\/li>\r\n \t<li>Bluetooth,\u00a0WIFI,\u00a0Oui.<\/li>\r\n \t<li>Capacit\u00e9 Batterie 780mAh<\/li>\r\n \t<li>Norme IP 67<\/li>\r\n \t<li>Coloris du cadran : noir (avec bouton rouge) ou argent (avec bouton argent), selon arrivage. Coloris noir majoritaire.<\/li>\r\n \t<li>Capteur de fr\u00e9quence cardiaque.<\/li>\r\n<\/ul>\r\n<h4>Logiciels<\/h4>\r\n<ul>\r\n \t<li>Syst\u00e8me : Android 7.1.1<\/li>\r\n \t<li>Menu : Contacts, T\u00e9l\u00e9phone, Messagerie, Param\u00e8tres,\u00a0Recherche vocale, Assistant vocal embarqu\u00e9.<\/li>\r\n \t<li>Programmes : Horloge, Musique, Enregistreur de son, Gestionnaire de fichiers, Skype, WhatsApp, Be My Eyes, Voxiweb (N\u00e9cessite un abonnement), Localisateur, YouTube<\/li>\r\n \t<li>Connexions : Bluetooth, WiFi, Mode avion, GPS, R\u00e9seau cellulaire<\/li>\r\n<\/ul>\r\n<h4>Dimensions<\/h4>\r\n<ul>\r\n \t<li>Cadran rectangulaire.<\/li>\r\n \t<li>Cadran 50mm*40mm*14mm<\/li>\r\n<\/ul>\r\n<h4>Livr\u00e9e dans un joli coffret avec<\/h4>\r\n<ul>\r\n \t<li>1 x montre intelligente.<\/li>\r\n \t<li>1 x c\u00e2ble USB magn\u00e9tique.<\/li>\r\n \t<li>1 x manuel d&rsquo;utilisation.<\/li>\r\n \t<li>1x guide d&rsquo;utilisation rapide.<\/li>\r\n<\/ul>","protected":false},"excerpt":{"rendered":"<h1>M-Line<\/h1>\r\n<h4>est un<strong>\u00a0v\u00e9ritable t\u00e9l\u00e9phone 4G<\/strong>, avec la\u00a0<strong>forme d\u2019une\u00a0montre<\/strong>.\u00a0<strong>Accessible<\/strong>\u00a0pour les personnes d\u00e9ficientes visuelles, la montre-t\u00e9l\u00e9phone M-Line propose la\u00a0<strong>commande vocale<\/strong>\u00a0avec mots cl\u00e9s, et le\u00a0<strong>pilotage du t\u00e9l\u00e9phone a\u0300 la voix<\/strong>, m\u00eame\u00a0<strong>sans internet<\/strong>\u00a0!<\/h4>","protected":false},"featured_media":1145,"comment_status":"open","ping_status":"closed","template":"","meta":[],"product_brand":[],"product_cat":[44],"product_tag":[],"class_list":{"0":"post-1065","1":"product","2":"type-product","3":"status-publish","4":"has-post-thumbnail","6":"product_cat-telephones-accessibles","8":"first","9":"instock","10":"taxable","11":"shipping-taxable","12":"product-type-simple"},"_links":{"self":[{"href":"https:\/\/cecitech.com\/index.php?rest_route=\/wp\/v2\/product\/1065","targetHints":{"allow":["GET"]}}],"collection":[{"href":"https:\/\/cecitech.com\/index.php?rest_route=\/wp\/v2\/product"}],"about":[{"href":"https:\/\/cecitech.com\/index.php?rest_route=\/wp\/v2\/types\/product"}],"replies":[{"embeddable":true,"href":"https:\/\/cecitech.com\/index.php?rest_route=%2Fwp%2Fv2%2Fcomments&post=1065"}],"wp:featuredmedia":[{"embeddable":true,"href":"https:\/\/cecitech.com\/index.php?rest_route=\/wp\/v2\/media\/1145"}],"wp:attachment":[{"href":"https:\/\/cecitech.com\/index.php?rest_route=%2Fwp%2Fv2%2Fmedia&parent=1065"}],"wp:term":[{"taxonomy":"product_brand","embeddable":true,"href":"https:\/\/cecitech.com\/index.php?rest_route=%2Fwp%2Fv2%2Fproduct_brand&post=1065"},{"taxonomy":"product_cat","embeddable":true,"href":"https:\/\/cecitech.com\/index.php?rest_route=%2Fwp%2Fv2%2Fproduct_cat&post=1065"},{"taxonomy":"product_tag","embeddable":true,"href":"https:\/\/cecitech.com\/index.php?rest_route=%2Fwp%2Fv2%2Fproduct_tag&post=1065"}],"curies":[{"name":"wp","href":"https:\/\/api.w.org\/{rel}","templated":true}]}}