{"id":1057,"date":"2019-09-16T04:36:47","date_gmt":"2019-09-16T09:36:47","guid":{"rendered":"http:\/\/cecitech.com\/?post_type=product&#038;p=1057"},"modified":"2023-04-28T07:47:36","modified_gmt":"2023-04-28T12:47:36","slug":"s-tel","status":"publish","type":"product","link":"https:\/\/cecitech.com\/?product=s-tel","title":{"rendered":"S-Tel"},"content":{"rendered":"<h1 class=\"mttl\">Aper\u00e7u<\/h1>\r\nSp\u00e9cialement con\u00e7u pour \u00eatre<strong> facile \u00e0 utiliser<\/strong>, le t\u00e9l\u00e9phone S-Tel propose la <strong>commande vocale avec mots cl\u00e9<\/strong> et le <strong>pilotage du t\u00e9l\u00e9phone \u00e0 la voix<\/strong> m\u00eame sans internet (la reconnaissance vocale est embarqu\u00e9e).\r\n<h4>Contr\u00f4le \u00e0 la voix avec le contr\u00f4le vocal<\/h4>\r\nIl est possible de<strong> commander vocalement le t\u00e9l\u00e9phone<\/strong> sans avoir \u00e0 utiliser le clavier.\r\n\r\nIl est possible (et plus encore&#8230;) :\r\n<ul>\r\n \t<li>d&rsquo;appeler et envoyer un <strong>message<\/strong> \u00e0 un contact ;<\/li>\r\n \t<li>d&rsquo;ouvrir une <strong>application<\/strong> dans le t\u00e9l\u00e9phone ;<\/li>\r\n \t<li>d\u2019obtenir le <strong>niveau de la batterie<\/strong> ;<\/li>\r\n \t<li>la <strong>date<\/strong> et l&rsquo;<strong>heure<\/strong>&#8230;<\/li>\r\n \t<li><strong>dict\u00e9e vocale<\/strong> au lieu d&rsquo;utiliser le clavier pour saisir du texte, il suffit de le <strong>dicter vocalement<\/strong>. Le t\u00e9l\u00e9phone l&rsquo;\u00e9crira !<\/li>\r\n<\/ul>\r\nIl est possible, entre autre, d&rsquo;utiliser la dict\u00e9e vocale pour ces actions : dict\u00e9e SMS, cr\u00e9er des contacts, prendre des notes&#8230;\r\n<h4>Clavier physique<\/h4>\r\nLe S-Tel pr\u00e9sente un <strong>v\u00e9ritable clavier physique ergonomique<\/strong>, avec de <strong>grands boutons tangibles<\/strong> bien espac\u00e9s. De<strong> grande qualit\u00e9<\/strong>, ce clavier<strong> haut de gamme<\/strong> permet une utilisation <strong>confortable<\/strong>.\r\n\r\nL&rsquo;espacement entre les touches<strong> facilite grandement l&rsquo;orientation sur le clavier<\/strong>, il est donc possible d&rsquo;<strong>identifier imm\u00e9diatement chaque touche<\/strong>, sans t\u00e2tonnement, et en minimisant le risque d&rsquo;erreur.\r\n<h4>Points forts du t\u00e9l\u00e9phone S-Tel<\/h4>\r\n<ul>\r\n \t<li><strong>Grand clavier physique ergonomique<\/strong>\u00a0(sup\u00e9rieur \u00e0\u00a0celui des anciens Nokia).<\/li>\r\n \t<li>Pr\u00e9sentation<strong>\u00a0sous forme de menus<\/strong>.<\/li>\r\n \t<li><strong>Contr\u00f4le et dict\u00e9e vocale :\u00a0<\/strong>pour appeler des contacts, envoyer des SMS ou lancer des fonctions \u00e0 la voix sans connexion Wi-Fi ou 4G, (Reconnaissance vocale embarqu\u00e9e).<\/li>\r\n \t<li>Le\u00a0<strong>clapet de protection<\/strong>\u00a0du clavier permet un\u00a0<strong>verrouillage<\/strong>\u00a0et\u00a0<strong>d\u00e9verrouillage<\/strong>\u00a0simples du t\u00e9l\u00e9phone.<\/li>\r\n \t<li><strong>Bouton SOS<\/strong>\u00a0pour appeler un contact pr\u00e9d\u00e9fini en cas d\u2019urgence. Des applications suppl\u00e9mentaires simples, telles que radio FM, localisateur, Be my Eyes, Skype&#8230;<\/li>\r\n \t<li><strong>Clavier r\u00e9tro-\u00e9clair\u00e9<\/strong>.<\/li>\r\n<\/ul>\r\n<h4>Fonctionnalit\u00e9s principales<\/h4>\r\n<ul>\r\n \t<li><strong>Appels<\/strong>, journal d&rsquo;appel.<\/li>\r\n \t<li><strong>SMS<\/strong>, SMS \u00e0 plusieurs destinataires.<\/li>\r\n \t<li><strong>Contacts<\/strong>, gestion des contacts.<\/li>\r\n \t<li><strong>Alarme<\/strong>, minuterie.<\/li>\r\n \t<li><strong>Notes<\/strong>.<\/li>\r\n \t<li><strong>Enregistreur vocal<\/strong>.<\/li>\r\n \t<li>Fonctionnalit\u00e9s avanc\u00e9es bouton d&rsquo;urgence <strong>SOS<\/strong>.<\/li>\r\n \t<li><strong>Radio<\/strong> FM, radio internet.<\/li>\r\n \t<li><strong>Lecteur<\/strong> audio, lecteur de livres.<\/li>\r\n \t<li>Voxiweb (sous condition d&rsquo;abonnement au service).<\/li>\r\n<\/ul>\r\n<h4>Fonctionnalit\u00e9s avanc\u00e9es<\/h4>\r\n<ul>\r\n \t<li>Bouton d&rsquo;urgence SOS.<\/li>\r\n \t<li>Lecteur audio, positionnement, contenu des journaux et lecteur de livres via localisateur.<\/li>\r\n \t<li>Possibilit\u00e9 d\u2019une aide en ligne via l\u2019application \u00ab Be My Eyes \u00bb(enregistrement requis).<\/li>\r\n<\/ul>\r\n<h1 class=\"mttl\">Caract\u00e9ristiques\/ Sp\u00e9cifications<\/h1>\r\n<ul>\r\n \t<li>Bandes de fr\u00e9quences des r\u00e9seaux mobiles : &#8211; GSM: 900\/1800\/1900 MHz &#8211; WCDMA: 2100 MHz &#8211; LTE-FDD: B1 \/ B3 \/ B7 \/ B20<\/li>\r\n \t<li>CPU: Dual core 1.2GHz M\u00e9moire : &#8211; RAM: 1024 Mo &#8211; Stockage interne: 4 Go &#8211; Extensible par carte SD<\/li>\r\n \t<li>\u00c9cran: \u00e9cran couleur TFT 2,8 pouces, 240px x 320px<\/li>\r\n \t<li>Cartes SIM: deux emplacements pour carte SIM (livr\u00e9 avec un adaptateur)<\/li>\r\n \t<li>Appareil photo: 2.0MPx<\/li>\r\n \t<li>Batterie: 1000mAh<\/li>\r\n \t<li>Connexion : Wifi Bluetooth<\/li>\r\n \t<li>SAR: R\u00e9cepteur FM, Lampe de poche LED<\/li>\r\n \t<li>Coloris : noir<\/li>\r\n<\/ul>","protected":false},"excerpt":{"rendered":"<h1>S-Tel<\/h1>\r\n<h4>Sp\u00e9cialement con\u00e7u pour \u00eatre<strong> facile \u00e0 utiliser<\/strong>, le t\u00e9l\u00e9phone S-Tel propose la <strong>commande vocale avec mots cl\u00e9<\/strong> et le <strong>pilotage du t\u00e9l\u00e9phone \u00e0 la voix<\/strong> m\u00eame sans internet (la reconnaissance vocale est embarqu\u00e9e).<\/h4>","protected":false},"featured_media":1058,"comment_status":"open","ping_status":"closed","template":"","meta":[],"product_brand":[],"product_cat":[44],"product_tag":[],"class_list":{"0":"post-1057","1":"product","2":"type-product","3":"status-publish","4":"has-post-thumbnail","6":"product_cat-telephones-accessibles","8":"first","9":"instock","10":"taxable","11":"shipping-taxable","12":"product-type-simple"},"_links":{"self":[{"href":"https:\/\/cecitech.com\/index.php?rest_route=\/wp\/v2\/product\/1057","targetHints":{"allow":["GET"]}}],"collection":[{"href":"https:\/\/cecitech.com\/index.php?rest_route=\/wp\/v2\/product"}],"about":[{"href":"https:\/\/cecitech.com\/index.php?rest_route=\/wp\/v2\/types\/product"}],"replies":[{"embeddable":true,"href":"https:\/\/cecitech.com\/index.php?rest_route=%2Fwp%2Fv2%2Fcomments&post=1057"}],"wp:featuredmedia":[{"embeddable":true,"href":"https:\/\/cecitech.com\/index.php?rest_route=\/wp\/v2\/media\/1058"}],"wp:attachment":[{"href":"https:\/\/cecitech.com\/index.php?rest_route=%2Fwp%2Fv2%2Fmedia&parent=1057"}],"wp:term":[{"taxonomy":"product_brand","embeddable":true,"href":"https:\/\/cecitech.com\/index.php?rest_route=%2Fwp%2Fv2%2Fproduct_brand&post=1057"},{"taxonomy":"product_cat","embeddable":true,"href":"https:\/\/cecitech.com\/index.php?rest_route=%2Fwp%2Fv2%2Fproduct_cat&post=1057"},{"taxonomy":"product_tag","embeddable":true,"href":"https:\/\/cecitech.com\/index.php?rest_route=%2Fwp%2Fv2%2Fproduct_tag&post=1057"}],"curies":[{"name":"wp","href":"https:\/\/api.w.org\/{rel}","templated":true}]}}