{"id":1046,"date":"2019-09-16T04:24:10","date_gmt":"2019-09-16T09:24:10","guid":{"rendered":"http:\/\/cecitech.com\/?post_type=product&#038;p=1046"},"modified":"2023-04-27T08:35:54","modified_gmt":"2023-04-27T13:35:54","slug":"zoomax-snow-12-hd-tts","status":"publish","type":"product","link":"https:\/\/cecitech.com\/?product=zoomax-snow-12-hd-tts","title":{"rendered":"Zoomax Snow 12 HD TTS"},"content":{"rendered":"<h1 class=\"mttl\">Aper\u00e7u<\/h1>\r\nAvec la vid\u00e9oloupe <strong>vocale<\/strong> Snow 12 HD TTS, vous pouvez plus facilement <strong>lire<\/strong>, <strong>\u00e9crire<\/strong>, <strong>regarder<\/strong> des objets ou m\u00eame <strong>num\u00e9riser<\/strong> et <strong>oraliser<\/strong> du contenu d&rsquo;une page enti\u00e8re avec la<strong> reconnaissance de caract\u00e8res<\/strong> (OCR) et la <strong>synth\u00e8se vocale<\/strong>. Avec des <strong>fonctionnalit\u00e9s standard<\/strong> telles qu&rsquo;un <strong>\u00e9cran Full HD 12\u00a0\u00bb<\/strong>, un <strong>grossissement<\/strong> jusqu&rsquo;\u00e0 19 fois et une <strong>interface accessible simple<\/strong>, Snow 12 est parfaite pour toutes les situations.\r\n\r\n<hr \/>\r\n\r\n<h3>Points forts de la loupe \u00e9lectronique parlante Snow 12 HD TTS<\/h3>\r\n<ul>\r\n \t<li><strong>Num\u00e9risation<\/strong> et lecture pleine page.<\/li>\r\n \t<li>Qualit\u00e9 d&rsquo;image <strong>sup\u00e9rieure<\/strong> (HD).<\/li>\r\n \t<li>Intensit\u00e9 de couleur <strong>r\u00e9glable<\/strong> \u00e0 contraste <strong>\u00e9lev\u00e9<\/strong>.<\/li>\r\n \t<li>Espace d&rsquo;\u00e9criture <strong>confortable<\/strong> (avec le support pliable en option).<\/li>\r\n \t<li>Contr\u00f4le par <strong>stick analogique<\/strong> et<strong> \u00e9cran tactile<\/strong>.<\/li>\r\n \t<li><strong>Invites vocales<\/strong>.<\/li>\r\n \t<li>Mode <strong>veille<\/strong> d&rsquo;\u00e9conomie d&rsquo;\u00e9nergie.<\/li>\r\n \t<li><strong>OCR<\/strong> et <strong>synth\u00e8se vocale<\/strong> dans plus de 20 langues.<\/li>\r\n \t<li>Support\u00a0<strong>d\u00e9tachable<\/strong>\u00a0et\u00a0<strong>pliable<\/strong>\u00a0en option.<\/li>\r\n<\/ul>\r\n\r\n<hr \/>\r\n\r\n<h3>La loupe \u00e9lectronique qui a pens\u00e9 \u00e0 tout !<\/h3>\r\n<h4>La vid\u00e9oloupe Snow 12 a \u00e9t\u00e9 con\u00e7ue pour <strong>vous simplifier la vie<\/strong> :<\/h4>\r\n<ul>\r\n \t<li>stick analogique pour<strong> parcourir un document sans avoir \u00e0 d\u00e9placer le mat\u00e9riel de lecture<\/strong> ;<\/li>\r\n \t<li>support pliable qui <strong>soul\u00e8ve l&rsquo;\u00e9cran de la table<\/strong> pour examiner de petits objets (m\u00e9dicament&#8230;) ;<\/li>\r\n \t<li>acc\u00e8s facile \u00e0 l&rsquo;\u00e9criture&#8230;<\/li>\r\n<\/ul>\r\n\r\n<hr \/>\r\n\r\n<h4>Une vid\u00e9ouloupe d\u00e9tachable et pliable<\/h4>\r\nLa loupe vid\u00e9o Snow 12 peut \u00eatre utilis\u00e9<strong> avec ou sans le support pliable<\/strong> (en option).\r\n\r\nLorsqu&rsquo;elle est utilis\u00e9e en dehors du support pliable (en option), Snow 12 fonctionne comme la plupart des autres loupes vid\u00e9o de poche. En \u00e9tant pli\u00e9, Snow 12 est <strong>plus fin qu&rsquo;un ordinateur portable<\/strong>.\r\n\r\n<hr \/>\r\n\r\n<h4>Qualit\u00e9 d&rsquo;image sup\u00e9rieure<\/h4>\r\nLa loupe \u00e9lectronique Snow 12 vous permet de regarder encore plus de photos de famille ou de visionner des <strong>illustrations<\/strong> et d&rsquo;autres <strong>images<\/strong> dans des recettes et des magazines. Le <strong>rendu avanc\u00e9 des couleurs<\/strong> donne des images plus belles que jamais.\r\n\r\nSnow 12 propose \u00e9galement la <strong>personnalisation du contraste<\/strong> afin que vous puissiez cr\u00e9er des polices plus minces ou plus \u00e9paisses \u00e0 la demande. Si vous aimez lire du texte dans un mode de contraste \u00e9lev\u00e9, tel que le blanc sur le noir, vous adorerez la <strong>nettet\u00e9 du contraste<\/strong> avec Snow 12.\r\n\r\n<hr \/>\r\n\r\n<h4>Un grand espace d&rsquo;\u00e9criture<\/h4>\r\nVous essayez de tenir la loupe tout en signant un ch\u00e8que? Facilitez-vous les choses avec Snow 12. Utilis\u00e9 avec le support pliable (en option), Snow 12 se soul\u00e8ve de la table et vous laisse suffisamment d\u2019espace pour \u00e9crire, \u00e0 l\u2019instar de ce que vous trouvez avec les syst\u00e8mes d\u2019agrandissement de bureau plus grands. Reprenez votre \u00e9criture, griffonnez, signez et cr\u00e9ez !\r\n\r\n<hr \/>\r\n\r\n<h4>OCR et Synth\u00e8se vocale<\/h4>\r\nAvec la derni\u00e8re technologie <strong>OCR<\/strong> (reconnaissance de caract\u00e8res), la loupe \u00e9lectronique parlante Snow 12 peut reconna\u00eetre l\u2019une des 20 langues diff\u00e9rentes et convertir les mots imprim\u00e9s en paroles (<strong>synth\u00e8se vocale<\/strong>).\r\n\r\nChanger la <strong>vitesse de lecture<\/strong> peut \u00eatre fait \u00e0 la vol\u00e9e. Vous pouvez m\u00eame choisir entre des voix <strong>masculines<\/strong> et <strong>f\u00e9minines<\/strong>. Les documents peuvent \u00eatre <strong>sauvegard\u00e9s<\/strong> sur Snow 12 pour une lecture ult\u00e9rieure et m\u00eame <strong>export\u00e9s<\/strong> vers un PC Windows\u00ae.\r\n\r\n<hr \/>\r\n\r\n<h1 class=\"mttl\">Caract\u00e9ristiques\/ Sp\u00e9cifications<\/h1>\r\n<h3>Donn\u00e9es g\u00e9n\u00e9rales<\/h3>\r\n<ul>\r\n \t<li>Grossissement 2,7 &#8211; 19x.<\/li>\r\n \t<li>1 mode Full Color et 10 modes de contraste.<\/li>\r\n \t<li>\u00c9cran tactile 12\u00a0\u00bb.<\/li>\r\n \t<li>R\u00e9solution 1920 x 1280 p.<\/li>\r\n \t<li>\u00c9cran tactile panoramique et stick analogique.<\/li>\r\n \t<li>Cam\u00e9ra 13M pixels.<\/li>\r\n \t<li>Autofocus et focus au tap.<\/li>\r\n \t<li>4 masques ajustables avec lecture verticale ou horizontale.<\/li>\r\n \t<li>Port HDMI et Port-C (connectable TV et PC)<\/li>\r\n \t<li>Temps de charge : 2h.<\/li>\r\n \t<li>Mode veille.<\/li>\r\n<\/ul>\r\n<h3>Reconnaissance de caract\u00e8res (OCR) et synth\u00e8se vocale (TTS)<\/h3>\r\n<ul>\r\n \t<li>Interface mode image\/ mode texte.<\/li>\r\n \t<li>20 langues, voix f\u00e9minine ou masculine.<\/li>\r\n \t<li>D\u00e9tection automatique de la langue.<\/li>\r\n \t<li>Formats de fichiers : JPG, PDF, RTF et TXT.<\/li>\r\n \t<li>Lecture pleine page (avec support de lecture en option).<\/li>\r\n \t<li>7 niveaux de zoom.<\/li>\r\n \t<li>4 modes de contraste.<\/li>\r\n<\/ul>\r\n<h3>Dimensions et poids<\/h3>\r\n<ul>\r\n \t<li>Poids : 960 g.<\/li>\r\n \t<li>Dimensions de la loupe : 290 x 220 x 24 mm.<\/li>\r\n \t<li>Dimensions du support : 350 x 230 x 40 mm.<\/li>\r\n<\/ul>","protected":false},"excerpt":{"rendered":"<h1>Zoomax Snow 12 HD TTS<\/h1>\r\n<h4>La loupe \u00e9lectronique qui a pens\u00e9 \u00e0 tout !<\/h4>","protected":false},"featured_media":1047,"comment_status":"open","ping_status":"closed","template":"","meta":[],"product_brand":[],"product_cat":[33,37],"product_tag":[],"class_list":{"0":"post-1046","1":"product","2":"type-product","3":"status-publish","4":"has-post-thumbnail","6":"product_cat-basse-vision","7":"product_cat-video-loupes-de-poche","9":"first","10":"instock","11":"taxable","12":"shipping-taxable","13":"product-type-simple"},"_links":{"self":[{"href":"https:\/\/cecitech.com\/index.php?rest_route=\/wp\/v2\/product\/1046","targetHints":{"allow":["GET"]}}],"collection":[{"href":"https:\/\/cecitech.com\/index.php?rest_route=\/wp\/v2\/product"}],"about":[{"href":"https:\/\/cecitech.com\/index.php?rest_route=\/wp\/v2\/types\/product"}],"replies":[{"embeddable":true,"href":"https:\/\/cecitech.com\/index.php?rest_route=%2Fwp%2Fv2%2Fcomments&post=1046"}],"wp:featuredmedia":[{"embeddable":true,"href":"https:\/\/cecitech.com\/index.php?rest_route=\/wp\/v2\/media\/1047"}],"wp:attachment":[{"href":"https:\/\/cecitech.com\/index.php?rest_route=%2Fwp%2Fv2%2Fmedia&parent=1046"}],"wp:term":[{"taxonomy":"product_brand","embeddable":true,"href":"https:\/\/cecitech.com\/index.php?rest_route=%2Fwp%2Fv2%2Fproduct_brand&post=1046"},{"taxonomy":"product_cat","embeddable":true,"href":"https:\/\/cecitech.com\/index.php?rest_route=%2Fwp%2Fv2%2Fproduct_cat&post=1046"},{"taxonomy":"product_tag","embeddable":true,"href":"https:\/\/cecitech.com\/index.php?rest_route=%2Fwp%2Fv2%2Fproduct_tag&post=1046"}],"curies":[{"name":"wp","href":"https:\/\/api.w.org\/{rel}","templated":true}]}}