{"id":103,"date":"2016-11-02T05:29:19","date_gmt":"2016-11-02T01:29:19","guid":{"rendered":"http:\/\/cecitech.com\/wp\/?post_type=product&#038;p=103"},"modified":"2016-12-19T07:47:34","modified_gmt":"2016-12-19T03:47:34","slug":"esysuite-suite-logicielle-en-option","status":"publish","type":"product","link":"https:\/\/cecitech.com\/?product=esysuite-suite-logicielle-en-option","title":{"rendered":"esysuite"},"content":{"rendered":"<h3 class=\"mttl\">Fonctionnalit\u00e9s<\/h3>\r\n\r\n<p class=\"sttl\">esysuite est une suite logicielle tr\u00e8s puissante, qui comprend :<\/p>\r\n<ul class=\"lst_product\">\r\n\t<li>esynote : \u00e9diteur de texte multi-format.<\/li>\r\n<\/ul>\r\nCr\u00e9er, ouvrir, enregistrer, imprimer en noir ou en braille vos fichiers (brf, brl, txt, docx, pdf, htlm, xml, mathml, nat, midi)\r\nDans un m\u00eame document vous pouvez utiliser par exemple du braille abr\u00e9g\u00e9, du braille math\u00e9matique, ou encore du braille informatique, et l&rsquo;enregistrer au format Pdf.\r\nCalculer vos formules math\u00e9matiques, et \u00e9couter vos partitions.\r\nOuvrir jusqu&rsquo;\u00e0 10 documents en m\u00eame temps.\r\nConnect\u00e9 \u00e0 un \u00e9cran, vous pouvez visualiser en temps r\u00e9el le contenu graphique des documents ouverts.\r\n<ul class=\"lst_product\">\r\n\t<li>Esyfile : Explorateur de fichiers.<\/li>\r\n\t<li>Cr\u00e9er, copier, supprimer et organiser vos dossiers et documents.<\/li>\r\n\t<li>Esycalc : calculatrice.<\/li>\r\n\t<li>Esyweb : consulter les sites web, dictionnaires.<\/li>\r\n\t<li>Esyplayer : \u00e9couter votre musique, organiser vos albums&#8230;<\/li>\r\n\t<li>Esydaisy : \u00e9couter, lire vos livres au format Daisy.<\/li>\r\n<\/ul>\r\n<p class=\"ssttl\">La suite logicielle esysuite est une option pour le bloc-notes, ordinateur braille et plage braille esytime.<\/p>","protected":false},"excerpt":{"rendered":"esysuite est une suite logicielle tr\u00e8s puissante propos\u00e9e en option pour certains mat\u00e9riels de la s\u00e9rie esys, tel l&#039;esytime","protected":false},"featured_media":80,"comment_status":"closed","ping_status":"closed","template":"","meta":[],"product_brand":[],"product_cat":[35,30,31],"product_tag":[],"class_list":{"0":"post-103","1":"product","2":"type-product","3":"status-publish","4":"has-post-thumbnail","6":"product_cat-bloc-note-braille","7":"product_cat-cecite","8":"product_cat-logiciels-cecite","10":"first","11":"instock","12":"taxable","13":"shipping-taxable","14":"product-type-simple"},"_links":{"self":[{"href":"https:\/\/cecitech.com\/index.php?rest_route=\/wp\/v2\/product\/103","targetHints":{"allow":["GET"]}}],"collection":[{"href":"https:\/\/cecitech.com\/index.php?rest_route=\/wp\/v2\/product"}],"about":[{"href":"https:\/\/cecitech.com\/index.php?rest_route=\/wp\/v2\/types\/product"}],"replies":[{"embeddable":true,"href":"https:\/\/cecitech.com\/index.php?rest_route=%2Fwp%2Fv2%2Fcomments&post=103"}],"wp:featuredmedia":[{"embeddable":true,"href":"https:\/\/cecitech.com\/index.php?rest_route=\/wp\/v2\/media\/80"}],"wp:attachment":[{"href":"https:\/\/cecitech.com\/index.php?rest_route=%2Fwp%2Fv2%2Fmedia&parent=103"}],"wp:term":[{"taxonomy":"product_brand","embeddable":true,"href":"https:\/\/cecitech.com\/index.php?rest_route=%2Fwp%2Fv2%2Fproduct_brand&post=103"},{"taxonomy":"product_cat","embeddable":true,"href":"https:\/\/cecitech.com\/index.php?rest_route=%2Fwp%2Fv2%2Fproduct_cat&post=103"},{"taxonomy":"product_tag","embeddable":true,"href":"https:\/\/cecitech.com\/index.php?rest_route=%2Fwp%2Fv2%2Fproduct_tag&post=103"}],"curies":[{"name":"wp","href":"https:\/\/api.w.org\/{rel}","templated":true}]}}