{"id":1025,"date":"2019-09-16T04:01:14","date_gmt":"2019-09-16T09:01:14","guid":{"rendered":"http:\/\/cecitech.com\/?post_type=product&#038;p=1025"},"modified":"2025-08-25T09:13:34","modified_gmt":"2025-08-25T14:13:34","slug":"hims-polaris-mini","status":"publish","type":"product","link":"https:\/\/cecitech.com\/?product=hims-polaris-mini","title":{"rendered":"HIMS Polaris Mini"},"content":{"rendered":"<h1 class=\"mttl\">Description<\/h1>\r\nLe BrailleSense Polaris <strong>conserve l&rsquo;interface informatique <\/strong>qui a contribu\u00e9 \u00e0 la popularit\u00e9 des mod\u00e8les BrailleSense, <strong>tout en prenant en charge Google Apps<\/strong>, ceci facilite l&rsquo;utilisation des services Google tels que Drive, Docs, Sheets et Slides, comme le font tous les jours des millions d&rsquo;autres \u00e9tudiants.\r\n\r\nLe BrailleSense Polaris est le bloc-notes disponible le plus facile, le plus puissant et le plus riche en fonctionnalit\u00e9s.\r\n<h4><\/h4>\r\n<h3>Applications Android<\/h3>\r\nPolaris est une <strong>combinaison innovante<\/strong> entre le braille et la technologie grand public, offrant aux aveugles et malvoyants un<strong>\u00a0appareil accessible et assez intuitif pour \u00eatre performant<\/strong>.\r\n<h3>Affichage 20 cellules et clavier Perkins \u00e0 11 touches<\/h3>\r\nAvec un <strong>afficheur braille de 20 cellules et un clavier braille de type Perkins \u00e0 11 touches<\/strong> avec touches Ctrl et Alt, Polaris ressemble \u00e0 un <strong>bloc-notes traditionnel<\/strong>. Cependant, son <strong>mat\u00e9riel et sa connectivit\u00e9 modernes et comp\u00e9titifs<\/strong>, ainsi que l&rsquo;acc\u00e8s direct aux applications Android, lui conf\u00e8rent une place in\u00e9gal\u00e9e aux c\u00f4t\u00e9s des t\u00e9l\u00e9phones et des tablettes modernes pr\u00eats \u00e0 l&#8217;emploi.\r\n<h3>Android iOS<\/h3>\r\nAndroid Lollipop, <strong>ouverture<\/strong> et <strong>autonomie<\/strong> : une plateforme intuitive pour tout le monde, voyants, non-voyants, malvoyants&#8230;\r\n<ul>\r\n \t<li><strong>Am\u00e9lioration des performances<\/strong> avec un <strong>environnement d&rsquo;exploitation plus ouvert<\/strong>.<\/li>\r\n \t<li><strong>Personnalis\u00e9 pour les aveugles<\/strong>, Polaris combine <strong>accessibilit\u00e9<\/strong> et <strong>autonomie<\/strong>.<\/li>\r\n \t<li>Connectez-vous et communiquez avec le monde, <strong>o\u00f9 que vous soyez, o\u00f9 que vous alliez<\/strong>.<\/li>\r\n \t<li><strong>Personnalisez votre Polaris<\/strong> avec les applications qui correspondent \u00e0 votre style de vie, et restez\u00a0<strong>connectez<\/strong>\u00a0avec vos <strong>coll\u00e8gues<\/strong>, <strong>amis<\/strong> et <strong>famille<\/strong> en utilisant les m\u00eames applications.<\/li>\r\n \t<li><strong>Les possibilit\u00e9s sont infinies<\/strong>, appropriez-les vous ! Avec <strong>des milliers d&rsquo;applications accessibles<\/strong>, Polaris peut devenir ce dont vous avez besoin.<\/li>\r\n \t<li>Comme Android continue de cro\u00eetre, Polaris restera \u00e0 la pointe.<\/li>\r\n<\/ul>\r\n<h3>Nouveau avec BrailleSense Polaris<\/h3>\r\n<h4>Connectivit\u00e9 et contr\u00f4les avanc\u00e9s<\/h4>\r\n<ul>\r\n \t<li>Wi-fi 802.11AC bi-bande, Bluetooth 4.2, IRDA, USB 3.0 et HDMI.<\/li>\r\n \t<li>L&rsquo;appareil photo int\u00e9gr\u00e9 de 13 MP garantit aux applications accessibles peuvent de prendre des photos claires.<\/li>\r\n \t<li>En plus d&rsquo;un clavier Perkins braille \u00e0 9 touches et de touches de fonction traditionnels, Polaris propose des touches de fonction tactiles sp\u00e9ciales pour effectuer rapidement des op\u00e9rations courantes, comme copier et coller dans le traitement de texte ou changer de piste dans le Media Player.<\/li>\r\n \t<li>Chargez facilement votre Polaris via la prise secteur fournie, en USB ou via une recharge sans fil.<\/li>\r\n<\/ul>\r\n<h4>Con\u00e7u et param\u00e9tr\u00e9 pour l&rsquo;environnement de bureau<\/h4>\r\n<ul>\r\n \t<li>Utilisez le traitement de texte pour cr\u00e9er et imprimer des documents en braille et en texte.<\/li>\r\n \t<li>Ouvrez et lisez des fichiers texte, RTF, DOC et DOCX, PPT et PPTX, PDF et Epub sous contrat braille.<\/li>\r\n \t<li>Envoyez un e-mail avec POP ou IMAP.<\/li>\r\n \t<li>Gardez une trace des contacts et des rendez-vous et synchronisez-les avec votre compte Google.<\/li>\r\n<\/ul>\r\n<h4>Connectivit\u00e9 mobile et communication<\/h4>\r\n<ul>\r\n \t<li>Recherchez et t\u00e9l\u00e9chargez des applications accessibles sur le Google Play Store.<\/li>\r\n \t<li>Utilisez des applications Android accessibles pour les r\u00e9seaux sociaux, les jeux, les services Google, etc.<\/li>\r\n \t<li>Naviguez sur le Web avec notre navigateur Web accessible bas\u00e9 sur Google Chrome<\/li>\r\n<\/ul>\r\n<h1>Caract\u00e9ristiques de base<\/h1>\r\n<h3>Performances<\/h3>\r\n<ul>\r\n \t<li>Polaris dispose d&rsquo;un puissant processeur octa-core Samsung 2,1 GHz, de 3 Go de RAM et de 64 Go de stockage.<\/li>\r\n \t<li>Stockage extensible avec le lecteur de carte SD et le port USB.<\/li>\r\n \t<li>Transfert de donn\u00e9es super rapide et chargement avec la combinaison Micro USB et USB 3.0.<\/li>\r\n<\/ul>\r\n<h3>Outils avanc\u00e9s pour les \u00e9tudiants<\/h3>\r\n<ul>\r\n \t<li>Calculatrice scientifique et support math\u00e9matique Nemeth et UEB complet.<\/li>\r\n \t<li>Dictionnaire optionnel Sense incluant th\u00e9saurus et dictionnaires bilingues.<\/li>\r\n \t<li>Lire et \u00e9crire du texte, des documents Braille et Microsoft Word en plusieurs langues.<\/li>\r\n<\/ul>\r\n<h3>Jeux et divertissement \u00e9ducatif<\/h3>\r\n<ul>\r\n \t<li>Jouez et naviguez dans les livres parl\u00e9s num\u00e9riques compatibles DAISY et NIMAS.<\/li>\r\n \t<li>\u00c9coutez et enregistrez la radio FM.<\/li>\r\n \t<li>Rechercher et lire des vid\u00e9os sur YouTube ou diffuser du contenu audio.<\/li>\r\n \t<li>Certifi\u00e9 pour utiliser tous les services Google, y compris le Play Store. Ainsi, les utilisateurs peuvent choisir parmi les milliers d&rsquo;applications Android accessibles et y acc\u00e9der via le lecteur d&rsquo;\u00e9cran intuitif de Polaris.<\/li>\r\n<\/ul>\r\n<h3>Terminal Braille et sortie visuelle<\/h3>\r\n<ul>\r\n \t<li>Polaris propose un afficheur braille 20 cellules unique qui vous permet de naviguer et de contr\u00f4ler le Braille Sense avec des gestes tactiles tout en lisant sa sortie en braille.<\/li>\r\n \t<li>Utilisez Polaris comme affciheur braille pour PC, Mac, smartphones et tablettes.<\/li>\r\n \t<li>Polaris fournit une sortie visuelle via l&rsquo;\u00e9cran LCD int\u00e9gr\u00e9, en connectant un moniteur en HDMI ou via Miracast.<\/li>\r\n<\/ul>\r\n<h3>Cr\u00e9\u00e9 en pensant aux personnes sourdes-aveugles<\/h3>\r\n<ul>\r\n \t<li>Un \u00e9cran LCD amovible et un clavier USB connect\u00e9 facilitent la communication simple et instantan\u00e9e avec les personnes sourdes et aveugles.<\/li>\r\n \t<li>Le moteur de vibration int\u00e9gr\u00e9 peut \u00eatre utilis\u00e9 pour recevoir des alertes et des messages.<\/li>\r\n<\/ul>\r\n<h3>Capteur GPS et boussole \u00e9lectronique<\/h3>\r\n<ul>\r\n \t<li>Utilisez le capteur GPS int\u00e9gr\u00e9 et la boussole num\u00e9rique pour naviguer de mani\u00e8re ind\u00e9pendante sans avoir besoin d&rsquo;appareils externes<\/li>\r\n \t<li>T\u00e9l\u00e9chargez votre application de navigation pr\u00e9f\u00e9r\u00e9e pour planifier, enregistrer et guider vos itin\u00e9raires.<\/li>\r\n<\/ul>\r\n<h3>Traitement rapide des donn\u00e9es avec un stockage \u00e9tendu<\/h3>\r\n<ul>\r\n \t<li>Compact et puissant.<\/li>\r\n \t<li>Longue autonomie de la batterie 18 heures.<\/li>\r\n \t<li>Processeur octa-core 2,1 GHz<\/li>\r\n \t<li>Disque flash de 64 Go<\/li>\r\n<\/ul>\r\n<h1>Caract\u00e9ristiques cl\u00e9s<\/h1>\r\n<h3>Des outils de productivit\u00e9 robustes, que vous soyez dans la salle de conf\u00e9rence, \u00e0 votre bureau ou sur la route.<\/h3>\r\n<ul>\r\n \t<li>Prise en charge \u00e9tendue des formats de fichiers.<\/li>\r\n \t<li>Cr\u00e9ez des documents en braille et des documents texte avec une mise en forme avanc\u00e9e dans plusieurs langues.<\/li>\r\n \t<li>Imprimez ou embossez des documents \u00e0 l&rsquo;aide d&rsquo;une imprimante en r\u00e9seau.<\/li>\r\n \t<li>Ouvrez les documents Microsoft Word, PDF, EPUB, Excel et PowerPoint, et lisez-les en braille abr\u00e9g\u00e9.<\/li>\r\n<\/ul>\r\n<h3>Organisez votre environnement<\/h3>\r\n<ul>\r\n \t<li>Cr\u00e9ez un planning avec le Schedule Manager et r\u00e9glez les alarmes sonores ou vibrantes.<\/li>\r\n \t<li>Gardez une trace des informations de contact pour vos coll\u00e8gues, amis et famille avec le gestionnaire d&rsquo;adresses.<\/li>\r\n \t<li>Synchroniser les contacts et les rendez-vous avec votre compte Google.<\/li>\r\n \t<li>Envoyer des messages \u00e9lectroniques \u00e0 l&rsquo;aide de comptes POP ou IMAP \u00e0 des coll\u00e8gues voyants tout en lisant les e-mails entrants.<\/li>\r\n<\/ul>\r\n<h3>Outils avanc\u00e9s pour les \u00e9tudiants<\/h3>\r\n<ul>\r\n \t<li>Calculs sophistiqu\u00e9s, fractions, formules, Nemeth et entr\u00e9e du code Braille UEB dans une calculatrice scientifique enti\u00e8rement fonctionnelle.<\/li>\r\n \t<li>Les enseignants et les \u00e9l\u00e8ves peuvent partager des devoirs sans que leur enseignant ait besoin d&rsquo;apprendre des abr\u00e9viations et des mots de code \u00e9tranges.<\/li>\r\n \t<li>Utilisez le dictionnaire des sens pour assurer une composition stylistique et pr\u00e9cise.<\/li>\r\n<\/ul>\r\n<h3>Connectivit\u00e9 mobile et communication<\/h3>\r\n<ul>\r\n \t<li>Information et communication au bureau, \u00e0 la maison ou en d\u00e9placement.<\/li>\r\n \t<li>Naviguez sur Internet avec le navigateur Web de BrailleSense Polaris, bas\u00e9 sur le navigateur Chrome populaire, avec un acc\u00e8s braille abr\u00e9g\u00e9.<\/li>\r\n \t<li>Profitez de la connectivit\u00e9 mobile et de vos applications Android pr\u00e9f\u00e9r\u00e9es pour les r\u00e9seaux sociaux, les nouvelles et le partage de fichiers, pour obtenir ce dont vous avez besoin, o\u00f9 que vous soyez.<\/li>\r\n<\/ul>\r\n<h3>Jeux et divertissement \u00e9ducatif<\/h3>\r\n<ul>\r\n \t<li>Livres, musique, vid\u00e9os et plus pour votre \u00e9ducation et divertissement.<\/li>\r\n \t<li>M\u00e9dias exceptionnels.<\/li>\r\n \t<li>Vid\u00e9os et Streaming.<\/li>\r\n \t<li>Profitez d&rsquo;une exp\u00e9rience d&rsquo;\u00e9coute audio st\u00e9r\u00e9o claire et puissante avec des boutons audio facilement accessibles.<\/li>\r\n \t<li>Contr\u00f4lez facilement et instantan\u00e9ment la radio FM, le lecteur DAISY et le lecteur multim\u00e9dia \u00e0 l&rsquo;aide des boutons multim\u00e9dia situ\u00e9s \u00e0 l&rsquo;avant de l&rsquo;appareil.<\/li>\r\n \t<li>Jouez et naviguez dans les livres parl\u00e9s num\u00e9riques compatibles DAISY et NIMAS avec du texte, de l&rsquo;audio ou les deux.<\/li>\r\n \t<li>Profitez de la lecture d&rsquo;une vari\u00e9t\u00e9 de livres DAISY: NIMAS1.1, XML DAISY, Daisy2.0, 2.02, 3.0, ANSI \/ NISO, Z39.86, DAISY3.0 (Bookshare.org).<\/li>\r\n \t<li>Rechercher et lire des vid\u00e9os sur YouTube ou diffuser du contenu multim\u00e9dia \u00e0 partir d&rsquo;Internet.<\/li>\r\n<\/ul>\r\n<h3>Accessibilit\u00e9 pour les aveugles, et pour les sourds-aveugles<\/h3>\r\n<ul>\r\n \t<li>Alertes accessibles et options de communication pour ceux qui ne peuvent pas voir et\/ou entendre.<\/li>\r\n \t<li>Moteur de vibration int\u00e9gr\u00e9: L&rsquo;utilisateur sourd-aveugle est alert\u00e9 des messages, des invites, des alarmes et des conversations entrantes d&rsquo;une mani\u00e8re accessible sans ou\u00efe ou vue.<\/li>\r\n \t<li>\u00c9cran LCD amovible: L&rsquo;\u00e9cran LCD int\u00e9gr\u00e9 permet \u00e0 une personne voyante d&rsquo;afficher le contenu des menus ou du texte dans les documents pour une communication en face \u00e0 face.<\/li>\r\n \t<li>Apportez l&rsquo;acc\u00e8s Braille \u00e0 votre ordinateur, votre t\u00e9l\u00e9phone ou votre tablette.<\/li>\r\n \t<li>Acc\u00e8s Braille pour les p\u00e9riph\u00e9riques de flux principal.<\/li>\r\n \t<li>Terminal pour lecteur d&rsquo;\u00e9cran.<\/li>\r\n \t<li>Compatibilit\u00e9 avec les principaux lecteurs d&rsquo;\u00e9cran sur plusieurs plates-formes.<\/li>\r\n \t<li>Utilisez le Braille Sense Polaris comme afficheur braille avec votre PC, votre Mac, votre smartphone ou votre tablette.<\/li>\r\n<\/ul>\r\n<h3>Capteur GPS et boussole \u00e9lectronique<\/h3>\r\n<ul>\r\n \t<li>Profitez de votre ind\u00e9pendance avec une navigation accessible, un capteur GPS et une boussole \u00e9lectronique.<\/li>\r\n \t<li>Le capteur GPS et la boussole \u00e9lectronique, ainsi que le logiciel de navigation, vous permettent d&rsquo;explorer votre environnement et de fournir des directions pr\u00e9cises et instantan\u00e9es ou une navigation \u00e9tape par \u00e9tape en temps r\u00e9el vers votre destination.<\/li>\r\n \t<li>Les applications GPS peuvent \u00eatre t\u00e9l\u00e9charg\u00e9es \u00e0 partir du Google Play Store.<\/li>\r\n<\/ul>\r\n<h1 class=\"mttl\">Caract\u00e9ristiques\/ Sp\u00e9cifications<\/h1>\r\n<h3>Lecteurs d&rsquo;\u00e9cran compatibles<\/h3>\r\n<ul>\r\n \t<li>JAWS, Window-Eyes, System Access, NVDA, SuperNova, VoiceOver pour\u00a0Mac et iOS, et BrailleBack pour Android<\/li>\r\n<\/ul>\r\n<h3>Plateforme<\/h3>\r\n<ul>\r\n \t<li>Android OS 5.1.1 (Lollypop).<\/li>\r\n \t<li>CPU\u00a0Samsung Exynos 7420 2.1GHz Octa-core.<\/li>\r\n \t<li>RAM\u00a0LPDDR3 3GB.<\/li>\r\n \t<li>M\u00e9moire interne.<\/li>\r\n<\/ul>\r\n<h3>Stockage<\/h3>\r\n<ul>\r\n \t<li>Interne\u00a0eMMC.<\/li>\r\n \t<li>64GB (dont 53GB disponibles pour l&rsquo;utilisateur).<\/li>\r\n \t<li>SD \/ SDHC \/ SDXC (Micro SD).<\/li>\r\n<\/ul>\r\n<h3>Dimensions et poids<\/h3>\r\n<ul>\r\n \t<li>185 x 103 x 23 mm.<\/li>\r\n \t<li>415 g.<\/li>\r\n<\/ul>\r\n<h3>Batterie<\/h3>\r\n<ul>\r\n \t<li>5V 1A, 5V 2A, 9V 1.75A.<\/li>\r\n \t<li>Qualcomm QC v2.0 (9V 1.75A).<\/li>\r\n \t<li>Batteries rempla\u00e7ables.<\/li>\r\n \t<li>Chargement sur\u00a0USB C.<\/li>\r\n \t<li>Temps de charge 3h30.<\/li>\r\n \t<li>Temps de fonctionnement : 11 heures.<\/li>\r\n<\/ul>","protected":false},"excerpt":{"rendered":"<h1>\u00a0 \u00a0 Polaris Mini de HIMS: Affichage 20 cellules et clavier Perkins \u00e0 11 touches.<\/h1>","protected":false},"featured_media":1027,"comment_status":"open","ping_status":"closed","template":"","meta":[],"product_brand":[],"product_cat":[35,30],"product_tag":[],"class_list":{"0":"post-1025","1":"product","2":"type-product","3":"status-publish","4":"has-post-thumbnail","6":"product_cat-bloc-note-braille","7":"product_cat-cecite","9":"first","10":"instock","11":"taxable","12":"shipping-taxable","13":"product-type-simple"},"_links":{"self":[{"href":"https:\/\/cecitech.com\/index.php?rest_route=\/wp\/v2\/product\/1025","targetHints":{"allow":["GET"]}}],"collection":[{"href":"https:\/\/cecitech.com\/index.php?rest_route=\/wp\/v2\/product"}],"about":[{"href":"https:\/\/cecitech.com\/index.php?rest_route=\/wp\/v2\/types\/product"}],"replies":[{"embeddable":true,"href":"https:\/\/cecitech.com\/index.php?rest_route=%2Fwp%2Fv2%2Fcomments&post=1025"}],"wp:featuredmedia":[{"embeddable":true,"href":"https:\/\/cecitech.com\/index.php?rest_route=\/wp\/v2\/media\/1027"}],"wp:attachment":[{"href":"https:\/\/cecitech.com\/index.php?rest_route=%2Fwp%2Fv2%2Fmedia&parent=1025"}],"wp:term":[{"taxonomy":"product_brand","embeddable":true,"href":"https:\/\/cecitech.com\/index.php?rest_route=%2Fwp%2Fv2%2Fproduct_brand&post=1025"},{"taxonomy":"product_cat","embeddable":true,"href":"https:\/\/cecitech.com\/index.php?rest_route=%2Fwp%2Fv2%2Fproduct_cat&post=1025"},{"taxonomy":"product_tag","embeddable":true,"href":"https:\/\/cecitech.com\/index.php?rest_route=%2Fwp%2Fv2%2Fproduct_tag&post=1025"}],"curies":[{"name":"wp","href":"https:\/\/api.w.org\/{rel}","templated":true}]}}